{"id":68983,"date":"2013-02-17T23:03:04","date_gmt":"2013-02-18T04:03:04","guid":{"rendered":"https:\/\/www.bjultrasonic.com\/shop\/biologics-ultrasonic-homogenizer-bjed-20500\/"},"modified":"2026-03-28T20:24:27","modified_gmt":"2026-03-29T01:24:27","slug":"biologics-ultrasonic-homogenizer-bjed-20500","status":"publish","type":"product","link":"https:\/\/www.bjultrasonic.com\/es\/shop\/biologics-ultrasonic-homogenizer-bjed-20500\/","title":{"rendered":"Homogeneizador Ultrasonico de Disruptor Celular BJED-20500"},"content":{"rendered":"<table class=\"table table-striped table-bordered\" border=\"0\" cellspacing=\"0\" cellpadding=\"0\">\n<tbody>\n<tr>\n<td valign=\"top\" width=\"158\">TIPO<\/td>\n<td valign=\"top\" width=\"145\">Frecuencia (Khz)<\/td>\n<td valign=\"top\" width=\"136\">Potencia (W)<\/td>\n<td valign=\"top\" width=\"130\">Precio de venta (USD)<\/td>\n<\/tr>\n<tr>\n<td valign=\"top\" width=\"158\">BJED-20500<\/td>\n<td valign=\"top\" width=\"145\">20<\/td>\n<td valign=\"top\" width=\"136\">500<\/td>\n<td valign=\"top\" width=\"130\">$2400<\/td>\n<\/tr>\n<\/tbody>\n<\/table>\n<p>Para personalizaci\u00f3n y producci\u00f3n OEM del Homogeneizador Ultras\u00f3nico Biologics, visite<\/p>\n<blockquote class=\"wp-embedded-content\" data-secret=\"7bAfnpYCk8\"><p><a href=\"https:\/\/www.bjultrasonic.com\/shop\/ultrasonic-cell-disruptor\/\">Ultrasonic Cell Disruptors &#038; Homogenizers<\/a><\/p><\/blockquote>\n<p><iframe loading=\"lazy\" class=\"wp-embedded-content\" sandbox=\"allow-scripts\" security=\"restricted\" style=\"position: absolute; visibility: hidden;\" title=\"&#8220;Ultrasonic Cell Disruptors &#038; Homogenizers&#8221; &#8212; Beijing Ultrasonic\" src=\"https:\/\/www.bjultrasonic.com\/shop\/ultrasonic-cell-disruptor\/embed\/#?secret=siZ73aAbj0#?secret=7bAfnpYCk8\" data-secret=\"7bAfnpYCk8\" width=\"500\" height=\"282\" frameborder=\"0\" marginwidth=\"0\" marginheight=\"0\" scrolling=\"no\"><\/iframe><\/p>\n<p><strong>Aplicaci\u00f3n t\u00edpica del Homogeneizador Ultras\u00f3nico Biologics<\/strong><\/p>\n<ul>\n<li>Utilizado en la ruptura de diversos tipos de c\u00e9lulas animales y vegetales, y c\u00e9lulas virales.<\/li>\n<li>Emulsificaci\u00f3n, separaci\u00f3n, fusi\u00f3n, extracci\u00f3n, maceraci\u00f3n, lavado y aceleraci\u00f3n de reacciones qu\u00edmicas, entre otros.<\/li>\n<li>Ampliamente utilizado en campos como bioqu\u00edmica, microbiolog\u00eda, qu\u00edmica m\u00e9dica, qu\u00edmica de superficies, f\u00edsica, zoolog\u00eda, etc.<\/li>\n<\/ul>\n<p><iframe loading=\"lazy\" title=\"Ultrasonic Liquid Processor Systems Manufacturers &amp; Suppliers\" width=\"500\" height=\"281\" src=\"https:\/\/www.youtube.com\/embed\/D4drd2L5wrk?feature=oembed\" frameborder=\"0\" allow=\"accelerometer; autoplay; clipboard-write; encrypted-media; gyroscope; picture-in-picture; web-share\" referrerpolicy=\"strict-origin-when-cross-origin\" allowfullscreen><\/iframe><\/p>\n<p><iframe loading=\"lazy\" title=\"Ultrasonic Processor | Biologics Ultrasonic Homogenizer\" width=\"500\" height=\"375\" src=\"https:\/\/www.youtube.com\/embed\/T0snVNfFYIs?feature=oembed\" frameborder=\"0\" allow=\"accelerometer; autoplay; clipboard-write; encrypted-media; gyroscope; picture-in-picture; web-share\" referrerpolicy=\"strict-origin-when-cross-origin\" allowfullscreen><\/iframe><\/p>\n<p>&nbsp;<\/p>\n","protected":false},"excerpt":{"rendered":"<p>Los <a href=\"https:\/\/www.bjultrasonic.com\/es\/category\/ultrasonic-processors-es\/cell-es\/\">disruptores de c\u00e9lulas ultras\u00f3nicos<\/a> mejoran la uniformidad y estabilidad general de las mezclas al reducir el tama\u00f1o de part\u00edculas en l\u00edquidos. Estos dispositivos ultras\u00f3nicos son eficaces para el corte de ADN\/ARN, homogeneizaci\u00f3n, lisis celular, dispersi\u00f3n de nanopart\u00edculas, extracci\u00f3n de prote\u00ednas y preparaci\u00f3n general de muestras.<\/p>\n","protected":false},"featured_media":5355,"comment_status":"open","ping_status":"closed","template":"","meta":[],"product_brand":[],"product_cat":[6292,6247],"product_tag":[],"class_list":{"0":"post-68983","1":"product","2":"type-product","3":"status-publish","4":"has-post-thumbnail","6":"product_cat-cell-es","7":"product_cat-ultrasonic-processors-es","9":"first","10":"instock","11":"shipping-taxable","12":"purchasable","13":"product-type-simple","14":"prodpage-classic"},"aioseo_notices":[],"_links":{"self":[{"href":"https:\/\/www.bjultrasonic.com\/es\/wp-json\/wp\/v2\/product\/68983","targetHints":{"allow":["GET"]}}],"collection":[{"href":"https:\/\/www.bjultrasonic.com\/es\/wp-json\/wp\/v2\/product"}],"about":[{"href":"https:\/\/www.bjultrasonic.com\/es\/wp-json\/wp\/v2\/types\/product"}],"replies":[{"embeddable":true,"href":"https:\/\/www.bjultrasonic.com\/es\/wp-json\/wp\/v2\/comments?post=68983"}],"wp:featuredmedia":[{"embeddable":true,"href":"https:\/\/www.bjultrasonic.com\/es\/wp-json\/wp\/v2\/media\/5355"}],"wp:attachment":[{"href":"https:\/\/www.bjultrasonic.com\/es\/wp-json\/wp\/v2\/media?parent=68983"}],"wp:term":[{"taxonomy":"product_brand","embeddable":true,"href":"https:\/\/www.bjultrasonic.com\/es\/wp-json\/wp\/v2\/product_brand?post=68983"},{"taxonomy":"product_cat","embeddable":true,"href":"https:\/\/www.bjultrasonic.com\/es\/wp-json\/wp\/v2\/product_cat?post=68983"},{"taxonomy":"product_tag","embeddable":true,"href":"https:\/\/www.bjultrasonic.com\/es\/wp-json\/wp\/v2\/product_tag?post=68983"}],"curies":[{"name":"wp","href":"https:\/\/api.w.org\/{rel}","templated":true}]}}