{"id":69143,"date":"2013-02-16T03:03:47","date_gmt":"2013-02-16T08:03:47","guid":{"rendered":"https:\/\/www.bjultrasonic.com\/shop\/ultrasonic-biodiesel-reactor-bjr-1100\/"},"modified":"2026-03-28T20:23:06","modified_gmt":"2026-03-29T01:23:06","slug":"ultrasonic-biodiesel-reactor-bjr-1100","status":"publish","type":"product","link":"https:\/\/www.bjultrasonic.com\/es\/shop\/ultrasonic-biodiesel-reactor-bjr-1100\/","title":{"rendered":"Reactor de Biodiesel Ultras\u00f3nico BJR-1100"},"content":{"rendered":"<p>Para personalizaci\u00f3n de reactores ultras\u00f3nicos y producci\u00f3n OEM, visite<\/p>\n<blockquote class=\"wp-embedded-content\" data-secret=\"eWbAYaniMV\"><p><a href=\"https:\/\/www.bjultrasonic.com\/shop\/ultrasonic-biodiesel-reactor\/\">Ultrasonic Biodiesel Reactor<\/a><\/p><\/blockquote>\n<p><iframe loading=\"lazy\" class=\"wp-embedded-content\" sandbox=\"allow-scripts\" security=\"restricted\" style=\"position: absolute; visibility: hidden;\" title=\"&#8220;Ultrasonic Biodiesel Reactor&#8221; &#8212; Beijing Ultrasonic\" src=\"https:\/\/www.bjultrasonic.com\/shop\/ultrasonic-biodiesel-reactor\/embed\/#?secret=LNsBpshVnP#?secret=eWbAYaniMV\" data-secret=\"eWbAYaniMV\" width=\"500\" height=\"282\" frameborder=\"0\" marginwidth=\"0\" marginheight=\"0\" scrolling=\"no\"><\/iframe><\/p>\n<p>El precio de venta al p\u00fablico del <strong>Reactor Ultras\u00f3nico de Biodi\u00e9sel BJR-1100<\/strong> incluye el <strong>Reactor Ultras\u00f3nico<\/strong> y el <strong>Generador Ultras\u00f3nico Digital.<\/strong><\/p>\n<table class=\"table table-striped table-bordered\" border=\"0\" cellspacing=\"0\" cellpadding=\"0\">\n<tbody>\n<tr>\n<td valign=\"top\" width=\"82\">Tipo<\/td>\n<td valign=\"top\" width=\"81\">Frecuencia<br \/>\n(KHz)<\/td>\n<td valign=\"top\" width=\"60\">Potencia<\/td>\n<td valign=\"top\" width=\"60\">Di\u00e1metro<br \/>\n(mm)<\/td>\n<td valign=\"top\" width=\"63\">Longitud<br \/>\n(mm)<\/td>\n<td valign=\"top\" width=\"90\">Capacidad Est\u00e1tica (pF\u00b110%)<\/td>\n<\/tr>\n<tr>\n<td valign=\"top\" width=\"82\">BJR-1100<\/td>\n<td valign=\"top\" width=\"81\">27<\/td>\n<td valign=\"top\" width=\"68\">1100<\/td>\n<td valign=\"top\" width=\"90\">\u03a673<\/td>\n<td valign=\"top\" width=\"63\">624<\/td>\n<td valign=\"top\" width=\"80\">68000<\/td>\n<\/tr>\n<\/tbody>\n<\/table>\n<p><img loading=\"lazy\" decoding=\"async\" class=\"alignnone size-full wp-image-5340\" alt=\"Reactor Ultras\u00f3nico y Generador Ultras\u00f3nico Digital\" src=\"\/\/www.bjultrasonic.com\/wp-content\/uploads\/2013\/02\/Ultrasonic-Reactor-and-Digital-Ultrasonic-Generator.jpg\" width=\"600\" height=\"400\" \/><\/p>\n<p>El reactor ultras\u00f3nico de biodi\u00e9sel produce biodi\u00e9sel en el menor tiempo posible y de la manera m\u00e1s eficiente. Las ondas ultras\u00f3nicas act\u00faan sobre los ingredientes mezclados, provocando la producci\u00f3n e implosi\u00f3n de muchas burbujas diminutas. Esto se llama cavitaci\u00f3n. La cavitaci\u00f3n mezcla y calienta la mezcla al mismo tiempo. Estos dos procesos provocan la transesterificaci\u00f3n. Dado que un reactor ultras\u00f3nico de biodi\u00e9sel mezcla y calienta la mezcla simult\u00e1neamente, el tiempo necesario para producir biodi\u00e9sel se reduce significativamente. Por lo tanto, en lugar de procesar las mezclas por lotes, lo que lleva mucho tiempo, las mezclas se procesan mediante transesterificaci\u00f3n en l\u00ednea.<\/p>\n<p><iframe loading=\"lazy\" title=\"Biodiesel Processor Kits - Beijing Ultrasonic\" width=\"500\" height=\"281\" src=\"https:\/\/www.youtube.com\/embed\/OpgcM3CcI90?feature=oembed\" frameborder=\"0\" allow=\"accelerometer; autoplay; clipboard-write; encrypted-media; gyroscope; picture-in-picture; web-share\" referrerpolicy=\"strict-origin-when-cross-origin\" allowfullscreen><\/iframe><\/p>\n<p>&nbsp;<\/p>\n","protected":false},"excerpt":{"rendered":"<p><a href=\"https:\/\/www.bjultrasonic.com\/es\/category\/ultrasonic-processors-es\/\">Procesadores ultras\u00f3nicos<\/a> para la producci\u00f3n de biodi\u00e9sel. <a href=\"https:\/\/www.bjultrasonic.com\/es\/category\/ultrasonic-processors-es\/biodiesel-es\/\">El reactor de biodi\u00e9sel ultras\u00f3nico<\/a> produce biodi\u00e9sel en el menor tiempo posible y de la manera m\u00e1s eficiente.<\/p>\n","protected":false},"featured_media":5341,"comment_status":"open","ping_status":"closed","template":"","meta":[],"product_brand":[],"product_cat":[6247,6269],"product_tag":[],"class_list":{"0":"post-69143","1":"product","2":"type-product","3":"status-publish","4":"has-post-thumbnail","6":"product_cat-ultrasonic-processors-es","7":"product_cat-biodiesel-es","9":"first","10":"instock","11":"shipping-taxable","12":"purchasable","13":"product-type-simple","14":"prodpage-classic"},"aioseo_notices":[],"_links":{"self":[{"href":"https:\/\/www.bjultrasonic.com\/es\/wp-json\/wp\/v2\/product\/69143","targetHints":{"allow":["GET"]}}],"collection":[{"href":"https:\/\/www.bjultrasonic.com\/es\/wp-json\/wp\/v2\/product"}],"about":[{"href":"https:\/\/www.bjultrasonic.com\/es\/wp-json\/wp\/v2\/types\/product"}],"replies":[{"embeddable":true,"href":"https:\/\/www.bjultrasonic.com\/es\/wp-json\/wp\/v2\/comments?post=69143"}],"wp:featuredmedia":[{"embeddable":true,"href":"https:\/\/www.bjultrasonic.com\/es\/wp-json\/wp\/v2\/media\/5341"}],"wp:attachment":[{"href":"https:\/\/www.bjultrasonic.com\/es\/wp-json\/wp\/v2\/media?parent=69143"}],"wp:term":[{"taxonomy":"product_brand","embeddable":true,"href":"https:\/\/www.bjultrasonic.com\/es\/wp-json\/wp\/v2\/product_brand?post=69143"},{"taxonomy":"product_cat","embeddable":true,"href":"https:\/\/www.bjultrasonic.com\/es\/wp-json\/wp\/v2\/product_cat?post=69143"},{"taxonomy":"product_tag","embeddable":true,"href":"https:\/\/www.bjultrasonic.com\/es\/wp-json\/wp\/v2\/product_tag?post=69143"}],"curies":[{"name":"wp","href":"https:\/\/api.w.org\/{rel}","templated":true}]}}