{"id":69423,"date":"2012-12-06T06:47:22","date_gmt":"2012-12-06T11:47:22","guid":{"rendered":"https:\/\/www.bjultrasonic.com\/shop\/30khz-100w-110v220v-ultrasonic-generator-pcb-circuit\/"},"modified":"2026-03-28T20:20:20","modified_gmt":"2026-03-29T01:20:20","slug":"30khz-100w-110v220v-ultrasonic-generator-pcb-circuit","status":"publish","type":"product","link":"https:\/\/www.bjultrasonic.com\/es\/shop\/30khz-100w-110v220v-ultrasonic-generator-pcb-circuit\/","title":{"rendered":"Generador de Circuito Ultras\u00f3nico de 30KHZ 100W"},"content":{"rendered":"<h2>Especificaci\u00f3n del Circuito Generador Ultras\u00f3nico de 30KHz 100W 110V\/220V<\/h2>\n<table id=\"wp-table-reloaded-id-132-no-1\" class=\"table table-striped table-bordered\">\n<tbody>\n<tr>\n<td>Frecuencia<\/td>\n<td>30khz<\/td>\n<\/tr>\n<tr>\n<td>Potencia<\/td>\n<td>100w<\/td>\n<\/tr>\n<tr>\n<td>Transductor de Accionamiento<\/td>\n<td>Transductor ultras\u00f3nico de 30khz<\/td>\n<\/tr>\n<tr>\n<td>Fuente de Alimentaci\u00f3n<\/td>\n<td>Entrada: 110V CA o 220V CA<\/td>\n<\/tr>\n<tr>\n<td>Peso<\/td>\n<td>300g\/unidad<\/td>\n<\/tr>\n<\/tbody>\n<\/table>\n<h3>Nota<\/h3>\n<ul>\n<li>El <a href=\"https:\/\/www.bjultrasonic.com\/es\/category\/ultrasonic-generator-es\/\">generador ultras\u00f3nico<\/a> no puede encenderse en condiciones de vac\u00edo<\/li>\n<li>Despu\u00e9s de la instalaci\u00f3n, no podemos encenderlo hasta aplicar el l\u00edquido de limpieza<\/li>\n<li>El <a href=\"https:\/\/www.bjultrasonic.com\/es\/category\/ultrasonic-transducer-es\/\">transductor ultras\u00f3nico<\/a> tiene dos terminales. El positivo se encuentra en el medio de las dos piezas de cer\u00e1mica. El negativo est\u00e1 cerca de la columna met\u00e1lica inferior. Por favor, no se equivoque al cablear.<\/li>\n<li>El lado m\u00e1s grande con agujero para tornillo en el transductor de cer\u00e1mica, que tiene funci\u00f3n de vibraci\u00f3n, puede fijarse en el fondo de la m\u00e1quina de limpieza. Y por favor, aseg\u00farese de que la m\u00e1quina de limpieza est\u00e9 conectada a tierra de forma segura.<\/li>\n<li>El transductor de cer\u00e1mica debe pegarse al fondo de la m\u00e1quina de limpieza usando pegamento especializado para transductores o usar barra de pegamento AB, pero el efecto es un poco peor, o usar resina epoxi en proporci\u00f3n 10:4.<\/li>\n<li>El voltaje de la placa de circuito de trabajo es de 600V. El voltaje de salida al transductor es de 1100V. Por favor, aseg\u00farese de que la m\u00e1quina de limpieza est\u00e9 conectada a tierra de forma segura. Por favor, aseg\u00farese de que el interruptor de protecci\u00f3n contra fugas est\u00e9 instalado en la fuente de alimentaci\u00f3n para garantizar la seguridad.<\/li>\n<\/ul>\n<h3>C\u00f3mo Conectar el Transductor Ultras\u00f3nico con el Circuito del Generador Ultras\u00f3nico<\/h3>\n<p><img loading=\"lazy\" decoding=\"async\" class=\"alignnone size-full wp-image-19292\" src=\"https:\/\/www.bjultrasonic.com\/wp-content\/uploads\/2012\/12\/Connect-Ultrasonic-Transducer-with-Ultrasonic-Generator-Circuit.jpg\" sizes=\"auto, (max-width: 748px) 100vw, 748px\" srcset=\"https:\/\/www.bjultrasonic.com\/wp-content\/uploads\/2012\/12\/Connect-Ultrasonic-Transducer-with-Ultrasonic-Generator-Circuit.jpg 748w, https:\/\/www.bjultrasonic.com\/wp-content\/uploads\/2012\/12\/Connect-Ultrasonic-Transducer-with-Ultrasonic-Generator-Circuit-40x80.jpg 40w, https:\/\/www.bjultrasonic.com\/wp-content\/uploads\/2012\/12\/Connect-Ultrasonic-Transducer-with-Ultrasonic-Generator-Circuit-150x300.jpg 150w, https:\/\/www.bjultrasonic.com\/wp-content\/uploads\/2012\/12\/Connect-Ultrasonic-Transducer-with-Ultrasonic-Generator-Circuit-93x187.jpg 93w\" alt=\"\" width=\"748\" height=\"1500\" \/><\/p>\n<h3>Pago<\/h3>\n<p>Aceptamos Paypal, Transferencia Bancaria (T\/T) y Western Union.<\/p>\n<p><iframe loading=\"lazy\" title=\"Ultrasonic Signal Generator Circuit - Beijing Ultrasonic\" width=\"500\" height=\"281\" src=\"https:\/\/www.youtube.com\/embed\/A9JdQN5e5G8?feature=oembed\" frameborder=\"0\" allow=\"accelerometer; autoplay; clipboard-write; encrypted-media; gyroscope; picture-in-picture; web-share\" referrerpolicy=\"strict-origin-when-cross-origin\" allowfullscreen><\/iframe><\/p>\n<h3 class=\"shipping-methods\">Env\u00edo<\/h3>\n<p>La mercanc\u00eda se enviar\u00e1 dentro de las 48 horas posteriores a recibir el pago completo.<\/p>\n<ul>\n<li>Enviamos la mercanc\u00eda a la direcci\u00f3n proporcionada en el pago de PayPal. Por favor, aseg\u00farese de que la direcci\u00f3n en PayPal sea correcta.<\/li>\n<li>Le daremos el n\u00famero de seguimiento despu\u00e9s de enviar la mercanc\u00eda; en general, recibir\u00e1 la mercanc\u00eda dentro de cinco d\u00edas.<\/li>\n<li>Si tiene alguna pregunta, por favor cont\u00e1ctenos por correo electr\u00f3nico (nuestra direcci\u00f3n de correo es <a href=\"mailto:support@bjultrasonic.com\">support@bjultrasonic.com<\/a>)<\/li>\n<\/ul>\n<h3 align=\"left\">Garant\u00eda del Producto<\/h3>\n<p>El per\u00edodo de garant\u00eda del producto es de un a\u00f1o. Dentro del per\u00edodo de garant\u00eda, los productos comprados pueden disfrutar de mantenimiento o cambio gratuitos.<\/p>\n<h3>Lista de Reproducci\u00f3n de Video: Controlador de Transductor Ultras\u00f3nico<\/h3>\n<p><iframe loading=\"lazy\" width=\"560\" height=\"315\" src=\"https:\/\/www.youtube.com\/embed\/videoseries?list=PLLrjMYkO0_NG56zqmQN9W9F1Xf9eev6dc\" frameborder=\"0\" allow=\"autoplay; encrypted-media\" allowfullscreen><\/iframe><\/p>\n","protected":false},"excerpt":{"rendered":"<p>Circuito generador ultras\u00f3nico, tambi\u00e9n denominado circuito impulsor de <a href=\"https:\/\/www.bjultrasonic.com\/es\/category\/ultrasonic-transducer-es\/\">transductor ultras\u00f3nico<\/a> o <a href=\"https:\/\/www.bjultrasonic.com\/es\/category\/ultrasonic-generator-es\/ultrasonic-generator-circuits-es\/\">placa de potencia impulsora para limpiadores ultras\u00f3nicos<\/a>. Proporciona una <a href=\"https:\/\/www.bjultrasonic.com\/es\/category\/ultrasonic-generator-es\/\">frecuencia ultras\u00f3nica<\/a> para accionar los transductores ultras\u00f3nicos dentro de los <a href=\"https:\/\/www.bjultrasonic.com\/es\/category\/ultrasonic-cleaning-system-es\/\">limpiadores ultras\u00f3nicos<\/a>.<\/p>\n","protected":false},"featured_media":19296,"comment_status":"open","ping_status":"closed","template":"","meta":[],"product_brand":[],"product_cat":[6116],"product_tag":[],"class_list":{"0":"post-69423","1":"product","2":"type-product","3":"status-publish","4":"has-post-thumbnail","6":"product_cat-ultrasonic-generator-circuits-es","8":"first","9":"instock","10":"shipping-taxable","11":"purchasable","12":"product-type-simple","13":"prodpage-classic"},"aioseo_notices":[],"_links":{"self":[{"href":"https:\/\/www.bjultrasonic.com\/es\/wp-json\/wp\/v2\/product\/69423","targetHints":{"allow":["GET"]}}],"collection":[{"href":"https:\/\/www.bjultrasonic.com\/es\/wp-json\/wp\/v2\/product"}],"about":[{"href":"https:\/\/www.bjultrasonic.com\/es\/wp-json\/wp\/v2\/types\/product"}],"replies":[{"embeddable":true,"href":"https:\/\/www.bjultrasonic.com\/es\/wp-json\/wp\/v2\/comments?post=69423"}],"wp:featuredmedia":[{"embeddable":true,"href":"https:\/\/www.bjultrasonic.com\/es\/wp-json\/wp\/v2\/media\/19296"}],"wp:attachment":[{"href":"https:\/\/www.bjultrasonic.com\/es\/wp-json\/wp\/v2\/media?parent=69423"}],"wp:term":[{"taxonomy":"product_brand","embeddable":true,"href":"https:\/\/www.bjultrasonic.com\/es\/wp-json\/wp\/v2\/product_brand?post=69423"},{"taxonomy":"product_cat","embeddable":true,"href":"https:\/\/www.bjultrasonic.com\/es\/wp-json\/wp\/v2\/product_cat?post=69423"},{"taxonomy":"product_tag","embeddable":true,"href":"https:\/\/www.bjultrasonic.com\/es\/wp-json\/wp\/v2\/product_tag?post=69423"}],"curies":[{"name":"wp","href":"https:\/\/api.w.org\/{rel}","templated":true}]}}