{"id":69483,"date":"2012-10-01T23:18:05","date_gmt":"2012-10-02T04:18:05","guid":{"rendered":"https:\/\/www.bjultrasonic.com\/shop\/high-frequency-ultrasonic-generator-pcb-circuit\/"},"modified":"2026-03-28T20:19:47","modified_gmt":"2026-03-29T01:19:47","slug":"high-frequency-ultrasonic-generator-pcb-circuit","status":"publish","type":"product","link":"https:\/\/www.bjultrasonic.com\/es\/shop\/high-frequency-ultrasonic-generator-pcb-circuit\/","title":{"rendered":"Circuito de Generador Ultras\u00f3nico de Alta Frecuencia 54KHz~135KHz"},"content":{"rendered":"<h2>Especificaci\u00f3n de PCB de Generador Ultras\u00f3nico de Alta Frecuencia<\/h2>\n<table id=\"wp-table-reloaded-id-129-no-1\" class=\"table table-striped table-bordered\">\n<tbody>\n<tr>\n<td>Frecuencia<\/td>\n<td>De 54 kHz a 135 kHz<\/td>\n<\/tr>\n<tr>\n<td>Potencia<\/td>\n<td>De 100 W a 2400 W<\/td>\n<\/tr>\n<tr>\n<td>Transductor de accionamiento<\/td>\n<td>Transductor ultras\u00f3nico de 54 kHz<br \/>\nTransductor ultras\u00f3nico de 68 kHz<br \/>\nTransductor ultras\u00f3nico de 120 kHz<br \/>\nTransductor ultras\u00f3nico de 135 kHz<br \/>\nTransductor ultras\u00f3nico de 80 kHz<br \/>\nO cualquier otro transductor ultras\u00f3nico<\/td>\n<\/tr>\n<tr>\n<td>Fuente de alimentaci\u00f3n<\/td>\n<td>Entrada: 110 V CA o 220 V CA<\/td>\n<\/tr>\n<tr>\n<td>Peso<\/td>\n<td>400 g\/unidad<\/td>\n<\/tr>\n<\/tbody>\n<\/table>\n<h3>Aviso: Por favor, ind\u00edquenos qu\u00e9 frecuencia necesita cuando compre el PCB del Generador Ultras\u00f3nico<\/h3>\n<h3>Pago<\/h3>\n<p>Aceptamos PayPal, Transferencia Bancaria (T\/T) y Western Union.<\/p>\n<p><iframe loading=\"lazy\" title=\"Ultrasonic Signal Generator Circuit - Beijing Ultrasonic\" width=\"500\" height=\"281\" src=\"https:\/\/www.youtube.com\/embed\/A9JdQN5e5G8?feature=oembed\" frameborder=\"0\" allow=\"accelerometer; autoplay; clipboard-write; encrypted-media; gyroscope; picture-in-picture; web-share\" referrerpolicy=\"strict-origin-when-cross-origin\" allowfullscreen><\/iframe><\/p>\n<h3 class=\"shipping-methods\">Env\u00edo<\/h3>\n<p>La mercanc\u00eda se enviar\u00e1 dentro de las 48 horas posteriores a la recepci\u00f3n del pago completo.<\/p>\n<ul>\n<li>Enviamos la mercanc\u00eda a la direcci\u00f3n proporcionada en el pago de PayPal. Por favor, aseg\u00farese de que la direcci\u00f3n en PayPal es correcta.<\/li>\n<li>Le proporcionaremos el n\u00famero de seguimiento una vez enviada la mercanc\u00eda; por lo general, recibir\u00e1 los bienes en un plazo de cinco d\u00edas.<\/li>\n<li>Si tiene alguna pregunta, por favor p\u00f3ngase en contacto con nosotros por correo electr\u00f3nico (nuestra direcci\u00f3n de correo es <a href=\"mailto:support@bjultrasonic.com\">support@bjultrasonic.com<\/a>)<\/li>\n<\/ul>\n<h3 align=\"left\">Garant\u00eda del Producto<\/h3>\n<p>El per\u00edodo de garant\u00eda del producto es de un a\u00f1o. Durante el per\u00edodo de garant\u00eda, los productos comprados pueden disfrutar de reparaci\u00f3n gratuita o sustituci\u00f3n.<\/p>\n<h3>Lista de reproducci\u00f3n de video: Controlador de Transductor Ultras\u00f3nico<\/h3>\n<p><iframe loading=\"lazy\" width=\"560\" height=\"315\" src=\"https:\/\/www.youtube.com\/embed\/videoseries?list=PLLrjMYkO0_NG56zqmQN9W9F1Xf9eev6dc\" frameborder=\"0\" allow=\"autoplay; encrypted-media\" allowfullscreen><\/iframe><\/p>\n","protected":false},"excerpt":{"rendered":"<p>Circuito generador ultras\u00f3nico, tambi\u00e9n denominado circuito impulsor de <a href=\"https:\/\/www.bjultrasonic.com\/es\/category\/ultrasonic-transducer-es\/\">transductor ultras\u00f3nico<\/a> o <a href=\"https:\/\/www.bjultrasonic.com\/es\/category\/ultrasonic-generator-es\/ultrasonic-generator-circuits-es\/\">placa de potencia impulsora para limpiadores ultras\u00f3nicos<\/a>. Proporciona una <a href=\"https:\/\/www.bjultrasonic.com\/es\/category\/ultrasonic-generator-es\/\">frecuencia ultras\u00f3nica<\/a> para impulsar los transductores ultras\u00f3nicos dentro de los <a href=\"https:\/\/www.bjultrasonic.com\/es\/category\/ultrasonic-cleaning-system-es\/\">limpiadores ultras\u00f3nicos<\/a>.<\/p>\n","protected":false},"featured_media":1310,"comment_status":"open","ping_status":"closed","template":"","meta":[],"product_brand":[],"product_cat":[6116],"product_tag":[],"class_list":{"0":"post-69483","1":"product","2":"type-product","3":"status-publish","4":"has-post-thumbnail","6":"product_cat-ultrasonic-generator-circuits-es","8":"first","9":"instock","10":"shipping-taxable","11":"product-type-external","12":"prodpage-classic"},"aioseo_notices":[],"_links":{"self":[{"href":"https:\/\/www.bjultrasonic.com\/es\/wp-json\/wp\/v2\/product\/69483","targetHints":{"allow":["GET"]}}],"collection":[{"href":"https:\/\/www.bjultrasonic.com\/es\/wp-json\/wp\/v2\/product"}],"about":[{"href":"https:\/\/www.bjultrasonic.com\/es\/wp-json\/wp\/v2\/types\/product"}],"replies":[{"embeddable":true,"href":"https:\/\/www.bjultrasonic.com\/es\/wp-json\/wp\/v2\/comments?post=69483"}],"wp:featuredmedia":[{"embeddable":true,"href":"https:\/\/www.bjultrasonic.com\/es\/wp-json\/wp\/v2\/media\/1310"}],"wp:attachment":[{"href":"https:\/\/www.bjultrasonic.com\/es\/wp-json\/wp\/v2\/media?parent=69483"}],"wp:term":[{"taxonomy":"product_brand","embeddable":true,"href":"https:\/\/www.bjultrasonic.com\/es\/wp-json\/wp\/v2\/product_brand?post=69483"},{"taxonomy":"product_cat","embeddable":true,"href":"https:\/\/www.bjultrasonic.com\/es\/wp-json\/wp\/v2\/product_cat?post=69483"},{"taxonomy":"product_tag","embeddable":true,"href":"https:\/\/www.bjultrasonic.com\/es\/wp-json\/wp\/v2\/product_tag?post=69483"}],"curies":[{"name":"wp","href":"https:\/\/api.w.org\/{rel}","templated":true}]}}