{"id":69783,"date":"2012-08-06T10:13:16","date_gmt":"2012-08-06T15:13:16","guid":{"rendered":"https:\/\/www.bjultrasonic.com\/shop\/ultrasonic-biodiesel-reactor\/"},"modified":"2026-03-28T20:17:04","modified_gmt":"2026-03-29T01:17:04","slug":"ultrasonic-biodiesel-reactor","status":"publish","type":"product","link":"https:\/\/www.bjultrasonic.com\/es\/shop\/ultrasonic-biodiesel-reactor\/","title":{"rendered":"Reactor de Biodi\u00e9sel Ultras\u00f3nico"},"content":{"rendered":"<table class=\"table table-striped table-bordered\" border=\"0\" cellspacing=\"0\" cellpadding=\"0\">\n<tbody>\n<tr>\n<td valign=\"top\" width=\"82\">Tipo<\/td>\n<td valign=\"top\" width=\"81\">Frecuencia<br \/>\n(KHz)<\/td>\n<td valign=\"top\" width=\"60\">Potencia<\/td>\n<td valign=\"top\" width=\"60\">Di\u00e1metro<br \/>\n(mm)<\/td>\n<td valign=\"top\" width=\"63\">Longitud<br \/>\n(mm)<\/td>\n<td valign=\"top\" width=\"90\">Capacidad Est\u00e1tica (pF\u00b110%)<\/td>\n<\/tr>\n<tr>\n<td valign=\"top\" width=\"82\"><a href=\"https:\/\/www.bjultrasonic.com\/es\/shop\/ultrasonic-biodiesel-reactor-bjr-500\/\">BJR-500<\/a><\/td>\n<td valign=\"top\" width=\"81\">27<\/td>\n<td valign=\"top\" width=\"68\">500<\/td>\n<td valign=\"top\" width=\"90\">\u03a673<\/td>\n<td valign=\"top\" width=\"63\">323<\/td>\n<td valign=\"top\" width=\"80\">68000<\/td>\n<\/tr>\n<tr>\n<td valign=\"top\" width=\"82\"><a href=\"https:\/\/www.bjultrasonic.com\/es\/shop\/ultrasonic-biodiesel-reactor-bjr-1000\/\">BJR-1000<\/a><\/td>\n<td valign=\"top\" width=\"81\">27<\/td>\n<td valign=\"top\" width=\"68\">1000<\/td>\n<td valign=\"top\" width=\"90\">\u03a673<\/td>\n<td valign=\"top\" width=\"63\">458<\/td>\n<td valign=\"top\" width=\"80\">68000<\/td>\n<\/tr>\n<tr>\n<td valign=\"top\" width=\"82\"><a href=\"https:\/\/www.bjultrasonic.com\/es\/shop\/ultrasonic-biodiesel-reactor-bjr-1100\/\">BJR-1100<\/a><\/td>\n<td valign=\"top\" width=\"81\">27<\/td>\n<td valign=\"top\" width=\"68\">1100<\/td>\n<td valign=\"top\" width=\"90\">\u03a673<\/td>\n<td valign=\"top\" width=\"63\">624<\/td>\n<td valign=\"top\" width=\"80\">68000<\/td>\n<\/tr>\n<tr>\n<td valign=\"top\" width=\"82\"><a href=\"https:\/\/www.bjultrasonic.com\/es\/shop\/ultrasonic-biodiesel-reactor-bjr-1200\/\">BJR-1200<\/a><\/td>\n<td valign=\"top\" width=\"81\">27<\/td>\n<td valign=\"top\" width=\"68\">1200<\/td>\n<td valign=\"top\" width=\"90\">\u03a673<\/td>\n<td valign=\"top\" width=\"63\">790<\/td>\n<td valign=\"top\" width=\"80\">68000<\/td>\n<\/tr>\n<tr>\n<td valign=\"top\" width=\"82\"><a href=\"https:\/\/www.bjultrasonic.com\/es\/shop\/ultrasonic-biodiesel-reactor-bjr-1300\/\">BJR-1300<\/a><\/td>\n<td valign=\"top\" width=\"81\">27<\/td>\n<td valign=\"top\" width=\"68\">1300<\/td>\n<td valign=\"top\" width=\"90\">\u03a673<\/td>\n<td valign=\"top\" width=\"63\">957<\/td>\n<td valign=\"top\" width=\"80\">68000<\/td>\n<\/tr>\n<tr>\n<td valign=\"top\" width=\"82\"><a href=\"https:\/\/www.bjultrasonic.com\/es\/shop\/ultrasonic-biodiesel-reactor-bjr-1500\/\">BJR-1500<\/a><\/td>\n<td valign=\"top\" width=\"81\">27<\/td>\n<td valign=\"top\" width=\"68\">1500<\/td>\n<td valign=\"top\" width=\"90\">\u03a673<\/td>\n<td valign=\"top\" width=\"63\">1123<\/td>\n<td valign=\"top\" width=\"80\">68000<\/td>\n<\/tr>\n<tr>\n<td valign=\"top\" width=\"82\"><a href=\"https:\/\/www.bjultrasonic.com\/es\/shop\/ultrasonic-biodiesel-reactor-bjr-2000\/\">BJR-2000<\/a><\/td>\n<td valign=\"top\" width=\"81\">27<\/td>\n<td valign=\"top\" width=\"68\">2000<\/td>\n<td valign=\"top\" width=\"90\">\u03a673<\/td>\n<td valign=\"top\" width=\"63\">910<\/td>\n<td valign=\"top\" width=\"80\">132000<\/td>\n<\/tr>\n<\/tbody>\n<\/table>\n<h3>Por qu\u00e9 los Mejores Kits de Procesadores de Biodi\u00e9sel Utilizan el Reactor de Biodi\u00e9sel por Ultrasonidos<\/h3>\n<p>El inter\u00e9s por los kits de procesadores de biodi\u00e9sel ha aumentado considerablemente en los \u00faltimos a\u00f1os. Poder producir tu propio biodi\u00e9sel es una gran ventaja, especialmente en estos d\u00edas en que los precios del combustible de petr\u00f3leo son muy altos. El biodi\u00e9sel se considera la mejor alternativa al combustible de petr\u00f3leo, no solo por su precio relativamente m\u00e1s bajo. El biodi\u00e9sel es respetuoso con el medio ambiente. No es t\u00f3xico. Tambi\u00e9n es biodegradable.<\/p>\n<p>Al utilizar kits de procesadores de biodi\u00e9sel, se puede fabricar f\u00e1cilmente en casa combustible que puede usarse en casi todos los motores di\u00e9sel. Los ingredientes para producir biodi\u00e9sel son f\u00e1ciles de conseguir y el ingrediente principal probablemente ya est\u00e9 presente en tu hogar. El ingrediente principal del biodi\u00e9sel es el aceite vegetal. Ya sea que el aceite vegetal en tu cocina sea nuevo o usado, se puede convertir en biodi\u00e9sel.<\/p>\n<p>Los ingredientes pasan por varios procesos. Se mezclan, se separan, se calientan, se lavan, se secan y se filtran. Todos estos procesos los realiza el procesador de biodi\u00e9sel. Solo necesitas verter los ingredientes en el procesador y poner en marcha la m\u00e1quina. Cuando el biodi\u00e9sel est\u00e9 listo, puedes sacarlo si ya lo necesitas o dejarlo en el procesador hasta que lo vayas a usar. Mantener el biodi\u00e9sel en un procesador de biodi\u00e9sel es una buena forma de almacenar el combustible. El procesador es capaz de mantener la calidad del biodi\u00e9sel producido.<\/p>\n<p><img loading=\"lazy\" decoding=\"async\" title=\"Biodiesel Processor Kits\" src=\"\/\/www.bjultrasonic.com\/wp-content\/uploads\/2012\/08\/Biodiesel-Processor-Kits.jpg\" alt=\"Biodiesel Processor Kits\" width=\"628\" height=\"295\" \/><\/p>\n<p>Producir biodi\u00e9sel no es nada que deba asustar. Es f\u00e1cil y seguro. Todos los ingredientes no son t\u00f3xicos y todos los procesos los ejecuta el procesador de biodi\u00e9sel de forma segura y eficiente. Siempre que no retires la cubierta del procesador mientras la producci\u00f3n de biodi\u00e9sel est\u00e9 en curso, no ocurrir\u00e1 ning\u00fan incidente desfavorable. Durante el proceso de calentamiento, la temperatura dentro del procesador es extremadamente alta. Si el aceite se derrama o toca tu piel, esta sufrir\u00e1 quemaduras.<\/p>\n<p>Los kits de procesadores de biodi\u00e9sel no son caros. Cuestan menos de mil d\u00f3lares. Muchos incluso tienen un precio de solo unos cientos de d\u00f3lares. El precio de un procesador de biodi\u00e9sel no es nada comparado con el dinero que ahorrar\u00e1s. Los precios del combustible de petr\u00f3leo son altos y solo aumentar\u00e1n. Por otro lado, los ingredientes para producir biodi\u00e9sel son baratos. Si el aceite vegetal que usar\u00e1s no es nuevo, tus ahorros ser\u00e1n a\u00fan mayores. El precio del biodi\u00e9sel que producir\u00e1s es de solo unos c\u00e9ntimos por litro. Eso es mucho m\u00e1s bajo que los precios del combustible de petr\u00f3leo.<\/p>\n<p>Cada procesador de biodi\u00e9sel contiene un reactor de biodi\u00e9sel. Es el reactor de biodi\u00e9sel el que acelera la producci\u00f3n de biodi\u00e9sel. Provoca la esterificaci\u00f3n y la transesterificaci\u00f3n, las reacciones qu\u00edmicas que transforman los ingredientes en biodi\u00e9sel. Hay dos tipos de reactores de biodi\u00e9sel. Estos son el reactor de biodi\u00e9sel por ultrasonidos y el reactor de biodi\u00e9sel por cizallamiento. Entre los dos tipos de reactores de biodi\u00e9sel, el reactor de biodi\u00e9sel por ultrasonidos es mejor.<\/p>\n<p>El reactor de biodi\u00e9sel por ultrasonidos produce biodi\u00e9sel en el menor tiempo posible y de la manera m\u00e1s eficiente. Las ondas ultras\u00f3nicas act\u00faan sobre los ingredientes mezclados, provocando la producci\u00f3n e implosi\u00f3n de muchas burbujas diminutas. Esto se llama cavitaci\u00f3n. La cavitaci\u00f3n mezcla y calienta la mezcla al mismo tiempo. Estos dos procesos causan la transesterificaci\u00f3n. Debido a que un reactor de biodi\u00e9sel por ultrasonidos mezcla y calienta la mezcla simult\u00e1neamente, el tiempo necesario para producir biodi\u00e9sel se reduce significativamente. Por lo tanto, en lugar de procesar mezclas por lotes, lo que lleva mucho tiempo, las mezclas se procesan mediante transesterificaci\u00f3n en l\u00ednea.<\/p>\n<p>Las ondas ultras\u00f3nicas juegan un papel muy importante en la producci\u00f3n de biodi\u00e9sel. Son muy efectivas para mezclar ingredientes que son dif\u00edciles de combinar. Para producir biodi\u00e9sel, los ingredientes deben mezclarse a fondo. Si los ingredientes no se mezclan adecuadamente, o no se producir\u00e1 biodi\u00e9sel o el biodi\u00e9sel que se produzca ser\u00e1 de baja calidad.<\/p>\n<p>Las ondas ultras\u00f3nicas mezclan y calientan los ingredientes. Cuando las ondas entran en contacto con los ingredientes, hacen que estos vibren violentamente. Estas vibraciones provocan la formaci\u00f3n de burbujas de cavitaci\u00f3n. Cuando las burbujas implosionan, los ingredientes se contraen y se mezclan. Esta actividad aumenta la temperatura de la mezcla. Aunque el aumento de temperatura no es mucho, es suficiente para hacer que la mezcla reaccione y para que el tiempo de reacci\u00f3n sea m\u00e1s corto de lo habitual. Con la ayuda de las ondas ultras\u00f3nicas, se ahorra energ\u00eda porque no es necesario aumentar la temperatura.<\/p>\n<p>Un procesador de biodi\u00e9sel con reactor de biodi\u00e9sel por ultrasonidos es perfecto para cualquier persona que no necesite fabricar millones de galones de biodi\u00e9sel. Es el procesador perfecto para ti si solo necesitas fabricar varios galones de biodi\u00e9sel a la vez.<\/p>\n<h3>Ventajas<\/h3>\n<p><b>1. Se Reduce el Tiempo de Reacci\u00f3n<\/b><\/p>\n<p>Un reactor de biodiesel ultras\u00f3nico reduce considerablemente el tiempo de reacci\u00f3n de los ingredientes. Lo logra agitando los ingredientes. Cuando los ingredientes son agitados, el metanol disminuye. Esto hace que los ingredientes se adhieran entre s\u00ed y se mezclen adecuadamente. Normalmente, se necesita una hora para mezclar a fondo los ingredientes. Con la ayuda de ondas ultras\u00f3nicas, el tiempo necesario se reduce a menos de un minuto. Una vez que se realiza la mezcla adecuada, ocurre la reacci\u00f3n. La agitaci\u00f3n debido a las ondas ultras\u00f3nicas tambi\u00e9n aumenta la calidad y la cantidad de biodiesel producido.<\/p>\n<p>Cada reactor de biodiesel ultras\u00f3nico que tenemos en Beijing Ultrasonic es capaz de realizar esterificaci\u00f3n y transesterificaci\u00f3n. Nuestros reactores ultras\u00f3nicos causan cavitaci\u00f3n molecular. Esto mezcla a fondo los ingredientes y conduce a una reacci\u00f3n completa. La mezcla y reacci\u00f3n adecuadas dan como resultado una mayor cantidad de biodiesel producido.<\/p>\n<p><b>2. Los Reactores en L\u00ednea son Ajustables<\/b><\/p>\n<p>Un reactor de biodiesel ultras\u00f3nico en l\u00ednea aumenta la cantidad de biodiesel producido mediante el uso de procesamiento de flujo continuo en lugar del proceso por lotes que consume mucho tiempo. El procesamiento de flujo continuo es m\u00e1s eficiente. Requiere un costo operativo m\u00e1s bajo.<\/p>\n<p>Para adaptarse a sus necesidades, el tama\u00f1o y la capacidad de nuestros reactores de biodiesel ultras\u00f3nicos en l\u00ednea se pueden ajustar. El n\u00famero de reactores que se conectar\u00e1n depender\u00e1 de la cantidad de biodiesel que se producir\u00e1. Si se necesita m\u00e1s de un reactor ultras\u00f3nico, los reactores se conectan en serie.<\/p>\n<h3>Aplicaciones<\/h3>\n<p>Un reactor de biodiesel ultras\u00f3nico tiene varios usos. Tres de sus usos principales son los siguientes:<\/p>\n<ul>\n<li>Procesar vegetales, alcohol y un catalizador para producir biodiesel<\/li>\n<li>Limpiar tanques y tuber\u00edas<\/li>\n<li>Producir reacciones qu\u00edmicas como s\u00edntesis y separaci\u00f3n<\/li>\n<\/ul>\n<h3>Video<\/h3>\n<p><iframe loading=\"lazy\" title=\"Ultrasonic Reactors for Biodiesel Production\" width=\"500\" height=\"281\" src=\"https:\/\/www.youtube.com\/embed\/oe1tAvpuUjw?feature=oembed\" frameborder=\"0\" allow=\"accelerometer; autoplay; clipboard-write; encrypted-media; gyroscope; picture-in-picture; web-share\" referrerpolicy=\"strict-origin-when-cross-origin\" allowfullscreen><\/iframe><\/p>\n<p><iframe loading=\"lazy\" title=\"Biodiesel Processor Kits - Beijing Ultrasonic\" width=\"500\" height=\"281\" src=\"https:\/\/www.youtube.com\/embed\/OpgcM3CcI90?feature=oembed\" frameborder=\"0\" allow=\"accelerometer; autoplay; clipboard-write; encrypted-media; gyroscope; picture-in-picture; web-share\" referrerpolicy=\"strict-origin-when-cross-origin\" allowfullscreen><\/iframe><\/p>\n<h3>Art\u00edculos Relacionados<\/h3>\n<ul>\n<li><a href=\"https:\/\/www.bjultrasonic.com\/es\/learn-to-design-a-packed-bed-tubular-reactor\/\" target=\"_blank\" rel=\"noopener\">Aprende a Dise\u00f1ar un Reactor Tubular de Lecho Fijo<\/a><\/li>\n<li><a href=\"https:\/\/www.bjultrasonic.com\/es\/how-to-grow-algae-cheap-biodiesel-fuel\/\" target=\"_blank\" rel=\"noopener\">C\u00f3mo Cultivar Algas \u2013 Combustible Biodiesel Barato<\/a><\/li>\n<li><a href=\"https:\/\/www.bjultrasonic.com\/es\/what-is-the-difference-between-diesel-and-biodiesel\/\" target=\"_blank\" rel=\"noopener\">Diferencia Entre Diesel y Biodiesel <\/a><\/li>\n<li><a href=\"https:\/\/www.bjultrasonic.com\/es\/what-is-a-biodiesel-reactor\/\" target=\"_blank\" rel=\"noopener\">Qu\u00e9 es un Reactor de Biodiesel <\/a><\/li>\n<li><a href=\"https:\/\/www.bjultrasonic.com\/es\/15-easy-steps-to-make-your-own-biodiesel-processor\/\" target=\"_blank\" rel=\"noopener\">15 Pasos Sencillos para Hacer Tu Propio Procesador de Biodiesel<\/a><\/li>\n<\/ul>\n<h3>Pago<\/h3>\n<p>Aceptamos paypal, T\/T y Western Union ahora.<\/p>\n<h3 class=\"shipping-methods\">Env\u00edo<\/h3>\n<p>Los productos se enviar\u00e1n dentro de las 48 horas posteriores a recibir el pago completo.<\/p>\n<ul>\n<li>Enviamos los productos a la direcci\u00f3n que se indica en el pago de PayPal. Por favor, aseg\u00farese de que la direcci\u00f3n en PayPal sea correcta.<\/li>\n<li>Le daremos el n\u00famero de seguimiento despu\u00e9s de enviar los productos; en general, recibir\u00e1 los productos dentro de cinco d\u00edas.<\/li>\n<li>Si tiene alguna pregunta, por favor cont\u00e1ctenos por correo electr\u00f3nico (nuestra direcci\u00f3n de correo electr\u00f3nico es <a href=\"mailto:support@bjultrasonic.com\">support@bjultrasonic.com<\/a>)<\/li>\n<\/ul>\n<h3>Garant\u00eda del Producto<\/h3>\n<p>El per\u00edodo de garant\u00eda del producto es de un a\u00f1o. Dentro del per\u00edodo de garant\u00eda, los productos comprados pueden disfrutar de mantenimiento gratuito o cambio.<\/p>\n","protected":false},"excerpt":{"rendered":"<p>Procesadores ultras\u00f3nicos para la producci\u00f3n de biodiesel. El reactor ultras\u00f3nico de biodiesel produce biodiesel en el menor tiempo posible y de la manera m\u00e1s eficiente.<\/p>\n","protected":false},"featured_media":42435,"comment_status":"open","ping_status":"closed","template":"","meta":[],"product_brand":[],"product_cat":[6247,6269],"product_tag":[],"class_list":{"0":"post-69783","1":"product","2":"type-product","3":"status-publish","4":"has-post-thumbnail","6":"product_cat-ultrasonic-processors-es","7":"product_cat-biodiesel-es","9":"first","10":"instock","11":"shipping-taxable","12":"product-type-external","13":"prodpage-classic"},"aioseo_notices":[],"_links":{"self":[{"href":"https:\/\/www.bjultrasonic.com\/es\/wp-json\/wp\/v2\/product\/69783","targetHints":{"allow":["GET"]}}],"collection":[{"href":"https:\/\/www.bjultrasonic.com\/es\/wp-json\/wp\/v2\/product"}],"about":[{"href":"https:\/\/www.bjultrasonic.com\/es\/wp-json\/wp\/v2\/types\/product"}],"replies":[{"embeddable":true,"href":"https:\/\/www.bjultrasonic.com\/es\/wp-json\/wp\/v2\/comments?post=69783"}],"wp:featuredmedia":[{"embeddable":true,"href":"https:\/\/www.bjultrasonic.com\/es\/wp-json\/wp\/v2\/media\/42435"}],"wp:attachment":[{"href":"https:\/\/www.bjultrasonic.com\/es\/wp-json\/wp\/v2\/media?parent=69783"}],"wp:term":[{"taxonomy":"product_brand","embeddable":true,"href":"https:\/\/www.bjultrasonic.com\/es\/wp-json\/wp\/v2\/product_brand?post=69783"},{"taxonomy":"product_cat","embeddable":true,"href":"https:\/\/www.bjultrasonic.com\/es\/wp-json\/wp\/v2\/product_cat?post=69783"},{"taxonomy":"product_tag","embeddable":true,"href":"https:\/\/www.bjultrasonic.com\/es\/wp-json\/wp\/v2\/product_tag?post=69783"}],"curies":[{"name":"wp","href":"https:\/\/api.w.org\/{rel}","templated":true}]}}