{"id":69823,"date":"2012-07-12T23:52:11","date_gmt":"2012-07-13T04:52:11","guid":{"rendered":"https:\/\/www.bjultrasonic.com\/shop\/cylinder-piezoelectric-ceramics\/"},"modified":"2026-03-28T20:16:39","modified_gmt":"2026-03-29T01:16:39","slug":"cylinder-piezoelectric-ceramics","status":"publish","type":"product","link":"https:\/\/www.bjultrasonic.com\/es\/shop\/cylinder-piezoelectric-ceramics\/","title":{"rendered":"Cilindro Piezocer\u00e1mico"},"content":{"rendered":"<p>Podemos personalizar diversas cer\u00e1micas piezoel\u00e9ctricas seg\u00fan sea necesario.<br \/>\nMaterial del Cilindro de Cer\u00e1mica Piezoel\u00e9ctrica: PZT4, PZT5, PZT8 u otro material piezoel\u00e9ctrico requerido.<\/p>\n<p><img loading=\"lazy\" decoding=\"async\" class=\"alignnone size-full wp-image-23760\" src=\"https:\/\/www.bjultrasonic.com\/wp-content\/uploads\/2012\/07\/Piezoceramic-Cylinder.jpg\" alt=\"Cilindro Piezoel\u00e9ctrico\" width=\"700\" height=\"700\" srcset=\"https:\/\/www.bjultrasonic.com\/wp-content\/uploads\/2012\/07\/Piezoceramic-Cylinder.jpg 700w, https:\/\/www.bjultrasonic.com\/wp-content\/uploads\/2012\/07\/Piezoceramic-Cylinder-600x600.jpg 600w, https:\/\/www.bjultrasonic.com\/wp-content\/uploads\/2012\/07\/Piezoceramic-Cylinder-100x100.jpg 100w\" sizes=\"auto, (max-width: 700px) 100vw, 700px\" \/><\/p>\n<h2>Aplicaciones del Cilindro de Cer\u00e1mica Piezoel\u00e9ctrica<\/h2>\n<table id=\"wp-table-reloaded-id-117-no-1\" class=\"table table-striped table-bordered\">\n<tbody>\n<tr>\n<td>Hidr\u00f3fono<\/td>\n<td>Sensor Ultras\u00f3nico<\/td>\n<td>Sensor de Compresi\u00f3n<\/td>\n<\/tr>\n<tr>\n<td>Sonar biom\u00e9dico<\/td>\n<td>Sensor de Vibraci\u00f3n<\/td>\n<td>Actuadores<\/td>\n<\/tr>\n<tr>\n<td>Dispersi\u00f3n de materia<\/td>\n<td>Sensor de Presi\u00f3n<\/td>\n<td>Mezcla Ultras\u00f3nica<\/td>\n<\/tr>\n<tr>\n<td>Sensor de Prensa Ultras\u00f3nica<\/td>\n<td>Actuadores de Alta Potencia<\/td>\n<td>Otras aplicaciones<\/td>\n<\/tr>\n<\/tbody>\n<\/table>\n<p>Rango de Tama\u00f1os de las Cer\u00e1micas Piezoel\u00e9ctricas Cil\u00edndricas:<\/p>\n<ul>\n<li>Rango de Di\u00e1metro: 2mm&#8212;20mm<\/li>\n<li>Rango de Altura: 3mm\u201440mm<\/li>\n<\/ul>\n<h3>Pago<\/h3>\n<p>Aceptamos PayPal, Transferencia Bancaria (T\/T) y Western Union.<\/p>\n<h3 class=\"shipping-methods\">Env\u00edo<\/h3>\n<p>Los productos se enviar\u00e1n dentro de las 48 horas posteriores a recibir el pago completo.<\/p>\n<ul>\n<li>Enviamos los productos a la direcci\u00f3n proporcionada en el pago de PayPal. Por favor, aseg\u00farese de que la direcci\u00f3n en PayPal sea correcta.<\/li>\n<li>Le proporcionaremos el n\u00famero de seguimiento despu\u00e9s de enviar los productos; en general, recibir\u00e1 los productos dentro de cinco d\u00edas.<\/li>\n<li>Si tiene alguna pregunta, por favor cont\u00e1ctenos por correo electr\u00f3nico (nuestra direcci\u00f3n de correo es <a href=\"mailto:support@bjultrasonic.com\">support@bjultrasonic.com<\/a>)<\/li>\n<\/ul>\n<h3>Garant\u00eda del Producto<\/h3>\n<p>El per\u00edodo de garant\u00eda del producto es de un a\u00f1o. Durante el per\u00edodo de garant\u00eda, los productos comprados pueden disfrutar de mantenimiento gratuito o intercambio.<\/p>\n","protected":false},"excerpt":{"rendered":"<p>Podemos personalizar diversas cer\u00e1micas piezoel\u00e9ctricas seg\u00fan sea necesario. Material del Cilindro de Cer\u00e1mica Piezoel\u00e9ctrica: PZT4, PZT5, PZT8 u otro material piezoel\u00e9ctrico requerido. Aplicaciones del Cilindro de Cer\u00e1mica Piezoel\u00e9ctrica Hidr\u00f3fono Sensor Ultras\u00f3nico Sensor de Compresi\u00f3n Sonar biom\u00e9dico Sensor de Vibraci\u00f3n Actuadores Dispersi\u00f3n de materia Sensor de Presi\u00f3n Mezcla Ultras\u00f3nica Sensor de Prensa Ultras\u00f3nica Actuadores de Alta<\/p>\n","protected":false},"featured_media":23760,"comment_status":"open","ping_status":"closed","template":"","meta":[],"product_brand":[],"product_cat":[5708,5639],"product_tag":[],"class_list":{"0":"post-69823","1":"product","2":"type-product","3":"status-publish","4":"has-post-thumbnail","6":"product_cat-cylinder-piezoelectric-ceramics-es","7":"product_cat-piezoelectric-ceramic-es","9":"first","10":"instock","11":"shipping-taxable","12":"product-type-external","13":"prodpage-classic"},"aioseo_notices":[],"_links":{"self":[{"href":"https:\/\/www.bjultrasonic.com\/es\/wp-json\/wp\/v2\/product\/69823","targetHints":{"allow":["GET"]}}],"collection":[{"href":"https:\/\/www.bjultrasonic.com\/es\/wp-json\/wp\/v2\/product"}],"about":[{"href":"https:\/\/www.bjultrasonic.com\/es\/wp-json\/wp\/v2\/types\/product"}],"replies":[{"embeddable":true,"href":"https:\/\/www.bjultrasonic.com\/es\/wp-json\/wp\/v2\/comments?post=69823"}],"wp:featuredmedia":[{"embeddable":true,"href":"https:\/\/www.bjultrasonic.com\/es\/wp-json\/wp\/v2\/media\/23760"}],"wp:attachment":[{"href":"https:\/\/www.bjultrasonic.com\/es\/wp-json\/wp\/v2\/media?parent=69823"}],"wp:term":[{"taxonomy":"product_brand","embeddable":true,"href":"https:\/\/www.bjultrasonic.com\/es\/wp-json\/wp\/v2\/product_brand?post=69823"},{"taxonomy":"product_cat","embeddable":true,"href":"https:\/\/www.bjultrasonic.com\/es\/wp-json\/wp\/v2\/product_cat?post=69823"},{"taxonomy":"product_tag","embeddable":true,"href":"https:\/\/www.bjultrasonic.com\/es\/wp-json\/wp\/v2\/product_tag?post=69823"}],"curies":[{"name":"wp","href":"https:\/\/api.w.org\/{rel}","templated":true}]}}