{"id":69883,"date":"2012-07-12T22:20:52","date_gmt":"2012-07-13T03:20:52","guid":{"rendered":"https:\/\/www.bjultrasonic.com\/shop\/tube-piezoelectric-ceramics\/"},"modified":"2026-03-28T20:16:10","modified_gmt":"2026-03-29T01:16:10","slug":"tube-piezoelectric-ceramics","status":"publish","type":"product","link":"https:\/\/www.bjultrasonic.com\/es\/shop\/tube-piezoelectric-ceramics\/","title":{"rendered":"Tubo piezocer\u00e1mico"},"content":{"rendered":"<p><iframe loading=\"lazy\" title=\"Piezoceramic Tube\" width=\"500\" height=\"281\" src=\"https:\/\/www.youtube.com\/embed\/m1kSZ7ICcOQ?feature=oembed\" frameborder=\"0\" allow=\"accelerometer; autoplay; clipboard-write; encrypted-media; gyroscope; picture-in-picture; web-share\" referrerpolicy=\"strict-origin-when-cross-origin\" allowfullscreen><\/iframe><\/p>\n<h3>Podemos personalizar diversas cer\u00e1micas piezoel\u00e9ctricas seg\u00fan los requisitos.<\/h3>\n<p>Material del Tubo de Cer\u00e1mica Piezoel\u00e9ctrica (Tubo Piezoel\u00e9ctrico): PZT4, PZT5, PZT8 u otro material piezoel\u00e9ctrico requerido.<\/p>\n<p><img loading=\"lazy\" decoding=\"async\" class=\" wp-image-1238 alignnone\" title=\"Tube Piezoelectric Ceramics\" src=\"\/\/www.bjultrasonic.com\/wp-content\/uploads\/2012\/07\/tube-piezoelectric-ceramics.jpg\" alt=\"Tube Piezoelectric Ceramics\" width=\"601\" height=\"459\" \/><\/p>\n<h2>Aplicaciones del Tubo de Cer\u00e1mica Piezoel\u00e9ctrica<\/h2>\n<table id=\"wp-table-reloaded-id-111-no-1\" class=\"table table-striped table-bordered\">\n<tbody>\n<tr>\n<td>Vibraci\u00f3n del transductor piezoel\u00e9ctrico<\/td>\n<td>Ac\u00fastica<\/td>\n<td>Dispersi\u00f3n de materia<\/td>\n<\/tr>\n<tr>\n<td>Medio de transmisi\u00f3n de l\u00edquidos<\/td>\n<td>Medio de transmisi\u00f3n de gases<\/td>\n<td>Sensor de espesor de pared<\/td>\n<\/tr>\n<tr>\n<td>Sensor de esfuerzo de materiales<\/td>\n<td>Desazolve de pozos petroleros<\/td>\n<td>Sonda biom\u00e9dica<\/td>\n<\/tr>\n<tr>\n<td>Recolecci\u00f3n de energ\u00eda piezoel\u00e9ctrica<\/td>\n<td>Transductor de ecosonda<\/td>\n<td>Sensor de compresi\u00f3n<\/td>\n<\/tr>\n<tr>\n<td>Altavoz subacu\u00e1tico<\/td>\n<td>Boyas sonoras<\/td>\n<td>Arreglo de sonar pasivo<\/td>\n<\/tr>\n<tr>\n<td>Torpedo<\/td>\n<td>Detector de pozos petroleros<\/td>\n<td>M\u00e1s aplicaciones<\/td>\n<\/tr>\n<\/tbody>\n<\/table>\n<h3>Video de Tubos Piezocer\u00e1micos<\/h3>\n<p><iframe loading=\"lazy\" title=\"Piezoelectric Ceramic Tube | Piezoceramic Tube\" width=\"500\" height=\"281\" src=\"https:\/\/www.youtube.com\/embed\/ETIEN0YGcL8?feature=oembed\" frameborder=\"0\" allow=\"accelerometer; autoplay; clipboard-write; encrypted-media; gyroscope; picture-in-picture; web-share\" referrerpolicy=\"strict-origin-when-cross-origin\" allowfullscreen><\/iframe><\/p>\n<h2>Especificaci\u00f3n Est\u00e1ndar del Tubo de Cer\u00e1mica Piezoel\u00e9ctrica<\/h2>\n<table id=\"wp-table-reloaded-id-112-no-1\" class=\"table table-striped table-bordered\">\n<tbody>\n<tr>\n<td>Dimensi\u00f3n (mm) DE x DI x H<\/td>\n<td>fm (KHz)<\/td>\n<td>fn (KHz)<\/td>\n<td>Capacitancia (pf)<\/td>\n<td>tg\u03b4 (%)<\/td>\n<\/tr>\n<tr>\n<td>12*9*6<\/td>\n<td>70<\/td>\n<td>72<\/td>\n<td>5860<\/td>\n<td>0.3<\/td>\n<\/tr>\n<tr>\n<td>15*13*3.2<\/td>\n<td>64<\/td>\n<td>68<\/td>\n<td>3700<\/td>\n<td>1.7<\/td>\n<\/tr>\n<tr>\n<td>18*15*15<\/td>\n<td>63<\/td>\n<td>64<\/td>\n<td>5940<\/td>\n<td>0.2<\/td>\n<\/tr>\n<tr>\n<td>18*15*20<\/td>\n<td>63<\/td>\n<td>64<\/td>\n<td>5836<\/td>\n<td>0.2<\/td>\n<\/tr>\n<tr>\n<td>20*17*15<\/td>\n<td>46.9<\/td>\n<td>50<\/td>\n<td>14109<\/td>\n<td>1.5<\/td>\n<\/tr>\n<tr>\n<td>24*20*20<\/td>\n<td>47<\/td>\n<td>49<\/td>\n<td>12830<\/td>\n<td>2.0<\/td>\n<\/tr>\n<tr>\n<td>34*30*20<\/td>\n<td>30<\/td>\n<td>32<\/td>\n<td>1510<\/td>\n<td>0.2<\/td>\n<\/tr>\n<tr>\n<td>40*32*37<\/td>\n<td>25<\/td>\n<td>25.3<\/td>\n<td>21200<\/td>\n<td>1.5<\/td>\n<\/tr>\n<tr>\n<td>44*38*29<\/td>\n<td>22.1<\/td>\n<td>24<\/td>\n<td>23120<\/td>\n<td>1.5<\/td>\n<\/tr>\n<tr>\n<td>51*45*36<\/td>\n<td>20<\/td>\n<td>20.5<\/td>\n<td>18010<\/td>\n<td>1.5<\/td>\n<\/tr>\n<tr>\n<td>53*45*41<\/td>\n<td>18<\/td>\n<td>22<\/td>\n<td>3060<\/td>\n<td>0.2<\/td>\n<\/tr>\n<tr>\n<td>69*63*25<\/td>\n<td>16<\/td>\n<td>18<\/td>\n<td>16040<\/td>\n<td>0.5<\/td>\n<\/tr>\n<tr>\n<td>76*68*40<\/td>\n<td>15<\/td>\n<td>15<\/td>\n<td>19730<\/td>\n<td>0.5<\/td>\n<\/tr>\n<tr>\n<td>80*60*150<\/td>\n<td>17<\/td>\n<td>18.5<\/td>\n<td>34420<\/td>\n<td>0.25<\/td>\n<\/tr>\n<tr>\n<td>142*132*80<\/td>\n<td>8<\/td>\n<td>8<\/td>\n<td>8636<\/td>\n<td>0.35<\/td>\n<\/tr>\n<tr>\n<td>Rango de di\u00e1metro exterior: 6mm\u2014150mm<br \/>\nRango de di\u00e1metro interior: 5mm\u2014130mm<br \/>\nRango de longitud: 5mm\u2014100mm<br \/>\nNota:<br \/>\nPodemos dise\u00f1ar y personalizar Tubos de Cer\u00e1mica Piezoel\u00e9ctrica de varios tama\u00f1os seg\u00fan los requisitos.<\/td>\n<td><\/td>\n<td><\/td>\n<td><\/td>\n<td><\/td>\n<\/tr>\n<\/tbody>\n<\/table>\n<h3>Pago<\/h3>\n<p>Aceptamos PayPal, T\/T y Western Union.<\/p>\n<h3 class=\"shipping-methods\">Env\u00edo<\/h3>\n<p>Los productos se enviar\u00e1n dentro de las 48 horas posteriores a la recepci\u00f3n del pago completo.<\/p>\n<ul>\n<li>Enviamos los productos a la direcci\u00f3n proporcionada en el pago de PayPal. Por favor, aseg\u00farese de que la direcci\u00f3n en PayPal sea correcta.<\/li>\n<li>Le proporcionaremos el n\u00famero de seguimiento una vez enviados los productos; por lo general, los recibir\u00e1 en un plazo de cinco d\u00edas.<\/li>\n<li>Si tiene alguna pregunta, comun\u00edquese con nosotros por correo electr\u00f3nico (nuestra direcci\u00f3n de correo electr\u00f3nico es <a href=\"mailto:support@bjultrasonic.com\">support@bjultrasonic.com<\/a>).<\/li>\n<\/ul>\n<h3>Garant\u00eda del Producto<\/h3>\n<p>El per\u00edodo de garant\u00eda del producto es de un a\u00f1o. Durante el per\u00edodo de garant\u00eda, los productos adquiridos pueden disfrutar de mantenimiento o intercambio gratuito.<\/p>\n","protected":false},"excerpt":{"rendered":"<p>Podemos personalizar diversas cer\u00e1micas piezoel\u00e9ctricas seg\u00fan los requisitos. Material del Tubo de Cer\u00e1mica Piezoel\u00e9ctrica (Tubo Piezoel\u00e9ctrico): PZT4, PZT5, PZT8 u otro material piezoel\u00e9ctrico requerido. Aplicaciones del Tubo de Cer\u00e1mica Piezoel\u00e9ctrica Vibraci\u00f3n del transductor piezoel\u00e9ctrico Ac\u00fastica Dispersi\u00f3n de materia Medio de transmisi\u00f3n de l\u00edquidos Medio de transmisi\u00f3n de gases Sensor de espesor de pared Sensor de<\/p>\n","protected":false},"featured_media":23756,"comment_status":"open","ping_status":"closed","template":"","meta":[],"product_brand":[],"product_cat":[5639,5788],"product_tag":[],"class_list":{"0":"post-69883","1":"product","2":"type-product","3":"status-publish","4":"has-post-thumbnail","6":"product_cat-piezoelectric-ceramic-es","7":"product_cat-tube-piezoelectric-ceramics-es","9":"first","10":"instock","11":"shipping-taxable","12":"product-type-external","13":"prodpage-classic"},"aioseo_notices":[],"_links":{"self":[{"href":"https:\/\/www.bjultrasonic.com\/es\/wp-json\/wp\/v2\/product\/69883","targetHints":{"allow":["GET"]}}],"collection":[{"href":"https:\/\/www.bjultrasonic.com\/es\/wp-json\/wp\/v2\/product"}],"about":[{"href":"https:\/\/www.bjultrasonic.com\/es\/wp-json\/wp\/v2\/types\/product"}],"replies":[{"embeddable":true,"href":"https:\/\/www.bjultrasonic.com\/es\/wp-json\/wp\/v2\/comments?post=69883"}],"wp:featuredmedia":[{"embeddable":true,"href":"https:\/\/www.bjultrasonic.com\/es\/wp-json\/wp\/v2\/media\/23756"}],"wp:attachment":[{"href":"https:\/\/www.bjultrasonic.com\/es\/wp-json\/wp\/v2\/media?parent=69883"}],"wp:term":[{"taxonomy":"product_brand","embeddable":true,"href":"https:\/\/www.bjultrasonic.com\/es\/wp-json\/wp\/v2\/product_brand?post=69883"},{"taxonomy":"product_cat","embeddable":true,"href":"https:\/\/www.bjultrasonic.com\/es\/wp-json\/wp\/v2\/product_cat?post=69883"},{"taxonomy":"product_tag","embeddable":true,"href":"https:\/\/www.bjultrasonic.com\/es\/wp-json\/wp\/v2\/product_tag?post=69883"}],"curies":[{"name":"wp","href":"https:\/\/api.w.org\/{rel}","templated":true}]}}