{"id":69903,"date":"2012-07-12T16:42:35","date_gmt":"2012-07-12T21:42:35","guid":{"rendered":"https:\/\/www.bjultrasonic.com\/shop\/ultrasonic-vibrating-screen-transducer\/"},"modified":"2026-03-28T20:16:09","modified_gmt":"2026-03-29T01:16:09","slug":"ultrasonic-vibrating-screen-transducer","status":"publish","type":"product","link":"https:\/\/www.bjultrasonic.com\/es\/shop\/ultrasonic-vibrating-screen-transducer\/","title":{"rendered":"Transductor de Vibraci\u00f3n Ultras\u00f3nica"},"content":{"rendered":"<p>El transductor de vibraci\u00f3n ultras\u00f3nica est\u00e1 compuesto por una gl\u00e1ndula, <a href=\"https:\/\/www.bjultrasonic.com\/es\/category\/piezoelectric-ceramic-es\/\">cer\u00e1mica piezoel\u00e9ctrica<\/a>, pieza de electrodo, cabeza radiante, tornillos de pretensi\u00f3n y carcasa aislante.<\/p>\n<h3>Caracter\u00edsticas del transductor de vibraci\u00f3n ultras\u00f3nica para tamiz de polvo fino<\/h3>\n<ul>\n<li>Logra alta precisi\u00f3n y cribado de malla alta al mismo tiempo, controlando un rango estrecho de tama\u00f1o de part\u00edcula.<\/li>\n<li>Puede ser de una sola capa y multicapa.<\/li>\n<li>Funci\u00f3n de autolimpieza del tamiz: mayor de 500 mallas, sin obstrucci\u00f3n de malla, sin atenuaci\u00f3n de la eficiencia de cribado.<\/li>\n<li>Resuelve los problemas de cribado como la fuerte adsorci\u00f3n, f\u00e1cil reuni\u00f3n, electrost\u00e1tica, alta precisi\u00f3n, alta densidad, alta gravedad espec\u00edfica ligera y otros.<\/li>\n<li>La precisi\u00f3n de cribado puede mejorarse entre un 1 y un 70%, el rendimiento puede aumentar de 0.5 a 10 veces.<\/li>\n<\/ul>\n<h3>Aplicaci\u00f3n<\/h3>\n<ul>\n<li>Industria qu\u00edmica: resina, recubrimientos, industria, medicina, cosm\u00e9ticos, pintura, polvo, etc.<\/li>\n<li>Industria alimentaria: az\u00facar en polvo, almid\u00f3n, sal, harina de arroz, leche en polvo, soja en polvo, huevo en polvo, salsa de soja, jugo, etc.<\/li>\n<li>Metal, metalurgia, miner\u00eda, polvo de aluminio, polvo de plomo, polvo de cobre, mineral, polvo de electrodo, polvo de aleaci\u00f3n, di\u00f3xido de manganeso, polvo de cobre electrol\u00edtico, material magn\u00e9tico el\u00e9ctrico, polvo de pulido, material refractario, caol\u00edn, cal, \u00f3xido de aluminio, carbonato de calcio pesado, arena de cuarzo, etc.<\/li>\n<li>Tratamiento de contaminaci\u00f3n, aceite residual, agua residual, agua residual de tinte, aditivos, carb\u00f3n activado, etc.<\/li>\n<\/ul>\n<h3>M\u00e1quina de tamizado por vibraci\u00f3n ultras\u00f3nica<\/h3>\n<p><iframe loading=\"lazy\" title=\"Ultrasonic Vibrating Sieve Machine - Beijing Ultrasonic\" width=\"500\" height=\"281\" src=\"https:\/\/www.youtube.com\/embed\/PEkryRhyJXY?feature=oembed\" frameborder=\"0\" allow=\"accelerometer; autoplay; clipboard-write; encrypted-media; gyroscope; picture-in-picture; web-share\" referrerpolicy=\"strict-origin-when-cross-origin\" allowfullscreen><\/iframe><\/p>\n<h3>Pago<\/h3>\n<p>Aceptamos PayPal, T\/T y Western Union ahora.<\/p>\n<h3>Env\u00edo<\/h3>\n<p>Los productos se enviar\u00e1n dentro de las 48 horas posteriores a recibir el pago completo.<\/p>\n<ul>\n<li>Enviamos los productos a la direcci\u00f3n proporcionada en el pago de PayPal. Aseg\u00farese de que la direcci\u00f3n en PayPal sea correcta.<\/li>\n<li>Le daremos el n\u00famero de seguimiento despu\u00e9s de enviar los productos; en general, recibir\u00e1 los productos dentro de cinco d\u00edas.<\/li>\n<li>Si tiene alguna pregunta, por favor cont\u00e1ctenos por correo electr\u00f3nico (nuestra direcci\u00f3n de correo electr\u00f3nico es <a href=\"mailto:support@bjultrasonic.com\">support@bjultrasonic.com<\/a>).<\/li>\n<\/ul>\n<h3>Garant\u00eda del producto<\/h3>\n<p>El per\u00edodo de garant\u00eda del producto es de un a\u00f1o. Dentro del per\u00edodo de garant\u00eda, los productos comprados pueden disfrutar de mantenimiento gratuito o intercambio.<\/p>\n","protected":false},"excerpt":{"rendered":"<p>El transductor de vibraci\u00f3n ultras\u00f3nica consta de gl\u00e1ndula, cer\u00e1mica piezoel\u00e9ctrica, pieza de electrodo, cabeza radiante, tornillos pretensados y carcasa aislante.<\/p>\n","protected":false},"featured_media":4845,"comment_status":"open","ping_status":"closed","template":"","meta":[],"product_brand":[],"product_cat":[6329],"product_tag":[],"class_list":{"0":"post-69903","1":"product","2":"type-product","3":"status-publish","4":"has-post-thumbnail","6":"product_cat-ultrasonic-transducer-es","8":"first","9":"instock","10":"shipping-taxable","11":"product-type-external","12":"prodpage-classic"},"aioseo_notices":[],"_links":{"self":[{"href":"https:\/\/www.bjultrasonic.com\/es\/wp-json\/wp\/v2\/product\/69903","targetHints":{"allow":["GET"]}}],"collection":[{"href":"https:\/\/www.bjultrasonic.com\/es\/wp-json\/wp\/v2\/product"}],"about":[{"href":"https:\/\/www.bjultrasonic.com\/es\/wp-json\/wp\/v2\/types\/product"}],"replies":[{"embeddable":true,"href":"https:\/\/www.bjultrasonic.com\/es\/wp-json\/wp\/v2\/comments?post=69903"}],"wp:featuredmedia":[{"embeddable":true,"href":"https:\/\/www.bjultrasonic.com\/es\/wp-json\/wp\/v2\/media\/4845"}],"wp:attachment":[{"href":"https:\/\/www.bjultrasonic.com\/es\/wp-json\/wp\/v2\/media?parent=69903"}],"wp:term":[{"taxonomy":"product_brand","embeddable":true,"href":"https:\/\/www.bjultrasonic.com\/es\/wp-json\/wp\/v2\/product_brand?post=69903"},{"taxonomy":"product_cat","embeddable":true,"href":"https:\/\/www.bjultrasonic.com\/es\/wp-json\/wp\/v2\/product_cat?post=69903"},{"taxonomy":"product_tag","embeddable":true,"href":"https:\/\/www.bjultrasonic.com\/es\/wp-json\/wp\/v2\/product_tag?post=69903"}],"curies":[{"name":"wp","href":"https:\/\/api.w.org\/{rel}","templated":true}]}}