{"id":69923,"date":"2012-07-12T03:24:31","date_gmt":"2012-07-12T08:24:31","guid":{"rendered":"https:\/\/www.bjultrasonic.com\/shop\/ultrasonic-atomizing-transducer\/"},"modified":"2026-03-28T20:15:36","modified_gmt":"2026-03-29T01:15:36","slug":"ultrasonic-atomizing-transducer","status":"publish","type":"product","link":"https:\/\/www.bjultrasonic.com\/es\/shop\/ultrasonic-atomizing-transducer\/","title":{"rendered":"Transductor Piezoel\u00e9ctrico de Atomizaci\u00f3n Ultras\u00f3nica Personalizado"},"content":{"rendered":"<h3>Podemos Personalizar Humidificador de Niebla con Atomizador Ultras\u00f3nico<\/h3>\n<table class=\"table table-striped table-bordered\">\n<tbody>\n<tr>\n<td>Tipo<\/td>\n<td>Cantidad de Atomizaci\u00f3n<\/td>\n<td>Voltaje de Trabajo<\/td>\n<td>Potencia<\/td>\n<td>Tama\u00f1o<\/td>\n<\/tr>\n<tr>\n<td>BJA-350<\/td>\n<td>\u2265350ML\/H<\/td>\n<td>24V<\/td>\n<td>18W<\/td>\n<td>45mm de di\u00e1metro; 27mm de altura.<\/td>\n<\/tr>\n<tr>\n<td>BJA-900<\/td>\n<td>\u2265900ML\/H<\/td>\n<td>36V<\/td>\n<td>1.5A<\/td>\n<td>68mm de di\u00e1metro; 27mm de altura.<\/td>\n<\/tr>\n<tr>\n<td>BJA-1500<\/td>\n<td>\u22651500ML\/H<\/td>\n<td>36V<\/td>\n<td>140w,4A<\/td>\n<td>100mm de di\u00e1metro; 27mm de altura<\/td>\n<\/tr>\n<tr>\n<td>BJA-2000<\/td>\n<td>\u22652000ML\/H<\/td>\n<td>36V<\/td>\n<td>150W<\/td>\n<td>154mm de largo; 88mm de ancho; 30mm de altura.<\/td>\n<\/tr>\n<tr>\n<td>BJA-3000<\/td>\n<td>\u22653000ML\/H<\/td>\n<td>36V<\/td>\n<td>300W<\/td>\n<td>254mm de largo; 88mm de ancho; 28mm de altura.<\/td>\n<\/tr>\n<tr>\n<td>BJA-5000<\/td>\n<td>\u22655000ML\/H<\/td>\n<td>48V<\/td>\n<td>250W<\/td>\n<td>254mm de largo;88mm de ancho; 56mm de altura<\/td>\n<\/tr>\n<\/tbody>\n<\/table>\n<p>Circuito humidificador ultras\u00f3nico para nebulizador ultras\u00f3nico, atomizador ultras\u00f3nico y generador de niebla ultras\u00f3nico. El circuito humidificador ultras\u00f3nico transforma l\u00edquidos en part\u00edculas similares a nubes. Un diafragma met\u00e1lico que vibra a una frecuencia ultras\u00f3nica crea gotas de agua que salen silenciosamente del Transductor de Atomizaci\u00f3n Ultras\u00f3nica en forma de una niebla fr\u00eda.<\/p>\n<p><img loading=\"lazy\" decoding=\"async\" class=\"alignnone size-full wp-image-5003\" src=\"\/\/www.bjultrasonic.com\/wp-content\/uploads\/2012\/07\/Ultrasonic-Humidifier-Transducer.jpg\" alt=\"Transductor de Humidificador Ultras\u00f3nico\" width=\"600\" height=\"359\" \/><\/p>\n<h3>Caracter\u00edsticas principales del Transductor de Atomizaci\u00f3n Ultras\u00f3nica<\/h3>\n<ul>\n<li>Baja impedancia.<\/li>\n<li>Caracter\u00edsticas de baja p\u00e9rdida.<\/li>\n<li>Cubierta de cobre con pintura de n\u00edquel.<\/li>\n<li>Confiable y duradero.<\/li>\n<li>Alto factor de calidad mec\u00e1nica.<\/li>\n<li>Con dise\u00f1o especial, f\u00e1cil de reemplazar la cer\u00e1mica piezoel\u00e9ctrica.<\/li>\n<\/ul>\n<h3>Videos del Atomizador Ultras\u00f3nico<\/h3>\n<p><iframe loading=\"lazy\" title=\"Ultrasonic Humidifier\" width=\"500\" height=\"281\" src=\"https:\/\/www.youtube.com\/embed\/videoseries?list=PLLrjMYkO0_NEpofnqW3MnsGQ-KMwpBJul\" frameborder=\"0\" allow=\"accelerometer; autoplay; clipboard-write; encrypted-media; gyroscope; picture-in-picture; web-share\" referrerpolicy=\"strict-origin-when-cross-origin\" allowfullscreen><\/iframe><\/p>\n<h3>Pago<\/h3>\n<p>Aceptamos PayPal, Transferencia Bancaria (T\/T) y Western Union.<\/p>\n<h3 class=\"shipping-methods\">Env\u00edo<\/h3>\n<p>La mercanc\u00eda se enviar\u00e1 dentro de las 48 horas posteriores a recibir el pago completo.<\/p>\n<ul>\n<li>Enviamos la mercanc\u00eda a la direcci\u00f3n proporcionada en el pago de PayPal. Por favor, aseg\u00farese de que la direcci\u00f3n en PayPal sea correcta.<\/li>\n<li>Le proporcionaremos el n\u00famero de seguimiento despu\u00e9s de enviar la mercanc\u00eda; por lo general, recibir\u00e1 los art\u00edculos dentro de cinco d\u00edas.<\/li>\n<li>Si tiene alguna pregunta, por favor cont\u00e1ctenos por correo electr\u00f3nico (nuestra direcci\u00f3n de correo electr\u00f3nico es <a href=\"mailto:support@bjultrasonic.com\">support@bjultrasonic.com<\/a>)<\/li>\n<\/ul>\n<h3>Garant\u00eda del Producto<\/h3>\n<p>El per\u00edodo de garant\u00eda del producto es de un a\u00f1o. Dentro del per\u00edodo de garant\u00eda, los productos comprados pueden disfrutar de mantenimiento o intercambio gratuito.<\/p>\n","protected":false},"excerpt":{"rendered":"<p><a href=\"https:\/\/www.bjultrasonic.com\/es\/category\/ultrasonic-atomizer-es\/\">Humidificador ultras\u00f3nico<\/a> utiliza energ\u00eda ultras\u00f3nica para transformar l\u00edquidos en part\u00edculas similares a nubes. El humidificador ultras\u00f3nico tambi\u00e9n se conoce como <a href=\"https:\/\/www.bjultrasonic.com\/es\/shop\/ultrasonic-atomizing-transducer\/\">atomizador ultras\u00f3nico<\/a>, creador de niebla ultras\u00f3nico, nebulizador ultras\u00f3nico.<\/p>\n","protected":false},"featured_media":19517,"comment_status":"open","ping_status":"closed","template":"","meta":[],"product_brand":[],"product_cat":[6208],"product_tag":[],"class_list":{"0":"post-69923","1":"product","2":"type-product","3":"status-publish","4":"has-post-thumbnail","6":"product_cat-ultrasonic-atomizer-es","8":"first","9":"instock","10":"featured","11":"shipping-taxable","12":"product-type-external","13":"prodpage-classic"},"aioseo_notices":[],"_links":{"self":[{"href":"https:\/\/www.bjultrasonic.com\/es\/wp-json\/wp\/v2\/product\/69923","targetHints":{"allow":["GET"]}}],"collection":[{"href":"https:\/\/www.bjultrasonic.com\/es\/wp-json\/wp\/v2\/product"}],"about":[{"href":"https:\/\/www.bjultrasonic.com\/es\/wp-json\/wp\/v2\/types\/product"}],"replies":[{"embeddable":true,"href":"https:\/\/www.bjultrasonic.com\/es\/wp-json\/wp\/v2\/comments?post=69923"}],"wp:featuredmedia":[{"embeddable":true,"href":"https:\/\/www.bjultrasonic.com\/es\/wp-json\/wp\/v2\/media\/19517"}],"wp:attachment":[{"href":"https:\/\/www.bjultrasonic.com\/es\/wp-json\/wp\/v2\/media?parent=69923"}],"wp:term":[{"taxonomy":"product_brand","embeddable":true,"href":"https:\/\/www.bjultrasonic.com\/es\/wp-json\/wp\/v2\/product_brand?post=69923"},{"taxonomy":"product_cat","embeddable":true,"href":"https:\/\/www.bjultrasonic.com\/es\/wp-json\/wp\/v2\/product_cat?post=69923"},{"taxonomy":"product_tag","embeddable":true,"href":"https:\/\/www.bjultrasonic.com\/es\/wp-json\/wp\/v2\/product_tag?post=69923"}],"curies":[{"name":"wp","href":"https:\/\/api.w.org\/{rel}","templated":true}]}}