{"id":69943,"date":"2012-07-12T02:28:05","date_gmt":"2012-07-12T07:28:05","guid":{"rendered":"https:\/\/www.bjultrasonic.com\/shop\/ultrasonic-cell-disruptor\/"},"modified":"2026-03-28T20:15:35","modified_gmt":"2026-03-29T01:15:35","slug":"ultrasonic-cell-disruptor","status":"publish","type":"product","link":"https:\/\/www.bjultrasonic.com\/es\/shop\/ultrasonic-cell-disruptor\/","title":{"rendered":"Homogeneizadores Ultras\u00f3nicos"},"content":{"rendered":"<p>El disruptor ultras\u00f3nico de c\u00e9lulas (procesador ultras\u00f3nico de l\u00edquidos, homogeneizador ultras\u00f3nico para biol\u00f3gicos) puede desintegrar la mayor\u00eda de las c\u00e9lulas, bacterias, esporas o tejidos.<\/p>\n<h2>Especificaciones del Disruptor Ultras\u00f3nico de C\u00e9lulas<\/h2>\n<table class=\"table table-striped table-bordered\">\n<tbody>\n<tr>\n<td valign=\"top\" width=\"158\">TIPO<\/td>\n<td valign=\"top\" width=\"145\">Frecuencia (Khz)<\/td>\n<td valign=\"top\" width=\"136\">Potencia (W)<\/td>\n<\/tr>\n<tr>\n<td valign=\"top\" width=\"158\"><a href=\"https:\/\/www.bjultrasonic.com\/es\/shop\/biologics-ultrasonic-homogenizer-bjed-20100\/\">BJED-20100<\/a><\/td>\n<td valign=\"top\" width=\"145\">20<\/td>\n<td valign=\"top\" width=\"136\">100<\/td>\n<\/tr>\n<tr>\n<td valign=\"top\" width=\"158\"><a href=\"https:\/\/www.bjultrasonic.com\/es\/shop\/biologics-ultrasonic-homogenizer-bjed-20150\/\">BJED-20150<\/a><\/td>\n<td valign=\"top\" width=\"145\">20<\/td>\n<td valign=\"top\" width=\"136\">150<\/td>\n<\/tr>\n<tr>\n<td valign=\"top\" width=\"158\"><a href=\"https:\/\/www.bjultrasonic.com\/es\/shop\/biologics-ultrasonic-homogenizer-bjed-20250\/\">BJED-20250<\/a><\/td>\n<td valign=\"top\" width=\"145\">20<\/td>\n<td valign=\"top\" width=\"136\">250<\/td>\n<\/tr>\n<tr>\n<td valign=\"top\" width=\"158\"><a href=\"https:\/\/www.bjultrasonic.com\/es\/shop\/biologics-ultrasonic-homogenizer-bjed-20500\/\">BJED-20500<\/a><\/td>\n<td valign=\"top\" width=\"145\">20<\/td>\n<td valign=\"top\" width=\"136\">500<\/td>\n<\/tr>\n<tr>\n<td valign=\"top\" width=\"158\"><a href=\"https:\/\/www.bjultrasonic.com\/es\/shop\/biologics-ultrasonic-homogenizer-bjed-20800\/\">BJED-20800<\/a><\/td>\n<td valign=\"top\" width=\"145\">20<\/td>\n<td valign=\"top\" width=\"136\">800<\/td>\n<\/tr>\n<tr>\n<td valign=\"top\" width=\"158\"><a href=\"https:\/\/www.bjultrasonic.com\/es\/shop\/biologics-ultrasonic-homogenizer-bjed-20950\/\">BJED-20950<\/a><\/td>\n<td valign=\"top\" width=\"145\">20<\/td>\n<td valign=\"top\" width=\"136\">950<\/td>\n<\/tr>\n<tr>\n<td valign=\"top\" width=\"158\"><a href=\"https:\/\/www.bjultrasonic.com\/es\/shop\/biologics-ultrasonic-homogenizer-bjed-201200\/\">BJED-201200<\/a><\/td>\n<td valign=\"top\" width=\"145\">20<\/td>\n<td valign=\"top\" width=\"136\">1200<\/td>\n<\/tr>\n<\/tbody>\n<\/table>\n<h3>Aplicaci\u00f3n t\u00edpica del Disruptor Ultras\u00f3nico de C\u00e9lulas<\/h3>\n<ul>\n<li>Utilizado en la ruptura de muchos tipos de c\u00e9lulas animales y vegetales, c\u00e9lulas virales.<\/li>\n<li>Emulsificaci\u00f3n, separaci\u00f3n, fusi\u00f3n, extracci\u00f3n, maceraci\u00f3n controlada, lavado y aceleraci\u00f3n de reacciones qu\u00edmicas, etc.<\/li>\n<li>Ampliamente utilizado en campos como bioqu\u00edmica, microbiolog\u00eda, qu\u00edmica m\u00e9dica, qu\u00edmica de superficies, f\u00edsica, zoolog\u00eda, etc.<\/li>\n<\/ul>\n<h3>Video del Disruptor Ultras\u00f3nico de C\u00e9lulas<\/h3>\n<p><iframe loading=\"lazy\" title=\"Ultrasonic Processor | Biologics Ultrasonic Homogenizer\" width=\"500\" height=\"375\" src=\"https:\/\/www.youtube.com\/embed\/T0snVNfFYIs?feature=oembed\" frameborder=\"0\" allow=\"accelerometer; autoplay; clipboard-write; encrypted-media; gyroscope; picture-in-picture; web-share\" referrerpolicy=\"strict-origin-when-cross-origin\" allowfullscreen><\/iframe><\/p>\n<h3>Funciones principales del Disruptor Ultras\u00f3nico de C\u00e9lulas<\/h3>\n<ul>\n<li>Seguimiento autom\u00e1tico de frecuencia.<\/li>\n<li>Compensaci\u00f3n autom\u00e1tica de amplitud de salida.<\/li>\n<li>Tiene un ajuste de seguridad de potencia de salida, para evitar da\u00f1os en los transformadores ultras\u00f3nicos.<\/li>\n<li>Amplitud de salida ajustable de 0 a 100, f\u00e1cil operaci\u00f3n, intuitiva y eficiente.<\/li>\n<li>Dos modos de trabajo: pulso intermitente y salida continua.<\/li>\n<li>Con interfaz de control externa, para operaci\u00f3n avanzada conveniente.<\/li>\n<li>Con interruptor de pedal externo independiente, para operaci\u00f3n directa.<\/li>\n<\/ul>\n<h3>Pago<\/h3>\n<p>Aceptamos PayPal, Transferencia Bancaria (T\/T) y Western Union.<\/p>\n<h3 class=\"shipping-methods\">Env\u00edo<\/h3>\n<p>La mercanc\u00eda se enviar\u00e1 dentro de las 48 horas posteriores a la recepci\u00f3n del pago completo.<\/p>\n<ul>\n<li>Enviamos los productos a la direcci\u00f3n proporcionada en el pago de PayPal. Por favor, aseg\u00farese de que la direcci\u00f3n en PayPal sea correcta.<\/li>\n<li>Le proporcionaremos el n\u00famero de seguimiento una vez enviada la mercanc\u00eda; en general, recibir\u00e1 los productos dentro de cinco d\u00edas.<\/li>\n<li>Si tiene alguna pregunta, por favor cont\u00e1ctenos por correo electr\u00f3nico (nuestra direcci\u00f3n de correo es <a href=\"mailto:support@bjultrasonic.com\">support@bjultrasonic.com<\/a>).<\/li>\n<\/ul>\n<h3>Garant\u00eda del Producto<\/h3>\n<p>El per\u00edodo de garant\u00eda del producto es de un a\u00f1o. Durante el per\u00edodo de garant\u00eda, los productos comprados pueden disfrutar de mantenimiento gratuito o cambio.<\/p>\n","protected":false},"excerpt":{"rendered":"<p>Los homogenizadores ultras\u00f3nicos, disruptores celulares ultras\u00f3nicos o sonicadores mejoran la uniformidad y estabilidad general de las mezclas al reducir el tama\u00f1o de las part\u00edculas en los l\u00edquidos. Son efectivos para el cizallamiento de ADN\/ARN, homogenizaci\u00f3n, lisis celular, dispersi\u00f3n de nanopart\u00edculas, extracci\u00f3n de prote\u00ednas y preparaci\u00f3n general de muestras.<\/p>\n","protected":false},"featured_media":5355,"comment_status":"open","ping_status":"closed","template":"","meta":[],"product_brand":[],"product_cat":[6292,6247],"product_tag":[],"class_list":{"0":"post-69943","1":"product","2":"type-product","3":"status-publish","4":"has-post-thumbnail","6":"product_cat-cell-es","7":"product_cat-ultrasonic-processors-es","9":"first","10":"instock","11":"featured","12":"shipping-taxable","13":"product-type-external","14":"prodpage-classic"},"aioseo_notices":[],"_links":{"self":[{"href":"https:\/\/www.bjultrasonic.com\/es\/wp-json\/wp\/v2\/product\/69943","targetHints":{"allow":["GET"]}}],"collection":[{"href":"https:\/\/www.bjultrasonic.com\/es\/wp-json\/wp\/v2\/product"}],"about":[{"href":"https:\/\/www.bjultrasonic.com\/es\/wp-json\/wp\/v2\/types\/product"}],"replies":[{"embeddable":true,"href":"https:\/\/www.bjultrasonic.com\/es\/wp-json\/wp\/v2\/comments?post=69943"}],"wp:featuredmedia":[{"embeddable":true,"href":"https:\/\/www.bjultrasonic.com\/es\/wp-json\/wp\/v2\/media\/5355"}],"wp:attachment":[{"href":"https:\/\/www.bjultrasonic.com\/es\/wp-json\/wp\/v2\/media?parent=69943"}],"wp:term":[{"taxonomy":"product_brand","embeddable":true,"href":"https:\/\/www.bjultrasonic.com\/es\/wp-json\/wp\/v2\/product_brand?post=69943"},{"taxonomy":"product_cat","embeddable":true,"href":"https:\/\/www.bjultrasonic.com\/es\/wp-json\/wp\/v2\/product_cat?post=69943"},{"taxonomy":"product_tag","embeddable":true,"href":"https:\/\/www.bjultrasonic.com\/es\/wp-json\/wp\/v2\/product_tag?post=69943"}],"curies":[{"name":"wp","href":"https:\/\/api.w.org\/{rel}","templated":true}]}}