{"id":70103,"date":"2012-05-28T22:05:07","date_gmt":"2012-05-29T03:05:07","guid":{"rendered":"https:\/\/www.bjultrasonic.com\/shop\/1500w-ultrasonic-generator\/"},"modified":"2026-03-28T20:14:07","modified_gmt":"2026-03-29T01:14:07","slug":"1500w-ultrasonic-generator","status":"publish","type":"product","link":"https:\/\/www.bjultrasonic.com\/es\/shop\/1500w-ultrasonic-generator\/","title":{"rendered":"Generador ultras\u00f3nico digital de 1500W por debajo de 45 kHz"},"content":{"rendered":"<h3>Para entregar los productos a tiempo:<\/h3>\n<ul>\n<li>Al realizar el pedido, inf\u00f3rmenos qu\u00e9 voltaje (220v o 120v) y qu\u00e9 frecuencia necesitar\u00e1.<\/li>\n<li>Proporcione la direcci\u00f3n de entrega en detalle. Incluya direcci\u00f3n, c\u00f3digo postal y n\u00famero de tel\u00e9fono.<\/li>\n<li>Si su pedido pesa m\u00e1s de 21 kg, cont\u00e1ctenos para obtener el flete econ\u00f3mico.<\/li>\n<\/ul>\n<h3>Observaciones<\/h3>\n<ul>\n<li>Los <a href=\"https:\/\/www.bjultrasonic.com\/es\/category\/ultrasonic-generator-es\/\">Generadores Ultras\u00f3nicos<\/a> son productos personalizados. Por lo tanto, para el precio, por favor <a href=\"https:\/\/www.bjultrasonic.com\/contact\/\">contacte a nuestro representante de ventas<\/a>. Le responderemos pronto.<\/li>\n<li>Podemos dise\u00f1ar y personalizar varios Generadores Ultras\u00f3nicos seg\u00fan la <strong>frecuencia<\/strong> y el <strong>voltaje<\/strong>.<\/li>\n<\/ul>\n<p><img loading=\"lazy\" decoding=\"async\" class=\"alignnone wp-image-5021\" title=\"Generador de Se\u00f1ales Ultras\u00f3nicas\" src=\"https:\/\/www.bjultrasonic.com\/wp-content\/uploads\/2012\/05\/Ultrasonic-Signal-Generator.jpg\" alt=\"Generador de Se\u00f1ales Ultras\u00f3nicas\" width=\"600\" height=\"450\" \/><\/p>\n<h3>Estructura Interna del Generador Ultras\u00f3nico Digital<\/h3>\n<p><img loading=\"lazy\" decoding=\"async\" src=\"https:\/\/www.bjultrasonic.com\/wp-content\/uploads\/2018\/07\/Internal-Structure-Of-Digital-Ultrasonic-Generator.png\" alt=\"Estructura Interna del Generador Ultras\u00f3nico Digital\" width=\"650\" height=\"578\" \/><\/p>\n<h3>Principales par\u00e1metros t\u00e9cnicos del Generador Ultras\u00f3nico de 1500W<\/h3>\n<ul>\n<li><strong>Tama\u00f1o<\/strong>: 300mm*360mm*160mm (L*A*H)<\/li>\n<li><strong>Corriente de trabajo<\/strong>: 5.5A<\/li>\n<li><strong>Voltaje de trabajo<\/strong>: 200V-240V\/50HZ, 100V-120V\/60HZ<\/li>\n<li><strong>Frecuencia<\/strong>: de 20khz a 40khz (por ejemplo, 20khz, 25khz, 28khz, 30khz, 33khz, 40khz)<\/li>\n<\/ul>\n<p>El Generador Ultras\u00f3nico es una parte indispensable de la <a href=\"https:\/\/www.bjultrasonic.com\/es\/category\/ultrasonic-cleaning-system-es\/\">m\u00e1quina de limpieza ultras\u00f3nica<\/a>. La calidad del Generador Ultras\u00f3nico determina directamente el efecto de limpieza del sistema de limpieza ultras\u00f3nica. Los Generadores Ultras\u00f3nicos Digitales son investigados y desarrollados de forma independiente por Beijing Ultrasonic.<\/p>\n<h3>Caracter\u00edsticas t\u00edpicas del Generador Ultras\u00f3nico<\/h3>\n<ul>\n<li>Control de programaci\u00f3n por botones con pantalla digital de configuraciones; podemos ver las condiciones de trabajo en el panel de visualizaci\u00f3n (como la frecuencia de trabajo, la corriente de trabajo).<\/li>\n<li>Adopta tecnolog\u00eda de control digital, dise\u00f1o de circuito perfecto, estabilidad de la salida de energ\u00eda.<\/li>\n<li>Protecci\u00f3n contra sobrecorriente, sobrecalentamiento y sobretensi\u00f3n.<\/li>\n<li>Los circuitos de alta y baja tensi\u00f3n est\u00e1n completamente separados, seguridad operativa.<\/li>\n<li>La potencia ultras\u00f3nica, el temporizador y la frecuencia se pueden ajustar seg\u00fan sea necesario para adaptarse a la limpieza de diferentes productos. (Control de tiempo: 0-59&#8217;59\u00bb) (Rango de control de potencia: 0-100%)<\/li>\n<li>Sistema de refrigeraci\u00f3n eficiente.<\/li>\n<li>Funci\u00f3n de barrido de frecuencia.<\/li>\n<\/ul>\n<h3>Video del Generador de Frecuencia Ultras\u00f3nica | Generador de Se\u00f1ales Ultras\u00f3nicas | Generador de Ondas Ultras\u00f3nicas<\/h3>\n<p><iframe loading=\"lazy\" title=\"Ultrasonic Signal Generator Circuit - Beijing Ultrasonic\" width=\"500\" height=\"281\" src=\"https:\/\/www.youtube.com\/embed\/A9JdQN5e5G8?feature=oembed\" frameborder=\"0\" allow=\"accelerometer; autoplay; clipboard-write; encrypted-media; gyroscope; picture-in-picture; web-share\" referrerpolicy=\"strict-origin-when-cross-origin\" allowfullscreen><\/iframe><\/p>\n<h3>Esquema del Generador Ultras\u00f3nico<\/h3>\n<div id=\"attachment_1253\" style=\"width: 640px\" class=\"wp-caption alignnone\"><a href=\"https:\/\/www.bjultrasonic.com\/wp-content\/uploads\/2012\/07\/Ultrasonic-Generator-Schematic.jpg\" data-lightbox=\"image\"><img loading=\"lazy\" decoding=\"async\" aria-describedby=\"caption-attachment-1253\" title=\"Esquema del Generador Ultras\u00f3nico\" src=\"\/\/www.bjultrasonic.com\/wp-content\/uploads\/2012\/07\/Ultrasonic-Generator-Schematic.jpg\" alt=\"Esquema del Generador Ultras\u00f3nico\" width=\"630\" height=\"266\" \/><\/a><p id=\"caption-attachment-1253\" class=\"wp-caption-text\">Esquema del Generador Ultras\u00f3nico<\/p><\/div>\n","protected":false},"excerpt":{"rendered":"<p>Generador <a href=\"https:\/\/www.bjultrasonic.com\/es\/category\/ultrasonic-generator-es\/\">ultras\u00f3nico<\/a> digital, tambi\u00e9n conocido como kit de generador ultras\u00f3nico, adopta la avanzada tecnolog\u00eda de control por microordenador y una nueva geometr\u00eda de circuito, lo que permite ajustar la frecuencia ultras\u00f3nica, el temporizador y la potencia seg\u00fan sus necesidades.<\/p>\n","protected":false},"featured_media":19247,"comment_status":"open","ping_status":"closed","template":"","meta":[],"product_brand":[],"product_cat":[6063],"product_tag":[],"class_list":{"0":"post-70103","1":"product","2":"type-product","3":"status-publish","4":"has-post-thumbnail","6":"product_cat-ultrasonic-digital-generator-es","8":"first","9":"instock","10":"shipping-taxable","11":"purchasable","12":"product-type-simple","13":"prodpage-classic"},"aioseo_notices":[],"_links":{"self":[{"href":"https:\/\/www.bjultrasonic.com\/es\/wp-json\/wp\/v2\/product\/70103","targetHints":{"allow":["GET"]}}],"collection":[{"href":"https:\/\/www.bjultrasonic.com\/es\/wp-json\/wp\/v2\/product"}],"about":[{"href":"https:\/\/www.bjultrasonic.com\/es\/wp-json\/wp\/v2\/types\/product"}],"replies":[{"embeddable":true,"href":"https:\/\/www.bjultrasonic.com\/es\/wp-json\/wp\/v2\/comments?post=70103"}],"wp:featuredmedia":[{"embeddable":true,"href":"https:\/\/www.bjultrasonic.com\/es\/wp-json\/wp\/v2\/media\/19247"}],"wp:attachment":[{"href":"https:\/\/www.bjultrasonic.com\/es\/wp-json\/wp\/v2\/media?parent=70103"}],"wp:term":[{"taxonomy":"product_brand","embeddable":true,"href":"https:\/\/www.bjultrasonic.com\/es\/wp-json\/wp\/v2\/product_brand?post=70103"},{"taxonomy":"product_cat","embeddable":true,"href":"https:\/\/www.bjultrasonic.com\/es\/wp-json\/wp\/v2\/product_cat?post=70103"},{"taxonomy":"product_tag","embeddable":true,"href":"https:\/\/www.bjultrasonic.com\/es\/wp-json\/wp\/v2\/product_tag?post=70103"}],"curies":[{"name":"wp","href":"https:\/\/api.w.org\/{rel}","templated":true}]}}