{"id":70223,"date":"2012-04-30T02:56:43","date_gmt":"2012-04-30T07:56:43","guid":{"rendered":"https:\/\/www.bjultrasonic.com\/shop\/13l-digital-ultrasonic-cleaner-with-timer\/"},"modified":"2026-03-28T20:12:46","modified_gmt":"2026-03-29T01:12:46","slug":"13l-digital-ultrasonic-cleaner-with-timer","status":"publish","type":"product","link":"https:\/\/www.bjultrasonic.com\/es\/shop\/13l-digital-ultrasonic-cleaner-with-timer\/","title":{"rendered":"Limpieza ultras\u00f3nica digital de 13L con temporizador"},"content":{"rendered":"<h2>Especificaciones del Limpiador Ultras\u00f3nico Digital de 13L con Temporizador<\/h2>\n<table class=\"table table-striped table-bordered\"   id=\"wp-table-reloaded-id-94-no-1\">\n<tbody>\n<tr>\n<td>Tipo<\/td>\n<td>BJUCDT13<\/td>\n<\/tr>\n<tr>\n<td>Capacidad del tanque<\/td>\n<td>13L<\/td>\n<\/tr>\n<tr>\n<td>Potencia<\/td>\n<td>360W<\/td>\n<\/tr>\n<tr>\n<td>Frecuencia<\/td>\n<td>40khz<\/td>\n<\/tr>\n<tr>\n<td>Tama\u00f1o del tanque(mm)<\/td>\n<td>355*325*150(L*A*H)<\/td>\n<\/tr>\n<tr>\n<td>Tama\u00f1o de la m\u00e1quina(mm)<\/td>\n<td>360*330*310(L*A*H)<\/td>\n<\/tr>\n<tr>\n<td>Voltaje<\/td>\n<td>110VAC\u2014240VAC<\/td>\n<\/tr>\n<tr>\n<td>Funciones<\/td>\n<td>Temporizador(1-99 mins),<\/td>\n<\/tr>\n<tr>\n<td>Cesta<\/td>\n<td>Cesta de acero inoxidable<\/td>\n<\/tr>\n<tr>\n<td>Peso unitario<\/td>\n<td>11.2kg<\/td>\n<\/tr>\n<\/tbody>\n<\/table>\n<h3>Descripci\u00f3n del Limpiador Ultras\u00f3nico Digital<\/h3>\n<ul>\n<li>Toda la m\u00e1quina limpiadora ultras\u00f3nica es de estructura completamente de acero inoxidable, est\u00e9tica y pr\u00e1ctica.<\/li>\n<li>Utiliza transductor ultras\u00f3nico de Alta Q. Potencia fuerte.<\/li>\n<li>Alta calidad del proceso de uni\u00f3n. Se pega el transductor ultras\u00f3nico utilizando adhesivo epoxi.<\/li>\n<li>El tiempo se puede ajustar seg\u00fan sea necesario.<\/li>\n<\/ul>\n<h3>Video del Limpiador Ultras\u00f3nico Digital con Temporizador y Calentador<\/h3>\n<p><iframe loading=\"lazy\" title=\"Digital Ultrasonic Cleaner with Timer and Heater\" width=\"500\" height=\"281\" src=\"https:\/\/www.youtube.com\/embed\/SdW_EZ2X140?feature=oembed\" frameborder=\"0\" allow=\"accelerometer; autoplay; clipboard-write; encrypted-media; gyroscope; picture-in-picture; web-share\" referrerpolicy=\"strict-origin-when-cross-origin\" allowfullscreen><\/iframe><\/p>\n<h3>Aplicaci\u00f3n del Limpiador Ultras\u00f3nico<\/h3>\n<ul>\n<li><strong>Industria de Maquinaria<\/strong>: eliminaci\u00f3n de aceite antioxidante; Limpieza de herramientas de medici\u00f3n; Limpieza de piezas mec\u00e1nicas, motor, carburador y piezas de autom\u00f3vil;<\/li>\n<li><strong>Industria de Tratamiento de Superficies<\/strong>: eliminaci\u00f3n de aceite antes del galvanizado o eliminaci\u00f3n de \u00f3xido; Limpieza previa al recubrimiento i\u00f3nico; Tratamiento con f\u00f3sforo; Eliminaci\u00f3n de carbono; Eliminaci\u00f3n de capa de \u00f3xido; Eliminaci\u00f3n de compuesto de pulido; Tratamiento de activaci\u00f3n de la superficie met\u00e1lica de la pieza de trabajo, etc.<\/li>\n<li><strong>Industria de Instrumentos<\/strong>: limpieza de alta limpieza de piezas de precisi\u00f3n antes del montaje.<\/li>\n<li><strong>Industria Electr\u00f3nica<\/strong>: eliminaci\u00f3n de colofon\u00eda en placas de circuito impreso, puntos de soldadura; Limpieza de contactos de alta tensi\u00f3n y otros componentes mec\u00e1nicos y electr\u00f3nicos, etc.<\/li>\n<li><strong>Industria M\u00e9dica<\/strong>: limpieza y desinfecci\u00f3n de equipos m\u00e9dicos, esterilizaci\u00f3n, limpieza de recipientes de experimentaci\u00f3n, etc.<\/li>\n<li><strong>Industria de Semiconductores<\/strong>: limpieza de alta limpieza de obleas de semiconductor.<\/li>\n<li><strong>Industria de Relojer\u00eda y Joyer\u00eda<\/strong>: eliminaci\u00f3n de aceite, suciedad, capa de oxidaci\u00f3n, compuesto de pulido, etc.<\/li>\n<li><strong>Industria Qu\u00edmica, Biol\u00f3gica<\/strong>: Limpieza de recipientes de experimentaci\u00f3n.<\/li>\n<li> <strong>Industria \u00d3ptica<\/strong>: eliminaci\u00f3n de aceite en dispositivos \u00f3pticos, adem\u00e1s de sudor, ceniza, etc.<\/li>\n<li> <strong>Industria Textil y de Tintorer\u00eda<\/strong>: limpieza de husos textiles, boquillas de hilatura, etc.<\/li>\n<li> <strong>Industria Petroqu\u00edmica<\/strong>: limpieza y desobstrucci\u00f3n de mallas met\u00e1licas, limpieza de contenedores qu\u00edmicos, interruptores, etc.<\/li>\n<\/ul>\n<h3>Pago<\/h3>\n<p>Aceptamos PayPal, Transferencia Bancaria (T\/T) y Western Union.<\/p>\n<h3 class=\"shipping-methods\">Env\u00edo<\/h3>\n<p>La mercanc\u00eda se enviar\u00e1 dentro de las 48 horas posteriores a la recepci\u00f3n del pago completo.<\/p>\n<ul>\n<li>Enviamos la mercanc\u00eda a la direcci\u00f3n proporcionada en el pago de PayPal. Por favor, aseg\u00farese de que la direcci\u00f3n en PayPal es correcta.<\/li>\n<li>Le proporcionaremos el n\u00famero de seguimiento despu\u00e9s de enviar la mercanc\u00eda; en general, recibir\u00e1 la mercanc\u00eda dentro de cinco d\u00edas.<\/li>\n<li>Si tiene alguna pregunta, por favor cont\u00e1ctenos por correo electr\u00f3nico (nuestra direcci\u00f3n de correo es <a href=\"mailto:support@bjultrasonic.com\">support@bjultrasonic.com<\/a>)<\/li>\n<\/ul>\n<h3>Garant\u00eda del Producto<\/h3>\n<p>El per\u00edodo de garant\u00eda del producto es de un a\u00f1o. Durante el per\u00edodo de garant\u00eda, los productos comprados pueden disfrutar de mantenimiento gratuito o cambio.<\/p>\n","protected":false},"excerpt":{"rendered":"<p><a href=\"https:\/\/www.bjultrasonic.com\/es\/category\/ultrasonic-cleaning-system-es\/digital-ultrasonic-cleaner-es\/\">Los limpiadores ultras\u00f3nicos digitales<\/a> son ampliamente utilizados para limpiar joyas, relojes, collares, aretes, anillos, pulseras, monedas, correas de reloj, gafas, gafas de sol, accesorios para lentes de contacto, dentaduras postizas, peines, cepillos de dientes, vajillas y m\u00e1s.<\/p>\n","protected":false},"featured_media":1129,"comment_status":"open","ping_status":"closed","template":"","meta":[],"product_brand":[],"product_cat":[5851],"product_tag":[],"class_list":{"0":"post-70223","1":"product","2":"type-product","3":"status-publish","4":"has-post-thumbnail","6":"product_cat-digital-ultrasonic-cleaner-es","8":"first","9":"outofstock","10":"shipping-taxable","11":"purchasable","12":"product-type-simple","13":"prodpage-classic"},"aioseo_notices":[],"_links":{"self":[{"href":"https:\/\/www.bjultrasonic.com\/es\/wp-json\/wp\/v2\/product\/70223","targetHints":{"allow":["GET"]}}],"collection":[{"href":"https:\/\/www.bjultrasonic.com\/es\/wp-json\/wp\/v2\/product"}],"about":[{"href":"https:\/\/www.bjultrasonic.com\/es\/wp-json\/wp\/v2\/types\/product"}],"replies":[{"embeddable":true,"href":"https:\/\/www.bjultrasonic.com\/es\/wp-json\/wp\/v2\/comments?post=70223"}],"wp:featuredmedia":[{"embeddable":true,"href":"https:\/\/www.bjultrasonic.com\/es\/wp-json\/wp\/v2\/media\/1129"}],"wp:attachment":[{"href":"https:\/\/www.bjultrasonic.com\/es\/wp-json\/wp\/v2\/media?parent=70223"}],"wp:term":[{"taxonomy":"product_brand","embeddable":true,"href":"https:\/\/www.bjultrasonic.com\/es\/wp-json\/wp\/v2\/product_brand?post=70223"},{"taxonomy":"product_cat","embeddable":true,"href":"https:\/\/www.bjultrasonic.com\/es\/wp-json\/wp\/v2\/product_cat?post=70223"},{"taxonomy":"product_tag","embeddable":true,"href":"https:\/\/www.bjultrasonic.com\/es\/wp-json\/wp\/v2\/product_tag?post=70223"}],"curies":[{"name":"wp","href":"https:\/\/api.w.org\/{rel}","templated":true}]}}