{"id":70563,"date":"2012-04-29T07:22:45","date_gmt":"2012-04-29T12:22:45","guid":{"rendered":"https:\/\/www.bjultrasonic.com\/shop\/0-4l-digital-ultrasonic-cleaner-with-timer\/"},"modified":"2026-03-28T20:09:57","modified_gmt":"2026-03-29T01:09:57","slug":"0-4l-digital-ultrasonic-cleaner-with-timer","status":"publish","type":"product","link":"https:\/\/www.bjultrasonic.com\/es\/shop\/0-4l-digital-ultrasonic-cleaner-with-timer\/","title":{"rendered":"Lavador ultras\u00f3nico digital de 0.4L con temporizador"},"content":{"rendered":"<h2>Especificaciones del Limpiador Ultras\u00f3nico Digital de 0.4L con Temporizador<\/h2>\n<table class=\"table table-striped table-bordered\"   id=\"wp-table-reloaded-id-77-no-1\">\n<tbody>\n<tr>\n<td>Tipo<\/td>\n<td>BJUCDT0.4<\/td>\n<\/tr>\n<tr>\n<td>Capacidad del tanque<\/td>\n<td>0.4L<\/td>\n<\/tr>\n<tr>\n<td>Potencia<\/td>\n<td>35W<\/td>\n<\/tr>\n<tr>\n<td>Frecuencia<\/td>\n<td>40khz<\/td>\n<\/tr>\n<tr>\n<td>Tama\u00f1o del tanque (mm)<\/td>\n<td>155 x 80x 40mm (L*A*H)<\/td>\n<\/tr>\n<tr>\n<td>Tama\u00f1o de la m\u00e1quina (mm)<\/td>\n<td>205*115*90mm<\/td>\n<\/tr>\n<tr>\n<td>Voltaje<\/td>\n<td>220V\/110v<\/td>\n<\/tr>\n<tr>\n<td>Funciones<\/td>\n<td>Temporizador (0-3min)<\/td>\n<\/tr>\n<tr>\n<td>Peso de la unidad<\/td>\n<td>0.8kg<\/td>\n<\/tr>\n<\/tbody>\n<\/table>\n<h3>Observaciones<\/h3>\n<p>Por favor, inf\u00f3rmenos qu\u00e9 voltaje necesita al realizar el pedido.<\/p>\n<h3>Descripci\u00f3n del Limpiador Ultras\u00f3nico Digital<\/h3>\n<ul>\n<li>Utiliza transductor ultras\u00f3nico de alta Q. Potencia fuerte.<\/li>\n<li>Alta calidad en el proceso de uni\u00f3n. El transductor ultras\u00f3nico se fija usando adhesivo epoxi.<\/li>\n<li>El tiempo se puede ajustar entre 0 y 3 minutos seg\u00fan sea necesario.<\/li>\n<\/ul>\n<p><iframe loading=\"lazy\" title=\"How to Use an Ultrasonic Cleaner - Beijing Ultrasonic\" width=\"500\" height=\"281\" src=\"https:\/\/www.youtube.com\/embed\/YTCghUcjfyU?feature=oembed\" frameborder=\"0\" allow=\"accelerometer; autoplay; clipboard-write; encrypted-media; gyroscope; picture-in-picture; web-share\" referrerpolicy=\"strict-origin-when-cross-origin\" allowfullscreen><\/iframe><\/p>\n<h3>Aplicaci\u00f3n del Limpiador Ultras\u00f3nico<\/h3>\n<ul>\n<li>Limpieza de joyas y relojes, collares, pendientes, anillos, pulseras, monedas, correas y bandas de reloj, etc.<\/li>\n<li>Limpieza de cuidado ocular: Gafas, gafas de sol, accesorios para lentes de contacto.<\/li>\n<li>Limpieza de cuidado personal diario: Dentaduras postizas, peines, cepillos de dientes, vajilla.<\/li>\n<\/ul>\n<h3>Pago<\/h3>\n<p>Aceptamos PayPal, T\/T y Western Union.<\/p>\n<h3 class=\"shipping-methods\">Env\u00edo<\/h3>\n<p>La mercanc\u00eda se enviar\u00e1 dentro de las 48 horas posteriores a la recepci\u00f3n del pago completo.<\/p>\n<ul>\n<li>Enviamos la mercanc\u00eda a la direcci\u00f3n proporcionada en el pago de PayPal. Por favor, aseg\u00farese de que la direcci\u00f3n en PayPal es correcta.<\/li>\n<li>Le proporcionaremos el n\u00famero de seguimiento una vez enviada la mercanc\u00eda; en general, recibir\u00e1 los art\u00edculos en un plazo de cinco d\u00edas.<\/li>\n<li>Si tiene alguna pregunta, por favor cont\u00e1ctenos por correo electr\u00f3nico (nuestra direcci\u00f3n de correo electr\u00f3nico es <a href=\"mailto:support@bjultrasonic.com\">support@bjultrasonic.com<\/a>)<\/li>\n<\/ul>\n<h3>Garant\u00eda del Producto<\/h3>\n<p>El per\u00edodo de garant\u00eda del producto es de un a\u00f1o. Dentro del per\u00edodo de garant\u00eda, los productos comprados pueden disfrutar de mantenimiento o cambio gratuitos.<\/p>\n","protected":false},"excerpt":{"rendered":"<p><a href=\"https:\/\/www.bjultrasonic.com\/es\/category\/ultrasonic-cleaning-system-es\/digital-ultrasonic-cleaner-es\/\">Los limpiadores ultras\u00f3nicos digitales<\/a> son ampliamente utilizados para limpiar joyas, relojes, collares, aretes, anillos, pulseras, monedas, correas de reloj, gafas, gafas de sol, accesorios para lentes de contacto, dentaduras postizas, peines, cepillos de dientes, vajillas y m\u00e1s.<\/p>\n","protected":false},"featured_media":1036,"comment_status":"open","ping_status":"closed","template":"","meta":[],"product_brand":[],"product_cat":[5851],"product_tag":[],"class_list":{"0":"post-70563","1":"product","2":"type-product","3":"status-publish","4":"has-post-thumbnail","6":"product_cat-digital-ultrasonic-cleaner-es","8":"first","9":"outofstock","10":"shipping-taxable","11":"purchasable","12":"product-type-simple","13":"prodpage-classic"},"aioseo_notices":[],"_links":{"self":[{"href":"https:\/\/www.bjultrasonic.com\/es\/wp-json\/wp\/v2\/product\/70563","targetHints":{"allow":["GET"]}}],"collection":[{"href":"https:\/\/www.bjultrasonic.com\/es\/wp-json\/wp\/v2\/product"}],"about":[{"href":"https:\/\/www.bjultrasonic.com\/es\/wp-json\/wp\/v2\/types\/product"}],"replies":[{"embeddable":true,"href":"https:\/\/www.bjultrasonic.com\/es\/wp-json\/wp\/v2\/comments?post=70563"}],"wp:featuredmedia":[{"embeddable":true,"href":"https:\/\/www.bjultrasonic.com\/es\/wp-json\/wp\/v2\/media\/1036"}],"wp:attachment":[{"href":"https:\/\/www.bjultrasonic.com\/es\/wp-json\/wp\/v2\/media?parent=70563"}],"wp:term":[{"taxonomy":"product_brand","embeddable":true,"href":"https:\/\/www.bjultrasonic.com\/es\/wp-json\/wp\/v2\/product_brand?post=70563"},{"taxonomy":"product_cat","embeddable":true,"href":"https:\/\/www.bjultrasonic.com\/es\/wp-json\/wp\/v2\/product_cat?post=70563"},{"taxonomy":"product_tag","embeddable":true,"href":"https:\/\/www.bjultrasonic.com\/es\/wp-json\/wp\/v2\/product_tag?post=70563"}],"curies":[{"name":"wp","href":"https:\/\/api.w.org\/{rel}","templated":true}]}}