{"id":70623,"date":"2012-04-29T00:28:04","date_gmt":"2012-04-29T05:28:04","guid":{"rendered":"https:\/\/www.bjultrasonic.com\/shop\/1200w-ultrasonic-cleaner\/"},"modified":"2026-03-28T20:09:06","modified_gmt":"2026-03-29T01:09:06","slug":"1200w-ultrasonic-cleaner","status":"publish","type":"product","link":"https:\/\/www.bjultrasonic.com\/es\/shop\/1200w-ultrasonic-cleaner\/","title":{"rendered":"M\u00e1quina de limpieza ultras\u00f3nica industrial de 1200W"},"content":{"rendered":"<h2>Especificaciones del Limpiador Ultras\u00f3nico de 1200W<\/h2>\n<table class=\"table table-striped table-bordered\"   id=\"wp-table-reloaded-id-74-no-1\">\n<tbody>\n<tr>\n<td>Tipo<\/td>\n<td>BJUC1200<\/td>\n<\/tr>\n<tr>\n<td>Potencia Ultras\u00f3nica<\/td>\n<td>1200w<\/td>\n<\/tr>\n<tr>\n<td>Potencia de Calefacci\u00f3n<\/td>\n<td>4000W<\/td>\n<\/tr>\n<tr>\n<td>Frecuencia<\/td>\n<td>40khz\/28khz<\/td>\n<\/tr>\n<tr>\n<td>Tama\u00f1o del Tanque (mm)<\/td>\n<td>580 \u00d7 380\u00d7 350(L*An*Al)<\/td>\n<\/tr>\n<tr>\n<td>Tama\u00f1o de la M\u00e1quina<\/td>\n<td>740 \u00d7 550 \u00d7 675(L*An*Al)<\/td>\n<\/tr>\n<tr>\n<td>Voltaje<\/td>\n<td>220V\/380V<\/td>\n<\/tr>\n<tr>\n<td>Funciones<\/td>\n<td>Temporizador, Calefacci\u00f3n<\/td>\n<\/tr>\n<tr>\n<td>Cesta<\/td>\n<td>Cesta de acero inoxidable<\/td>\n<\/tr>\n<\/tbody>\n<\/table>\n<h3>Observaciones<\/h3>\n<ul>\n<li>Las M\u00e1quinas de Limpieza Ultras\u00f3nica de 1200W son productos personalizados. Para el precio, por favor contacte a nuestro Representante de Ventas ( <a href=\"https:\/\/www.bjultrasonic.com\/contact\/\" target=\"_blank\" rel=\"noopener\">Formulario de Contacto<\/a>). Le responderemos pronto.<\/li>\n<li>Podemos dise\u00f1ar y personalizar varias M\u00e1quinas de Limpieza Ultras\u00f3nica seg\u00fan los requisitos.<\/li>\n<\/ul>\n<h3>Caracter\u00edsticas t\u00edpicas de este tipo de M\u00e1quina de Limpieza Ultras\u00f3nica<\/h3>\n<ul>\n<li>Uso de placa y componentes de acero inoxidable de alta calidad: totalmente de acero inoxidable, apariencia hermosa y duradera.<\/li>\n<li>Dispositivo de calefacci\u00f3n y control de temperatura, rango de temperatura de 10 ~ 100 \u2103.<\/li>\n<li>Adopta transductores de alta calidad, fuerte potencia de salida ultras\u00f3nica.<\/li>\n<li>Tanque de limpieza y generador adoptan dise\u00f1o de estilo de fisi\u00f3n, f\u00e1cil de usar.<\/li>\n<li>Uso de nuevo circuito, la potencia y el temporizador del generador se pueden ajustar.<\/li>\n<li>Los modos de vibraci\u00f3n ultras\u00f3nica tienen vibraci\u00f3n de fondo y borde, adecuados para diversas necesidades.<\/li>\n<\/ul>\n<h3>Tanque de Limpieza Ultras\u00f3nica &amp; Generador Ultras\u00f3nico para Tanque de Limpieza<\/h3>\n<p><iframe loading=\"lazy\" title=\"Ultrasonic Cleaning Tank for Sale\" width=\"500\" height=\"281\" src=\"https:\/\/www.youtube.com\/embed\/tMUV4LCcNvA?feature=oembed\" frameborder=\"0\" allow=\"accelerometer; autoplay; clipboard-write; encrypted-media; gyroscope; picture-in-picture; web-share\" referrerpolicy=\"strict-origin-when-cross-origin\" allowfullscreen><\/iframe><\/p>\n<h3>Aplicaci\u00f3n de la M\u00e1quina de Limpieza Ultras\u00f3nica<\/h3>\n<ul>\n<li><strong>Industria Mec\u00e1nica<\/strong>: eliminaci\u00f3n de aceite anticorrosi\u00f3n; limpieza de herramientas de medici\u00f3n; limpieza de piezas mec\u00e1nicas, motor, carburador y piezas de autom\u00f3vil;<\/li>\n<li><strong>Industria de Tratamiento de Superficies<\/strong>: eliminaci\u00f3n de aceite antes del plateado; limpieza previa al revestimiento i\u00f3nico; tratamiento de f\u00f3sforo; eliminaci\u00f3n de carbono; eliminaci\u00f3n de \u00f3xido; eliminaci\u00f3n de compuesto de pulido; tratamiento de activaci\u00f3n de la superficie met\u00e1lica de la pieza, etc.<\/li>\n<li><strong>Industria de Instrumentos<\/strong>: limpieza de alta limpieza de piezas de precisi\u00f3n antes del montaje.<\/li>\n<li><strong>Industria Electr\u00f3nica<\/strong>: placa de circuito impreso excepto colofonia, punto de soldadura; limpieza de contactos de alta presi\u00f3n y otros componentes mec\u00e1nicos y electr\u00f3nicos, etc.<\/li>\n<li><strong>Industria M\u00e9dica<\/strong>: limpieza y desinfecci\u00f3n de equipos m\u00e9dicos, esterilizaci\u00f3n, limpieza de recipientes de experimentos, etc.<\/li>\n<li><strong>Industria de Semiconductores<\/strong>: limpieza de alta limpieza de obleas de semiconductor.<\/li>\n<li><strong>Industria de Relojer\u00eda y Joyer\u00eda<\/strong>: eliminaci\u00f3n de aceite, suciedad, capa de oxidaci\u00f3n, compuesto de pulido, etc.<\/li>\n<li><strong>Industria Qu\u00edmica, Biol\u00f3gica<\/strong>: limpieza de recipientes de experimentos.<\/li>\n<li><strong>Industria \u00d3ptica<\/strong>: eliminaci\u00f3n de aceite de dispositivos \u00f3pticos, adem\u00e1s de sudor, cenizas, etc.<\/li>\n<li><strong>Industria Textil y de Estampaci\u00f3n<\/strong>: limpieza de husos textiles, hilera, etc.<\/li>\n<li><strong>Industria Petroqu\u00edmica<\/strong>: limpieza y desobstrucci\u00f3n de mallas met\u00e1licas, limpieza de contenedores qu\u00edmicos, interruptores, etc.<\/li>\n<\/ul>\n<p><img loading=\"lazy\" decoding=\"async\" class=\"alignnone size-full wp-image-1011\" title=\"300W Ultrasonic Cleaner\" alt=\"300W Ultrasonic Cleaner\" src=\"\/\/www.bjultrasonic.com\/wp-content\/uploads\/2012\/04\/201242911111.jpg\" width=\"456\" height=\"269\" \/><\/p>\n<h3>Pago<\/h3>\n<p>Actualmente solo aceptamos pagos con <strong>Paypal<\/strong>, <strong> T\/T <\/strong> y <strong>Western Union<\/strong>.<\/p>\n<h3 class=\"shipping-methods\">Env\u00edo<\/h3>\n<p>La mercanc\u00eda se enviar\u00e1 dentro de las 48 horas posteriores a la recepci\u00f3n del pago completo.<\/p>\n<ul>\n<li>Enviamos la mercanc\u00eda a la direcci\u00f3n proporcionada en el pago de PayPal. Por favor, aseg\u00farese de que la direcci\u00f3n en PayPal sea correcta.<\/li>\n<li>Le proporcionaremos el n\u00famero de seguimiento despu\u00e9s de enviar la mercanc\u00eda; en general, recibir\u00e1 los bienes dentro de cinco d\u00edas.<\/li>\n<li>Si tiene alguna pregunta, por favor cont\u00e1ctenos por correo electr\u00f3nico (nuestra direcci\u00f3n de correo es <a href=\"mailto:support@bjultrasonic.com\">support@bjultrasonic.com<\/a>)<\/li>\n<\/ul>\n<h3 align=\"left\">Garant\u00eda del Producto<\/h3>\n<p>El per\u00edodo de garant\u00eda del producto es de un a\u00f1o. Dentro del per\u00edodo de garant\u00eda, los productos comprados pueden disfrutar de mantenimiento o intercambio gratuito.<\/p>\n","protected":false},"excerpt":{"rendered":"<p><a href=\"https:\/\/www.bjultrasonic.com\/es\/category\/ultrasonic-cleaning-system-es\/big-ultrasonic-cleaning-machine-es\/\">Limpieza ultras\u00f3nica industrial<\/a> fabricada por Beijing Ultrasonic. Podemos dise\u00f1ar y personalizar diversas <a href=\"https:\/\/www.bjultrasonic.com\/es\/category\/ultrasonic-cleaning-system-es\/big-ultrasonic-cleaning-machine-es\/\">m\u00e1quinas de limpieza ultras\u00f3nica industrial<\/a> seg\u00fan sea necesario.<\/p>\n","protected":false},"featured_media":23721,"comment_status":"open","ping_status":"closed","template":"","meta":[],"product_brand":[],"product_cat":[5955],"product_tag":[],"class_list":{"0":"post-70623","1":"product","2":"type-product","3":"status-publish","4":"has-post-thumbnail","6":"product_cat-big-ultrasonic-cleaning-machine-es","8":"first","9":"instock","10":"shipping-taxable","11":"product-type-external","12":"prodpage-classic"},"aioseo_notices":[],"_links":{"self":[{"href":"https:\/\/www.bjultrasonic.com\/es\/wp-json\/wp\/v2\/product\/70623","targetHints":{"allow":["GET"]}}],"collection":[{"href":"https:\/\/www.bjultrasonic.com\/es\/wp-json\/wp\/v2\/product"}],"about":[{"href":"https:\/\/www.bjultrasonic.com\/es\/wp-json\/wp\/v2\/types\/product"}],"replies":[{"embeddable":true,"href":"https:\/\/www.bjultrasonic.com\/es\/wp-json\/wp\/v2\/comments?post=70623"}],"wp:featuredmedia":[{"embeddable":true,"href":"https:\/\/www.bjultrasonic.com\/es\/wp-json\/wp\/v2\/media\/23721"}],"wp:attachment":[{"href":"https:\/\/www.bjultrasonic.com\/es\/wp-json\/wp\/v2\/media?parent=70623"}],"wp:term":[{"taxonomy":"product_brand","embeddable":true,"href":"https:\/\/www.bjultrasonic.com\/es\/wp-json\/wp\/v2\/product_brand?post=70623"},{"taxonomy":"product_cat","embeddable":true,"href":"https:\/\/www.bjultrasonic.com\/es\/wp-json\/wp\/v2\/product_cat?post=70623"},{"taxonomy":"product_tag","embeddable":true,"href":"https:\/\/www.bjultrasonic.com\/es\/wp-json\/wp\/v2\/product_tag?post=70623"}],"curies":[{"name":"wp","href":"https:\/\/api.w.org\/{rel}","templated":true}]}}