{"id":70643,"date":"2012-04-29T00:23:24","date_gmt":"2012-04-29T05:23:24","guid":{"rendered":"https:\/\/www.bjultrasonic.com\/shop\/900w-ultrasonic-cleaner\/"},"modified":"2026-03-28T20:09:05","modified_gmt":"2026-03-29T01:09:05","slug":"900w-ultrasonic-cleaner","status":"publish","type":"product","link":"https:\/\/www.bjultrasonic.com\/es\/shop\/900w-ultrasonic-cleaner\/","title":{"rendered":"M\u00e1quina de limpieza ultras\u00f3nica industrial de 900W"},"content":{"rendered":"<h2>Especificaciones del Limpiador Ultras\u00f3nico de 900W<\/h2>\n<table class=\"table table-striped table-bordered\"   id=\"wp-table-reloaded-id-73-no-1\">\n<tbody>\n<tr>\n<td>Tipo<\/td>\n<td>BJUC900<\/td>\n<\/tr>\n<tr>\n<td>Potencia Ultras\u00f3nica<\/td>\n<td>900w<\/td>\n<\/tr>\n<tr>\n<td>Potencia de Calentamiento<\/td>\n<td>3000W<\/td>\n<\/tr>\n<tr>\n<td>Frecuencia<\/td>\n<td>40khz\/28khz<\/td>\n<\/tr>\n<tr>\n<td>Tama\u00f1o del Tanque (mm)<\/td>\n<td>400*300*300(L*An*Al)<\/td>\n<\/tr>\n<tr>\n<td>Tama\u00f1o de la M\u00e1quina<\/td>\n<td>520 \u00d7 430 \u00d7 600(L*An*Al)<\/td>\n<\/tr>\n<tr>\n<td>Voltaje<\/td>\n<td>220VAC<\/td>\n<\/tr>\n<tr>\n<td>Funciones<\/td>\n<td>Temporizador, Calentamiento<\/td>\n<\/tr>\n<tr>\n<td>Cesta<\/td>\n<td>Cesta de acero inoxidable<\/td>\n<\/tr>\n<\/tbody>\n<\/table>\n<h3>Notas<\/h3>\n<ul>\n<li>Las M\u00e1quinas de Limpieza Ultras\u00f3nica de 900w son productos personalizados. Para el precio, por favor contacte a nuestro Representante de Ventas (<a href=\"https:\/\/www.bjultrasonic.com\/contact\/\" target=\"_blank\" rel=\"noopener\">Formulario de Contacto<\/a>). Le responderemos pronto.<\/li>\n<li>Podemos dise\u00f1ar y personalizar varias M\u00e1quinas de Limpieza Ultras\u00f3nica seg\u00fan los requisitos.<\/li>\n<\/ul>\n<h3>Caracter\u00edsticas t\u00edpicas de este tipo de M\u00e1quina de Limpieza Ultras\u00f3nica<\/h3>\n<ul>\n<li>Uso de placa y componentes de acero inoxidable de alta calidad: totalmente de acero inoxidable, apariencia hermosa y duradera.<\/li>\n<li>Dispositivo de control de temperatura y calentamiento, rango de temperatura de 10 ~ 100 \u2103.<\/li>\n<li>Adopta transductor de alta calidad, salida de potencia ultras\u00f3nica fuerte.<\/li>\n<li>El tanque de limpieza y el generador adoptan un dise\u00f1o de estilo de fisi\u00f3n, f\u00e1cil de usar.<\/li>\n<li>Usa un circuito nuevo, la potencia y el temporizador del generador se pueden ajustar.<\/li>\n<li>Los modos de vibraci\u00f3n ultras\u00f3nica tienen vibraci\u00f3n inferior y lateral, adecuados para diversas necesidades.<\/li>\n<\/ul>\n<h3>Tanque de Limpieza Ultras\u00f3nica y Generador Ultras\u00f3nico para Tanque de Limpieza<\/h3>\n<p><iframe loading=\"lazy\" title=\"Ultrasonic Cleaning Tank for Sale\" width=\"500\" height=\"281\" src=\"https:\/\/www.youtube.com\/embed\/tMUV4LCcNvA?feature=oembed\" frameborder=\"0\" allow=\"accelerometer; autoplay; clipboard-write; encrypted-media; gyroscope; picture-in-picture; web-share\" referrerpolicy=\"strict-origin-when-cross-origin\" allowfullscreen><\/iframe><\/p>\n<h3>Aplicaci\u00f3n de la M\u00e1quina de Limpieza Ultras\u00f3nica<\/h3>\n<ul>\n<li><strong>Industria Mec\u00e1nica<\/strong>: eliminaci\u00f3n de aceite antioxidante; Limpieza de herramientas de medici\u00f3n; Piezas mec\u00e1nicas, motor, carburador y limpieza de piezas de autom\u00f3vil;<\/li>\n<li><strong>Industria de Tratamiento de Superficies<\/strong>: antes del plateado, eliminaci\u00f3n de aceite o eliminaci\u00f3n de \u00f3xido; Limpieza previa a la galvanoplastia; Tratamiento con f\u00f3sforo; Eliminaci\u00f3n de carbono; Eliminaci\u00f3n de cascarilla de \u00f3xido; Eliminaci\u00f3n de compuesto de pulido; Tratamiento de activaci\u00f3n de la superficie met\u00e1lica de la pieza de trabajo, etc.<\/li>\n<li><strong>Industria de Instrumentos<\/strong>: limpieza de alta limpieza de piezas de precisi\u00f3n antes del montaje.<\/li>\n<li><strong>Industria Electr\u00f3nica<\/strong>: placa de circuito impreso excepto colofonia, puntos de soldadura; Contactos de alta presi\u00f3n y limpieza de otros componentes mec\u00e1nicos y electr\u00f3nicos, etc.<\/li>\n<li><strong>Industria M\u00e9dica<\/strong>: limpieza y desinfecci\u00f3n, esterilizaci\u00f3n de equipos m\u00e9dicos, limpieza de recipientes de experimentaci\u00f3n, etc.<\/li>\n<li><strong>Industria de Semiconductores<\/strong>: limpieza de alta limpieza de obleas de semiconductores.<\/li>\n<li><strong>Industria de Relojer\u00eda y Joyer\u00eda<\/strong>: eliminaci\u00f3n de aceite, suciedad, capa de oxidaci\u00f3n, compuesto de pulido, etc.<\/li>\n<li><strong>Industria Qu\u00edmica, Biol\u00f3gica<\/strong>: Limpieza de recipientes de experimentaci\u00f3n.<\/li>\n<li><strong>Industria \u00d3ptica<\/strong>: eliminaci\u00f3n de aceite de dispositivos \u00f3pticos, adem\u00e1s de sudor, ceniza, etc.<\/li>\n<li><strong>Industria Textil y de Estampado<\/strong>: limpieza de husos textiles, boquillas de hilatura, etc.<\/li>\n<li><strong>Industria Petroqu\u00edmica<\/strong>: limpieza y desobstrucci\u00f3n de mallas met\u00e1licas, limpieza de contenedores qu\u00edmicos, interruptores, etc.<\/li>\n<\/ul>\n<p><img loading=\"lazy\" decoding=\"async\" class=\"alignnone size-full wp-image-1011\" title=\"Limpiador Ultras\u00f3nico de 300W\" alt=\"Limpiador Ultras\u00f3nico de 300W\" src=\"\/\/www.bjultrasonic.com\/wp-content\/uploads\/2012\/04\/201242911111.jpg\" width=\"456\" height=\"269\" \/><\/p>\n<h3>Pago<\/h3>\n<p>Actualmente solo aceptamos pagos mediante <strong>Paypal<\/strong>, <strong>Transferencia Bancaria (T\/T)<\/strong> y <strong>Western Union<\/strong>.<\/p>\n<h3 class=\"shipping-methods\">Env\u00edo<\/h3>\n<p>Las mercanc\u00edas se enviar\u00e1n dentro de las 48 horas posteriores a recibir el pago completo.<\/p>\n<ul>\n<li>Enviamos las mercanc\u00edas a la direcci\u00f3n proporcionada en el pago de PayPal. Por favor, aseg\u00farese de que la direcci\u00f3n en PayPal sea correcta.<\/li>\n<li>Le daremos el n\u00famero de seguimiento despu\u00e9s de enviar las mercanc\u00edas; en general, recibir\u00e1 las mercanc\u00edas dentro de cinco d\u00edas.<\/li>\n<li>Si tiene alguna pregunta, por favor cont\u00e1ctenos por correo electr\u00f3nico (nuestra direcci\u00f3n de correo es <a href=\"mailto:support@bjultrasonic.com\">support@bjultrasonic.com<\/a>)<\/li>\n<\/ul>\n<h3 align=\"left\">Garant\u00eda del Producto<\/h3>\n<p>El per\u00edodo de garant\u00eda del producto es de un a\u00f1o. Durante el per\u00edodo de garant\u00eda, los productos comprados pueden disfrutar de mantenimiento o intercambio gratuito.<\/p>\n","protected":false},"excerpt":{"rendered":"<p><a href=\"https:\/\/www.bjultrasonic.com\/es\/category\/ultrasonic-cleaning-system-es\/big-ultrasonic-cleaning-machine-es\/\">Limpieza ultras\u00f3nica industrial<\/a> fabricada por Beijing Ultrasonic. Podemos dise\u00f1ar y personalizar varias <a href=\"https:\/\/www.bjultrasonic.com\/es\/category\/ultrasonic-cleaning-system-es\/big-ultrasonic-cleaning-machine-es\/\">m\u00e1quinas de limpieza ultras\u00f3nica industrial<\/a> seg\u00fan sea necesario.<\/p>\n","protected":false},"featured_media":23722,"comment_status":"open","ping_status":"closed","template":"","meta":[],"product_brand":[],"product_cat":[5955],"product_tag":[],"class_list":{"0":"post-70643","1":"product","2":"type-product","3":"status-publish","4":"has-post-thumbnail","6":"product_cat-big-ultrasonic-cleaning-machine-es","8":"first","9":"instock","10":"shipping-taxable","11":"product-type-external","12":"prodpage-classic"},"aioseo_notices":[],"_links":{"self":[{"href":"https:\/\/www.bjultrasonic.com\/es\/wp-json\/wp\/v2\/product\/70643","targetHints":{"allow":["GET"]}}],"collection":[{"href":"https:\/\/www.bjultrasonic.com\/es\/wp-json\/wp\/v2\/product"}],"about":[{"href":"https:\/\/www.bjultrasonic.com\/es\/wp-json\/wp\/v2\/types\/product"}],"replies":[{"embeddable":true,"href":"https:\/\/www.bjultrasonic.com\/es\/wp-json\/wp\/v2\/comments?post=70643"}],"wp:featuredmedia":[{"embeddable":true,"href":"https:\/\/www.bjultrasonic.com\/es\/wp-json\/wp\/v2\/media\/23722"}],"wp:attachment":[{"href":"https:\/\/www.bjultrasonic.com\/es\/wp-json\/wp\/v2\/media?parent=70643"}],"wp:term":[{"taxonomy":"product_brand","embeddable":true,"href":"https:\/\/www.bjultrasonic.com\/es\/wp-json\/wp\/v2\/product_brand?post=70643"},{"taxonomy":"product_cat","embeddable":true,"href":"https:\/\/www.bjultrasonic.com\/es\/wp-json\/wp\/v2\/product_cat?post=70643"},{"taxonomy":"product_tag","embeddable":true,"href":"https:\/\/www.bjultrasonic.com\/es\/wp-json\/wp\/v2\/product_tag?post=70643"}],"curies":[{"name":"wp","href":"https:\/\/api.w.org\/{rel}","templated":true}]}}