{"id":70743,"date":"2012-04-28T10:54:20","date_gmt":"2012-04-28T15:54:20","guid":{"rendered":"https:\/\/www.bjultrasonic.com\/shop\/20l-480w-mechanical-ultrasonic-cleaner-with-timer-and-heating\/"},"modified":"2026-03-28T20:08:12","modified_gmt":"2026-03-29T01:08:12","slug":"20l-480w-mechanical-ultrasonic-cleaner-with-timer-and-heating","status":"publish","type":"product","link":"https:\/\/www.bjultrasonic.com\/es\/shop\/20l-480w-mechanical-ultrasonic-cleaner-with-timer-and-heating\/","title":{"rendered":"Lavadora ultras\u00f3nica de 20L 480W con temporizador mec\u00e1nico y calentador."},"content":{"rendered":"<h2>Especificaciones del Limpiador Ultras\u00f3nico de 20L 480W con Temporizador Mec\u00e1nico y Calentador<\/h2>\n<table class=\"table table-striped table-bordered\"   id=\"wp-table-reloaded-id-68-no-1\">\n<tbody>\n<tr>\n<td>Tipo<\/td>\n<td>BJUCMTH20<\/td>\n<\/tr>\n<tr>\n<td>Capacidad del tanque<\/td>\n<td>20L<\/td>\n<\/tr>\n<tr>\n<td>Potencia<\/td>\n<td>480W<\/td>\n<\/tr>\n<tr>\n<td>Frecuencia<\/td>\n<td>40KHz<\/td>\n<\/tr>\n<tr>\n<td>Tama\u00f1o del tanque (mm)<\/td>\n<td>530*325*150 (L*A*H)<\/td>\n<\/tr>\n<tr>\n<td>Tama\u00f1o de la m\u00e1quina (mm)<\/td>\n<td>550*330*310 (L*A*H)<\/td>\n<\/tr>\n<tr>\n<td>Voltaje<\/td>\n<td>110VAC\u2014240VAC<\/td>\n<\/tr>\n<tr>\n<td>Funciones<\/td>\n<td>Temporizador, Calentamiento<\/td>\n<\/tr>\n<tr>\n<td>Cesta<\/td>\n<td>Cesta de acero inoxidable<\/td>\n<\/tr>\n<tr>\n<td>Peso de la unidad<\/td>\n<td>14kg<\/td>\n<\/tr>\n<\/tbody>\n<\/table>\n<h3>Observaciones<\/h3>\n<p>Por favor, ind\u00edquenos qu\u00e9 voltaje necesita al realizar su pedido.<\/p>\n<h3>V\u00eddeo del Limpiador Ultras\u00f3nico con Temporizador Mec\u00e1nico<\/h3>\n<p><iframe loading=\"lazy\" title=\"Ultrasonic Cleaner with Mechanical Timer - Beijing Ultrasonic\" width=\"500\" height=\"281\" src=\"https:\/\/www.youtube.com\/embed\/UJRL1Qg9sgo?feature=oembed\" frameborder=\"0\" allow=\"accelerometer; autoplay; clipboard-write; encrypted-media; gyroscope; picture-in-picture; web-share\" referrerpolicy=\"strict-origin-when-cross-origin\" allowfullscreen><\/iframe><\/p>\n<h3>Descripci\u00f3n del Limpiador Ultras\u00f3nico Mec\u00e1nico<\/h3>\n<ul>\n<li>Toda la m\u00e1quina limpiadora ultras\u00f3nica tiene una estructura de acero inoxidable, est\u00e9tica y pr\u00e1ctica.<\/li>\n<li>Utiliza <a href=\"https:\/\/www.bjultrasonic.com\/es\/category\/ultrasonic-transducer-es\/\">transductores ultras\u00f3nicos<\/a> de alta calidad. Potencia fuerte.<\/li>\n<li>Alta calidad en el proceso de uni\u00f3n. Los transductores ultras\u00f3nicos se adhieren utilizando pegamento epoxi.<\/li>\n<li>El tiempo y el calentamiento se pueden ajustar seg\u00fan sea necesario.<\/li>\n<\/ul>\n<h3>Aplicaciones del Limpiador Ultras\u00f3nico<\/h3>\n<ul>\n<li><strong>Industria de Maquinaria<\/strong>: Eliminaci\u00f3n de aceite anticorrosivo; Limpieza de herramientas de medici\u00f3n; Limpieza de piezas mec\u00e1nicas, motores, carburadores y piezas de autom\u00f3viles.<\/li>\n<li><strong>Industria de Tratamiento de Superficies<\/strong>: Eliminaci\u00f3n de aceite o \u00f3xido antes del galvanizado; Limpieza previa al recubrimiento i\u00f3nico; Tratamiento de fosfatado; Eliminaci\u00f3n de carbono; Eliminaci\u00f3n de capa de \u00f3xido; Eliminaci\u00f3n de compuestos de pulido; Activaci\u00f3n de la superficie met\u00e1lica de las piezas, etc.<\/li>\n<li><strong>Industria de Instrumentaci\u00f3n<\/strong>: Limpieza de alta limpieza de piezas de precisi\u00f3n antes del montaje.<\/li>\n<li><strong>Industria Electr\u00f3nica<\/strong>: Placas de circuito impreso, eliminaci\u00f3n de colofonia, puntos de soldadura; Contactos de alta tensi\u00f3n, y limpieza de otros componentes mec\u00e1nicos y electr\u00f3nicos, etc.<\/li>\n<li><strong>Industria M\u00e9dica<\/strong>: Limpieza y desinfecci\u00f3n de equipos m\u00e9dicos, esterilizaci\u00f3n, limpieza de recipientes de laboratorio, etc.<\/li>\n<li><strong>Industria de Semiconductores<\/strong>: Limpieza de alta limpieza de obleas de semiconductores.<\/li>\n<li><strong>Industria de Relojer\u00eda y Joyer\u00eda<\/strong>: Eliminaci\u00f3n de aceite, suciedad, capa de oxidaci\u00f3n, compuestos de pulido, etc.<\/li>\n<li><strong>Industria Qu\u00edmica y Biol\u00f3gica<\/strong>: Limpieza de recipientes de laboratorio.<\/li>\n<li><strong>Industria \u00d3ptica<\/strong>: Eliminaci\u00f3n de aceite en dispositivos \u00f3pticos, adem\u00e1s de sudor, cenizas, etc.<\/li>\n<li><strong>Industria Textil y de Tintorer\u00eda<\/strong>: Limpieza de husos textiles, boquillas de hilatura, etc.<\/li>\n<li><strong>Industria Petroqu\u00edmica<\/strong>: Limpieza y desobstrucci\u00f3n de mallas met\u00e1licas, limpieza de contenedores qu\u00edmicos, interruptores, etc.<\/li>\n<\/ul>\n<h3>Pago<\/h3>\n<p>Aceptamos PayPal, Transferencia Bancaria (T\/T) y Western Union.<\/p>\n<h3 class=\"shipping-methods\">Env\u00edo<\/h3>\n<p>La mercanc\u00eda se enviar\u00e1 dentro de las 48 horas posteriores a la recepci\u00f3n del pago completo.<\/p>\n<ul>\n<li>Enviamos la mercanc\u00eda a la direcci\u00f3n proporcionada en el pago de PayPal. Por favor, aseg\u00farese de que la direcci\u00f3n en PayPal sea correcta.<\/li>\n<li>Le proporcionaremos el n\u00famero de seguimiento una vez enviada la mercanc\u00eda; por lo general, recibir\u00e1 los art\u00edculos en un plazo de cinco d\u00edas.<\/li>\n<li>Si tiene alguna pregunta, por favor cont\u00e1ctenos por correo electr\u00f3nico (nuestra direcci\u00f3n de correo es <a href=\"mailto:support@bjultrasonic.com\">support@bjultrasonic.com<\/a>).<\/li>\n<\/ul>\n<h3 align=\"left\">Garant\u00eda del Producto<\/h3>\n<p>El per\u00edodo de garant\u00eda del producto es de un a\u00f1o. Dentro del per\u00edodo de garant\u00eda, los productos adquiridos pueden disfrutar de reparaci\u00f3n o cambio gratuitos.<\/p>\n","protected":false},"excerpt":{"rendered":"<p><a href=\"https:\/\/www.bjultrasonic.com\/es\/category\/ultrasonic-cleaning-system-es\/mechanical-ultrasonic-cleaner-es\/\">Limpiador ultras\u00f3nico con temporizador mec\u00e1nico<\/a> fabricado por Beijing Ultrasonic. Cuerpo de acero inoxidable de alta calidad, temporizador y calentador ajustables.<\/p>\n","protected":false},"featured_media":5002,"comment_status":"open","ping_status":"closed","template":"","meta":[],"product_brand":[],"product_cat":[5982],"product_tag":[],"class_list":{"0":"post-70743","1":"product","2":"type-product","3":"status-publish","4":"has-post-thumbnail","6":"product_cat-mechanical-ultrasonic-cleaner-es","8":"first","9":"outofstock","10":"shipping-taxable","11":"purchasable","12":"product-type-simple","13":"prodpage-classic"},"aioseo_notices":[],"_links":{"self":[{"href":"https:\/\/www.bjultrasonic.com\/es\/wp-json\/wp\/v2\/product\/70743","targetHints":{"allow":["GET"]}}],"collection":[{"href":"https:\/\/www.bjultrasonic.com\/es\/wp-json\/wp\/v2\/product"}],"about":[{"href":"https:\/\/www.bjultrasonic.com\/es\/wp-json\/wp\/v2\/types\/product"}],"replies":[{"embeddable":true,"href":"https:\/\/www.bjultrasonic.com\/es\/wp-json\/wp\/v2\/comments?post=70743"}],"wp:featuredmedia":[{"embeddable":true,"href":"https:\/\/www.bjultrasonic.com\/es\/wp-json\/wp\/v2\/media\/5002"}],"wp:attachment":[{"href":"https:\/\/www.bjultrasonic.com\/es\/wp-json\/wp\/v2\/media?parent=70743"}],"wp:term":[{"taxonomy":"product_brand","embeddable":true,"href":"https:\/\/www.bjultrasonic.com\/es\/wp-json\/wp\/v2\/product_brand?post=70743"},{"taxonomy":"product_cat","embeddable":true,"href":"https:\/\/www.bjultrasonic.com\/es\/wp-json\/wp\/v2\/product_cat?post=70743"},{"taxonomy":"product_tag","embeddable":true,"href":"https:\/\/www.bjultrasonic.com\/es\/wp-json\/wp\/v2\/product_tag?post=70743"}],"curies":[{"name":"wp","href":"https:\/\/api.w.org\/{rel}","templated":true}]}}