{"id":71183,"date":"2012-04-27T04:07:09","date_gmt":"2012-04-27T09:07:09","guid":{"rendered":"https:\/\/www.bjultrasonic.com\/shop\/1800w-ultrasonic-immersible-transducer\/"},"modified":"2026-03-28T20:04:05","modified_gmt":"2026-03-29T01:04:05","slug":"1800w-ultrasonic-immersible-transducer","status":"publish","type":"product","link":"https:\/\/www.bjultrasonic.com\/es\/shop\/1800w-ultrasonic-immersible-transducer\/","title":{"rendered":"Transductor Sumergible Ultras\u00f3nico de 1800W para Limpieza"},"content":{"rendered":"<ul>\n<li><strong>Potencia<\/strong>: 1800w (incluye 30 piezas de <a href=\"https:\/\/www.bjultrasonic.com\/es\/category\/ultrasonic-transducer-es\/\">transductor de limpieza ultras\u00f3nica<\/a> de 60w)<\/li>\n<li><strong>Tama\u00f1o<\/strong>: 650*400*100mm L*A*H<\/li>\n<li><strong>Material<\/strong>: Acero inoxidable 304.<\/li>\n<li>Superficie de vibraci\u00f3n con cromado duro.<\/li>\n<li><strong>Frecuencia<\/strong>: 25khz, 28khz o 40khz. Si necesita otra frecuencia, p\u00f3ngase en contacto con nosotros.<\/li>\n<\/ul>\n<p><img loading=\"lazy\" decoding=\"async\" src=\"https:\/\/www.bjultrasonic.com\/wp-content\/uploads\/2018\/08\/Waterproof-ultrasonic-immersible-transducers.jpg\" alt=\"\" width=\"600\" height=\"600\" \/><\/p>\n<h3>Observaciones<\/h3>\n<ul>\n<li>Los Transductores Ultras\u00f3nicos Sumergibles son productos personalizados. Por lo tanto, para el precio, p\u00f3ngase en contacto con nuestro Representante de Ventas (<a href=\"https:\/\/www.bjultrasonic.com\/contact\/\" target=\"_blank\" rel=\"noopener\">Formulario de Contacto<\/a>). Le responderemos pronto.<\/li>\n<li>Podemos dise\u00f1ar y personalizar varios transductores ultras\u00f3nicos sumergibles seg\u00fan los requisitos.<\/li>\n<\/ul>\n<h3>V\u00eddeo de Transductores Ultras\u00f3nicos de Inmersi\u00f3n<\/h3>\n<p><iframe loading=\"lazy\" title=\"Immersible Ultrasonic Transducers - Beijing Ultrasonic\" width=\"500\" height=\"281\" src=\"https:\/\/www.youtube.com\/embed\/KFyC5dbLC7Y?feature=oembed\" frameborder=\"0\" allow=\"accelerometer; autoplay; clipboard-write; encrypted-media; gyroscope; picture-in-picture; web-share\" referrerpolicy=\"strict-origin-when-cross-origin\" allowfullscreen><\/iframe><\/p>\n<h3>Caracter\u00edsticas del Transductor Ultras\u00f3nico Sumergible<\/h3>\n<ul>\n<li>Estructura completa de acero inoxidable: resistente a \u00e1cidos y \u00e1lcalis, art\u00edstica y duradera.<\/li>\n<li>Adopta estructura de tipo fisi\u00f3n: se utiliza una conexi\u00f3n de alta frecuencia con conector entre el transductor ultras\u00f3nico sumergible y el generador ultras\u00f3nico, \u00fatil y de mantenimiento conveniente.<\/li>\n<li>Hay muchas formas de instalar el transductor ultras\u00f3nico sumergible: se puede colocar en el <strong>fondo<\/strong>, la <strong>superficie<\/strong>, el <strong>lateral<\/strong> o la <strong>parte superior<\/strong> del tanque de limpieza seg\u00fan sea necesario.\n<div id=\"attachment_853\" style=\"width: 252px\" class=\"wp-caption alignnone\"><img loading=\"lazy\" decoding=\"async\" aria-describedby=\"caption-attachment-853\" class=\"size-full wp-image-853\" title=\"the Type of Ultrasonic Immersible Transducer Installation\" src=\"\/\/www.bjultrasonic.com\/wp-content\/uploads\/2012\/04\/20124274.jpg\" alt=\"the type of ultrasonic immersible transducer installation\" width=\"242\" height=\"155\" \/><p id=\"caption-attachment-853\" class=\"wp-caption-text\">Tipo de Instalaci\u00f3n del Transductor Ultras\u00f3nico Sumergible<\/p><\/div><\/li>\n<\/ul>\n<h3>Aplicaci\u00f3n del Transductor Ultras\u00f3nico Sumergible<\/h3>\n<ul>\n<li>Limpieza previa al galvanizado para piezas a galvanizar, eliminaci\u00f3n de aceite y suciedad para piezas mec\u00e1nicas met\u00e1licas, limpieza de obleas de silicio semiconductor, monturas de gafas y recipientes de vidrio.<\/li>\n<li>Lentes, gafas de sol, espejos para miopes y prismas, microscopios, c\u00e1maras, equipos de vidrio, etc.<\/li>\n<\/ul>\n<h3>M\u00e1s im\u00e1genes del Transductor Ultras\u00f3nico Sumergible<\/h3>\n<div id=\"attachment_856\" style=\"width: 460px\" class=\"wp-caption alignnone\"><a href=\"https:\/\/www.bjultrasonic.com\/wp-content\/uploads\/2012\/04\/20124272.jpg\" data-lightbox=\"image\"><img loading=\"lazy\" decoding=\"async\" aria-describedby=\"caption-attachment-856\" class=\"size-full wp-image-856 \" title=\"vibration effects of ultrasonic immersible transducer\" src=\"\/\/www.bjultrasonic.com\/wp-content\/uploads\/2012\/04\/20124272.jpg\" alt=\"vibration effects of ultrasonic immersible transducer\" width=\"450\" height=\"337\" srcset=\"https:\/\/www.bjultrasonic.com\/wp-content\/uploads\/2012\/04\/20124272.jpg 1500w, https:\/\/www.bjultrasonic.com\/wp-content\/uploads\/2012\/04\/20124272-1170x878.jpg 1170w\" sizes=\"auto, (max-width: 450px) 100vw, 450px\" \/><\/a><p id=\"caption-attachment-856\" class=\"wp-caption-text\">Efectos de vibraci\u00f3n del Transductor Ultras\u00f3nico Sumergible<\/p><\/div>\n<hr \/>\n<div id=\"attachment_857\" style=\"width: 460px\" class=\"wp-caption alignnone\"><a href=\"https:\/\/www.bjultrasonic.com\/wp-content\/uploads\/2012\/04\/20124273.jpg\" data-lightbox=\"image\"><img loading=\"lazy\" decoding=\"async\" aria-describedby=\"caption-attachment-857\" class=\"size-full wp-image-857 \" title=\"Inside of Ultrasonic Immersible Transducer\" src=\"\/\/www.bjultrasonic.com\/wp-content\/uploads\/2012\/04\/20124273.jpg\" alt=\"Inside of Ultrasonic Immersible Transducer\" width=\"450\" height=\"350\" \/><\/a><p id=\"caption-attachment-857\" class=\"wp-caption-text\">Interior del Transductor Ultras\u00f3nico Sumergible<\/p><\/div>\n<h3>Pago<\/h3>\n<p>Aceptamos PayPal, Transferencia Bancaria (T\/T) y Western Union.<\/p>\n<h3 class=\"shipping-methods\">Env\u00edo<\/h3>\n<p>La mercanc\u00eda se enviar\u00e1 dentro de las 48 horas posteriores a la recepci\u00f3n del pago completo.<\/p>\n<ul>\n<li>Enviamos la mercanc\u00eda a la direcci\u00f3n proporcionada en el pago de PayPal. Por favor, aseg\u00farese de que la direcci\u00f3n en PayPal es correcta.<\/li>\n<li>Le proporcionaremos el n\u00famero de seguimiento despu\u00e9s de enviar la mercanc\u00eda; por lo general, recibir\u00e1 los productos en un plazo de cinco d\u00edas.<\/li>\n<li>Si tiene alguna pregunta, por favor cont\u00e1ctenos por correo electr\u00f3nico (nuestra direcci\u00f3n de correo es <a href=\"mailto:support@bjultrasonic.com\">support@bjultrasonic.com<\/a>)<\/li>\n<\/ul>\n<h3 align=\"left\">Garant\u00eda del Producto<\/h3>\n<p>El per\u00edodo de garant\u00eda del producto es de un a\u00f1o. Dentro del per\u00edodo de garant\u00eda, los productos comprados pueden disfrutar de mantenimiento o intercambio gratuito.<\/p>\n","protected":false},"excerpt":{"rendered":"<ul>\n<li>Limpiador ultras\u00f3nico de inmersi\u00f3n de 1800W<\/li>\n<li>Transductor de matriz de inmersi\u00f3n de 1800W<\/li>\n<li>Transductores de limpieza ultras\u00f3nica sumergibles de 1800W<\/li>\n<li>Sistema de transductor ultras\u00f3nico sumergible de 1800W<\/li>\n<li>Transductor ultras\u00f3nico de matriz en fase de 1800W<\/li>\n<li>Limpiador ultras\u00f3nico sumergible de 1800W<\/li>\n<li>Transductor ultras\u00f3nico sumergible de 1800W<\/li>\n<li>Transductor piezoel\u00e9ctrico ultras\u00f3nico subacu\u00e1tico de 1800W<\/li>\n<li>Placa transductora ultras\u00f3nica sumergida de 1800W<\/li>\n<li>Transductor ultras\u00f3nico sumergible impermeable de 1800W<\/li>\n<li>Transductor ultras\u00f3nico piezoel\u00e9ctrico impermeable de 1800W<\/li>\n<\/ul>\n","protected":false},"featured_media":19460,"comment_status":"open","ping_status":"closed","template":"","meta":[],"product_brand":[],"product_cat":[5934],"product_tag":[],"class_list":{"0":"post-71183","1":"product","2":"type-product","3":"status-publish","4":"has-post-thumbnail","6":"product_cat-ultrasonic-immersible-transducer-es","8":"first","9":"instock","10":"shipping-taxable","11":"product-type-external","12":"prodpage-classic"},"aioseo_notices":[],"_links":{"self":[{"href":"https:\/\/www.bjultrasonic.com\/es\/wp-json\/wp\/v2\/product\/71183","targetHints":{"allow":["GET"]}}],"collection":[{"href":"https:\/\/www.bjultrasonic.com\/es\/wp-json\/wp\/v2\/product"}],"about":[{"href":"https:\/\/www.bjultrasonic.com\/es\/wp-json\/wp\/v2\/types\/product"}],"replies":[{"embeddable":true,"href":"https:\/\/www.bjultrasonic.com\/es\/wp-json\/wp\/v2\/comments?post=71183"}],"wp:featuredmedia":[{"embeddable":true,"href":"https:\/\/www.bjultrasonic.com\/es\/wp-json\/wp\/v2\/media\/19460"}],"wp:attachment":[{"href":"https:\/\/www.bjultrasonic.com\/es\/wp-json\/wp\/v2\/media?parent=71183"}],"wp:term":[{"taxonomy":"product_brand","embeddable":true,"href":"https:\/\/www.bjultrasonic.com\/es\/wp-json\/wp\/v2\/product_brand?post=71183"},{"taxonomy":"product_cat","embeddable":true,"href":"https:\/\/www.bjultrasonic.com\/es\/wp-json\/wp\/v2\/product_cat?post=71183"},{"taxonomy":"product_tag","embeddable":true,"href":"https:\/\/www.bjultrasonic.com\/es\/wp-json\/wp\/v2\/product_tag?post=71183"}],"curies":[{"name":"wp","href":"https:\/\/api.w.org\/{rel}","templated":true}]}}