{"id":71583,"date":"2012-04-06T22:33:41","date_gmt":"2012-04-07T03:33:41","guid":{"rendered":"https:\/\/www.bjultrasonic.com\/shop\/5pcs-42175-ring-piezoelectric-ceramic\/"},"modified":"2026-03-28T20:00:25","modified_gmt":"2026-03-29T01:00:25","slug":"5pcs-42175-ring-piezoelectric-ceramic","status":"publish","type":"product","link":"https:\/\/www.bjultrasonic.com\/es\/shop\/5pcs-42175-ring-piezoelectric-ceramic\/","title":{"rendered":"5PCS 42*17*5 Anillo Piezocer\u00e1mico"},"content":{"rendered":"<p><iframe loading=\"lazy\" title=\"Piezoelectric Ceramics | Piezoceramics\" width=\"500\" height=\"281\" src=\"https:\/\/www.youtube.com\/embed\/1Z8-9WdJKhQ?feature=oembed\" frameborder=\"0\" allow=\"accelerometer; autoplay; clipboard-write; encrypted-media; gyroscope; picture-in-picture; web-share\" referrerpolicy=\"strict-origin-when-cross-origin\" allowfullscreen><\/iframe><\/p>\n<h3>Podemos personalizar diversas cer\u00e1micas piezoel\u00e9ctricas seg\u00fan sus requerimientos.<\/h3>\n<p>Material de las Cer\u00e1micas Piezoel\u00e9ctricas: PZT4, PZT5, PZT8 u otro material piezoel\u00e9ctrico solicitado.<\/p>\n<h2>Especificaciones de 5 Piezas de Anillo Cer\u00e1mico Piezoel\u00e9ctrico 42*17*5<\/h2>\n<table id=\"wp-table-reloaded-id-37-no-1\" class=\"table table-striped table-bordered\">\n<tbody>\n<tr>\n<td>Tama\u00f1o (DE*DI*E)<\/td>\n<td>42*17*5<\/td>\n<\/tr>\n<tr>\n<td>Capacidad (pf)<\/td>\n<td>2110\u00b110%<\/td>\n<\/tr>\n<tr>\n<td>Frecuencia Radial fr(khz)<\/td>\n<td>39\u00b15%<\/td>\n<\/tr>\n<tr>\n<td>Impedancia de Resonancia zm<\/td>\n<td>\u226415<\/td>\n<\/tr>\n<tr>\n<td>Frecuencia de Espesor Ft(khz)<\/td>\n<td>410<\/td>\n<\/tr>\n<tr>\n<td>M\u00f3dulo de Acoplamiento Kr(%)<\/td>\n<td>\u226545<\/td>\n<\/tr>\n<tr>\n<td>Factor de Calidad (Qm)<\/td>\n<td>\u2265800<\/td>\n<\/tr>\n<tr>\n<td>Peso de 5 piezas<\/td>\n<td>1kg<\/td>\n<\/tr>\n<\/tbody>\n<\/table>\n<h3>Aplicaciones de la Cer\u00e1mica Piezoel\u00e9ctrica:<\/h3>\n<ul>\n<li>Sensor Ultras\u00f3nico<\/li>\n<li>Transductor Ultras\u00f3nico<\/li>\n<li>Sensor M\u00e9dico<\/li>\n<li>Sensor de Vibraci\u00f3n<\/li>\n<li>Sensor de Presi\u00f3n<\/li>\n<li>Sensor de Compresi\u00f3n y otros<\/li>\n<\/ul>\n<p><strong>Aviso: Env\u00edenos un correo electr\u00f3nico para obtener asesoramiento si no encuentra el tama\u00f1o adecuado para su solicitud.<\/strong><\/p>\n<h3>Pago<\/h3>\n<p>Aceptamos PayPal, Transferencia Bancaria (T\/T) y Western Union actualmente.<\/p>\n<h3 class=\"shipping-methods\">Env\u00edo<\/h3>\n<p>La mercanc\u00eda ser\u00e1 enviada dentro de las 48 horas posteriores a recibir el pago completo.<\/p>\n<ul>\n<li>Enviamos la mercanc\u00eda a la direcci\u00f3n proporcionada en el pago de PayPal. Por favor, aseg\u00farese de que la direcci\u00f3n en PayPal sea correcta.<\/li>\n<li>Le proporcionaremos el n\u00famero de seguimiento una vez enviemos la mercanc\u00eda; por lo general, recibir\u00e1 los art\u00edculos dentro de cinco d\u00edas.<\/li>\n<li>Si tiene alguna pregunta, por favor cont\u00e1ctenos por correo electr\u00f3nico (nuestra direcci\u00f3n de correo es <a href=\"mailto:support@bjultrasonic.com\">support@bjultrasonic.com<\/a>)<\/li>\n<\/ul>\n<h3 align=\"left\">Garant\u00eda del Producto<\/h3>\n<p>El per\u00edodo de garant\u00eda del producto es de un a\u00f1o. Dentro del per\u00edodo de garant\u00eda, los productos comprados pueden disfrutar de mantenimiento gratuito o intercambio.<\/p>\n","protected":false},"excerpt":{"rendered":"<p><a href=\"https:\/\/www.bjultrasonic.com\/es\/category\/piezoelectric-ceramic-es\/ring-piezoelectric-ceramics-es\/\">Anillo de cer\u00e1mica piezoel\u00e9ctrica<\/a> (anillo piezocer\u00e1mico) fabricado por Beijing Ultrasonic \u2013 proveedor y fabricante profesional de <a href=\"https:\/\/www.bjultrasonic.com\/es\/category\/piezoelectric-ceramic-es\/\">cer\u00e1micas piezoel\u00e9ctricas<\/a>.<\/p>\n","protected":false},"featured_media":572,"comment_status":"open","ping_status":"closed","template":"","meta":[],"product_brand":[],"product_cat":[5749,5639],"product_tag":[],"class_list":{"0":"post-71583","1":"product","2":"type-product","3":"status-publish","4":"has-post-thumbnail","6":"product_cat-ring-piezoelectric-ceramics-es","7":"product_cat-piezoelectric-ceramic-es","9":"first","10":"outofstock","11":"shipping-taxable","12":"purchasable","13":"product-type-simple","14":"prodpage-classic"},"aioseo_notices":[],"_links":{"self":[{"href":"https:\/\/www.bjultrasonic.com\/es\/wp-json\/wp\/v2\/product\/71583","targetHints":{"allow":["GET"]}}],"collection":[{"href":"https:\/\/www.bjultrasonic.com\/es\/wp-json\/wp\/v2\/product"}],"about":[{"href":"https:\/\/www.bjultrasonic.com\/es\/wp-json\/wp\/v2\/types\/product"}],"replies":[{"embeddable":true,"href":"https:\/\/www.bjultrasonic.com\/es\/wp-json\/wp\/v2\/comments?post=71583"}],"wp:featuredmedia":[{"embeddable":true,"href":"https:\/\/www.bjultrasonic.com\/es\/wp-json\/wp\/v2\/media\/572"}],"wp:attachment":[{"href":"https:\/\/www.bjultrasonic.com\/es\/wp-json\/wp\/v2\/media?parent=71583"}],"wp:term":[{"taxonomy":"product_brand","embeddable":true,"href":"https:\/\/www.bjultrasonic.com\/es\/wp-json\/wp\/v2\/product_brand?post=71583"},{"taxonomy":"product_cat","embeddable":true,"href":"https:\/\/www.bjultrasonic.com\/es\/wp-json\/wp\/v2\/product_cat?post=71583"},{"taxonomy":"product_tag","embeddable":true,"href":"https:\/\/www.bjultrasonic.com\/es\/wp-json\/wp\/v2\/product_tag?post=71583"}],"curies":[{"name":"wp","href":"https:\/\/api.w.org\/{rel}","templated":true}]}}