{"id":72003,"date":"2012-03-27T04:51:43","date_gmt":"2012-03-27T09:51:43","guid":{"rendered":"https:\/\/www.bjultrasonic.com\/shop\/100w-220v-ultrasonic-pcb-generator\/"},"modified":"2026-03-28T19:56:40","modified_gmt":"2026-03-29T00:56:40","slug":"100w-220v-ultrasonic-pcb-generator","status":"publish","type":"product","link":"https:\/\/www.bjultrasonic.com\/es\/shop\/100w-220v-ultrasonic-pcb-generator\/","title":{"rendered":"Circuito del Generador Ultras\u00f3nico de 220V 100W"},"content":{"rendered":"<h2>Especificaci\u00f3n de la PCB del Generador Ultras\u00f3nico de 100W\/220V<\/h2>\n<table id=\"wp-table-reloaded-id-26-no-1\" class=\"table table-striped table-bordered\">\n<tbody>\n<tr>\n<td>Frecuencia<\/td>\n<td>40 KHz.28khz.25khz<\/td>\n<\/tr>\n<tr>\n<td>Potencia<\/td>\n<td>100w<\/td>\n<\/tr>\n<tr>\n<td>Accionar transductor<\/td>\n<td>1, Un transductor de 50w 2, un transductor de 60w 3, un transductor de 100w 4, dos transductores de 50w<\/td>\n<\/tr>\n<tr>\n<td>Fuente de alimentaci\u00f3n<\/td>\n<td>Entrada: 200V~230V CA<\/td>\n<\/tr>\n<tr>\n<td>Peso<\/td>\n<td>300g\/pieza<\/td>\n<\/tr>\n<\/tbody>\n<\/table>\n<p><strong>Placa de Circuito Ultras\u00f3nico para Transductor Ultras\u00f3nico<\/strong><br \/>\n<strong>Aviso: Por favor, ind\u00edqueme qu\u00e9 frecuencia necesita cuando compre el generador de PCB ultras\u00f3nico<\/strong><\/p>\n<ul>\n<li>El <a href=\"https:\/\/www.bjultrasonic.com\/es\/category\/ultrasonic-generator-es\/\">generador ultras\u00f3nico<\/a> no puede encenderse en condici\u00f3n de vac\u00edo<\/li>\n<li>Despu\u00e9s de la instalaci\u00f3n, no podemos encenderlo hasta aplicar el l\u00edquido de limpieza<\/li>\n<li>El <a href=\"https:\/\/www.bjultrasonic.com\/es\/category\/ultrasonic-transducer-es\/\">transductor ultras\u00f3nico<\/a> tiene dos orejetas. La positiva se encuentra en el medio de las dos piezas de cer\u00e1mica. La negativa est\u00e1 cerca de la columna met\u00e1lica inferior. Por favor, no se equivoque al cablear.<\/li>\n<li>El lado m\u00e1s grande con agujero para tornillo en el transductor de cer\u00e1mica, que tiene la funci\u00f3n de vibraci\u00f3n, puede fijarse en el fondo de la m\u00e1quina de limpieza. Y por favor, aseg\u00farese de que la m\u00e1quina de limpieza est\u00e9 conectada a tierra de forma segura.<\/li>\n<li>El transductor de cer\u00e1mica debe pegarse en el fondo de la m\u00e1quina de limpieza usando pegamento especializado para transductores o usando pegamento AB. pero el efecto es un poco peor, o usar resina epoxi en proporci\u00f3n 10:4.<\/li>\n<li>El voltaje de la placa de circuito de trabajo es de 600V. El voltaje de salida al transductor es de 1100 V. Por favor, aseg\u00farese de que la m\u00e1quina de limpieza est\u00e9 conectada a tierra de forma segura. Por favor, aseg\u00farese de que el interruptor de protecci\u00f3n contra fugas est\u00e9 instalado en la fuente de alimentaci\u00f3n para garantizar la seguridad.<\/li>\n<\/ul>\n<h3>Pago<\/h3>\n<p>Aceptamos Paypal, T\/T y Western Union.<\/p>\n<h3 class=\"shipping-methods\">Env\u00edo<\/h3>\n<p>La mercanc\u00eda se enviar\u00e1 dentro de las 48 horas posteriores a recibir el pago completo.<\/p>\n<ul>\n<li>Enviamos la mercanc\u00eda a la direcci\u00f3n proporcionada en el pago de PayPal. Por favor, aseg\u00farese de que la direcci\u00f3n en PayPal sea correcta.<\/li>\n<li>Le daremos el n\u00famero de seguimiento despu\u00e9s de enviar la mercanc\u00eda; en general, recibir\u00e1 la mercanc\u00eda dentro de cinco d\u00edas.<\/li>\n<li>Si tiene alguna pregunta, por favor cont\u00e1ctenos por correo electr\u00f3nico (nuestra direcci\u00f3n de correo es <a href=\"mailto:support@bjultrasonic.com\">support@bjultrasonic.com<\/a>)<\/li>\n<\/ul>\n<h3 align=\"left\">Garant\u00eda del Producto<\/h3>\n<p>El per\u00edodo de garant\u00eda del producto es de un a\u00f1o. Dentro del per\u00edodo de garant\u00eda, los productos comprados pueden disfrutar de mantenimiento o cambio gratuito.<\/p>\n<h3>Lista de Reproducci\u00f3n de Video: Controlador de Transductor Ultras\u00f3nico<\/h3>\n<p><iframe loading=\"lazy\" width=\"560\" height=\"315\" src=\"https:\/\/www.youtube.com\/embed\/videoseries?list=PLLrjMYkO0_NG56zqmQN9W9F1Xf9eev6dc\" frameborder=\"0\" allow=\"autoplay; encrypted-media\" allowfullscreen><\/iframe><\/p>\n","protected":false},"excerpt":{"rendered":"<p>Circuito generador ultras\u00f3nico, tambi\u00e9n llamado circuito de accionamiento de <a href=\"https:\/\/www.bjultrasonic.com\/es\/category\/ultrasonic-transducer-es\/\">transductor ultras\u00f3nico<\/a> o <a href=\"https:\/\/www.bjultrasonic.com\/es\/category\/ultrasonic-generator-es\/ultrasonic-generator-circuits-es\/\">placa de accionamiento de potencia para limpiadores ultras\u00f3nicos<\/a>. Proporciona una <a href=\"https:\/\/www.bjultrasonic.com\/es\/category\/ultrasonic-generator-es\/\">frecuencia ultras\u00f3nica<\/a> para accionar los transductores ultras\u00f3nicos dentro de los <a href=\"https:\/\/www.bjultrasonic.com\/es\/category\/ultrasonic-cleaning-system-es\/\">limpiadores ultras\u00f3nicos<\/a>.<\/p>\n","protected":false},"featured_media":19278,"comment_status":"open","ping_status":"closed","template":"","meta":[],"product_brand":[],"product_cat":[6116],"product_tag":[],"class_list":{"0":"post-72003","1":"product","2":"type-product","3":"status-publish","4":"has-post-thumbnail","6":"product_cat-ultrasonic-generator-circuits-es","8":"first","9":"instock","10":"shipping-taxable","11":"purchasable","12":"product-type-simple","13":"prodpage-classic"},"aioseo_notices":[],"_links":{"self":[{"href":"https:\/\/www.bjultrasonic.com\/es\/wp-json\/wp\/v2\/product\/72003","targetHints":{"allow":["GET"]}}],"collection":[{"href":"https:\/\/www.bjultrasonic.com\/es\/wp-json\/wp\/v2\/product"}],"about":[{"href":"https:\/\/www.bjultrasonic.com\/es\/wp-json\/wp\/v2\/types\/product"}],"replies":[{"embeddable":true,"href":"https:\/\/www.bjultrasonic.com\/es\/wp-json\/wp\/v2\/comments?post=72003"}],"wp:featuredmedia":[{"embeddable":true,"href":"https:\/\/www.bjultrasonic.com\/es\/wp-json\/wp\/v2\/media\/19278"}],"wp:attachment":[{"href":"https:\/\/www.bjultrasonic.com\/es\/wp-json\/wp\/v2\/media?parent=72003"}],"wp:term":[{"taxonomy":"product_brand","embeddable":true,"href":"https:\/\/www.bjultrasonic.com\/es\/wp-json\/wp\/v2\/product_brand?post=72003"},{"taxonomy":"product_cat","embeddable":true,"href":"https:\/\/www.bjultrasonic.com\/es\/wp-json\/wp\/v2\/product_cat?post=72003"},{"taxonomy":"product_tag","embeddable":true,"href":"https:\/\/www.bjultrasonic.com\/es\/wp-json\/wp\/v2\/product_tag?post=72003"}],"curies":[{"name":"wp","href":"https:\/\/api.w.org\/{rel}","templated":true}]}}