{"id":72083,"date":"2012-03-27T04:16:31","date_gmt":"2012-03-27T09:16:31","guid":{"rendered":"https:\/\/www.bjultrasonic.com\/shop\/100w-110v-ultrasonic-pcb-generator\/"},"modified":"2026-03-28T19:55:48","modified_gmt":"2026-03-29T00:55:48","slug":"100w-110v-ultrasonic-pcb-generator","status":"publish","type":"product","link":"https:\/\/www.bjultrasonic.com\/es\/shop\/100w-110v-ultrasonic-pcb-generator\/","title":{"rendered":"Tablero Generador Ultras\u00f3nico 110V 100W"},"content":{"rendered":"<h2>Especificaci\u00f3n de la PCB del Generador Ultras\u00f3nico de 100W\/110V<\/h2>\n<table id=\"wp-table-reloaded-id-22-no-1\" class=\"table table-striped table-bordered\">\n<tbody>\n<tr>\n<td>Frecuencia<\/td>\n<td>40 KHz, 25khz y 28khz<\/td>\n<\/tr>\n<tr>\n<td>Potencia<\/td>\n<td>100w<\/td>\n<\/tr>\n<tr>\n<td>Transductor de accionamiento<\/td>\n<td>\n<ul>\n<li>Un transductor de 50w<\/li>\n<li>Un transductor de 60w<\/li>\n<li>Un transductor de 100w<\/li>\n<li>Dos transductores de 50w<\/li>\n<\/ul>\n<\/td>\n<\/tr>\n<tr>\n<td>Fuente de alimentaci\u00f3n<\/td>\n<td>Entrada: 100V~120V AC<\/td>\n<\/tr>\n<tr>\n<td>Peso<\/td>\n<td>300g\/unidad<\/td>\n<\/tr>\n<\/tbody>\n<\/table>\n<h3>C\u00f3mo Conectar el Transductor Ultras\u00f3nico con el Circuito del Generador Ultras\u00f3nico<\/h3>\n<p><img loading=\"lazy\" decoding=\"async\" class=\"alignnone size-full wp-image-19267\" src=\"https:\/\/www.bjultrasonic.com\/wp-content\/uploads\/2012\/03\/How-to-Connect-Ultrasonic-Transducer-with-Ultrasonic-Generator-Circuit.jpg\" alt=\"\" width=\"700\" height=\"412\" \/><\/p>\n<ul>\n<li>El <a href=\"https:\/\/www.bjultrasonic.com\/es\/category\/ultrasonic-generator-es\/\">generador ultras\u00f3nico<\/a> no puede encenderse en condiciones de ausencia de carga<\/li>\n<li>Despu\u00e9s de la instalaci\u00f3n, no podemos encenderlo hasta verter el l\u00edquido de limpieza<\/li>\n<li>El <a href=\"https:\/\/www.bjultrasonic.com\/es\/category\/ultrasonic-transducer-es\/\">transductor ultras\u00f3nico<\/a> tiene dos terminales. El positivo se encuentra en el medio de las dos piezas de cer\u00e1mica. El negativo est\u00e1 cerca de la columna met\u00e1lica inferior. Por favor, no se equivoque al cablear.<\/li>\n<li>El lado m\u00e1s grande con agujero para tornillo en el transductor de cer\u00e1mica, que tiene una funci\u00f3n de vibraci\u00f3n, puede fijarse en el fondo de la m\u00e1quina de limpieza. Y por favor aseg\u00farese de que la m\u00e1quina de limpieza est\u00e9 conectada a tierra de forma segura.<\/li>\n<li>El transductor de cer\u00e1mica debe pegarse al fondo de la m\u00e1quina de limpieza utilizando pegamento especializado para transductores o usando pegamento AB. Pero el efecto es un poco pobre, o usar resina epoxi con una proporci\u00f3n de 10:4.<\/li>\n<li>El voltaje de la placa de circuito de trabajo es de 600V. El voltaje de salida al transductor es de 1100V. Por favor, aseg\u00farese de que la m\u00e1quina de limpieza est\u00e9 conectada a tierra de forma segura. Por favor, aseg\u00farese de que el interruptor de protecci\u00f3n contra fugas est\u00e9 instalado en la fuente de alimentaci\u00f3n para garantizar la seguridad.<\/li>\n<\/ul>\n<h3>Pago<\/h3>\n<p>Aceptamos PayPal, T\/T y Western Union.<\/p>\n<h3 class=\"shipping-methods\">Env\u00edo<\/h3>\n<p>Los productos se enviar\u00e1n dentro de las 48 horas posteriores a recibir el pago completo.<\/p>\n<ul>\n<li>Enviamos los productos a la direcci\u00f3n proporcionada en el pago de PayPal. Por favor, aseg\u00farese de que la direcci\u00f3n en PayPal sea correcta.<\/li>\n<li>Le proporcionaremos el n\u00famero de seguimiento despu\u00e9s de enviar los productos; en general, recibir\u00e1 los productos dentro de cinco d\u00edas.<\/li>\n<li>Si tiene alguna pregunta, por favor cont\u00e1ctenos por correo electr\u00f3nico (nuestra direcci\u00f3n de correo electr\u00f3nico es <a href=\"mailto:support@bjultrasonic.com\">support@bjultrasonic.com<\/a>)<\/li>\n<\/ul>\n<h3 align=\"left\">Garant\u00eda del Producto<\/h3>\n<p>El per\u00edodo de garant\u00eda del producto es de un a\u00f1o. Dentro del per\u00edodo de garant\u00eda, los productos comprados pueden disfrutar de mantenimiento o intercambio gratuito.<\/p>\n<h3>Lista de Reproducci\u00f3n de Video: Controlador de Transductor Ultras\u00f3nico<\/h3>\n<p><iframe loading=\"lazy\" width=\"560\" height=\"315\" src=\"https:\/\/www.youtube.com\/embed\/videoseries?list=PLLrjMYkO0_NG56zqmQN9W9F1Xf9eev6dc\" frameborder=\"0\" allow=\"autoplay; encrypted-media\" allowfullscreen><\/iframe><\/p>\n","protected":false},"excerpt":{"rendered":"<p>Circuito generador ultras\u00f3nico, tambi\u00e9n denominado circuito impulsor de <a href=\"https:\/\/www.bjultrasonic.com\/es\/category\/ultrasonic-transducer-es\/\">transductor ultras\u00f3nico<\/a> o <a href=\"https:\/\/www.bjultrasonic.com\/es\/category\/ultrasonic-generator-es\/ultrasonic-generator-circuits-es\/\">placa de potencia impulsora para limpiadores ultras\u00f3nicos<\/a>. Proporciona una <a href=\"https:\/\/www.bjultrasonic.com\/es\/category\/ultrasonic-generator-es\/\">frecuencia ultras\u00f3nica<\/a> para impulsar los transductores ultras\u00f3nicos dentro de los <a href=\"https:\/\/www.bjultrasonic.com\/es\/category\/ultrasonic-cleaning-system-es\/\">limpiadores ultras\u00f3nicos<\/a>.<\/p>\n","protected":false},"featured_media":19258,"comment_status":"open","ping_status":"closed","template":"","meta":[],"product_brand":[],"product_cat":[6116],"product_tag":[],"class_list":{"0":"post-72083","1":"product","2":"type-product","3":"status-publish","4":"has-post-thumbnail","6":"product_cat-ultrasonic-generator-circuits-es","8":"first","9":"instock","10":"shipping-taxable","11":"purchasable","12":"product-type-simple","13":"prodpage-classic"},"aioseo_notices":[],"_links":{"self":[{"href":"https:\/\/www.bjultrasonic.com\/es\/wp-json\/wp\/v2\/product\/72083","targetHints":{"allow":["GET"]}}],"collection":[{"href":"https:\/\/www.bjultrasonic.com\/es\/wp-json\/wp\/v2\/product"}],"about":[{"href":"https:\/\/www.bjultrasonic.com\/es\/wp-json\/wp\/v2\/types\/product"}],"replies":[{"embeddable":true,"href":"https:\/\/www.bjultrasonic.com\/es\/wp-json\/wp\/v2\/comments?post=72083"}],"wp:featuredmedia":[{"embeddable":true,"href":"https:\/\/www.bjultrasonic.com\/es\/wp-json\/wp\/v2\/media\/19258"}],"wp:attachment":[{"href":"https:\/\/www.bjultrasonic.com\/es\/wp-json\/wp\/v2\/media?parent=72083"}],"wp:term":[{"taxonomy":"product_brand","embeddable":true,"href":"https:\/\/www.bjultrasonic.com\/es\/wp-json\/wp\/v2\/product_brand?post=72083"},{"taxonomy":"product_cat","embeddable":true,"href":"https:\/\/www.bjultrasonic.com\/es\/wp-json\/wp\/v2\/product_cat?post=72083"},{"taxonomy":"product_tag","embeddable":true,"href":"https:\/\/www.bjultrasonic.com\/es\/wp-json\/wp\/v2\/product_tag?post=72083"}],"curies":[{"name":"wp","href":"https:\/\/api.w.org\/{rel}","templated":true}]}}