{"id":72183,"date":"2012-03-19T02:38:12","date_gmt":"2012-03-19T07:38:12","guid":{"rendered":"https:\/\/www.bjultrasonic.com\/shop\/28khz-120w-ultrasonic-cleaning-transducer\/"},"modified":"2026-03-28T19:54:51","modified_gmt":"2026-03-29T00:54:51","slug":"28khz-120w-ultrasonic-cleaning-transducer","status":"publish","type":"product","link":"https:\/\/www.bjultrasonic.com\/es\/shop\/28khz-120w-ultrasonic-cleaning-transducer\/","title":{"rendered":"Transductor de limpieza ultras\u00f3nica piezoel\u00e9ctrico de 28KHz 120W PZT-4"},"content":{"rendered":"<h2>Especificaci\u00f3n del Transductor de Limpieza Ultras\u00f3nica de 28KHz 120W<\/h2>\n<table class=\"table table-striped table-bordered\"   id=\"wp-table-reloaded-id-8-no-1\">\n<tbody>\n<tr>\n<td>Tipo<\/td>\n<td>BJC-28120T- 68HS PZT-4<\/td>\n<\/tr>\n<tr>\n<td>Frecuencia<\/td>\n<td>28KHz \u00b1 1 KHz<\/td>\n<\/tr>\n<tr>\n<td>Potencia<\/td>\n<td>120w<\/td>\n<\/tr>\n<tr>\n<td>Capacidad<\/td>\n<td>7800pf (pzt4)<\/td>\n<\/tr>\n<tr>\n<td>Superficie radiante<\/td>\n<td>68mm<\/td>\n<\/tr>\n<tr>\n<td>Resistencia de resonancia<\/td>\n<td>10-20\u03a9<\/td>\n<\/tr>\n<tr>\n<td>Tama\u00f1o de la cer\u00e1mica piezoel\u00e9ctrica<\/td>\n<td>50*17*5<\/td>\n<\/tr>\n<tr>\n<td>Longitud<\/td>\n<td>66mm<\/td>\n<\/tr>\n<tr>\n<td>Fuente de alimentaci\u00f3n<\/td>\n<td>Entrada: 100V~130V o 220V~240V CA<\/td>\n<\/tr>\n<tr>\n<td>Peso<\/td>\n<td>730g\/pieza<\/td>\n<\/tr>\n<\/tbody>\n<\/table>\n<p><strong><a href=\"https:\/\/drive.google.com\/file\/d\/1pXEpP5HbetTukpQtZKV4hyTdlMm0aYkt\/view\" target=\"_blank\" rel=\"noopener\">Descargar<\/a> Especificaci\u00f3n y cotizaci\u00f3n de todos los Transductores de Limpieza Ultras\u00f3nica.<\/strong><\/p>\n<h3>M\u00e9todos de Nomenclatura del Transductor de Limpieza Ultras\u00f3nica<\/h3>\n<p><a data-lightbox=\"image\" href=\"https:\/\/www.bjultrasonic.com\/wp-content\/uploads\/2012\/10\/Naming-Methods-of-Ultrasonic-Cleaning-Transducer.jpg\"><img loading=\"lazy\" decoding=\"async\" title=\"M\u00e9todos de Nomenclatura del Transductor de Limpieza Ultras\u00f3nica\" alt=\"M\u00e9todos de Nomenclatura del Transductor de Limpieza Ultras\u00f3nica\" src=\"\/\/www.bjultrasonic.com\/wp-content\/uploads\/2012\/10\/Naming-Methods-of-Ultrasonic-Cleaning-Transducer.jpg\" width=\"442\" height=\"399\" \/><\/a><\/p>\n<h3>Estructura del Transductor de Limpieza Ultras\u00f3nica<\/h3>\n<p><a data-lightbox=\"image\" href=\"https:\/\/www.bjultrasonic.com\/wp-content\/uploads\/2012\/03\/2012319111.jpg\"><img loading=\"lazy\" decoding=\"async\" class=\"alignnone\" title=\"Estructura del Transductor de Limpieza Ultras\u00f3nica\" alt=\"Estructura del Transductor de Limpieza Ultras\u00f3nica\" src=\"\/\/www.bjultrasonic.com\/wp-content\/uploads\/2012\/10\/Ultrasonic-Cleaning-Transducer-Structure.jpg\" width=\"546\" height=\"203\" \/><\/a><\/p>\n<h3>Caracter\u00edsticas Principales<\/h3>\n<ul>\n<li>Alta eficiencia: alto par\u00e1metro mec\u00e1nico Q, eficiencia de transducci\u00f3n entre electricidad y sonido superior al 95%.<\/li>\n<li>Alta amplitud: la resistencia del transductor se mejora fijando directamente el vibrador de alta velocidad en la base del tanque de lavado con pernos. En comparaci\u00f3n con un vibrador de expansi\u00f3n magn\u00e9tica, su amplitud puede aumentar m\u00e1s del 50%.<\/li>\n<li>Buena resistencia al calor: amplio rango de temperatura de trabajo, baja impedancia de resonancia y baja generaci\u00f3n de calor.<\/li>\n<li>Buena construcci\u00f3n: fijado con pernos, f\u00e1cil de ensamblar, alta fiabilidad.<\/li>\n<\/ul>\n<h3>Lista de Reproducci\u00f3n de Videos: Transductores Ultras\u00f3nicos<\/h3>\n<p><iframe loading=\"lazy\" title=\"Dual-frequency Piezoelectric Ultrasonic Transducer for Ultrasonic Cleaner\" width=\"500\" height=\"281\" src=\"https:\/\/www.youtube.com\/embed\/3zVdE1GihAE?list=PL2F5F3AB3579FB4A9\" frameborder=\"0\" allow=\"accelerometer; autoplay; clipboard-write; encrypted-media; gyroscope; picture-in-picture; web-share\" referrerpolicy=\"strict-origin-when-cross-origin\" allowfullscreen><\/iframe><\/p>\n<h3>Transductor Ultras\u00f3nico de Alta Potencia<\/h3>\n<p><iframe loading=\"lazy\" title=\"High Power Piezoelectric Ultrasonic Transducer - Beijing Ultrasonic\" width=\"500\" height=\"281\" src=\"https:\/\/www.youtube.com\/embed\/TBLGTvZgOw4?feature=oembed\" frameborder=\"0\" allow=\"accelerometer; autoplay; clipboard-write; encrypted-media; gyroscope; picture-in-picture; web-share\" referrerpolicy=\"strict-origin-when-cross-origin\" allowfullscreen><\/iframe><\/p>\n<h3>Pago<\/h3>\n<p>Aceptamos PayPal, Transferencia Bancaria (T\/T) y Western Union.<\/p>\n<h3 class=\"shipping-methods\">Env\u00edo<\/h3>\n<p>La mercanc\u00eda se enviar\u00e1 dentro de las 48 horas posteriores a la recepci\u00f3n del pago completo.<\/p>\n<ul>\n<li>Enviamos la mercanc\u00eda a la direcci\u00f3n proporcionada en el pago de PayPal. Por favor, aseg\u00farese de que la direcci\u00f3n en PayPal es correcta.<\/li>\n<li>Le proporcionaremos el n\u00famero de seguimiento despu\u00e9s de enviar la mercanc\u00eda; en general, recibir\u00e1 los art\u00edculos dentro de cinco d\u00edas.<\/li>\n<li>Si tiene alguna pregunta, por favor cont\u00e1ctenos por correo electr\u00f3nico (nuestra direcci\u00f3n de correo es <a href=\"mailto:support@bjultrasonic.com\">support@bjultrasonic.com<\/a>)<\/li>\n<\/ul>\n<h3 align=\"left\">Garant\u00eda del Producto<\/h3>\n<p>El per\u00edodo de garant\u00eda del producto es de un a\u00f1o. Durante el per\u00edodo de garant\u00eda, los productos adquiridos pueden disfrutar de mantenimiento gratuito o cambio.<\/p>\n","protected":false},"excerpt":{"rendered":"<p><a href=\"https:\/\/www.bjultrasonic.com\/es\/category\/ultrasonic-transducer-es\/\">Transductor piezoel\u00e9ctrico<\/a> para limpieza ultras\u00f3nica es una parte importante de un <a href=\"https:\/\/www.bjultrasonic.com\/es\/category\/ultrasonic-cleaning-system-es\/\">limpiador ultras\u00f3nico<\/a>, el transductor ultras\u00f3nico convierte la energ\u00eda el\u00e9ctrica del <a href=\"https:\/\/www.bjultrasonic.com\/es\/category\/ultrasonic-generator-es\/\">generador ultras\u00f3nico<\/a> en <a href=\"https:\/\/www.bjultrasonic.com\/es\/uses-of-ultrasonic-waves\/\">ondas ultras\u00f3nicas<\/a>.<\/p>\n","protected":false},"featured_media":274,"comment_status":"open","ping_status":"closed","template":"","meta":[],"product_brand":[],"product_cat":[6329],"product_tag":[],"class_list":{"0":"post-72183","1":"product","2":"type-product","3":"status-publish","4":"has-post-thumbnail","6":"product_cat-ultrasonic-transducer-es","8":"first","9":"outofstock","10":"shipping-taxable","11":"purchasable","12":"product-type-simple","13":"prodpage-classic"},"aioseo_notices":[],"_links":{"self":[{"href":"https:\/\/www.bjultrasonic.com\/es\/wp-json\/wp\/v2\/product\/72183","targetHints":{"allow":["GET"]}}],"collection":[{"href":"https:\/\/www.bjultrasonic.com\/es\/wp-json\/wp\/v2\/product"}],"about":[{"href":"https:\/\/www.bjultrasonic.com\/es\/wp-json\/wp\/v2\/types\/product"}],"replies":[{"embeddable":true,"href":"https:\/\/www.bjultrasonic.com\/es\/wp-json\/wp\/v2\/comments?post=72183"}],"wp:featuredmedia":[{"embeddable":true,"href":"https:\/\/www.bjultrasonic.com\/es\/wp-json\/wp\/v2\/media\/274"}],"wp:attachment":[{"href":"https:\/\/www.bjultrasonic.com\/es\/wp-json\/wp\/v2\/media?parent=72183"}],"wp:term":[{"taxonomy":"product_brand","embeddable":true,"href":"https:\/\/www.bjultrasonic.com\/es\/wp-json\/wp\/v2\/product_brand?post=72183"},{"taxonomy":"product_cat","embeddable":true,"href":"https:\/\/www.bjultrasonic.com\/es\/wp-json\/wp\/v2\/product_cat?post=72183"},{"taxonomy":"product_tag","embeddable":true,"href":"https:\/\/www.bjultrasonic.com\/es\/wp-json\/wp\/v2\/product_tag?post=72183"}],"curies":[{"name":"wp","href":"https:\/\/api.w.org\/{rel}","templated":true}]}}