{"id":72423,"date":"2012-03-19T02:36:11","date_gmt":"2012-03-19T07:36:11","guid":{"rendered":"https:\/\/www.bjultrasonic.com\/shop\/33khz-60w-ultrasonic-cleaning-transducer\/"},"modified":"2026-03-28T19:52:36","modified_gmt":"2026-03-29T00:52:36","slug":"33khz-60w-ultrasonic-cleaning-transducer","status":"publish","type":"product","link":"https:\/\/www.bjultrasonic.com\/es\/shop\/33khz-60w-ultrasonic-cleaning-transducer\/","title":{"rendered":"Transductor de limpieza ultras\u00f3nica piezoel\u00e9ctrico de 33KHz 60W (PZT-8)"},"content":{"rendered":"<h2>Especificaciones del transductor de limpieza ultras\u00f3nica de 33KHz 60W<\/h2>\n<table id=\"wp-table-reloaded-id-10-no-1\" class=\"table table-striped table-bordered\">\n<tbody>\n<tr>\n<td>Tipo<\/td>\n<td>BJC-3360T- 48HS PZT-8<\/td>\n<\/tr>\n<tr>\n<td>Frecuencia<\/td>\n<td>33KHz \u00b1 1 KHz<\/td>\n<\/tr>\n<tr>\n<td>Potencia<\/td>\n<td>60w<\/td>\n<\/tr>\n<tr>\n<td>Capacidad<\/td>\n<td>3800pf (pzt8)<\/td>\n<\/tr>\n<tr>\n<td>Superficie radiante<\/td>\n<td>48mm<\/td>\n<\/tr>\n<tr>\n<td>Resistencia de resonancia<\/td>\n<td>10-20\u03a9<\/td>\n<\/tr>\n<tr>\n<td>Longitud<\/td>\n<td>58mm<\/td>\n<\/tr>\n<tr>\n<td>Fuente de alimentaci\u00f3n<\/td>\n<td>Entrada: 100V~130V o 220V~240V AC<\/td>\n<\/tr>\n<tr>\n<td>Peso<\/td>\n<td>450g\/unidad<\/td>\n<\/tr>\n<\/tbody>\n<\/table>\n<p><strong><a href=\"https:\/\/drive.google.com\/file\/d\/1pXEpP5HbetTukpQtZKV4hyTdlMm0aYkt\/view\" target=\"_blank\" rel=\"noopener\">Descargar<\/a> Especificaciones y cotizaci\u00f3n de todos los transductores de limpieza ultras\u00f3nica.<\/strong><\/p>\n<h3>M\u00e9todos de nomenclatura del transductor de limpieza ultras\u00f3nica<\/h3>\n<p><a href=\"https:\/\/www.bjultrasonic.com\/wp-content\/uploads\/2012\/10\/Naming-Methods-of-Ultrasonic-Cleaning-Transducer.jpg\" data-lightbox=\"image\"><img loading=\"lazy\" decoding=\"async\" title=\"M\u00e9todos de nomenclatura del transductor de limpieza ultras\u00f3nica\" src=\"\/\/www.bjultrasonic.com\/wp-content\/uploads\/2012\/10\/Naming-Methods-of-Ultrasonic-Cleaning-Transducer.jpg\" alt=\"M\u00e9todos de nomenclatura del transductor de limpieza ultras\u00f3nica\" width=\"442\" height=\"399\" \/><\/a><\/p>\n<h3>Estructura del transductor de limpieza ultras\u00f3nica<\/h3>\n<p><a href=\"https:\/\/www.bjultrasonic.com\/wp-content\/uploads\/2012\/03\/2012319111.jpg\" data-lightbox=\"image\"><img loading=\"lazy\" decoding=\"async\" class=\"alignnone\" title=\"Estructura del transductor de limpieza ultras\u00f3nica\" src=\"\/\/www.bjultrasonic.com\/wp-content\/uploads\/2012\/10\/Ultrasonic-Cleaning-Transducer-Structure.jpg\" alt=\"Estructura del transductor de limpieza ultras\u00f3nica\" width=\"546\" height=\"203\" \/><\/a><\/p>\n<h3>Caracter\u00edsticas principales<\/h3>\n<ul>\n<li>Alta eficiencia: alto par\u00e1metro mec\u00e1nico Q, eficiencia de transducci\u00f3n entre electricidad y sonido superior al 95%.<\/li>\n<li>Alta amplitud: la resistencia del transductor se mejora fijando el vibrador de alta velocidad directamente en la base del tanque de lavado con perno. En comparaci\u00f3n con un vibrador de expansi\u00f3n magn\u00e9tica, su amplitud puede mejorarse en m\u00e1s del 50%.<\/li>\n<li>Buena resistencia al calor: amplio rango de temperatura de trabajo, baja impedancia de resonancia y productividad de calor.<\/li>\n<li>Buena construcci\u00f3n: fijado con perno, f\u00e1cil de ensamblar, alta fiabilidad.<\/li>\n<\/ul>\n<h3>Lista de reproducci\u00f3n: Transductores ultras\u00f3nicos<\/h3>\n<p><iframe loading=\"lazy\" title=\"Dual-frequency Piezoelectric Ultrasonic Transducer for Ultrasonic Cleaner\" width=\"500\" height=\"281\" src=\"https:\/\/www.youtube.com\/embed\/3zVdE1GihAE?list=PL2F5F3AB3579FB4A9\" frameborder=\"0\" allow=\"accelerometer; autoplay; clipboard-write; encrypted-media; gyroscope; picture-in-picture; web-share\" referrerpolicy=\"strict-origin-when-cross-origin\" allowfullscreen><\/iframe><\/p>\n<h3>Transductor ultras\u00f3nico de alta potencia<\/h3>\n<p><iframe loading=\"lazy\" title=\"High Power Piezoelectric Ultrasonic Transducer - Beijing Ultrasonic\" width=\"500\" height=\"281\" src=\"https:\/\/www.youtube.com\/embed\/TBLGTvZgOw4?feature=oembed\" frameborder=\"0\" allow=\"accelerometer; autoplay; clipboard-write; encrypted-media; gyroscope; picture-in-picture; web-share\" referrerpolicy=\"strict-origin-when-cross-origin\" allowfullscreen><\/iframe><\/p>\n<h3>Pago<\/h3>\n<p>Aceptamos paypal, T\/T y Western Union.<\/p>\n<h3 class=\"shipping-methods\">Env\u00edo<\/h3>\n<p>La mercanc\u00eda se enviar\u00e1 dentro de las 48 horas posteriores a recibir el pago completo.<\/p>\n<ul>\n<li>Enviamos la mercanc\u00eda a la direcci\u00f3n proporcionada en el pago de PayPal. Por favor, aseg\u00farese de que la direcci\u00f3n en PayPal es correcta.<\/li>\n<li>Le proporcionaremos el n\u00famero de seguimiento una vez enviemos la mercanc\u00eda; en general, recibir\u00e1 la mercanc\u00eda en un plazo de cinco d\u00edas.<\/li>\n<li>Si tiene alguna pregunta, por favor cont\u00e1ctenos por correo electr\u00f3nico (nuestra direcci\u00f3n de correo es <a href=\"mailto:support@bjultrasonic.com\">support@bjultrasonic.com<\/a>)<\/li>\n<\/ul>\n<h3 align=\"left\">Garant\u00eda del producto<\/h3>\n<p>El per\u00edodo de garant\u00eda del producto es de un a\u00f1o. Durante el per\u00edodo de garant\u00eda, los productos comprados pueden disfrutar de mantenimiento o intercambio gratuito.<\/p>\n","protected":false},"excerpt":{"rendered":"<p><a href=\"https:\/\/www.bjultrasonic.com\/es\/category\/ultrasonic-transducer-es\/\">Transductor piezoel\u00e9ctrico<\/a> para limpieza ultras\u00f3nica es una parte importante de un <a href=\"https:\/\/www.bjultrasonic.com\/es\/category\/ultrasonic-cleaning-system-es\/\">limpiador ultras\u00f3nico<\/a>, el transductor ultras\u00f3nico convierte la energ\u00eda el\u00e9ctrica del <a href=\"https:\/\/www.bjultrasonic.com\/es\/category\/ultrasonic-generator-es\/\">generador ultras\u00f3nico<\/a> en <a href=\"https:\/\/www.bjultrasonic.com\/es\/uses-of-ultrasonic-waves\/\">ondas ultras\u00f3nicas<\/a>.<\/p>\n","protected":false},"featured_media":19427,"comment_status":"open","ping_status":"closed","template":"","meta":[],"product_brand":[],"product_cat":[6329],"product_tag":[],"class_list":{"0":"post-72423","1":"product","2":"type-product","3":"status-publish","4":"has-post-thumbnail","6":"product_cat-ultrasonic-transducer-es","8":"first","9":"instock","10":"shipping-taxable","11":"purchasable","12":"product-type-simple","13":"prodpage-classic"},"aioseo_notices":[],"_links":{"self":[{"href":"https:\/\/www.bjultrasonic.com\/es\/wp-json\/wp\/v2\/product\/72423","targetHints":{"allow":["GET"]}}],"collection":[{"href":"https:\/\/www.bjultrasonic.com\/es\/wp-json\/wp\/v2\/product"}],"about":[{"href":"https:\/\/www.bjultrasonic.com\/es\/wp-json\/wp\/v2\/types\/product"}],"replies":[{"embeddable":true,"href":"https:\/\/www.bjultrasonic.com\/es\/wp-json\/wp\/v2\/comments?post=72423"}],"wp:featuredmedia":[{"embeddable":true,"href":"https:\/\/www.bjultrasonic.com\/es\/wp-json\/wp\/v2\/media\/19427"}],"wp:attachment":[{"href":"https:\/\/www.bjultrasonic.com\/es\/wp-json\/wp\/v2\/media?parent=72423"}],"wp:term":[{"taxonomy":"product_brand","embeddable":true,"href":"https:\/\/www.bjultrasonic.com\/es\/wp-json\/wp\/v2\/product_brand?post=72423"},{"taxonomy":"product_cat","embeddable":true,"href":"https:\/\/www.bjultrasonic.com\/es\/wp-json\/wp\/v2\/product_cat?post=72423"},{"taxonomy":"product_tag","embeddable":true,"href":"https:\/\/www.bjultrasonic.com\/es\/wp-json\/wp\/v2\/product_tag?post=72423"}],"curies":[{"name":"wp","href":"https:\/\/api.w.org\/{rel}","templated":true}]}}