{"id":72563,"date":"2018-08-16T06:02:44","date_gmt":"2018-08-16T11:02:44","guid":{"rendered":"https:\/\/www.bjultrasonic.com\/shop\/ultrasonic-atomizing-transducer-bja-5500\/"},"modified":"2026-03-28T19:51:41","modified_gmt":"2026-03-29T00:51:41","slug":"ultrasonic-atomizing-transducer-bja-5500","status":"publish","type":"product","link":"https:\/\/www.bjultrasonic.com\/es\/shop\/ultrasonic-atomizing-transducer-bja-5500\/","title":{"rendered":"5500ML Humidificador de Niebla Ultrasonido Humidificador de Niebla Fr\u00eda Ultras\u00f3nico"},"content":{"rendered":"<table class=\"table table-striped table-bordered\">\n<tbody>\n<tr>\n<td width=\"284\">Tipo<\/td>\n<td width=\"284\">BJA5500<\/td>\n<\/tr>\n<tr>\n<td width=\"284\">Cantidad de Atomizaci\u00f3n<\/td>\n<td width=\"284\">&gt;5500ML<\/td>\n<\/tr>\n<tr>\n<td width=\"284\">Tama\u00f1o<\/td>\n<td width=\"284\">252*92*70mm (largo*ancho*alto)<\/td>\n<\/tr>\n<tr>\n<td width=\"284\">Frecuencia de Trabajo<\/td>\n<td width=\"284\">1700\u00b150(KHZ)<\/td>\n<\/tr>\n<tr>\n<td width=\"284\">Di\u00e1metro de la cer\u00e1mica piezoel\u00e9ctrica<\/td>\n<td width=\"284\">20mm<\/td>\n<\/tr>\n<tr>\n<td width=\"284\">Temperatura de Trabajo<\/td>\n<td width=\"284\">5\uff5e45\u2103<\/td>\n<\/tr>\n<tr>\n<td width=\"284\">Protecci\u00f3n contra Sobretemperatura<\/td>\n<td width=\"284\">50\u2103<\/td>\n<\/tr>\n<tr>\n<td width=\"284\">Nivel de Agua<\/td>\n<td width=\"284\">40mm-80mm<\/td>\n<\/tr>\n<tr>\n<td width=\"284\">Voltaje de Trabajo<\/td>\n<td width=\"284\">48V DC<\/td>\n<\/tr>\n<tr>\n<td width=\"284\">Potencia:<\/td>\n<td width=\"284\">350W<\/td>\n<\/tr>\n<tr>\n<td width=\"284\">Corriente<\/td>\n<td width=\"284\">5A<\/td>\n<\/tr>\n<tr>\n<td width=\"284\">Material<\/td>\n<td width=\"284\">Cobre y acero inoxidable<\/td>\n<\/tr>\n<tr>\n<td width=\"284\">Cable<\/td>\n<td width=\"284\">Longitud 2m o longitud requerida<\/td>\n<\/tr>\n<tr>\n<td width=\"284\">Voltaje<\/td>\n<td width=\"284\">220v\/50hz 230v\/50hz<\/p>\n<p>120v\/60hz 110v\/60hz<\/td>\n<\/tr>\n<\/tbody>\n<\/table>\n<h3>Funciones Principales<\/h3>\n<ul>\n<li>La boquilla del atomizador es herm\u00e9tica y tiene un buen rendimiento de disipaci\u00f3n de calor.<\/li>\n<li>El circuito tiene corriente y presi\u00f3n estables, protecci\u00f3n contra sobre temperatura y falta de agua, y tratamiento de reducci\u00f3n de ruido.<\/li>\n<li>Dise\u00f1o silencioso del producto, alta humedad de niebla, alto rendimiento.<\/li>\n<li>Dise\u00f1o completamente cerrado con alta funci\u00f3n de resistencia al agua y al polvo, es muy conveniente para detectar antes de la producci\u00f3n del humidificador.<\/li>\n<li>El interruptor de protecci\u00f3n por temperatura incorporado est\u00e1 configurado para operar de manera segura y confiable. Estructura robusta e instalaci\u00f3n conveniente.<\/li>\n<li>Dise\u00f1o anti-incrustaciones, los usuarios pueden reemplazar f\u00e1cilmente la cer\u00e1mica piezoel\u00e9ctrica atomizadora.<\/li>\n<li>Carcasa completamente de acero inoxidable, con ba\u00f1o de n\u00edquel y cadmio, buena disipaci\u00f3n de calor.<\/li>\n<li>Funci\u00f3n incorporada de protecci\u00f3n contra falta de agua.<\/li>\n<li>Aplicable para humidificaci\u00f3n industrial, agricultura, niebla paisaj\u00edstica, etc.<\/li>\n<\/ul>\n<h3>Video<\/h3>\n<p><iframe loading=\"lazy\" title=\"Ultrasonic Humidifier\" width=\"500\" height=\"281\" src=\"https:\/\/www.youtube.com\/embed\/videoseries?list=PLLrjMYkO0_NEpofnqW3MnsGQ-KMwpBJul\" frameborder=\"0\" allow=\"accelerometer; autoplay; clipboard-write; encrypted-media; gyroscope; picture-in-picture; web-share\" referrerpolicy=\"strict-origin-when-cross-origin\" allowfullscreen><\/iframe><\/p>\n<h3>Preguntas Frecuentes<\/h3>\n<p><strong>1. \u00bfPodemos ajustar la cantidad de atomizaci\u00f3n?<\/strong><\/p>\n<p>No, solo se puede cambiar mediante el nivel del agua.<\/p>\n<p><strong>2. \u00bfPodemos apagar el LED (si lo tiene)?<\/strong><\/p>\n<p>No. Es mejor elegir un atomizador ultras\u00f3nico sin LED para interiores.<\/p>\n<p><strong>3. \u00bfTiene ruido?<\/strong><\/p>\n<p>No. La mayor\u00eda de los <a href=\"https:\/\/www.bjultrasonic.com\/es\/category\/ultrasonic-atomizer-es\/\">humidificadores ultras\u00f3nicos<\/a> tienden a operar m\u00e1s silenciosamente que otros modelos. Esto se debe a que no tienen un ventilador, como suelen tener los humidificadores evaporativos. Esto mantiene bajos los niveles de ruido.<\/p>\n<p><strong>4. \u00bfFiltrar\u00e1 electricidad?<\/strong><\/p>\n<p>El principio del atomizador ultras\u00f3nico es que la vibraci\u00f3n ultras\u00f3nica genera niebla. No toque el atomizador con la mano cuando est\u00e9 funcionando, podr\u00eda tener una sensaci\u00f3n de pinchazo, pero no es electricidad.<\/p>\n<h3>Consideraciones Generales<\/h3>\n<ol>\n<li>No voltee el atomizador boca abajo despu\u00e9s de encender la alimentaci\u00f3n, ya que da\u00f1ar\u00e1 el atomizador.<\/li>\n<li>No lo use durante mucho tiempo o m\u00e1s de 10 horas.<\/li>\n<li>No toque la placa atomizadora cuando el atomizador est\u00e9 en funcionamiento.<\/li>\n<li>Asegure la calidad del agua. Por favor, use agua del grifo limpia. (El deterioro de la calidad del agua afectar\u00e1 la vida \u00fatil).<\/li>\n<li>Corte la alimentaci\u00f3n antes de mover o reparar.<\/li>\n<li>Las <a href=\"https:\/\/www.bjultrasonic.com\/es\/category\/piezoelectric-ceramic-es\/\">cer\u00e1micas piezoel\u00e9ctricas<\/a> atomizadas pertenecen a consumibles cuya vida \u00fatil es de m\u00e1s de 3600 horas. Si la capacidad de generaci\u00f3n de niebla del atomizador se reduce significativamente, limpie la cer\u00e1mica piezoel\u00e9ctrica atomizada (sin ning\u00fan detergente) con un hisopo de algod\u00f3n para mantenerla limpia. Si la cantidad de atomizaci\u00f3n sigue siendo peque\u00f1a despu\u00e9s de la limpieza, reemplace una cer\u00e1mica piezoel\u00e9ctrica atomizadora. (se sugiere comprar la cer\u00e1mica piezoel\u00e9ctrica atomizada junto con el producto).<\/li>\n<\/ol>\n<p><img loading=\"lazy\" decoding=\"async\" src=\"https:\/\/www.bjultrasonic.com\/wp-content\/uploads\/2018\/08\/Ultrasonic-Humidifier-without-LED.jpg\" alt=\"Ultrasonic-Humidifier-without-LED\" width=\"670\" height=\"925\" \/><\/p>\n","protected":false},"excerpt":{"rendered":"<p><a href=\"https:\/\/www.bjultrasonic.com\/es\/category\/ultrasonic-atomizer-es\/\">Humidificador ultras\u00f3nico<\/a> utiliza energ\u00eda ultras\u00f3nica para transformar l\u00edquidos en part\u00edculas similares a nubes. El humidificador ultras\u00f3nico tambi\u00e9n se denomina <a href=\"https:\/\/www.bjultrasonic.com\/es\/shop\/ultrasonic-atomizing-transducer\/\">atomizador ultras\u00f3nico<\/a>, generador de niebla ultras\u00f3nico, nebulizador ultras\u00f3nico.<\/p>\n","protected":false},"featured_media":19551,"comment_status":"open","ping_status":"closed","template":"","meta":[],"product_brand":[],"product_cat":[6208],"product_tag":[],"class_list":{"0":"post-72563","1":"product","2":"type-product","3":"status-publish","4":"has-post-thumbnail","6":"product_cat-ultrasonic-atomizer-es","8":"first","9":"instock","10":"shipping-taxable","11":"purchasable","12":"product-type-simple","13":"prodpage-classic"},"aioseo_notices":[],"_links":{"self":[{"href":"https:\/\/www.bjultrasonic.com\/es\/wp-json\/wp\/v2\/product\/72563","targetHints":{"allow":["GET"]}}],"collection":[{"href":"https:\/\/www.bjultrasonic.com\/es\/wp-json\/wp\/v2\/product"}],"about":[{"href":"https:\/\/www.bjultrasonic.com\/es\/wp-json\/wp\/v2\/types\/product"}],"replies":[{"embeddable":true,"href":"https:\/\/www.bjultrasonic.com\/es\/wp-json\/wp\/v2\/comments?post=72563"}],"wp:featuredmedia":[{"embeddable":true,"href":"https:\/\/www.bjultrasonic.com\/es\/wp-json\/wp\/v2\/media\/19551"}],"wp:attachment":[{"href":"https:\/\/www.bjultrasonic.com\/es\/wp-json\/wp\/v2\/media?parent=72563"}],"wp:term":[{"taxonomy":"product_brand","embeddable":true,"href":"https:\/\/www.bjultrasonic.com\/es\/wp-json\/wp\/v2\/product_brand?post=72563"},{"taxonomy":"product_cat","embeddable":true,"href":"https:\/\/www.bjultrasonic.com\/es\/wp-json\/wp\/v2\/product_cat?post=72563"},{"taxonomy":"product_tag","embeddable":true,"href":"https:\/\/www.bjultrasonic.com\/es\/wp-json\/wp\/v2\/product_tag?post=72563"}],"curies":[{"name":"wp","href":"https:\/\/api.w.org\/{rel}","templated":true}]}}