{"id":72696,"date":"2022-04-27T20:46:08","date_gmt":"2022-04-28T01:46:08","guid":{"rendered":"https:\/\/www.bjultrasonic.com\/ultrasonic-transducer-technical\/"},"modified":"2026-03-12T09:31:56","modified_gmt":"2026-03-12T14:31:56","slug":"ultrasonic-transducer-technical","status":"publish","type":"page","link":"https:\/\/www.bjultrasonic.com\/fr\/ultrasonic-transducer-technical\/","title":{"rendered":"Aper\u00e7u technique du transducteur \u00e0 ultrasons"},"content":{"rendered":"<p>Un transducteur ultrasonique est un dispositif qui convertit l&rsquo;\u00e9nergie d&rsquo;une forme \u00e0 une autre, sp\u00e9cifiquement entre l&rsquo;\u00e9nergie \u00e9lectrique et l&rsquo;\u00e9nergie acoustique (sonore) \u00e0 des fr\u00e9quences ultrasoniques \u2014 des fr\u00e9quences au-del\u00e0 de la gamme audible par l&rsquo;humain (typiquement au-dessus de 20 kHz). En termes plus simples, c&rsquo;est un appareil qui peut g\u00e9n\u00e9rer et recevoir des ondes sonores \u00e0 des fr\u00e9quences que les humains ne peuvent pas entendre.<\/p>\n<h3>1. Classification<\/h3>\n<p>Les transducteurs ultrasoniques sont class\u00e9s en fonction de leurs applications sp\u00e9cifiques, des mat\u00e9riaux, de la fr\u00e9quence, de la puissance et de la forme. Une classification g\u00e9n\u00e9rale bas\u00e9e sur l&rsquo;application comprend :<\/p>\n<ul>\n<li><a href=\"https:\/\/www.bjultrasonic.com\/fr\/category\/ultrasonic-transducer-fr\/\">Transducteurs de Nettoyage Ultrasonique<\/a> : Con\u00e7us pour \u00e9liminer les contaminants des surfaces en utilisant la cavitation ultrasonique.<\/li>\n<li><a href=\"https:\/\/www.bjultrasonic.com\/fr\/shop\/ultrasonic-welding-transducer\/\">Transducteurs de Soudage Ultrasonique<\/a> : Utilis\u00e9s pour assembler des mat\u00e9riaux en appliquant des vibrations haute fr\u00e9quence, g\u00e9n\u00e9rant de la chaleur et provoquant une fusion.<\/li>\n<li><a href=\"https:\/\/www.bjultrasonic.com\/fr\/shop\/ultrasonic-beauty-transducer\/\">Transducteurs de Beaut\u00e9 Ultrasonique<\/a> : Employ\u00e9s dans les proc\u00e9dures cosm\u00e9tiques, comme le nettoyage de la peau et l&rsquo;am\u00e9lioration de la p\u00e9n\u00e9tration des produits.<\/li>\n<li><a href=\"https:\/\/www.bjultrasonic.com\/fr\/shop\/ultrasonic-atomizing-transducer\/\">Transducteurs d&rsquo;Atomiseur Ultrasonique<\/a> : Cr\u00e9ent des brouillards ou des brumes fins pour l&rsquo;humidification ou les dispositifs d&rsquo;inhalation.<\/li>\n<li><a href=\"https:\/\/www.bjultrasonic.com\/fr\/shop\/ultrasonic-vibrating-screen-transducer\/\">Transducteurs de Vibration Ultrasonique<\/a> : Utilisent des vibrations ultrasoniques pour diverses applications, y compris le traitement des mat\u00e9riaux et le tamisage.<\/li>\n<li><a href=\"https:\/\/www.bjultrasonic.com\/fr\/shop\/ultrasonic-cell-disruptor-transducer\/\">Transducteurs de D\u00e9sint\u00e9grateur Cellulaire Ultrasonique<\/a> : Utilis\u00e9s pour lyser les cellules dans la recherche biologique et chimique, permettant la lib\u00e9ration du contenu intracellulaire.<\/li>\n<\/ul>\n<style type=\"text\/css\">\r\n\t\t\t\t#gallery-1 {\r\n\t\t\t\t\tmargin: auto;\r\n\t\t\t\t}\r\n\t\t\t\t#gallery-1 .gallery-item {\r\n\t\t\t\t\tfloat: left;\r\n\t\t\t\t\tmargin-top: 10px;\r\n\t\t\t\t\ttext-align: center;\r\n\t\t\t\t\twidth: 16%;\r\n\t\t\t\t}\r\n\t\t\t\t#gallery-1 .gallery-caption {\r\n\t\t\t\t\tmargin-left: 0;\r\n\t\t\t\t}\r\n\t\t\t<\/style><!-- see gallery_shortcode() in wp-includes\/media.php -->\r\n\t\t\t\n\t\t<div id=\"gallery-1\" class=\"gallery galleryid-72696 mfp-gallery mfp-gallery--images gallery-columns-6 gallery-size-full\"><div class=\"row zn_image_gallery \"><div class=\"col-sm-6 col-md-4 col-lg-2\"><a href=\"https:\/\/www.bjultrasonic.com\/wp-content\/uploads\/2021\/03\/100KHz-40W-Ultrasonic-Transducer-PZT-4-2.jpg\" title=\"Ultrasonic Cleaning Transducer\" class=\"hoverBorder\"><img loading=\"lazy\" decoding=\"async\" width=\"750\" height=\"750\" src=\"https:\/\/www.bjultrasonic.com\/wp-content\/uploads\/2021\/03\/100KHz-40W-Ultrasonic-Transducer-PZT-4-2.jpg\" class=\"attachment-full size-full\" alt=\"100KHz 40W Ultrasonic Transducer (PZT-4)\" link=\"file\" size=\"full\" columns=\"6\" ids=\"23744,19551,42268,42279,4845,42294\" orderby=\"post__in\" include=\"23744,19551,42268,42279,4845,42294\" srcset=\"https:\/\/www.bjultrasonic.com\/wp-content\/uploads\/2021\/03\/100KHz-40W-Ultrasonic-Transducer-PZT-4-2.jpg 750w, https:\/\/www.bjultrasonic.com\/wp-content\/uploads\/2021\/03\/100KHz-40W-Ultrasonic-Transducer-PZT-4-2-600x600.jpg 600w, https:\/\/www.bjultrasonic.com\/wp-content\/uploads\/2021\/03\/100KHz-40W-Ultrasonic-Transducer-PZT-4-2-100x100.jpg 100w\" sizes=\"auto, (max-width: 750px) 100vw, 750px\" \/><span class=\"gallery_caption\">Ultrasonic Cleaning Transducer<\/span><\/a><\/div><div class=\"col-sm-6 col-md-4 col-lg-2\"><a href=\"https:\/\/www.bjultrasonic.com\/wp-content\/uploads\/2018\/08\/5500ML-Ultrasonic-Fogger-Ultrasonic-Cool-Mist-Humidifier-1.jpg\" title=\"Ultrasonic Humidifier Transducer\" class=\"hoverBorder\"><img loading=\"lazy\" decoding=\"async\" width=\"650\" height=\"667\" src=\"https:\/\/www.bjultrasonic.com\/wp-content\/uploads\/2018\/08\/5500ML-Ultrasonic-Fogger-Ultrasonic-Cool-Mist-Humidifier-1.jpg\" class=\"attachment-full size-full\" alt=\"5500ML Ultrasonic Fogger Ultrasonic Cool Mist Humidifier (1)\" link=\"file\" size=\"full\" columns=\"6\" ids=\"23744,19551,42268,42279,4845,42294\" orderby=\"post__in\" include=\"23744,19551,42268,42279,4845,42294\" \/><span class=\"gallery_caption\">Ultrasonic Humidifier Transducer<\/span><\/a><\/div><div class=\"col-sm-6 col-md-4 col-lg-2\"><a href=\"https:\/\/www.bjultrasonic.com\/wp-content\/uploads\/2012\/08\/Ultrasonic-Welding-Transducer-4.jpg\" title=\"Ultrasonic Welding Transducer\" class=\"hoverBorder\"><img loading=\"lazy\" decoding=\"async\" width=\"800\" height=\"800\" src=\"https:\/\/www.bjultrasonic.com\/wp-content\/uploads\/2012\/08\/Ultrasonic-Welding-Transducer-4.jpg\" class=\"attachment-full size-full\" alt=\"Ultrasonic Welding Transducer (4)\" link=\"file\" size=\"full\" columns=\"6\" ids=\"23744,19551,42268,42279,4845,42294\" orderby=\"post__in\" include=\"23744,19551,42268,42279,4845,42294\" srcset=\"https:\/\/www.bjultrasonic.com\/wp-content\/uploads\/2012\/08\/Ultrasonic-Welding-Transducer-4.jpg 800w, https:\/\/www.bjultrasonic.com\/wp-content\/uploads\/2012\/08\/Ultrasonic-Welding-Transducer-4-600x600.jpg 600w, https:\/\/www.bjultrasonic.com\/wp-content\/uploads\/2012\/08\/Ultrasonic-Welding-Transducer-4-100x100.jpg 100w\" sizes=\"auto, (max-width: 800px) 100vw, 800px\" \/><span class=\"gallery_caption\">Ultrasonic Welding Transducer<\/span><\/a><\/div><div class=\"col-sm-6 col-md-4 col-lg-2\"><a href=\"https:\/\/www.bjultrasonic.com\/wp-content\/uploads\/2012\/08\/Ultrasonic-Cell-Disruptor-Homogenizer-Transducer-4.jpg\" title=\"Ultrasonic Cell Disruptor Transducer\" class=\"hoverBorder\"><img loading=\"lazy\" decoding=\"async\" width=\"800\" height=\"800\" src=\"https:\/\/www.bjultrasonic.com\/wp-content\/uploads\/2012\/08\/Ultrasonic-Cell-Disruptor-Homogenizer-Transducer-4.jpg\" class=\"attachment-full size-full\" alt=\"Ultrasonic Cell Disruptor Homogenizer Transducer (4)\" link=\"file\" size=\"full\" columns=\"6\" ids=\"23744,19551,42268,42279,4845,42294\" orderby=\"post__in\" include=\"23744,19551,42268,42279,4845,42294\" srcset=\"https:\/\/www.bjultrasonic.com\/wp-content\/uploads\/2012\/08\/Ultrasonic-Cell-Disruptor-Homogenizer-Transducer-4.jpg 800w, https:\/\/www.bjultrasonic.com\/wp-content\/uploads\/2012\/08\/Ultrasonic-Cell-Disruptor-Homogenizer-Transducer-4-600x600.jpg 600w, https:\/\/www.bjultrasonic.com\/wp-content\/uploads\/2012\/08\/Ultrasonic-Cell-Disruptor-Homogenizer-Transducer-4-100x100.jpg 100w\" sizes=\"auto, (max-width: 800px) 100vw, 800px\" \/><span class=\"gallery_caption\">Ultrasonic Cell Disruptor Transducer<\/span><\/a><\/div><div class=\"col-sm-6 col-md-4 col-lg-2\"><a href=\"https:\/\/www.bjultrasonic.com\/wp-content\/uploads\/2012\/07\/Ultrasonic-Vibration-Transducer.jpg\" title=\"Ultrasonic Vibration Transducer\" class=\"hoverBorder\"><img loading=\"lazy\" decoding=\"async\" width=\"700\" height=\"700\" src=\"https:\/\/www.bjultrasonic.com\/wp-content\/uploads\/2012\/07\/Ultrasonic-Vibration-Transducer.jpg\" class=\"attachment-full size-full\" alt=\"Ultrasonic Vibration Transducer\" link=\"file\" size=\"full\" columns=\"6\" ids=\"23744,19551,42268,42279,4845,42294\" orderby=\"post__in\" include=\"23744,19551,42268,42279,4845,42294\" srcset=\"https:\/\/www.bjultrasonic.com\/wp-content\/uploads\/2012\/07\/Ultrasonic-Vibration-Transducer.jpg 700w, https:\/\/www.bjultrasonic.com\/wp-content\/uploads\/2012\/07\/Ultrasonic-Vibration-Transducer-600x600.jpg 600w, https:\/\/www.bjultrasonic.com\/wp-content\/uploads\/2012\/07\/Ultrasonic-Vibration-Transducer-100x100.jpg 100w\" sizes=\"auto, (max-width: 700px) 100vw, 700px\" \/><span class=\"gallery_caption\">Ultrasonic Vibration Transducer<\/span><\/a><\/div><div class=\"col-sm-6 col-md-4 col-lg-2\"><a href=\"https:\/\/www.bjultrasonic.com\/wp-content\/uploads\/2012\/08\/PZT-Piezo-Ceramics-Disk-for-Beauty-Application.avif\" title=\"Ultrasonic Beauty Transducer\" class=\"hoverBorder\"><img loading=\"lazy\" decoding=\"async\" width=\"800\" height=\"800\" src=\"https:\/\/www.bjultrasonic.com\/wp-content\/uploads\/2012\/08\/PZT-Piezo-Ceramics-Disk-for-Beauty-Application.avif\" class=\"attachment-full size-full\" alt=\"PZT Piezo Ceramics Disk for Beauty Application\" link=\"file\" size=\"full\" columns=\"6\" ids=\"23744,19551,42268,42279,4845,42294\" orderby=\"post__in\" include=\"23744,19551,42268,42279,4845,42294\" srcset=\"https:\/\/www.bjultrasonic.com\/wp-content\/uploads\/2012\/08\/PZT-Piezo-Ceramics-Disk-for-Beauty-Application.avif 800w, https:\/\/www.bjultrasonic.com\/wp-content\/uploads\/2012\/08\/PZT-Piezo-Ceramics-Disk-for-Beauty-Application-600x600.avif 600w, https:\/\/www.bjultrasonic.com\/wp-content\/uploads\/2012\/08\/PZT-Piezo-Ceramics-Disk-for-Beauty-Application-100x100.avif 100w\" sizes=\"auto, (max-width: 800px) 100vw, 800px\" \/><span class=\"gallery_caption\">Ultrasonic Beauty Transducer<\/span><\/a><\/div><\/div><\/div>\n<p>Une autre approche de classification est bas\u00e9e sur le mat\u00e9riau c\u00e9ramique pi\u00e9zo\u00e9lectrique utilis\u00e9 :<\/p>\n<ul>\n<li><strong>S\u00e9rie PZT4 :<\/strong> G\u00e9n\u00e9ralement caract\u00e9ris\u00e9e par des puces noires.<\/li>\n<li><strong>S\u00e9rie PZT8 :<\/strong> Habituellement identifi\u00e9e par des puces jaunes.<\/li>\n<\/ul>\n<p>Les classifications bas\u00e9es sur la fr\u00e9quence sont \u00e9galement courantes :<\/p>\n<ul>\n<li><strong>S\u00e9rie Basse Fr\u00e9quence :<\/strong> Allant de 17 \u00e0 23 kHz.<\/li>\n<li><strong>S\u00e9rie Fr\u00e9quence Moyenne :<\/strong> De 25 \u00e0 28 kHz.<\/li>\n<li><strong>S\u00e9rie Haute Fr\u00e9quence :<\/strong> De 33 \u00e0 60 kHz.<\/li>\n<li><strong>S\u00e9rie Tr\u00e8s Haute Fr\u00e9quence :<\/strong> S&rsquo;\u00e9tendant de 68 \u00e0 200 kHz.<\/li>\n<\/ul>\n<p>Les cat\u00e9gories bas\u00e9es sur la puissance incluent :<\/p>\n<ul>\n<li><strong>S\u00e9rie 50W :<\/strong> Qui peut inclure des transducteurs de 60W.<\/li>\n<li><strong>S\u00e9rie 100W :<\/strong> Englobant les 80W et autres puissances similaires.<\/li>\n<li><strong>Autres Puissances Non Conventionnelles :<\/strong> Transducteurs avec des sorties de puissance non standard.<\/li>\n<\/ul>\n<p>Enfin, les transducteurs peuvent \u00eatre class\u00e9s par leur forme physique :<\/p>\n<ul>\n<li><strong>Droit :<\/strong> Transducteurs de forme cylindrique ou rectangulaire.<\/li>\n<li><strong>Forme de Corne :<\/strong> Transducteurs de forme conique pour amplifier les vibrations ultrasoniques.<\/li>\n<\/ul>\n<h3>2. M\u00e9thodes de D\u00e9nomination<\/h3>\n<p>Les transducteurs ultrasoniques sont souvent d\u00e9sign\u00e9s par une combinaison de lettres et de chiffres qui sp\u00e9cifient les caract\u00e9ristiques cl\u00e9s. Une convention de d\u00e9nomination courante est la suivante, en utilisant un exemple hypoth\u00e9tique de Beijing Ultrasonic :<\/p>\n<p><img loading=\"lazy\" decoding=\"async\" class=\"alignnone wp-image-815 size-full\" title=\"M\u00e9thode de D\u00e9nomination des Transducteurs Ultrasoniques\" src=\"https:\/\/www.bjultrasonic.com\/wp-content\/uploads\/2012\/04\/Ultrasonic-Transducer-Naming-Method.png\" alt=\"M\u00e9thode de D\u00e9nomination des Transducteurs Ultrasoniques\" width=\"512\" height=\"285\" \/><\/p>\n<p><strong>Exemple : BJ-18 50D-35HN PZT8<\/strong><\/p>\n<table class=\"table table-striped table-bordered\">\n<thead>\n<tr>\n<th align=\"left\">Composant<\/th>\n<th align=\"left\">Description<\/th>\n<th align=\"left\">Exemple<\/th>\n<\/tr>\n<\/thead>\n<tbody>\n<tr>\n<td align=\"left\">BJ<\/td>\n<td align=\"left\">Code Entreprise<\/td>\n<td align=\"left\">BJ<\/td>\n<\/tr>\n<tr>\n<td align=\"left\">C<\/td>\n<td align=\"left\">Application, \u00ab\u00a0Nettoyage\u00a0\u00bb<\/td>\n<td align=\"left\">C<\/td>\n<\/tr>\n<tr>\n<td align=\"left\">18<\/td>\n<td align=\"left\">Fr\u00e9quence en KHz<\/td>\n<td align=\"left\">18<\/td>\n<\/tr>\n<tr>\n<td align=\"left\">50<\/td>\n<td align=\"left\">Puissance en Watts<\/td>\n<td align=\"left\">50<\/td>\n<\/tr>\n<tr>\n<td align=\"left\">D<\/td>\n<td align=\"left\">Nombre de C\u00e9ramiques Pi\u00e9zo\u00e9lectriques<\/td>\n<td align=\"left\">D<\/td>\n<\/tr>\n<tr>\n<td align=\"left\">35<\/td>\n<td align=\"left\">Diam\u00e8tre de la C\u00e9ramique Pi\u00e9zo\u00e9lectrique<\/td>\n<td align=\"left\">35<\/td>\n<\/tr>\n<tr>\n<td align=\"left\">H<\/td>\n<td align=\"left\">Forme du Transducteur<\/td>\n<td align=\"left\">H<\/td>\n<\/tr>\n<tr>\n<td align=\"left\">N<\/td>\n<td align=\"left\">Caract\u00e9ristique Sp\u00e9ciale, \u00ab\u00a0Sans Trou\u00a0\u00bb<\/td>\n<td align=\"left\">N<\/td>\n<\/tr>\n<tr>\n<td align=\"left\">PZT8<\/td>\n<td align=\"left\">Type de C\u00e9ramique Pi\u00e9zo\u00e9lectrique<\/td>\n<td align=\"left\">PZT8<\/td>\n<\/tr>\n<\/tbody>\n<\/table>\n<p>Ce code d\u00e9taill\u00e9 permet une identification pr\u00e9cise des caract\u00e9ristiques du transducteur. Notez que les conventions de d\u00e9nomination sp\u00e9cifiques peuvent varier d&rsquo;un fabricant \u00e0 l&rsquo;autre.<\/p>\n<p><iframe loading=\"lazy\" title=\"20KHz 25KHz 28KHz 60KHz Piezo Ultrasonic Transducer for Cleaning\" width=\"500\" height=\"281\" src=\"https:\/\/www.youtube.com\/embed\/JdWn_Q0bJgc?feature=oembed\" frameborder=\"0\" allow=\"accelerometer; autoplay; clipboard-write; encrypted-media; gyroscope; picture-in-picture; web-share\" referrerpolicy=\"strict-origin-when-cross-origin\" allowfullscreen><\/iframe><\/p>\n<h3>3. Comment \u00e7a marche ?<\/h3>\n<p>La fonction principale d&rsquo;un transducteur ultrasonique est de convertir l&rsquo;\u00e9nergie entre les formes \u00e9lectrique et acoustique. Ce processus de conversion repose sur l&rsquo;effet pi\u00e9zo\u00e9lectrique. Voici une explication :<\/p>\n<p><strong>\u00c9l\u00e9ment Pi\u00e9zo\u00e9lectrique :<\/strong> Au c\u0153ur du transducteur se trouve l&rsquo;<a href=\"https:\/\/www.bjultrasonic.com\/fr\/category\/piezoelectric-ceramic-fr\/\">\u00e9l\u00e9ment pi\u00e9zo\u00e9lectrique<\/a>, fabriqu\u00e9 \u00e0 partir de mat\u00e9riaux comme le PZT (titano-zirconate de plomb). Lorsqu&rsquo;un champ \u00e9lectrique alternatif est appliqu\u00e9, le mat\u00e9riau pi\u00e9zo\u00e9lectrique se dilate et se contracte.<\/p>\n<p><strong>G\u00e9n\u00e9ration d&rsquo;Ondes Sonores :<\/strong> La dilatation et la contraction de l&rsquo;\u00e9l\u00e9ment pi\u00e9zo\u00e9lectrique cr\u00e9ent des ondes de pression m\u00e9caniques, qui sont les ondes sonores.<\/p>\n<p><strong>Contr\u00f4le Directionnel :<\/strong> Pour focaliser les ondes sonores dans une direction sp\u00e9cifique, la conception du transducteur est cruciale.<\/p>\n<ul>\n<li><strong>Couche de support :<\/strong> Cette couche, g\u00e9n\u00e9ralement constitu\u00e9e de mat\u00e9riaux denses et absorbant le son, comme des polym\u00e8res charg\u00e9s en tungst\u00e8ne, emp\u00eache la propagation du son dans la direction oppos\u00e9e. La couche de support peut \u00eatre soigneusement con\u00e7ue avec des formes sp\u00e9cifiques pour garantir une absorption compl\u00e8te des ondes.<\/li>\n<li><strong>Couche d&rsquo;adaptation :<\/strong> Cette couche, souvent constitu\u00e9e d&rsquo;une ou plusieurs couches ayant une imp\u00e9dance acoustique interm\u00e9diaire, est plac\u00e9e entre l&rsquo;\u00e9l\u00e9ment pi\u00e9zo\u00e9lectrique et le milieu dans lequel le son se propagera. Elle aide \u00e0 maximiser le transfert d&rsquo;\u00e9nergie acoustique en r\u00e9duisant les r\u00e9flexions, similaire \u00e0 un traitement antireflet sur du verre.<\/li>\n<\/ul>\n<p>En contr\u00f4lant ces \u00e9l\u00e9ments, un transducteur convertit efficacement l&rsquo;\u00e9nergie \u00e9lectrique en ondes sonores ultrasonores focalis\u00e9es, puis la reconvertit en \u00e9nergie \u00e9lectrique.<\/p>\n<p><iframe loading=\"lazy\" title=\"High Power Piezoelectric Ultrasonic Transducer - Beijing Ultrasonic\" width=\"500\" height=\"281\" src=\"https:\/\/www.youtube.com\/embed\/TBLGTvZgOw4?feature=oembed\" frameborder=\"0\" allow=\"accelerometer; autoplay; clipboard-write; encrypted-media; gyroscope; picture-in-picture; web-share\" referrerpolicy=\"strict-origin-when-cross-origin\" allowfullscreen><\/iframe><\/p>\n<h3>4. Processus de collage du transducteur ultrasonore pi\u00e9zo\u00e9lectrique<\/h3>\n<p>Le processus de collage est crucial pour les performances et la long\u00e9vit\u00e9 d&rsquo;un transducteur ultrasonore pi\u00e9zo\u00e9lectrique. Voici les \u00e9tapes cl\u00e9s et les consid\u00e9rations :<\/p>\n<table class=\"table table-striped table-bordered\">\n<thead>\n<tr>\n<th align=\"left\"><strong>\u00c9tape<\/strong><\/th>\n<th align=\"left\"><strong>Description<\/strong><\/th>\n<th align=\"left\"><strong>Importance<\/strong><\/th>\n<\/tr>\n<\/thead>\n<tbody>\n<tr>\n<td align=\"left\">S\u00e9lection de la colle<\/td>\n<td align=\"left\">Choisir une colle \u00e0 faible retrait au durcissement et \u00e0 faible dilatation thermique pour minimiser les contraintes sur l&rsquo;\u00e9l\u00e9ment pi\u00e9zo\u00e9lectrique. Les adh\u00e9sifs \u00e9poxy (types A+B) sont couramment utilis\u00e9s.<\/td>\n<td align=\"left\">R\u00e9duit les contraintes et am\u00e9liore la fiabilit\u00e9 du transducteur.<\/td>\n<\/tr>\n<tr>\n<td align=\"left\">Pr\u00e9paration de la surface<\/td>\n<td align=\"left\">Grenailler la surface de collage pour augmenter la force d&rsquo;adh\u00e9sion. Puis, nettoyer la surface avec de l&rsquo;ac\u00e9tone ou de l&rsquo;alcool.<\/td>\n<td align=\"left\">Assure une liaison solide entre l&rsquo;\u00e9l\u00e9ment pi\u00e9zo\u00e9lectrique et le corps du transducteur.<\/td>\n<\/tr>\n<tr>\n<td align=\"left\">Alignement<\/td>\n<td align=\"left\">Assurer une correction verticale lors du collage avec un processus de clouage. Cela \u00e9vite une distribution in\u00e9gale de la pression sur l&rsquo;\u00e9l\u00e9ment pi\u00e9zo\u00e9lectrique pendant le collage.<\/td>\n<td align=\"left\">Garantit des performances uniformes de l&rsquo;\u00e9l\u00e9ment pi\u00e9zo\u00e9lectrique.<\/td>\n<\/tr>\n<tr>\n<td align=\"left\">Application de pr\u00e9contrainte<\/td>\n<td align=\"left\">Appliquer une pr\u00e9contrainte contr\u00f4l\u00e9e pendant le durcissement avec une pr\u00e9cision constante. Cela aide \u00e0 maintenir les caract\u00e9ristiques m\u00e9caniques et \u00e9lectriques souhait\u00e9es pour une performance acoustique optimale.<\/td>\n<td align=\"left\">Am\u00e9liore la stabilit\u00e9 \u00e0 long terme et l&rsquo;efficacit\u00e9 de conversion.<\/td>\n<\/tr>\n<tr>\n<td align=\"left\">Contr\u00f4le d&rsquo;imp\u00e9dance<\/td>\n<td align=\"left\">Mettre en \u0153uvre un contr\u00f4le d&rsquo;imp\u00e9dance pendant le processus de collage pour minimiser l&rsquo;imp\u00e9dance du transducteur et am\u00e9liorer la conversion \u00e9lectro-acoustique.<\/td>\n<td align=\"left\">Optimise le transfert d&rsquo;\u00e9nergie et l&rsquo;efficacit\u00e9 globale du transducteur.<\/td>\n<\/tr>\n<tr>\n<td align=\"left\">Test d&rsquo;imp\u00e9dance<\/td>\n<td align=\"left\">Apr\u00e8s durcissement, effectuer un test d&rsquo;imp\u00e9dance pour v\u00e9rifier l&rsquo;uniformit\u00e9 et l&rsquo;int\u00e9grit\u00e9 du collage, assurant une r\u00e9partition uniforme de l&rsquo;\u00e9nergie de charge sur toutes les parties connect\u00e9es.<\/td>\n<td align=\"left\">Garantit des performances coh\u00e9rentes entre les transducteurs et minimise les d\u00e9fauts potentiels de performance.<\/td>\n<\/tr>\n<tr>\n<td align=\"left\">C\u00e2blage et isolation<\/td>\n<td align=\"left\">Utiliser des fils d&rsquo;\u00e9lectrode flexibles et des m\u00e9thodes de soudage s\u00e9curis\u00e9es et fiables. Renforcer l&rsquo;isolation pour \u00e9viter les courts-circuits \u00e9lectriques.<\/td>\n<td align=\"left\">Pr\u00e9vient les d\u00e9faillances m\u00e9caniques et les dysfonctionnements \u00e9lectriques.<\/td>\n<\/tr>\n<tr>\n<td align=\"left\">Test d&rsquo;isolation<\/td>\n<td align=\"left\">Effectuer un test d&rsquo;isolation apr\u00e8s le c\u00e2blage pour \u00e9viter tout risque de court-circuit \u00e9lectrique ou d&rsquo;endommagement.<\/td>\n<td align=\"left\">Assure la s\u00e9curit\u00e9 et la fiabilit\u00e9 du transducteur.<\/td>\n<\/tr>\n<tr>\n<td align=\"left\">D\u00e9bogage<\/td>\n<td align=\"left\">D\u00e9boguer la machine dans de l&rsquo;eau chaude (40-60\u00b0C) et maintenir la temp\u00e9rature en dessous de 80\u00b0C pendant le fonctionnement.<\/td>\n<td align=\"left\">Minimise les risques li\u00e9s aux temp\u00e9ratures de fonctionnement \u00e9lev\u00e9es.<\/td>\n<\/tr>\n<\/tbody>\n<\/table>\n<h3><img loading=\"lazy\" decoding=\"async\" class=\"alignnone size-full wp-image-5528\" src=\"\/\/www.bjultrasonic.com\/wp-content\/uploads\/2012\/04\/Bonding-Process-of-Piezoelectric-Ultrasonic-Transducer-Glue.jpg\" alt=\"Processus de collage du transducteur ultrasonore pi\u00e9zo\u00e9lectrique \" width=\"620\" height=\"465\" \/><\/h3>\n<h3>5. S\u00e9lection de la fr\u00e9quence<\/h3>\n<p>Le choix d&rsquo;une fr\u00e9quence de fonctionnement appropri\u00e9e d\u00e9pend de l&rsquo;application sp\u00e9cifique et de la nature des mat\u00e9riaux ou objets \u00e0 traiter.<\/p>\n<table class=\"table table-striped table-bordered\">\n<thead>\n<tr>\n<th align=\"left\"><strong>Plage de fr\u00e9quence<\/strong><\/th>\n<th align=\"left\"><strong>Caract\u00e9ristiques<\/strong><\/th>\n<th align=\"left\"><strong>Applications typiques<\/strong><\/th>\n<\/tr>\n<\/thead>\n<tbody>\n<tr>\n<td align=\"left\"><strong>Basse (17-23 kHz)<\/strong><\/td>\n<td align=\"left\">G\u00e9n\u00e8re de plus grosses bulles de cavitation ; plus efficace sur les salissures tenaces et les objets durables.<\/td>\n<td align=\"left\">Secteur magn\u00e9tique, maintenance de v\u00e9hicules, industries textiles.<\/td>\n<\/tr>\n<tr>\n<td align=\"left\"><strong>Moyenne (25-28 kHz)<\/strong><\/td>\n<td align=\"left\">Offre un \u00e9quilibre entre puissance de nettoyage et sensibilit\u00e9 de surface ; efficace sur les salissures mod\u00e9r\u00e9es.<\/td>\n<td align=\"left\">La plupart des traitements m\u00e9caniques, galvanoplastie, industries alimentaires.<\/td>\n<\/tr>\n<tr>\n<td align=\"left\"><strong>Haute (33-60 kHz)<\/strong><\/td>\n<td align=\"left\">Cr\u00e9e de plus petites bulles de cavitation ; id\u00e9ale pour le nettoyage fin de pi\u00e8ces et surfaces d\u00e9licates.<\/td>\n<td align=\"left\">Pi\u00e8ces de pr\u00e9cision, verre, lentilles, composants \u00e9lectroniques, circuits imprim\u00e9s.<\/td>\n<\/tr>\n<tr>\n<td align=\"left\"><strong>Tr\u00e8s Haute (68-200 kHz)<\/strong><\/td>\n<td align=\"left\">Produit les plus petites bulles de cavitation avec un faible impact physique et un niveau de nettoyage extr\u00eamement \u00e9lev\u00e9.<\/td>\n<td align=\"left\">Mat\u00e9riaux tr\u00e8s sensibles, microfluidique et applications biom\u00e9dicales.<\/td>\n<\/tr>\n<\/tbody>\n<\/table>\n<p>En r\u00e9sum\u00e9, les basses fr\u00e9quences sont plus adapt\u00e9es pour \u00e9liminer les grosses impuret\u00e9s, tandis que les hautes fr\u00e9quences sont pr\u00e9f\u00e9rables pour un nettoyage de pr\u00e9cision.<\/p>\n<p>Les transducteurs ultrasonores sont des dispositifs polyvalents avec une large gamme d&rsquo;applications gr\u00e2ce \u00e0 leur capacit\u00e9 \u00e0 convertir l&rsquo;\u00e9nergie \u00e9lectrique en vibrations m\u00e9caniques et vice-versa. Comprendre les diff\u00e9rentes classifications, conventions de d\u00e9nomination, principes de fonctionnement, processus de collage et crit\u00e8res de s\u00e9lection de fr\u00e9quence est crucial pour choisir et utiliser le transducteur appropri\u00e9 pour une application donn\u00e9e. L&rsquo;utilisation de mat\u00e9riaux pi\u00e9zo\u00e9lectriques, associ\u00e9e \u00e0 des techniques de conception et de collage pr\u00e9cises, permet de g\u00e9n\u00e9rer et de manipuler efficacement les ondes ultrasonores, rendant ces transducteurs indispensables dans de nombreuses industries.<\/p>\n","protected":false},"excerpt":{"rendered":"<p>Un transducteur ultrasonique est un dispositif qui convertit l&rsquo;\u00e9nergie d&rsquo;une forme \u00e0 une autre, sp\u00e9cifiquement entre l&rsquo;\u00e9nergie \u00e9lectrique et l&rsquo;\u00e9nergie acoustique (sonore) \u00e0 des fr\u00e9quences ultrasoniques \u2014 des fr\u00e9quences au-del\u00e0 de la gamme audible par l&rsquo;humain (typiquement au-dessus de 20 kHz). En termes plus simples, c&rsquo;est un appareil qui peut g\u00e9n\u00e9rer et recevoir des ondes<\/p>\n","protected":false},"author":1,"featured_media":1326,"parent":0,"menu_order":0,"comment_status":"closed","ping_status":"closed","template":"","meta":{"footnotes":""},"class_list":["post-72696","page","type-page","status-publish","has-post-thumbnail","hentry","prodpage-classic"],"aioseo_notices":[],"_links":{"self":[{"href":"https:\/\/www.bjultrasonic.com\/fr\/wp-json\/wp\/v2\/pages\/72696","targetHints":{"allow":["GET"]}}],"collection":[{"href":"https:\/\/www.bjultrasonic.com\/fr\/wp-json\/wp\/v2\/pages"}],"about":[{"href":"https:\/\/www.bjultrasonic.com\/fr\/wp-json\/wp\/v2\/types\/page"}],"author":[{"embeddable":true,"href":"https:\/\/www.bjultrasonic.com\/fr\/wp-json\/wp\/v2\/users\/1"}],"replies":[{"embeddable":true,"href":"https:\/\/www.bjultrasonic.com\/fr\/wp-json\/wp\/v2\/comments?post=72696"}],"version-history":[{"count":0,"href":"https:\/\/www.bjultrasonic.com\/fr\/wp-json\/wp\/v2\/pages\/72696\/revisions"}],"wp:featuredmedia":[{"embeddable":true,"href":"https:\/\/www.bjultrasonic.com\/fr\/wp-json\/wp\/v2\/media\/1326"}],"wp:attachment":[{"href":"https:\/\/www.bjultrasonic.com\/fr\/wp-json\/wp\/v2\/media?parent=72696"}],"curies":[{"name":"wp","href":"https:\/\/api.w.org\/{rel}","templated":true}]}}