{"id":72716,"date":"2022-06-09T02:42:02","date_gmt":"2022-06-09T07:42:02","guid":{"rendered":"https:\/\/www.bjultrasonic.com\/ultrasonic-cleaners-technical-specification\/"},"modified":"2026-03-12T09:31:31","modified_gmt":"2026-03-12T14:31:31","slug":"ultrasonic-cleaners-technical-specification","status":"publish","type":"page","link":"https:\/\/www.bjultrasonic.com\/fr\/ultrasonic-cleaners-technical-specification\/","title":{"rendered":"Vue d&rsquo;ensemble technique du nettoyeur \u00e0 ultrasons"},"content":{"rendered":"<p><a href=\"https:\/\/www.bjultrasonic.com\/fr\/category\/ultrasonic-cleaning-system-fr\/\">Le nettoyage par ultrasons<\/a> est une m\u00e9thode extr\u00eamement efficace pour \u00e9liminer les contaminants d&rsquo;une grande vari\u00e9t\u00e9 d&rsquo;objets. Il utilise des ondes sonores \u00e0 haute fr\u00e9quence, inaudibles pour l&rsquo;oreille humaine, pour agiter une solution de nettoyage. Cette agitation cr\u00e9e une puissante action de r\u00e9curage qui peut atteindre m\u00eame les zones les plus complexes et difficiles d&rsquo;acc\u00e8s, \u00e9liminant efficacement les impuret\u00e9s telles que la graisse, la poussi\u00e8re, la moisissure, la rouille, les empreintes digitales, les champignons, la suie et les bact\u00e9ries. Cette m\u00e9thode convient \u00e0 divers mat\u00e9riaux, notamment le verre, les m\u00e9taux, la c\u00e9ramique, les plastiques et le caoutchouc, ce qui en fait une solution de nettoyage polyvalente pour diverses applications.<\/p>\n<h3>1. Le m\u00e9canisme du nettoyage par ultrasons<\/h3>\n<p>Le nettoyage par ultrasons fonctionne en g\u00e9n\u00e9rant des ondes de compression et de rar\u00e9faction dans un liquide \u00e0 l&rsquo;aide de <a href=\"https:\/\/www.bjultrasonic.com\/fr\/category\/ultrasonic-transducer-fr\/\">transducteurs pi\u00e9zo\u00e9lectriques<\/a>. Ces transducteurs, g\u00e9n\u00e9ralement fabriqu\u00e9s en mat\u00e9riau pi\u00e9zoc\u00e9ramique, sont fix\u00e9s sur le c\u00f4t\u00e9 ou le fond d&rsquo;une cuve en acier inoxydable. Lorsqu&rsquo;un signal \u00e9lectrique est appliqu\u00e9, les transducteurs vibrent rapidement, provoquant le mouvement des parois de la cuve et cr\u00e9ant des ondes de pression dans le liquide. Ce processus g\u00e9n\u00e8re de minuscules cavit\u00e9s sous vide, qui grossissent et s&rsquo;effondrent violemment en raison des fluctuations continues de la pression. L&rsquo;effondrement de ces cavit\u00e9s cr\u00e9e des temp\u00e9ratures localis\u00e9es tr\u00e8s \u00e9lev\u00e9es (jusqu&rsquo;\u00e0 5000\u00b0C) et de puissants jets de liquide qui \u00e9liminent efficacement la salet\u00e9 des objets immerg\u00e9s.<\/p>\n<table class=\"table table-striped table-bordered\">\n<thead>\n<tr>\n<th>\u00c9tape du processus<\/th>\n<th>Description<\/th>\n<\/tr>\n<\/thead>\n<tbody>\n<tr>\n<td><strong>Excitation du transducteur<\/strong><\/td>\n<td>Signal \u00e9lectrique appliqu\u00e9 aux transducteurs, les faisant vibrer rapidement.<\/td>\n<\/tr>\n<tr>\n<td><strong>G\u00e9n\u00e9ration d&rsquo;ondes<\/strong><\/td>\n<td>La vibration des transducteurs cr\u00e9e des ondes de compression et de rar\u00e9faction dans le liquide.<\/td>\n<\/tr>\n<tr>\n<td><strong>Cavitation<\/strong><\/td>\n<td>Les ondes de pression cr\u00e9ent des cavit\u00e9s sous vide qui grossissent et s&rsquo;effondrent violemment.<\/td>\n<\/tr>\n<tr>\n<td><strong>Action de nettoyage<\/strong><\/td>\n<td>L&rsquo;effondrement de la cavitation g\u00e9n\u00e8re des temp\u00e9ratures localis\u00e9es \u00e9lev\u00e9es et de puissants jets de liquide qui \u00e9liminent la salet\u00e9.<\/td>\n<\/tr>\n<\/tbody>\n<\/table>\n<p>Pour am\u00e9liorer le processus de nettoyage, des d\u00e9tergents ou des savons sont g\u00e9n\u00e9ralement ajout\u00e9s \u00e0 la solution de nettoyage. Chauffer le liquide peut \u00e9galement am\u00e9liorer l&rsquo;efficacit\u00e9 des produits chimiques de nettoyage et \u00e9liminer les poches de vide, avec des temp\u00e9ratures allant jusqu&rsquo;\u00e0 80% du point d&rsquo;\u00e9bullition recommand\u00e9. Les objets \u00e0 nettoyer sont g\u00e9n\u00e9ralement plac\u00e9s dans un panier, et non directement dans la cuve, pour \u00e9viter les dommages.<\/p>\n<p><iframe loading=\"lazy\" title=\"Degreasing And Derusting With Ultrasonic Cleaning Tanks\" width=\"500\" height=\"281\" src=\"https:\/\/www.youtube.com\/embed\/OXiEKC74BYw?feature=oembed\" frameborder=\"0\" allow=\"accelerometer; autoplay; clipboard-write; encrypted-media; gyroscope; picture-in-picture; web-share\" referrerpolicy=\"strict-origin-when-cross-origin\" allowfullscreen><\/iframe><\/p>\n<h3>2. Types de syst\u00e8mes de nettoyage par ultrasons<\/h3>\n<p>Les syst\u00e8mes de nettoyage par ultrasons sont disponibles dans diverses configurations pour r\u00e9pondre \u00e0 diff\u00e9rents besoins, notamment :<\/p>\n<ul>\n<li><strong>Syst\u00e8me de nettoyage \u00e0 cuve unique :<\/strong> Convient pour de petits volumes de pi\u00e8ces. Les unit\u00e9s de qualit\u00e9 industrielle avec des g\u00e9n\u00e9rateurs encastr\u00e9s s\u00e9par\u00e9ment sont recommand\u00e9es par rapport aux mod\u00e8les de table qui sont moins robustes et ont des transducteurs plus petits. Ces syst\u00e8mes sont id\u00e9aux pour les lignes de nettoyage de prototypes et de laboratoire.<\/li>\n<li><strong>Configurations de nettoyage commercial\/industriel :<\/strong> Les cuves plus grandes sont con\u00e7ues pour les applications industrielles et le placage de pi\u00e8ces, o\u00f9 la taille des articles peut \u00eatre plus importante.<\/li>\n<li><strong>Configuration de nettoyage \u00e0 cuves multiples :<\/strong> Cela comprend au moins trois cuves : une cuve \u00e0 d\u00e9tergent ultrasonique, une cuve de rin\u00e7age ultrasonique et une cuve de rin\u00e7age par pulv\u00e9risation s\u00e9par\u00e9e. Les cuves multiples permettent le nettoyage simultan\u00e9 de plusieurs pi\u00e8ces, avec des fonctionnalit\u00e9s telles que le drainage automatique, le remplissage, la filtration et les chauffages de liquide DI. Cette configuration peut \u00eatre encore am\u00e9lior\u00e9e avec des cuves de rin\u00e7age et de pulv\u00e9risation ultrasoniques suppl\u00e9mentaires.<\/li>\n<li><strong>Syst\u00e8mes de nettoyage automatiques :<\/strong> Les syst\u00e8mes automatis\u00e9s garantissent des conditions de nettoyage constantes pour chaque lot, \u00e9liminant les incoh\u00e9rences li\u00e9es aux processus manuels.<\/li>\n<\/ul>\n<div class=\"woocommerce columns-6\"><\/div>\n<h3>3. Pourquoi choisir le nettoyage par ultrasons ?<\/h3>\n<p>Le nettoyage par ultrasons est \u00e9cologique et constitue un remplacement efficace des m\u00e9thodes traditionnelles de d\u00e9graissage \u00e0 la vapeur. L&rsquo;action par jet peut p\u00e9n\u00e9trer profond\u00e9ment dans les crevices complexes et les surfaces inaccessibles par d&rsquo;autres m\u00e9thodes de nettoyage. Des syst\u00e8mes de manutention automatique, des pulv\u00e9risateurs \u00e0 jet et des \u00e9cr\u00e9meurs d&rsquo;huile peuvent \u00eatre int\u00e9gr\u00e9s pour am\u00e9liorer encore le processus.<\/p>\n<h3>4. Applications du nettoyage par ultrasons<\/h3>\n<p>Le nettoyage par ultrasons est utilis\u00e9 dans diverses industries pour son efficacit\u00e9 et son rendement. Voici quelques applications cl\u00e9s :<\/p>\n<h4>4.1. Industrie de l&rsquo;\u00e9dition et de l&rsquo;impression<\/h4>\n<p>Le nettoyage par ultrasons est tr\u00e8s efficace dans l&rsquo;industrie de l&rsquo;impression, en particulier pour le nettoyage des rouleaux Anilox en c\u00e9ramique, o\u00f9 les m\u00e9thodes conventionnelles ne parviennent pas \u00e0 atteindre les minuscules cavit\u00e9s. Par exemple, un syst\u00e8me de Beijing Ultrasonic peut nettoyer jusqu&rsquo;\u00e0 12 rouleaux \u00e0 la fois. Les principales caract\u00e9ristiques incluent le balayage de fr\u00e9quence, o\u00f9 la fr\u00e9quence tourne constamment pour garantir que les ondes sonores sont uniform\u00e9ment r\u00e9parties sur la surface du rouleau, et la fonction \u00ab\u00a0Super sweep\u00a0\u00bb, qui augmente la vitesse de balayage et assure un nettoyage complet et doux.<\/p>\n<p><img loading=\"lazy\" decoding=\"async\" class=\"alignnone size-full wp-image-1597\" src=\"\/\/www.bjultrasonic.com\/wp-content\/uploads\/2013\/05\/publishing-and-printing-business.jpg\" alt=\"industrie de l'\u00e9dition et de l'impression\" width=\"650\" height=\"300\" \/><\/p>\n<h4>4.2. Industrie m\u00e9dicale et clinique<\/h4>\n<p>Le nettoyage par ultrasons est essentiel dans le domaine m\u00e9dical pour nettoyer l&rsquo;\u00e9quipement chirurgical, les tubes d&rsquo;endoscopie, les implants orthop\u00e9diques, les lentilles et les aiguilles hypodermiques. Un nettoyage efficace est crucial pour une st\u00e9rilisation r\u00e9ussie. Bien que le nettoyage par ultrasons ne st\u00e9rilise pas, il \u00e9limine efficacement les contaminants. Un processus typique comprend le pr\u00e9lavage, le lavage par ultrasons, les rin\u00e7ages en cascade et le s\u00e9chage au couteau \u00e0 l&rsquo;air chaud.<\/p>\n<p><img loading=\"lazy\" decoding=\"async\" class=\"alignnone size-full wp-image-1598\" title=\"industrie m\u00e9dicale et clinique\" src=\"\/\/www.bjultrasonic.com\/wp-content\/uploads\/2013\/05\/medicinal-and-clinical-industry.jpg\" alt=\"industrie m\u00e9dicale et clinique\" width=\"650\" height=\"320\" \/><\/p>\n<h4>4.3. Nettoyage des Implants Dentaires et Orthop\u00e9diques<\/h4>\n<p>Pour les implants orthop\u00e9diques, le nettoyage de pr\u00e9cision est crucial, et les syst\u00e8mes \u00e0 ultrasons sont con\u00e7us pour \u00e9liminer en profondeur la poussi\u00e8re, les huiles et les compos\u00e9s. Des syst\u00e8mes multi-\u00e9tages avec des fonctionnalit\u00e9s automatis\u00e9es et semi-automatis\u00e9es sont disponibles pour r\u00e9pondre \u00e0 des exigences sp\u00e9cifiques, avec des processus incluant le pr\u00e9lavage avec balayage de surface et filtres turbo, le lavage aux ultrasons, les rin\u00e7ages en cascade et le s\u00e9chage par couteau d&rsquo;air.<\/p>\n<p><img loading=\"lazy\" decoding=\"async\" class=\" wp-image-1599 alignnone\" title=\"Dental and Orthopedic Insertion and Implant Cleaning\" src=\"\/\/www.bjultrasonic.com\/wp-content\/uploads\/2013\/05\/Dental-and-Orthopedic-Insertion-and-Implant-Cleaning.png\" alt=\"Dental and Orthopedic Insertion and Implant Cleaning\" width=\"650\" height=\"323\" \/><\/p>\n<h4>4.4. Industrie de l&rsquo;Armement et de l&rsquo;Artillerie<\/h4>\n<p>Le nettoyage par ultrasons est tr\u00e8s efficace pour les armes \u00e0 feu, \u00e9liminant le carbone, les huiles, les sous-produits de la poudre br\u00fbl\u00e9e et les r\u00e9sidus de plomb\/cuivre. Il est plus efficace que le nettoyage manuel et nettoie les surfaces int\u00e9rieures et ext\u00e9rieures. Les syst\u00e8mes incluent des agents r\u00e9pulsifs hydrauliques et des solutions sp\u00e9ciales pour \u00e9liminer les r\u00e9sidus tout en laissant les armes comme neuves. Beijing Ultrasonic est un leader dans l&rsquo;utilisation de cette technologie en Chine.<\/p>\n<p><img loading=\"lazy\" decoding=\"async\" class=\"alignnone size-full wp-image-1600\" src=\"\/\/www.bjultrasonic.com\/wp-content\/uploads\/2013\/05\/Armor-and-artillery-Industry.jpg\" alt=\"Armor and artillery Industry\" width=\"650\" height=\"286\" \/><\/p>\n<h4>4.5. Industrie Automobile et de l&rsquo;Automotive<\/h4>\n<p>Le nettoyage par ultrasons est utilis\u00e9 pour nettoyer les pi\u00e8ces automobiles telles que les pistons, les vilebrequins, les roulements, les engrenages, les injecteurs de carburant et les composants de climatisation. La conception de ces syst\u00e8mes prend en compte le type de contaminants, les niveaux de propret\u00e9 requis, la quantit\u00e9 de pi\u00e8ces, la forme, le mat\u00e9riau et le taux de production global. Les syst\u00e8mes standard comprennent des \u00e9tapes de nettoyage, de rin\u00e7age et de s\u00e9chage. La manipulation des pi\u00e8ces est cruciale pour \u00e9viter de pi\u00e9ger l&rsquo;air, garantissant que la solution de nettoyage atteint efficacement toutes les surfaces.<\/p>\n<p><img loading=\"lazy\" decoding=\"async\" class=\"alignnone size-full wp-image-1602\" src=\"\/\/www.bjultrasonic.com\/wp-content\/uploads\/2013\/05\/Car-and-Automotive-Industry.jpg\" alt=\"Car and Automotive Industry\" width=\"650\" height=\"316\" \/><\/p>\n<h4>4.6. Industrie des Ornements, Bijoux et Art\u00e9facts<\/h4>\n<p>Les nettoyeurs \u00e0 ultrasons sont id\u00e9aux pour nettoyer les bijoux, les lunettes et les lentilles. Ils utilisent de l&rsquo;eau avec un m\u00e9lange nettoyant pour cr\u00e9er des millions de bulles qui atteignent des zones qu&rsquo;une brosse ne peut pas atteindre. Les caract\u00e9ristiques sp\u00e9ciales incluent des circuits s\u00e9par\u00e9s pour la s\u00e9curit\u00e9, des affichages num\u00e9riques du temps et des supports pour montres\/bijoux.<\/p>\n<p><iframe loading=\"lazy\" title=\"Digital Ultrasonic Cleaner - Beijing Ultrasonic\" width=\"500\" height=\"281\" src=\"https:\/\/www.youtube.com\/embed\/gVMD-PH8CBo?feature=oembed\" frameborder=\"0\" allow=\"accelerometer; autoplay; clipboard-write; encrypted-media; gyroscope; picture-in-picture; web-share\" referrerpolicy=\"strict-origin-when-cross-origin\" allowfullscreen><\/iframe><\/p>\n<h4>4.7. Nettoyage Industriel de la Quincaillerie et des Articles en Laiton<\/h4>\n<p>Les syst\u00e8mes \u00e0 ultrasons sont utilis\u00e9s pour nettoyer les produits m\u00e9talliques apr\u00e8s polissage, tels que les ustensiles de cuisine, les robinets, les lustres et les instruments en laiton. Les syst\u00e8mes peuvent g\u00e9rer l&rsquo;\u00e9limination des graisses animales et v\u00e9g\u00e9tales et des poudres \u00e0 polir. Les caract\u00e9ristiques du syst\u00e8me incluent un chauffage lent et indirect, des serpentins de refroidissement et des dispositifs de s\u00e9curit\u00e9 automatis\u00e9s.<\/p>\n<p><img loading=\"lazy\" decoding=\"async\" class=\"size-full wp-image-1604 alignnone\" title=\"Hardware and Brassware Industrial Cleaning\" src=\"\/\/www.bjultrasonic.com\/wp-content\/uploads\/2013\/05\/Hardware-and-Brassware-Industrial-Cleaning.jpg\" alt=\"Hardware and Brassware Industrial Cleaning\" width=\"650\" height=\"425\" \/><\/p>\n<h4>4.8. Nettoyage des Pointes de Stylos \u00e0 Bille<\/h4>\n<p>Le nettoyage par ultrasons est la seule m\u00e9thode fiable pour nettoyer les produits tourn\u00e9s comme les pointes de stylos \u00e0 bille. Le processus n\u00e9cessite une rotation et une action ultrasonique. Un syst\u00e8me typique comprend le nettoyage dans un d\u00e9tergent chauff\u00e9, le rin\u00e7age \u00e0 l&rsquo;eau froide et ti\u00e8de, et le s\u00e9chage \u00e0 l&rsquo;air chaud sous pression. Le syst\u00e8me de nettoyage peut \u00eatre enti\u00e8rement automatique et respectueux de l&rsquo;environnement.<\/p>\n<p><img loading=\"lazy\" decoding=\"async\" class=\"alignnone size-full wp-image-1605\" title=\"Ultrasonic treatment to clean Ballpoint Pen Tip\" src=\"\/\/www.bjultrasonic.com\/wp-content\/uploads\/2013\/05\/Ultrasonic-treatment-to-clean-Ballpoint-Pen-Tip.jpg\" alt=\"Ultrasonic treatment to clean Ballpoint Pen Tip\" width=\"650\" height=\"244\" \/><\/p>\n<p>La technologie de nettoyage par ultrasons offre une solution efficace, performante et polyvalente pour nettoyer une grande vari\u00e9t\u00e9 d&rsquo;articles dans de nombreuses industries. Des instruments m\u00e9dicaux d\u00e9licats aux grandes pi\u00e8ces automobiles, l&rsquo;application d&rsquo;ondes sonores \u00e0 haute fr\u00e9quence offre une performance de nettoyage sup\u00e9rieure difficile \u00e0 atteindre avec les m\u00e9thodes traditionnelles. Beijing Ultrasonic se distingue particuli\u00e8rement par ses technologies avanc\u00e9es comme le balayage de fr\u00e9quence et le super balayage, garantissant des solutions de nettoyage de haute qualit\u00e9, fiables et s\u00fbres, m\u00eame pour les applications de nettoyage les plus exigeantes.<\/p>\n","protected":false},"excerpt":{"rendered":"<p>Le nettoyage par ultrasons est une m\u00e9thode extr\u00eamement efficace pour \u00e9liminer les contaminants d&rsquo;une grande vari\u00e9t\u00e9 d&rsquo;objets. Il utilise des ondes sonores \u00e0 haute fr\u00e9quence, inaudibles pour l&rsquo;oreille humaine, pour agiter une solution de nettoyage. Cette agitation cr\u00e9e une puissante action de r\u00e9curage qui peut atteindre m\u00eame les zones les plus complexes et difficiles d&rsquo;acc\u00e8s,<\/p>\n","protected":false},"author":1,"featured_media":4843,"parent":0,"menu_order":2,"comment_status":"closed","ping_status":"closed","template":"","meta":{"footnotes":""},"class_list":["post-72716","page","type-page","status-publish","has-post-thumbnail","hentry","prodpage-classic"],"aioseo_notices":[],"_links":{"self":[{"href":"https:\/\/www.bjultrasonic.com\/fr\/wp-json\/wp\/v2\/pages\/72716","targetHints":{"allow":["GET"]}}],"collection":[{"href":"https:\/\/www.bjultrasonic.com\/fr\/wp-json\/wp\/v2\/pages"}],"about":[{"href":"https:\/\/www.bjultrasonic.com\/fr\/wp-json\/wp\/v2\/types\/page"}],"author":[{"embeddable":true,"href":"https:\/\/www.bjultrasonic.com\/fr\/wp-json\/wp\/v2\/users\/1"}],"replies":[{"embeddable":true,"href":"https:\/\/www.bjultrasonic.com\/fr\/wp-json\/wp\/v2\/comments?post=72716"}],"version-history":[{"count":0,"href":"https:\/\/www.bjultrasonic.com\/fr\/wp-json\/wp\/v2\/pages\/72716\/revisions"}],"wp:featuredmedia":[{"embeddable":true,"href":"https:\/\/www.bjultrasonic.com\/fr\/wp-json\/wp\/v2\/media\/4843"}],"wp:attachment":[{"href":"https:\/\/www.bjultrasonic.com\/fr\/wp-json\/wp\/v2\/media?parent=72716"}],"curies":[{"name":"wp","href":"https:\/\/api.w.org\/{rel}","templated":true}]}}