{"id":72736,"date":"2022-09-24T11:05:39","date_gmt":"2022-09-24T16:05:39","guid":{"rendered":"https:\/\/www.bjultrasonic.com\/ultrasonic-generator-technical-specification\/"},"modified":"2026-03-12T09:31:06","modified_gmt":"2026-03-12T14:31:06","slug":"ultrasonic-generator-technical-specification","status":"publish","type":"page","link":"https:\/\/www.bjultrasonic.com\/fr\/ultrasonic-generator-technical-specification\/","title":{"rendered":"Aper\u00e7u technique du g\u00e9n\u00e9rateur ultrasonique"},"content":{"rendered":"<p><a href=\"https:\/\/www.bjultrasonic.com\/fr\/category\/ultrasonic-generator-fr\/\">Les g\u00e9n\u00e9rateurs ultrasoniques<\/a> sont l&rsquo;\u00e9l\u00e9ment central des <a href=\"https:\/\/www.bjultrasonic.com\/fr\/category\/ultrasonic-cleaning-system-fr\/\">syst\u00e8mes de nettoyage ultrasoniques<\/a>. Ils sont responsables de la conversion de l&rsquo;\u00e9nergie \u00e9lectrique en signaux \u00e9lectriques haute fr\u00e9quence qui alimentent les transducteurs. Ces transducteurs convertissent ensuite les signaux \u00e9lectriques en vibrations m\u00e9caniques, cr\u00e9ant l&rsquo;effet de cavitation dans la solution de nettoyage qui \u00e9limine les contaminants. Les performances et la fiabilit\u00e9 du g\u00e9n\u00e9rateur ultrasonique sont cruciales pour un nettoyage efficace et efficient. Cet article explorera les aspects techniques des g\u00e9n\u00e9rateurs ultrasoniques, en particulier ceux propos\u00e9s par Beijing Ultrasonic, y compris leurs caract\u00e9ristiques, sp\u00e9cifications et proc\u00e9dures de r\u00e9glage.<\/p>\n<h3>1. Caract\u00e9ristiques et fonctions du g\u00e9n\u00e9rateur ultrasonique<\/h3>\n<p>Les g\u00e9n\u00e9rateurs de Beijing Ultrasonic sont con\u00e7us avec une technologie de contr\u00f4le par micro-ordinateur avanc\u00e9e, offrant une gamme de caract\u00e9ristiques et de fonctions qui am\u00e9liorent leurs performances et leur fiabilit\u00e9. Une caract\u00e9ristique cl\u00e9 est le suivi automatique de la fr\u00e9quence, rendu possible par la synth\u00e8se num\u00e9rique de fr\u00e9quence. Cela garantit que le g\u00e9n\u00e9rateur fonctionne toujours \u00e0 la fr\u00e9quence la plus adapt\u00e9e au transducteur connect\u00e9, optimisant ainsi le processus de nettoyage. Cette fonction \u00e9limine le besoin d&rsquo;un r\u00e9glage manuel de la fr\u00e9quence et assure des r\u00e9sultats de nettoyage constants.<\/p>\n<p>De plus, les g\u00e9n\u00e9rateurs sont \u00e9quip\u00e9s de m\u00e9canismes de protection complets contre la surchauffe et les exc\u00e8s de courant. Ces protections sont essentielles pour pr\u00e9venir les dommages au g\u00e9n\u00e9rateur et au syst\u00e8me de nettoyage ultrasonique, m\u00eame lors d&rsquo;une utilisation prolong\u00e9e. Le r\u00e9glage num\u00e9rique de la puissance ultrasonique permet une flexibilit\u00e9 et une efficacit\u00e9 dans le nettoyage de diff\u00e9rents types d&rsquo;objets et de contaminants. La puissance de sortie peut \u00eatre pr\u00e9cis\u00e9ment contr\u00f4l\u00e9e de 0% \u00e0 100%, garantissant un nettoyage optimal sans endommager les pi\u00e8ces sensibles.<\/p>\n<p>Un minuteur pr\u00e9cis est \u00e9galement int\u00e9gr\u00e9 au g\u00e9n\u00e9rateur, permettant un contr\u00f4le pr\u00e9cis du cycle de nettoyage et \u00e9vitant \u00e0 la fois un nettoyage insuffisant et excessif. Le risque d&rsquo;\u00e9rosion par cavitation, qui peut survenir lors d&rsquo;une exposition prolong\u00e9e aux ultrasons, est att\u00e9nu\u00e9 par la fonction minuteur. De plus, le g\u00e9n\u00e9rateur comprend un connecteur de contr\u00f4le externe, permettant l&rsquo;int\u00e9gration avec d&rsquo;autres dispositifs de contr\u00f4le. Enfin, l&rsquo;appareil dispose d&rsquo;un affichage de fr\u00e9quence, permettant aux op\u00e9rateurs de surveiller la fr\u00e9quence de fonctionnement en temps r\u00e9el.<\/p>\n<h3>2. Param\u00e8tres techniques du g\u00e9n\u00e9rateur ultrasonique<\/h3>\n<p>Les g\u00e9n\u00e9rateurs Beijing Ultrasonic sont con\u00e7us avec des param\u00e8tres sp\u00e9cifiques pour garantir des performances efficaces et fiables. La tension de travail pour ces unit\u00e9s est de 220V \u00b110%, les rendant compatibles avec les alimentations \u00e9lectriques standard. La fr\u00e9quence de travail est disponible dans diff\u00e9rentes plages, notamment 28 kHz, 40 kHz, 80 kHz et 135 kHz, chacune avec une tol\u00e9rance de \u00b15%.<\/p>\n<p>Le courant de travail varie en fonction de la puissance de sortie du g\u00e9n\u00e9rateur. Vous trouverez ci-dessous un tableau montrant la relation entre la puissance de sortie et le courant de travail :<\/p>\n<table class=\"table table-striped table-bordered\">\n<thead>\n<tr>\n<th align=\"left\">Puissance (W)<\/th>\n<th align=\"left\">Courant de travail (A)<\/th>\n<\/tr>\n<\/thead>\n<tbody>\n<tr>\n<td align=\"left\">300<\/td>\n<td align=\"left\">1.2<\/td>\n<\/tr>\n<tr>\n<td align=\"left\">600<\/td>\n<td align=\"left\">2.5<\/td>\n<\/tr>\n<tr>\n<td align=\"left\">900<\/td>\n<td align=\"left\">3.5<\/td>\n<\/tr>\n<tr>\n<td align=\"left\">1200<\/td>\n<td align=\"left\">4.5<\/td>\n<\/tr>\n<tr>\n<td align=\"left\">1500<\/td>\n<td align=\"left\">5-5.5<\/td>\n<\/tr>\n<tr>\n<td align=\"left\">1800<\/td>\n<td align=\"left\">6-6.5<\/td>\n<\/tr>\n<tr>\n<td align=\"left\">2000<\/td>\n<td align=\"left\">6.5-7<\/td>\n<\/tr>\n<tr>\n<td align=\"left\">2400<\/td>\n<td align=\"left\">7.5-8<\/td>\n<\/tr>\n<\/tbody>\n<\/table>\n<p>Il est important de noter que l&rsquo;appareil ne doit pas fonctionner en continu \u00e0 son courant de travail maximum pour garantir sa long\u00e9vit\u00e9 et sa fiabilit\u00e9. La plage de contr\u00f4le de la puissance est de 0 \u00e0 100%, offrant une flexibilit\u00e9 pour nettoyer diff\u00e9rents types de mat\u00e9riaux. Le contr\u00f4le du temps peut \u00eatre r\u00e9gl\u00e9 de 0 \u00e0 59 minutes et 59 secondes, tandis que la plage de temp\u00e9rature ambiante de fonctionnement est de 0 \u00e0 40 \u00b0C, avec une plage d&rsquo;humidit\u00e9 relative de 40% \u00e0 90%. Le g\u00e9n\u00e9rateur inclut une protection interne contre la surchauffe du bo\u00eetier, qui se d\u00e9clenche \u00e0 65 \u00b0C.<\/p>\n<p>Les dimensions physiques du g\u00e9n\u00e9rateur ultrasonique varient \u00e9galement en fonction de sa puissance nominale. Pour les g\u00e9n\u00e9rateurs d&rsquo;une puissance nominale inf\u00e9rieure \u00e0 1200W, les dimensions sont de 300mm x 360mm x 160mm (L x l x H). Pour ceux de 1500W ou plus, les dimensions sont de 500mm x 360mm x 160mm.<\/p>\n<h3>3. Options de g\u00e9n\u00e9rateurs ultrasoniques de Beijing Ultrasonic<\/h3>\n<p>Beijing Ultrasonic propose une gamme compl\u00e8te de g\u00e9n\u00e9rateurs ultrasoniques pour r\u00e9pondre \u00e0 diverses exigences de nettoyage. Cela inclut des g\u00e9n\u00e9rateurs avec des puissances de sortie allant de 300W \u00e0 2400W, avec des fr\u00e9quences inf\u00e9rieures \u00e0 45kHz et sup\u00e9rieures \u00e0 50 kHz. Un g\u00e9n\u00e9rateur ultrasonique num\u00e9rique \u00e0 trois fr\u00e9quences est \u00e9galement disponible, offrant une plus grande flexibilit\u00e9 dans le nettoyage.<\/p>\n<div class=\"woocommerce columns-6\"><\/div>\n<h3>4. Panneau avant du g\u00e9n\u00e9rateur ultrasonique<\/h3>\n<p><img loading=\"lazy\" decoding=\"async\" class=\"alignnone wp-image-1513 size-full\" src=\"https:\/\/www.bjultrasonic.com\/wp-content\/uploads\/2013\/04\/Ultrasonic-Generator-Front-Panel.jpg\" alt=\"Panneau avant du g\u00e9n\u00e9rateur ultrasonique\" width=\"661\" height=\"473\" \/><\/p>\n<p>Le panneau avant du g\u00e9n\u00e9rateur Beijing Ultrasonic est con\u00e7u pour une utilisation et une surveillance faciles. Il comprend une fen\u00eatre d&rsquo;affichage, qui montre les valeurs de puissance, de temps, les conditions de travail et tout message d&rsquo;erreur. Les boutons de puissance permettent de r\u00e9gler la puissance de sortie, avec un bouton pour augmenter la puissance et un autre pour la diminuer. De m\u00eame, les boutons de temps permettent \u00e0 l&rsquo;utilisateur de r\u00e9gler le temps de travail, avec des boutons pour augmenter et diminuer.<\/p>\n<p>Un bouton de balayage est \u00e9galement pr\u00e9sent sur le panneau, permettant aux utilisateurs de choisir entre les modes de fr\u00e9quence normale et de balayage, autorisant ainsi diff\u00e9rents sch\u00e9mas de nettoyage. Le bouton marche\/arr\u00eat permet \u00e0 l&rsquo;utilisateur de mettre en pause et de reprendre le fonctionnement du g\u00e9n\u00e9rateur.<\/p>\n<h3>5. R\u00e9glage de la fr\u00e9quence<\/h3>\n<p>Le r\u00e9glage de la fr\u00e9quence est essentiel pour adapter la sortie du g\u00e9n\u00e9rateur \u00e0 la fr\u00e9quence de r\u00e9sonance du transducteur. Pour ajuster la fr\u00e9quence du g\u00e9n\u00e9rateur ultrasonique Beijing Ultrasonic, il faut ouvrir le bo\u00eetier pour acc\u00e9der aux composants internes. Localisez le bouton bleu, qui permet d&rsquo;ajuster le courant que le transducteur peut supporter. Par exemple, un transducteur de 28kHz a une plage de fr\u00e9quence de 27kHz \u00e0 31kHz, tandis qu&rsquo;un transducteur de 40kHz a une plage de fr\u00e9quence de 38kHz \u00e0 42kHz.<\/p>\n<p><img loading=\"lazy\" decoding=\"async\" class=\"wp-image-1515 size-full\" title=\"Ultrasonic Generator Frequency Adjustment\" src=\"https:\/\/www.bjultrasonic.com\/wp-content\/uploads\/2013\/04\/Ultrasonic-Generator-Frequency-Adjustment.jpg\" alt=\"Ultrasonic Generator Frequency Adjustment\" width=\"199\" height=\"144\" \/><\/p>\n<h3>6. R\u00e9glage du courant<\/h3>\n<p>Le r\u00e9glage du courant est crucial pour garantir des performances optimales et \u00e9viter d&rsquo;endommager le g\u00e9n\u00e9rateur. Les g\u00e9n\u00e9rateurs ultrasoniques Beijing Ultrasonic utilisent un syst\u00e8me contr\u00f4l\u00e9 par ordinateur pour le d\u00e9bogage. Voici les \u00e9tapes pour ajuster le courant :<\/p>\n<ol>\n<li>Branchez l&rsquo;alimentation \u00e9lectrique.<\/li>\n<li>Connectez un amp\u00e8rem\u00e8tre d&rsquo;une capacit\u00e9 de 10A \u00e0 la borne d&rsquo;entr\u00e9e de l&rsquo;alimentation.<\/li>\n<li>Allumez l&rsquo;alimentation et v\u00e9rifiez la lecture de l&rsquo;amp\u00e8rem\u00e8tre. Pour un g\u00e9n\u00e9rateur de 1200W, la lecture doit \u00eatre inf\u00e9rieure \u00e0 5A.<\/li>\n<li>Affichez la fr\u00e9quence sur la fen\u00eatre du g\u00e9n\u00e9rateur. Ce devrait \u00eatre la fr\u00e9quence de travail normale.<\/li>\n<li>Trouvez le courant de travail maximum dans la plage de fr\u00e9quence sp\u00e9cifi\u00e9e du transducteur.<\/li>\n<li>Si le courant et la fr\u00e9quence sont bas, r\u00e9duisez l&rsquo;inductance d&rsquo;adaptation en \u00e9largissant l&rsquo;entrefer du noyau magn\u00e9tique. Cela se fait en pla\u00e7ant des feuilles de papier d&rsquo;orge des hautes terres dans l&rsquo;entrefer.<\/li>\n<li>Si le courant et la fr\u00e9quence sont \u00e9lev\u00e9s, augmentez l&rsquo;inductance d&rsquo;adaptation en r\u00e9duisant l&rsquo;entrefer du noyau magn\u00e9tique.<\/li>\n<li>\u00c9teignez toujours l&rsquo;alimentation avant d&rsquo;ajuster l&rsquo;entrefer du noyau magn\u00e9tique et surveillez les changements de courant.<\/li>\n<li>Ajustez le courant \u00e0 4-4,5A et la fr\u00e9quence dans la plage de 27,8kHz \u00e0 29kHz.<\/li>\n<li>R\u00e9ajustez la fr\u00e9quence apr\u00e8s chaque ajustement pour vous assurer que le courant de travail reste toujours au point maximum.<\/li>\n<\/ol>\n<p><img loading=\"lazy\" decoding=\"async\" class=\"wp-image-1516 size-full\" title=\"Ultrasonic Generator Current Adjustment\" src=\"https:\/\/www.bjultrasonic.com\/wp-content\/uploads\/2013\/04\/Ultrasonic-Generator-Current-Adjustment.jpg\" alt=\"Ultrasonic Generator Current Adjustment\" width=\"202\" height=\"182\" \/><\/p>\n<p>R\u00e9duire l&rsquo;inductance d&rsquo;adaptation augmente la fr\u00e9quence harmonique et le courant, tandis que l&rsquo;augmenter les diminue. Lors du r\u00e9glage, assurez-vous que la fr\u00e9quence de fonctionnement n&rsquo;est pas trop basse et que le courant ne d\u00e9passe pas le courant nominal du g\u00e9n\u00e9rateur, car cela pourrait endommager le tube de puissance.<\/p>\n<p>En conclusion, les g\u00e9n\u00e9rateurs ultrasoniques de Beijing Ultrasonic sont con\u00e7us avec une technologie avanc\u00e9e pour fournir des performances fiables et efficaces pour les applications de nettoyage ultrasonique. Le suivi automatique de la fr\u00e9quence, les m\u00e9canismes de protection complets, les fonctions de puissance et de minuterie ajustables, ainsi que la gamme de mod\u00e8les disponibles garantissent qu&rsquo;il existe une option id\u00e9ale pour divers besoins de nettoyage. Les proc\u00e9dures de r\u00e9glage d\u00e9taill\u00e9es fournies pour la fr\u00e9quence et le courant assurent un fonctionnement optimis\u00e9 du g\u00e9n\u00e9rateur ultrasonique.<\/p>\n<p>&nbsp;<\/p>\n","protected":false},"excerpt":{"rendered":"<p>Les g\u00e9n\u00e9rateurs ultrasoniques sont l&rsquo;\u00e9l\u00e9ment central des syst\u00e8mes de nettoyage ultrasoniques. Ils sont responsables de la conversion de l&rsquo;\u00e9nergie \u00e9lectrique en signaux \u00e9lectriques haute fr\u00e9quence qui alimentent les transducteurs. Ces transducteurs convertissent ensuite les signaux \u00e9lectriques en vibrations m\u00e9caniques, cr\u00e9ant l&rsquo;effet de cavitation dans la solution de nettoyage qui \u00e9limine les contaminants. Les performances et<\/p>\n","protected":false},"author":1,"featured_media":19242,"parent":0,"menu_order":3,"comment_status":"closed","ping_status":"closed","template":"","meta":{"footnotes":""},"class_list":["post-72736","page","type-page","status-publish","has-post-thumbnail","hentry","prodpage-classic"],"aioseo_notices":[],"_links":{"self":[{"href":"https:\/\/www.bjultrasonic.com\/fr\/wp-json\/wp\/v2\/pages\/72736","targetHints":{"allow":["GET"]}}],"collection":[{"href":"https:\/\/www.bjultrasonic.com\/fr\/wp-json\/wp\/v2\/pages"}],"about":[{"href":"https:\/\/www.bjultrasonic.com\/fr\/wp-json\/wp\/v2\/types\/page"}],"author":[{"embeddable":true,"href":"https:\/\/www.bjultrasonic.com\/fr\/wp-json\/wp\/v2\/users\/1"}],"replies":[{"embeddable":true,"href":"https:\/\/www.bjultrasonic.com\/fr\/wp-json\/wp\/v2\/comments?post=72736"}],"version-history":[{"count":0,"href":"https:\/\/www.bjultrasonic.com\/fr\/wp-json\/wp\/v2\/pages\/72736\/revisions"}],"wp:featuredmedia":[{"embeddable":true,"href":"https:\/\/www.bjultrasonic.com\/fr\/wp-json\/wp\/v2\/media\/19242"}],"wp:attachment":[{"href":"https:\/\/www.bjultrasonic.com\/fr\/wp-json\/wp\/v2\/media?parent=72736"}],"curies":[{"name":"wp","href":"https:\/\/api.w.org\/{rel}","templated":true}]}}