{"id":73064,"date":"2012-04-28T19:12:36","date_gmt":"2012-04-29T02:12:36","guid":{"rendered":"https:\/\/www.bjultrasonic.com\/contact\/"},"modified":"2026-03-31T00:57:50","modified_gmt":"2026-03-31T05:57:50","slug":"contact","status":"publish","type":"page","link":"https:\/\/www.bjultrasonic.com\/fr\/contact\/","title":{"rendered":"Contactez-nous"},"content":{"rendered":"<p>Nous sommes toujours l\u00e0 pour vous aider ! Que vous ayez une question concernant nos <a href=\"https:\/\/www.bjultrasonic.com\/shop\/\">produits \u00e0 ultrasons<\/a>, ayez besoin d&rsquo;une solution OEM sur mesure ou n\u00e9cessitiez une assistance pour les tarifs et le paiement, notre \u00e9quipe d\u00e9vou\u00e9e est pr\u00eate \u00e0 vous assister. Veuillez remplir le formulaire de contact ci-dessous, et nous veillerons \u00e0 ce que votre message re\u00e7oive une r\u00e9ponse dans les 2 jours ouvrables. Pour les questions urgentes, n&rsquo;h\u00e9sitez pas \u00e0 nous contacter directement par t\u00e9l\u00e9phone ou WhatsApp.<\/p>\n","protected":false},"excerpt":{"rendered":"<p>Nous sommes toujours l\u00e0 pour vous aider ! Que vous ayez une question concernant nos produits \u00e0 ultrasons, ayez besoin d&rsquo;une solution OEM sur mesure ou n\u00e9cessitiez une assistance pour les tarifs et le paiement, notre \u00e9quipe d\u00e9vou\u00e9e est pr\u00eate \u00e0 vous assister. Veuillez remplir le formulaire de contact ci-dessous, et nous veillerons \u00e0 ce<\/p>\n","protected":false},"author":1,"featured_media":0,"parent":0,"menu_order":8,"comment_status":"closed","ping_status":"closed","template":"","meta":{"footnotes":""},"class_list":["post-73064","page","type-page","status-publish","hentry","prodpage-classic"],"aioseo_notices":[],"_links":{"self":[{"href":"https:\/\/www.bjultrasonic.com\/fr\/wp-json\/wp\/v2\/pages\/73064","targetHints":{"allow":["GET"]}}],"collection":[{"href":"https:\/\/www.bjultrasonic.com\/fr\/wp-json\/wp\/v2\/pages"}],"about":[{"href":"https:\/\/www.bjultrasonic.com\/fr\/wp-json\/wp\/v2\/types\/page"}],"author":[{"embeddable":true,"href":"https:\/\/www.bjultrasonic.com\/fr\/wp-json\/wp\/v2\/users\/1"}],"replies":[{"embeddable":true,"href":"https:\/\/www.bjultrasonic.com\/fr\/wp-json\/wp\/v2\/comments?post=73064"}],"version-history":[{"count":0,"href":"https:\/\/www.bjultrasonic.com\/fr\/wp-json\/wp\/v2\/pages\/73064\/revisions"}],"wp:attachment":[{"href":"https:\/\/www.bjultrasonic.com\/fr\/wp-json\/wp\/v2\/media?parent=73064"}],"curies":[{"name":"wp","href":"https:\/\/api.w.org\/{rel}","templated":true}]}}