{"id":65290,"date":"2024-04-02T02:04:45","date_gmt":"2024-04-02T07:04:45","guid":{"rendered":"https:\/\/www.bjultrasonic.com\/shop\/digital-ultrasonic-sound-level-meter\/"},"modified":"2026-03-28T20:58:12","modified_gmt":"2026-03-29T01:58:12","slug":"digital-ultrasonic-sound-level-meter","status":"publish","type":"product","link":"https:\/\/www.bjultrasonic.com\/fr\/shop\/digital-ultrasonic-sound-level-meter\/","title":{"rendered":"D\u00e9cibelm\u00e8tre num\u00e9rique \u00e0 ultrasons"},"content":{"rendered":"<p>L&rsquo;intensit\u00e9 des ultrasons, \u00e9galement connue sous le nom de puissance acoustique, au sein d&rsquo;un champ sonore liquide est un facteur crucial dans les syst\u00e8mes ultrasonores. Elle affecte directement les performances de nettoyage des \u00e9quipements de nettoyage et l&rsquo;efficacit\u00e9 des processeurs ultrasonores. Un sonom\u00e8tre permet de mesurer rapidement et commod\u00e9ment l&rsquo;intensit\u00e9 du champ sonore \u00e0 tout moment et en tout lieu, affichant clairement la valeur de la puissance acoustique.<\/p>\n<p>Les testeurs de puissance ultrasonore sont disponibles en mod\u00e8les portables et de surveillance en ligne pour r\u00e9pondre \u00e0 divers besoins d&rsquo;application.<\/p>\n<p>Les sonom\u00e8tres ultrasonores (ou d\u00e9cibelm\u00e8tres) utilisent l&rsquo;effet pi\u00e9zo\u00e9lectrique des c\u00e9ramiques pi\u00e9zo\u00e9lectriques. Cela signifie que lorsqu&rsquo;une force est appliqu\u00e9e \u00e0 la c\u00e9ramique, elle convertit cette force en un signal \u00e9lectrique. Dans les m\u00eames conditions, une force plus forte produit une tension plus \u00e9lev\u00e9e. Si la force change p\u00e9riodiquement, la c\u00e9ramique pi\u00e9zo\u00e9lectrique d\u00e9livrera un signal de tension alternatif de m\u00eame fr\u00e9quence. En raison de la cavitation et d&rsquo;autres formes d&rsquo;interf\u00e9rences, la forme d&rsquo;onde de tension r\u00e9elle est une combinaison d&rsquo;une onde principale et de plusieurs ondes secondaires. L&rsquo;analyseur de fr\u00e9quence (\u00e9nergie) ultrasonore haute pr\u00e9cision de notre soci\u00e9t\u00e9 permet aux utilisateurs de visualiser la forme d&rsquo;onde de fonctionnement r\u00e9elle et de lire directement la valeur d&rsquo;intensit\u00e9 sonore.<\/p>\n<h3>Caract\u00e9ristiques principales<\/h3>\n<ul>\n<li>Mesure automatique en un toucher avec affichage automatique de l&rsquo;intensit\u00e9 sonore et de la forme d&rsquo;onde.<\/li>\n<li>Affichage num\u00e9rique \u00e0 la fois de la valeur d&rsquo;intensit\u00e9 sonore et de la fr\u00e9quence.<\/li>\n<li>Un \u00e9cran LCD couleur de 3,2 pouces avec une r\u00e9solution de 320&#215;240 et un r\u00e9tro\u00e9clairage LED.<\/li>\n<li>Une batterie lithium-ion int\u00e9gr\u00e9e de 2300mAh et un adaptateur secteur externe.<\/li>\n<li>Arr\u00eat automatique apr\u00e8s 10 minutes sans signal d&rsquo;entr\u00e9e.<\/li>\n<\/ul>\n<h3>Questions fr\u00e9quemment pos\u00e9es<\/h3>\n<p><strong>Les donn\u00e9es affichent toujours z\u00e9ro.<\/strong><\/p>\n<p>R : Lorsque la sonde est dans l&rsquo;air, le sonom\u00e8tre affichera imm\u00e9diatement une valeur d&rsquo;intensit\u00e9 sonore en temps r\u00e9el de 0 W\/cm\u00b2 et s&rsquo;\u00e9teindra automatiquement apr\u00e8s une minute.<\/p>\n<p><strong>Les lectures semblent inexactes.<\/strong><\/p>\n<p>R : L&rsquo;intensit\u00e9 sonore des ultrasons est un concept complexe. Elle ne peut pas \u00eatre calcul\u00e9e simplement en divisant la puissance totale par la surface de rayonnement ; elle doit \u00eatre mesur\u00e9e. Nos sonom\u00e8tres sont \u00e9talonn\u00e9s en utilisant une intensit\u00e9 sonore standard avant de quitter l&rsquo;usine, garantissant l&rsquo;exactitude des valeurs mesur\u00e9es. Il existe une limite \u00e0 l&rsquo;intensit\u00e9 sonore ; une fois un certain seuil atteint dans l&rsquo;eau, ajouter plus de transducteurs ou augmenter la puissance peut ne pas conduire \u00e0 une augmentation lin\u00e9aire de l&rsquo;intensit\u00e9 sonore, voire \u00e0 aucun changement du tout.<\/p>\n<p><strong>Les dispositifs \u00e0 haute fr\u00e9quence ne peuvent pas \u00eatre mesur\u00e9s.<\/strong><\/p>\n<p>R : Nos sonom\u00e8tres sont con\u00e7us pour les machines de nettoyage ultrasonores standard, couvrant une plage de fr\u00e9quence principale de 10 \u00e0 200 kHz. Les mesures prises en dehors de cette plage seront inexactes. Cela peut \u00eatre r\u00e9solu de deux mani\u00e8res :<\/p>\n<ul>\n<li>Informez-nous de la plage de fr\u00e9quence sp\u00e9cifique que vous devez mesurer, et nous pouvons cr\u00e9er un affichage et une sonde personnalis\u00e9s.<\/li>\n<li>Utilisez un oscilloscope pour une mesure relative. La sonde peut \u00eatre directement connect\u00e9e \u00e0 l&rsquo;oscilloscope et l&rsquo;intensit\u00e9 sonore peut \u00eatre compar\u00e9e en lisant le signal temporel de l&rsquo;oscilloscope. Cette m\u00e9thode ne fournit pas une valeur d&rsquo;intensit\u00e9 sonore absolue, mais permet une comparaison entre les mesures.<\/li>\n<\/ul>\n<p><strong>La lecture est anormale ; une lecture appara\u00eet m\u00eame lorsque l&rsquo;appareil n&rsquo;est pas dans un liquide.<\/strong><\/p>\n<p>R : Ce probl\u00e8me indique un dommage \u00e0 l&rsquo;unit\u00e9 d&rsquo;affichage et n\u00e9cessite un retour \u00e0 notre soci\u00e9t\u00e9 pour r\u00e9paration.<\/p>\n<p><strong>L&rsquo;\u00e9cran d&rsquo;affichage est noir, sans affichage.<\/strong><\/p>\n<p>R : L&rsquo;instrument a un mode d&rsquo;\u00e9conomie d&rsquo;\u00e9nergie. L&rsquo;affichage s&rsquo;\u00e9teindra si l&rsquo;intensit\u00e9 sonore mesur\u00e9e est de 0 W\/cm\u00b2 pendant une minute. Si appuyer sur le bouton ON\/OFF ne restaure pas l&rsquo;affichage, essayez de remplacer la batterie. Si l&rsquo;affichage reste \u00e9teint, cela indique que l&rsquo;\u00e9cran est endommag\u00e9 et n\u00e9cessite un retour \u00e0 notre usine pour r\u00e9paration.<\/p>\n<p><strong>Les lectures varient consid\u00e9rablement lorsque deux appareils sont utilis\u00e9s simultan\u00e9ment.<\/strong><\/p>\n<p>R : Notre \u00e9quipement ultrasonore est \u00e9talonn\u00e9 avec un champ sonore standard avant exp\u00e9dition. Dans le nettoyage ultrasonore, les ondes sonores se refl\u00e8tent sur les parois du r\u00e9cipient et la surface de l&rsquo;eau, provoquant des variations d&rsquo;intensit\u00e9 sonore dans toute la machine de nettoyage. Cela cr\u00e9e un champ d&rsquo;ondes stationnaires, o\u00f9 l&rsquo;intensit\u00e9 sonore est minimale aux n\u0153uds et maximale aux ventres.<\/p>\n<p>Par exemple, dans une machine de nettoyage \u00e0 28 kHz, la longueur d&rsquo;onde sonore dans l&rsquo;eau est de 5,4 cm, avec deux n\u0153uds et deux ventres par longueur d&rsquo;onde. Cela signifie que la distance entre un n\u0153ud et un ventre est de 1,3 cm. Pour une machine \u00e0 40 kHz, cette distance est de 0,9 cm.<\/p>\n<p>Par cons\u00e9quent, lors de l&rsquo;utilisation de deux sonom\u00e8tres, il est essentiel qu&rsquo;ils mesurent le m\u00eame point pour comparer les lectures avec pr\u00e9cision. \u00c9tant donn\u00e9 la proximit\u00e9 des n\u0153uds et des ventres, les mesures \u00e0 main lev\u00e9e sont sujettes \u00e0 l&rsquo;erreur en raison des mouvements in\u00e9vitables, alt\u00e9rant le champ sonore. Notre soci\u00e9t\u00e9 recommande d&rsquo;utiliser une m\u00e9thode de serrage m\u00e9canique pour fixer la sonde et garantir des emplacements de mesure coh\u00e9rents. Cet environnement contr\u00f4l\u00e9 permet une comparaison significative entre les deux appareils.<\/p>\n<p><strong>Les valeurs varient consid\u00e9rablement lorsqu&rsquo;elles sont test\u00e9es \u00e0 diff\u00e9rents points dans le m\u00eame r\u00e9servoir.<\/strong><\/p>\n<p>R : Les machines de nettoyage ultrasonores utilisent g\u00e9n\u00e9ralement des transducteurs mont\u00e9s sur les parois, fix\u00e9s au fond ou sur les c\u00f4t\u00e9s du r\u00e9servoir. Le processus d&rsquo;installation, les sp\u00e9cifications de taille et l&rsquo;uniformit\u00e9 de ces transducteurs peuvent tous contribuer \u00e0 un champ sonore in\u00e9gal dans le r\u00e9servoir de nettoyage, entra\u00eenant des variations d&rsquo;intensit\u00e9 sonore \u00e0 diff\u00e9rents points et, par cons\u00e9quent, des valeurs mesur\u00e9es diff\u00e9rentes.<\/p>\n<p><strong>\u00c0 quelle fr\u00e9quence l&rsquo;instrument doit-il \u00eatre r\u00e9\u00e9talonn\u00e9, et comment est-ce d\u00e9termin\u00e9 ?<\/strong><\/p>\n<p>R : Selon la norme d&rsquo;\u00e9talonnage des transducteurs de d\u00e9tection, ce type de produit doit \u00eatre \u00e9talonn\u00e9 une fois par an.<\/p>\n<p><strong>Il y a un bruit inhabituel dans l&rsquo;unit\u00e9 d&rsquo;affichage.<\/strong><\/p>\n<p>R : Cela peut \u00eatre caus\u00e9 par des composants internes desserr\u00e9s. Il est recommand\u00e9 de renvoyer l&rsquo;unit\u00e9 pour inspection et r\u00e9paration.<\/p>\n","protected":false},"excerpt":{"rendered":"<p>Le sonom\u00e8tre num\u00e9rique \u00e0 ultrasons est un appareil utilis\u00e9 pour mesurer l&rsquo;intensit\u00e9 des ultrasons dans les liquides. Il est principalement employ\u00e9 pour des applications industrielles telles que le nettoyage par ultrasons et la sonochimie ultrasonique. Les principaux param\u00e8tres de mesure sont l&rsquo;intensit\u00e9 ultrasonique, la forme d&rsquo;onde ultrasonique, la fr\u00e9quence de travail, l&rsquo;intensit\u00e9 maximale, l&rsquo;intensit\u00e9 minimale et le temps de mesure.<\/p>\n","protected":false},"featured_media":42067,"comment_status":"closed","ping_status":"closed","template":"","meta":[],"product_brand":[],"product_cat":[6218],"product_tag":[],"class_list":{"0":"post-65290","1":"product","2":"type-product","3":"status-publish","4":"has-post-thumbnail","6":"product_cat-ultrasonic-meter-fr","8":"first","9":"instock","10":"shipping-taxable","11":"product-type-external","12":"prodpage-classic"},"aioseo_notices":[],"_links":{"self":[{"href":"https:\/\/www.bjultrasonic.com\/fr\/wp-json\/wp\/v2\/product\/65290","targetHints":{"allow":["GET"]}}],"collection":[{"href":"https:\/\/www.bjultrasonic.com\/fr\/wp-json\/wp\/v2\/product"}],"about":[{"href":"https:\/\/www.bjultrasonic.com\/fr\/wp-json\/wp\/v2\/types\/product"}],"replies":[{"embeddable":true,"href":"https:\/\/www.bjultrasonic.com\/fr\/wp-json\/wp\/v2\/comments?post=65290"}],"wp:featuredmedia":[{"embeddable":true,"href":"https:\/\/www.bjultrasonic.com\/fr\/wp-json\/wp\/v2\/media\/42067"}],"wp:attachment":[{"href":"https:\/\/www.bjultrasonic.com\/fr\/wp-json\/wp\/v2\/media?parent=65290"}],"wp:term":[{"taxonomy":"product_brand","embeddable":true,"href":"https:\/\/www.bjultrasonic.com\/fr\/wp-json\/wp\/v2\/product_brand?post=65290"},{"taxonomy":"product_cat","embeddable":true,"href":"https:\/\/www.bjultrasonic.com\/fr\/wp-json\/wp\/v2\/product_cat?post=65290"},{"taxonomy":"product_tag","embeddable":true,"href":"https:\/\/www.bjultrasonic.com\/fr\/wp-json\/wp\/v2\/product_tag?post=65290"}],"curies":[{"name":"wp","href":"https:\/\/api.w.org\/{rel}","templated":true}]}}