{"id":65312,"date":"2022-08-10T06:03:06","date_gmt":"2022-08-10T11:03:06","guid":{"rendered":"https:\/\/www.bjultrasonic.com\/shop\/ultrasonic-welding-machine\/"},"modified":"2026-03-28T20:58:11","modified_gmt":"2026-03-29T01:58:11","slug":"ultrasonic-welding-machine","status":"publish","type":"product","link":"https:\/\/www.bjultrasonic.com\/fr\/shop\/ultrasonic-welding-machine\/","title":{"rendered":"Machine \u00e0 souder les plastiques et les m\u00e9taux par ultrasons"},"content":{"rendered":"<p><img loading=\"lazy\" decoding=\"async\" class=\"alignnone size-full wp-image-24642\" src=\"https:\/\/www.bjultrasonic.com\/wp-content\/uploads\/2022\/08\/Ultrasonic-Welding-Machine-7.jpg\" alt=\"Ultrasonic Welding Machine 7\" width=\"700\" height=\"561\" \/><\/p>\n<h3>Application<\/h3>\n<p>Soudage plastique, soudage de tissus non tiss\u00e9s, soudage m\u00e9tallique, etc.<\/p>\n<p>Machine de soudage ultrasonique plastique pour dalles de cartes de classement PSA, minuterie d&rsquo;impulsion marche\/arr\u00eat, r\u00e9glage de puissance pr\u00e9cis pour garantir un soudage de haute qualit\u00e9, l&rsquo;\u00e9quipement peut fonctionner par intermittence, peut \u00e9galement fonctionner \u00e0 vide, pour r\u00e9pondre \u00e0 diff\u00e9rents besoins de soudage. Conception de t\u00eate plate\/N95 la plus r\u00e9cente, compacte et esth\u00e9tique, bonne visibilit\u00e9 op\u00e9rationnelle, nouvelle conception de bo\u00eetier \u00e9lectrique g\u00e9n\u00e9rateur ultrasonique, protection intelligente, performances stables, \u00e9quipement fiable, longue dur\u00e9e de vie.<\/p>\n<h3>Caract\u00e9ristiques<\/h3>\n<ul>\n<li>Utilisation d&rsquo;un circuit auto-oscillant, au travail, pour suivre les changements des param\u00e8tres du transducteur, maximisant les performances du transducteur et de la t\u00eate d&rsquo;outil ;<\/li>\n<li>Tube haute puissance import\u00e9, r\u00e9sistant aux chocs de courant \u00e9lev\u00e9, augmentant la stabilit\u00e9 de fonctionnement du g\u00e9n\u00e9rateur ultrasonique.<\/li>\n<li>Utilisation d&rsquo;un affichage num\u00e9rique de fr\u00e9quence, fr\u00e9quence finement r\u00e9glable, permettant d&rsquo;observer pr\u00e9cis\u00e9ment la fr\u00e9quence de fonctionnement du g\u00e9n\u00e9rateur.<\/li>\n<li>Facile \u00e0 utiliser, peut \u00eatre appliqu\u00e9 \u00e0 diff\u00e9rentes sp\u00e9cifications de transducteurs et de matrices. Large gamme de mat\u00e9riaux soudables<\/li>\n<\/ul>\n<h3>Vid\u00e9o<\/h3>\n<p><iframe loading=\"lazy\" title=\"Ultrasonic Plastic Welding Machine Supplier\" width=\"500\" height=\"281\" src=\"https:\/\/www.youtube.com\/embed\/rSEf_GwBZQg?feature=oembed\" frameborder=\"0\" allow=\"accelerometer; autoplay; clipboard-write; encrypted-media; gyroscope; picture-in-picture; web-share\" referrerpolicy=\"strict-origin-when-cross-origin\" allowfullscreen><\/iframe><\/p>\n<p><iframe loading=\"lazy\" title=\"Plastic Ultrasonic Welding Machine Manufacturers\" width=\"500\" height=\"281\" src=\"https:\/\/www.youtube.com\/embed\/ntAp1KwSp-k?feature=oembed\" frameborder=\"0\" allow=\"accelerometer; autoplay; clipboard-write; encrypted-media; gyroscope; picture-in-picture; web-share\" referrerpolicy=\"strict-origin-when-cross-origin\" allowfullscreen><\/iframe><\/p>\n<p><iframe loading=\"lazy\" title=\"Ultrasonic Welding Machine\" width=\"500\" height=\"281\" src=\"https:\/\/www.youtube.com\/embed\/uB5-z1eBeCA?feature=oembed\" frameborder=\"0\" allow=\"accelerometer; autoplay; clipboard-write; encrypted-media; gyroscope; picture-in-picture; web-share\" referrerpolicy=\"strict-origin-when-cross-origin\" allowfullscreen><\/iframe><\/p>\n<p><strong>Num\u00e9ro de mod\u00e8le : BJSU-15<\/strong><\/p>\n<ul>\n<li>Fr\u00e9quence : 15 kHz<\/li>\n<li>Puissance : 2600 W<\/li>\n<li>Tension de fonctionnement : AC220V\/50Hz<\/li>\n<li>Plage de fr\u00e9quence : 15 kHz<\/li>\n<\/ul>\n<p><strong>Num\u00e9ro de mod\u00e8le : BJSU-20<\/strong><\/p>\n<ul>\n<li>Fr\u00e9quence : 20 kHz<\/li>\n<li>Puissance : 2000W\/2600W<\/li>\n<li>Tension de fonctionnement : AC220V\/50Hz<\/li>\n<li>Plage de fr\u00e9quence : 20 kHz<\/li>\n<\/ul>\n","protected":false},"excerpt":{"rendered":"<p data-sourcepos=\"1:1-1:237\">Une machine \u00e0 souder par ultrasons est un outil sp\u00e9cialis\u00e9 qui utilise des ondes sonores \u00e0 haute fr\u00e9quence pour assembler des mat\u00e9riaux thermoplastiques. C&rsquo;est une technique de soudage non destructive, efficace et pr\u00e9cise qui ne n\u00e9cessite ni chaleur, ni adh\u00e9sifs, ni solvants.<\/p>\n","protected":false},"featured_media":24636,"comment_status":"closed","ping_status":"closed","template":"","meta":[],"product_brand":[],"product_cat":[5624],"product_tag":[],"class_list":{"0":"post-65312","1":"product","2":"type-product","3":"status-publish","4":"has-post-thumbnail","6":"product_cat-ultrasonic-welding-equipment-fr","8":"first","9":"instock","10":"shipping-taxable","11":"product-type-external","12":"prodpage-classic"},"aioseo_notices":[],"_links":{"self":[{"href":"https:\/\/www.bjultrasonic.com\/fr\/wp-json\/wp\/v2\/product\/65312","targetHints":{"allow":["GET"]}}],"collection":[{"href":"https:\/\/www.bjultrasonic.com\/fr\/wp-json\/wp\/v2\/product"}],"about":[{"href":"https:\/\/www.bjultrasonic.com\/fr\/wp-json\/wp\/v2\/types\/product"}],"replies":[{"embeddable":true,"href":"https:\/\/www.bjultrasonic.com\/fr\/wp-json\/wp\/v2\/comments?post=65312"}],"wp:featuredmedia":[{"embeddable":true,"href":"https:\/\/www.bjultrasonic.com\/fr\/wp-json\/wp\/v2\/media\/24636"}],"wp:attachment":[{"href":"https:\/\/www.bjultrasonic.com\/fr\/wp-json\/wp\/v2\/media?parent=65312"}],"wp:term":[{"taxonomy":"product_brand","embeddable":true,"href":"https:\/\/www.bjultrasonic.com\/fr\/wp-json\/wp\/v2\/product_brand?post=65312"},{"taxonomy":"product_cat","embeddable":true,"href":"https:\/\/www.bjultrasonic.com\/fr\/wp-json\/wp\/v2\/product_cat?post=65312"},{"taxonomy":"product_tag","embeddable":true,"href":"https:\/\/www.bjultrasonic.com\/fr\/wp-json\/wp\/v2\/product_tag?post=65312"}],"curies":[{"name":"wp","href":"https:\/\/api.w.org\/{rel}","templated":true}]}}