{"id":65352,"date":"2021-03-22T09:11:44","date_gmt":"2021-03-22T14:11:44","guid":{"rendered":"https:\/\/www.bjultrasonic.com\/shop\/2500ml-ultrasonic-fogger\/"},"modified":"2026-03-28T20:57:42","modified_gmt":"2026-03-29T01:57:42","slug":"2500ml-ultrasonic-fogger","status":"publish","type":"product","link":"https:\/\/www.bjultrasonic.com\/fr\/shop\/2500ml-ultrasonic-fogger\/","title":{"rendered":"2500ML Brumisateur \u00e0 Ultrasons"},"content":{"rendered":"<table class=\"table table-striped table-bordered\">\n<tbody>\n<tr>\n<td width=\"284\">Type<\/td>\n<td width=\"284\">BJA2500<\/td>\n<\/tr>\n<tr>\n<td width=\"284\">Quantit\u00e9 de pulv\u00e9risation<\/td>\n<td width=\"284\">&gt;2500ML<\/td>\n<\/tr>\n<tr>\n<td width=\"284\">Taille<\/td>\n<td width=\"284\">150*90*30mm (longueur*largeur*hauteur)<\/td>\n<\/tr>\n<tr>\n<td width=\"284\">Fr\u00e9quence de travail<\/td>\n<td width=\"284\">1700\u00b150(KHZ)<\/td>\n<\/tr>\n<tr>\n<td width=\"284\">Diam\u00e8tre des c\u00e9ramiques pi\u00e9zo\u00e9lectriques<\/td>\n<td width=\"284\">20mm<\/td>\n<\/tr>\n<tr>\n<td width=\"284\">Temp\u00e9rature de travail<\/td>\n<td width=\"284\">5\uff5e45\u2103<\/td>\n<\/tr>\n<tr>\n<td width=\"284\">Protection contre la surchauffe<\/td>\n<td width=\"284\">50\u2103<\/td>\n<\/tr>\n<tr>\n<td width=\"284\">Niveau d&rsquo;eau<\/td>\n<td width=\"284\">40mm-80mm<\/td>\n<\/tr>\n<tr>\n<td width=\"284\">Tension de travail<\/td>\n<td width=\"284\">CC 36v-50v<\/td>\n<\/tr>\n<tr>\n<td width=\"284\">Puissance :<\/td>\n<td width=\"284\">350W<\/td>\n<\/tr>\n<tr>\n<td width=\"284\">Courant<\/td>\n<td width=\"284\">5,5A<\/td>\n<\/tr>\n<tr>\n<td width=\"284\">Mat\u00e9riau<\/td>\n<td width=\"284\">Acier inoxydable<\/td>\n<\/tr>\n<tr>\n<td width=\"284\">LED<\/td>\n<td width=\"284\">Oui<\/td>\n<\/tr>\n<tr>\n<td width=\"284\">Zone d&rsquo;utilisation<\/td>\n<td width=\"284\">41-60M2<\/td>\n<\/tr>\n<tr>\n<td width=\"284\">Tension<\/td>\n<td width=\"284\">220v\/50hz\u00a0\u00a0\u00a0230v\/50hz<\/p>\n<p>120v\/60hz\u00a0\u00a0\u00a0110v\/60hz<\/p>\n<p>&nbsp;<\/td>\n<\/tr>\n<\/tbody>\n<\/table>\n<h3>Vid\u00e9os sur les humidificateurs \u00e0 ultrasons<\/h3>\n<p><iframe loading=\"lazy\" title=\"Ultrasonic Humidifier\" width=\"500\" height=\"281\" src=\"https:\/\/www.youtube.com\/embed\/videoseries?list=PLLrjMYkO0_NEpofnqW3MnsGQ-KMwpBJul\" frameborder=\"0\" allow=\"accelerometer; autoplay; clipboard-write; encrypted-media; gyroscope; picture-in-picture; web-share\" referrerpolicy=\"strict-origin-when-cross-origin\" allowfullscreen><\/iframe><\/p>\n","protected":false},"excerpt":{"rendered":"<p><a href=\"https:\/\/www.bjultrasonic.com\/fr\/category\/ultrasonic-atomizer-fr\/\">Humidificateur \u00e0 ultrasons<\/a> utilise l&rsquo;\u00e9nergie ultrasonique pour transformer les liquides en particules semblables \u00e0 des nuages. Le humidificateur \u00e0 ultrasons est \u00e9galement appel\u00e9 atomiseur \u00e0 ultrasons, <a href=\"https:\/\/www.bjultrasonic.com\/fr\/shop\/ultrasonic-atomizing-transducer\/\">g\u00e9n\u00e9rateur de brume \u00e0 ultrasons<\/a>, brumisateur \u00e0 ultrasons.<\/p>\n","protected":false},"featured_media":23797,"comment_status":"open","ping_status":"closed","template":"","meta":[],"product_brand":[],"product_cat":[6193],"product_tag":[],"class_list":{"0":"post-65352","1":"product","2":"type-product","3":"status-publish","4":"has-post-thumbnail","6":"product_cat-ultrasonic-atomizer-fr","8":"first","9":"instock","10":"shipping-taxable","11":"purchasable","12":"product-type-simple","13":"prodpage-classic"},"aioseo_notices":[],"_links":{"self":[{"href":"https:\/\/www.bjultrasonic.com\/fr\/wp-json\/wp\/v2\/product\/65352","targetHints":{"allow":["GET"]}}],"collection":[{"href":"https:\/\/www.bjultrasonic.com\/fr\/wp-json\/wp\/v2\/product"}],"about":[{"href":"https:\/\/www.bjultrasonic.com\/fr\/wp-json\/wp\/v2\/types\/product"}],"replies":[{"embeddable":true,"href":"https:\/\/www.bjultrasonic.com\/fr\/wp-json\/wp\/v2\/comments?post=65352"}],"wp:featuredmedia":[{"embeddable":true,"href":"https:\/\/www.bjultrasonic.com\/fr\/wp-json\/wp\/v2\/media\/23797"}],"wp:attachment":[{"href":"https:\/\/www.bjultrasonic.com\/fr\/wp-json\/wp\/v2\/media?parent=65352"}],"wp:term":[{"taxonomy":"product_brand","embeddable":true,"href":"https:\/\/www.bjultrasonic.com\/fr\/wp-json\/wp\/v2\/product_brand?post=65352"},{"taxonomy":"product_cat","embeddable":true,"href":"https:\/\/www.bjultrasonic.com\/fr\/wp-json\/wp\/v2\/product_cat?post=65352"},{"taxonomy":"product_tag","embeddable":true,"href":"https:\/\/www.bjultrasonic.com\/fr\/wp-json\/wp\/v2\/product_tag?post=65352"}],"curies":[{"name":"wp","href":"https:\/\/api.w.org\/{rel}","templated":true}]}}