{"id":65392,"date":"2021-03-22T09:02:21","date_gmt":"2021-03-22T14:02:21","guid":{"rendered":"https:\/\/www.bjultrasonic.com\/shop\/700ml-ultrasonic-humidifier\/"},"modified":"2026-03-28T20:57:19","modified_gmt":"2026-03-29T01:57:19","slug":"700ml-ultrasonic-humidifier","status":"publish","type":"product","link":"https:\/\/www.bjultrasonic.com\/fr\/shop\/700ml-ultrasonic-humidifier\/","title":{"rendered":"Humidificateur \u00e0 Ultrasons de 700ML"},"content":{"rendered":"<table class=\"table table-striped table-bordered\">\n<tbody>\n<tr>\n<td width=\"343\">Type<\/td>\n<td width=\"343\">BJA700<\/td>\n<\/tr>\n<tr>\n<td width=\"343\">Quantit\u00e9 de pulv\u00e9risation<\/td>\n<td width=\"343\">&gt;700ML<\/td>\n<\/tr>\n<tr>\n<td width=\"343\">Dimensions<\/td>\n<td width=\"343\">115*44*51mm L*l*H<\/td>\n<\/tr>\n<tr>\n<td width=\"343\">Fr\u00e9quence de fonctionnement<\/td>\n<td width=\"343\">1700\u00b150(KHZ)<\/td>\n<\/tr>\n<tr>\n<td width=\"343\">Diam\u00e8tre des c\u00e9ramiques pi\u00e9zo\u00e9lectriques<\/td>\n<td width=\"343\">20mm<\/td>\n<\/tr>\n<tr>\n<td width=\"343\">Temp\u00e9rature de fonctionnement<\/td>\n<td width=\"343\">5\uff5e45\u2103<\/td>\n<\/tr>\n<tr>\n<td width=\"343\">Niveau d&rsquo;eau<\/td>\n<td width=\"343\">Entre 40mm et 60mm au-dessus du fond du r\u00e9servoir<\/td>\n<\/tr>\n<tr>\n<td width=\"343\">Tension de fonctionnement<\/td>\n<td width=\"343\">DC 36V<\/td>\n<\/tr>\n<tr>\n<td width=\"343\">Puissance:<\/td>\n<td width=\"343\">80W<\/td>\n<\/tr>\n<tr>\n<td width=\"343\">Mat\u00e9riau<\/td>\n<td width=\"343\">Acier inoxydable 304<\/td>\n<\/tr>\n<tr>\n<td width=\"343\">C\u00e2ble<\/td>\n<td width=\"343\">1,5M ou 3M<\/td>\n<\/tr>\n<\/tbody>\n<\/table>\n<p>&nbsp;<\/p>\n<h3>Vid\u00e9os sur les humidificateurs \u00e0 ultrasons<\/h3>\n<p><iframe loading=\"lazy\" title=\"Ultrasonic Humidifier\" width=\"500\" height=\"281\" src=\"https:\/\/www.youtube.com\/embed\/videoseries?list=PLLrjMYkO0_NEpofnqW3MnsGQ-KMwpBJul\" frameborder=\"0\" allow=\"accelerometer; autoplay; clipboard-write; encrypted-media; gyroscope; picture-in-picture; web-share\" referrerpolicy=\"strict-origin-when-cross-origin\" allowfullscreen><\/iframe><\/p>\n","protected":false},"excerpt":{"rendered":"<p><a href=\"https:\/\/www.bjultrasonic.com\/fr\/category\/ultrasonic-atomizer-fr\/\">L&rsquo;humidificateur ultrasonique<\/a> utilise l&rsquo;\u00e9nergie ultrasonique pour transformer les liquides en particules semblables \u00e0 des nuages. L&rsquo;humidificateur ultrasonique est \u00e9galement appel\u00e9 atomiseur ultrasonique, <a href=\"https:\/\/www.bjultrasonic.com\/fr\/shop\/ultrasonic-atomizing-transducer\/\">g\u00e9n\u00e9rateur de brume ultrasonique<\/a>, brumisateur ultrasonique.<\/p>\n","protected":false},"featured_media":23789,"comment_status":"open","ping_status":"closed","template":"","meta":[],"product_brand":[],"product_cat":[6193],"product_tag":[],"class_list":{"0":"post-65392","1":"product","2":"type-product","3":"status-publish","4":"has-post-thumbnail","6":"product_cat-ultrasonic-atomizer-fr","8":"first","9":"instock","10":"shipping-taxable","11":"purchasable","12":"product-type-simple","13":"prodpage-classic"},"aioseo_notices":[],"_links":{"self":[{"href":"https:\/\/www.bjultrasonic.com\/fr\/wp-json\/wp\/v2\/product\/65392","targetHints":{"allow":["GET"]}}],"collection":[{"href":"https:\/\/www.bjultrasonic.com\/fr\/wp-json\/wp\/v2\/product"}],"about":[{"href":"https:\/\/www.bjultrasonic.com\/fr\/wp-json\/wp\/v2\/types\/product"}],"replies":[{"embeddable":true,"href":"https:\/\/www.bjultrasonic.com\/fr\/wp-json\/wp\/v2\/comments?post=65392"}],"wp:featuredmedia":[{"embeddable":true,"href":"https:\/\/www.bjultrasonic.com\/fr\/wp-json\/wp\/v2\/media\/23789"}],"wp:attachment":[{"href":"https:\/\/www.bjultrasonic.com\/fr\/wp-json\/wp\/v2\/media?parent=65392"}],"wp:term":[{"taxonomy":"product_brand","embeddable":true,"href":"https:\/\/www.bjultrasonic.com\/fr\/wp-json\/wp\/v2\/product_brand?post=65392"},{"taxonomy":"product_cat","embeddable":true,"href":"https:\/\/www.bjultrasonic.com\/fr\/wp-json\/wp\/v2\/product_cat?post=65392"},{"taxonomy":"product_tag","embeddable":true,"href":"https:\/\/www.bjultrasonic.com\/fr\/wp-json\/wp\/v2\/product_tag?post=65392"}],"curies":[{"name":"wp","href":"https:\/\/api.w.org\/{rel}","templated":true}]}}