{"id":65572,"date":"2021-03-16T02:47:49","date_gmt":"2021-03-16T07:47:49","guid":{"rendered":"https:\/\/www.bjultrasonic.com\/shop\/three-tanks-industrial-ultrasonic-cleaners\/"},"modified":"2026-03-28T20:55:33","modified_gmt":"2026-03-29T01:55:33","slug":"three-tanks-industrial-ultrasonic-cleaners","status":"publish","type":"product","link":"https:\/\/www.bjultrasonic.com\/fr\/shop\/three-tanks-industrial-ultrasonic-cleaners\/","title":{"rendered":"Nettoyeurs Ultrasonores Industriels \u00e0 Trois Cuves"},"content":{"rendered":"<h3>Sp\u00e9cifications (Nous pouvons personnaliser toute taille selon les besoins)<\/h3>\n<table class=\"table table-striped table-bordered\">\n<tbody>\n<tr>\n<td> Type<\/td>\n<td>Fr\u00e9quence<\/p>\n<p>(KHz)<\/td>\n<td>Transducteur ultrasonique<\/p>\n<p>(PCS)<\/td>\n<td>Volume<\/p>\n<p>(L)<\/td>\n<td>Puissance ultrasonique<\/p>\n<p>(W)<\/td>\n<td>Dimensions du bac<\/p>\n<p>(L*l*H MM)<\/td>\n<td>Puissance de chauffage<\/p>\n<p>(W)<\/td>\n<td>Minuteur<\/p>\n<p>(MIN)<\/td>\n<td>S\u00e9chage<\/td>\n<td>Filtre<\/td>\n<td>Rin\u00e7age<\/td>\n<\/tr>\n<tr>\n<td>BJCTE38<\/td>\n<td>28 ou 40k ou autre<\/td>\n<td>12<\/td>\n<td>38<\/td>\n<td>600<\/td>\n<td>500*300*250<\/td>\n<td>1500<\/td>\n<td>1~99\uff08h\uff09<\/td>\n<td>OUI<\/td>\n<td>OUI<\/td>\n<td>OUI<\/td>\n<\/tr>\n<tr>\n<td>BJCTE53<\/td>\n<td>28 ou 40k ou autre<\/td>\n<td>18<\/td>\n<td>53<\/td>\n<td>900<\/td>\n<td>500*350*300<\/td>\n<td>1500<\/td>\n<td>1~99\uff08h\uff09<\/td>\n<td>OUI<\/td>\n<td>OUI<\/td>\n<td>OUI<\/td>\n<\/tr>\n<tr>\n<td>BJCTE78<\/td>\n<td>28 ou 40k ou autre<\/td>\n<td>24<\/td>\n<td>78<\/td>\n<td>1200<\/td>\n<td>550*400*350<\/td>\n<td>3000<\/td>\n<td>1~99\uff08h\uff09<\/td>\n<td>OUI<\/td>\n<td>OUI<\/td>\n<td>OUI<\/td>\n<\/tr>\n<tr>\n<td>BJCTE88<\/td>\n<td>28 ou 40k ou autre<\/td>\n<td>24<\/td>\n<td>88<\/td>\n<td>1200<\/td>\n<td>550*400*400<\/td>\n<td>3000<\/td>\n<td>1~99\uff08h\uff09<\/td>\n<td>OUI<\/td>\n<td>OUI<\/td>\n<td>OUI<\/td>\n<\/tr>\n<tr>\n<td>BJCTE99<\/td>\n<td>28 ou 40k ou autre<\/td>\n<td>30<\/td>\n<td>99<\/td>\n<td>1500<\/td>\n<td>550*450*400<\/td>\n<td>3000<\/td>\n<td>1~99\uff08h\uff09<\/td>\n<td>OUI<\/td>\n<td>OUI<\/td>\n<td>OUI<\/td>\n<\/tr>\n<tr>\n<td>BJCTE135<\/td>\n<td>28 ou 40k ou autre<\/td>\n<td>36<\/td>\n<td>135<\/td>\n<td>1800<\/td>\n<td>600*500*450<\/td>\n<td>4500<\/td>\n<td>1~99\uff08h\uff09<\/td>\n<td>OUI<\/td>\n<td>OUI<\/td>\n<td>OUI<\/td>\n<\/tr>\n<tr>\n<td>BJCTE175<\/td>\n<td>28 ou 40k ou autre<\/td>\n<td>48<\/td>\n<td>175<\/td>\n<td>2400<\/td>\n<td>700*500*550<\/td>\n<td>6000<\/td>\n<td>1~99\uff08h\uff09<\/td>\n<td>OUI<\/td>\n<td>OUI<\/td>\n<td>OUI<\/td>\n<\/tr>\n<tr>\n<td>BJCTE264<\/td>\n<td>28 ou 40k ou autre<\/td>\n<td>60<\/td>\n<td>264<\/td>\n<td>3000<\/td>\n<td>800*600*550<\/td>\n<td>9000<\/td>\n<td>1~99\uff08h\uff09<\/td>\n<td>OUI<\/td>\n<td>OUI<\/td>\n<td>OUI<\/td>\n<\/tr>\n<tr>\n<td>BJCTE360<\/td>\n<td>28 ou 40k ou autre<\/td>\n<td>72<\/td>\n<td>360<\/td>\n<td>3600<\/td>\n<td>1000*600*600<\/td>\n<td>12000<\/td>\n<td>1~99\uff08h\uff09<\/td>\n<td>OUI<\/td>\n<td>OUI<\/td>\n<td>OUI<\/td>\n<\/tr>\n<tr>\n<td>BJCTE540<\/td>\n<td>28 ou 40k ou autre<\/td>\n<td>108<\/td>\n<td>540<\/td>\n<td>5400<\/td>\n<td>1000*900*600<\/td>\n<td>18000<\/td>\n<td>1~99\uff08h\uff09<\/td>\n<td>OUI<\/td>\n<td>OUI<\/td>\n<td>OUI<\/td>\n<\/tr>\n<tr>\n<td>BJCTE960<\/td>\n<td>28 ou 40k ou autre<\/td>\n<td>144<\/td>\n<td>960<\/td>\n<td>7200<\/td>\n<td>1200*1000*800<\/td>\n<td>27000<\/td>\n<td>1~99\uff08h\uff09<\/td>\n<td>OUI<\/td>\n<td>OUI<\/td>\n<td>OUI<\/td>\n<\/tr>\n<\/tbody>\n<\/table>\n<p>Utilisation d&rsquo;un adh\u00e9sif \u00e9poxy de haute qualit\u00e9. Ne se d\u00e9tache pas facilement.<br \/>\nCollage du transducteur ultrasonique par estampage. Sablage. Lavage et s\u00e9chage. Filetage<\/p>\n<p><img loading=\"lazy\" decoding=\"async\" class=\"alignnone size-full wp-image-23706\" src=\"https:\/\/www.bjultrasonic.com\/wp-content\/uploads\/2021\/03\/Bond-ultrasonic-transducer-by-using-stamping.jpg\" alt=\"Collage du transducteur ultrasonique par estampage\" width=\"700\" height=\"398\" \/><\/p>\n","protected":false},"excerpt":{"rendered":"<h3>Nettoyage Ultrasonore + Rin\u00e7age + S\u00e9chage + Filtre<\/h3>\n<ol>\n<li>Mat\u00e9riau de la cuve : Cuve en acier inoxydable 304. Moulage par estampage ouvert sans soudure.<\/li>\n<li>\u00c9paisseur de la cuve : 3 mm, longue dur\u00e9e de vie<\/li>\n<li>Temps de travail : R\u00e9glable de 0 \u00e0 90 minutes<\/li>\n<li>Contr\u00f4le de la temp\u00e9rature : 0 \u00e0 80 degr\u00e9s<\/li>\n<li>Puissance : R\u00e9glable<\/li>\n<li>Fr\u00e9quence : Selon les besoins, c\u00e2ble<\/li>\n<li>Norme industrielle, cordon d&rsquo;alimentation robuste, r\u00e9sistant \u00e0 la chaleur, r\u00e9sistant au ramollissement<\/li>\n<li>Haute pr\u00e9cision : Comme l&rsquo;\u00e9nergie ultrasonore peut traverser de minuscules fissures et trous, elle peut \u00eatre appliqu\u00e9e au nettoyage de n&rsquo;importe quelle pi\u00e8ce ou assemblage. Pour les pi\u00e8ces ou assemblages de pr\u00e9cision \u00e0 nettoyer, le nettoyage ultrasonore devient souvent la seule m\u00e9thode de nettoyage capable de r\u00e9pondre aux exigences techniques sp\u00e9ciales ;<\/li>\n<li>Rapidit\u00e9 : Le nettoyage ultrasonore est nettement plus rapide que les m\u00e9thodes de nettoyage classiques en termes de d\u00e9poussi\u00e9rage et de d\u00e9capage des pi\u00e8ces. Il n&rsquo;est pas n\u00e9cessaire de d\u00e9monter l&rsquo;assemblage pour le nettoyer. L&rsquo;avantage du nettoyage ultrasonore, qui permet d&rsquo;\u00e9conomiser de la main-d&rsquo;\u0153uvre, tend \u00e0 en faire la m\u00e9thode de nettoyage la plus \u00e9conomique ;<\/li>\n<li>Uniformit\u00e9 : Que la pi\u00e8ce \u00e0 nettoyer soit grande ou petite, simple ou complexe, unique ou en lot, ou sur une ligne d&rsquo;assemblage automatique, l&rsquo;utilisation du nettoyage ultrasonore permet d&rsquo;obtenir une uniformit\u00e9 de propret\u00e9 incomparable avec un nettoyage manuel.<\/li>\n<li>Conception : Le produit est con\u00e7u de mani\u00e8re esth\u00e9tique et facile, le bo\u00eetier est r\u00e9alis\u00e9 en acier inoxydable de haute qualit\u00e9 avec embossage. Les performances anti-rouille sont bonnes ; la cuve de nettoyage est fabriqu\u00e9e en acier inoxydable SUS304 de haute qualit\u00e9 par estampage, sans soudure, les performances d&rsquo;\u00e9tanch\u00e9it\u00e9 sont bonnes.<\/li>\n<li>Circuit : Le circuit d&rsquo;alimentation utilise les nouveaux oscillateurs OS, permettant un contr\u00f4le pr\u00e9cis de la fr\u00e9quence de vibration et disposant d&rsquo;une fonction de collecte de retour, la sortie ultrasonore est plus stable et fiable.<\/li>\n<li>Transducteur ultrasonore : Le transducteur ultrasonore adopte une structure enti\u00e8rement en aluminium \u00e0 plus longue dur\u00e9e de vie, r\u00e9duisant l&rsquo;\u00e9chauffement et assurant une sortie stable.<\/li>\n<\/ol>\n","protected":false},"featured_media":23712,"comment_status":"closed","ping_status":"closed","template":"","meta":[],"product_brand":[],"product_cat":[5954],"product_tag":[],"class_list":{"0":"post-65572","1":"product","2":"type-product","3":"status-publish","4":"has-post-thumbnail","6":"product_cat-big-ultrasonic-cleaning-machine-fr","8":"first","9":"instock","10":"shipping-taxable","11":"product-type-external","12":"prodpage-classic"},"aioseo_notices":[],"_links":{"self":[{"href":"https:\/\/www.bjultrasonic.com\/fr\/wp-json\/wp\/v2\/product\/65572","targetHints":{"allow":["GET"]}}],"collection":[{"href":"https:\/\/www.bjultrasonic.com\/fr\/wp-json\/wp\/v2\/product"}],"about":[{"href":"https:\/\/www.bjultrasonic.com\/fr\/wp-json\/wp\/v2\/types\/product"}],"replies":[{"embeddable":true,"href":"https:\/\/www.bjultrasonic.com\/fr\/wp-json\/wp\/v2\/comments?post=65572"}],"wp:featuredmedia":[{"embeddable":true,"href":"https:\/\/www.bjultrasonic.com\/fr\/wp-json\/wp\/v2\/media\/23712"}],"wp:attachment":[{"href":"https:\/\/www.bjultrasonic.com\/fr\/wp-json\/wp\/v2\/media?parent=65572"}],"wp:term":[{"taxonomy":"product_brand","embeddable":true,"href":"https:\/\/www.bjultrasonic.com\/fr\/wp-json\/wp\/v2\/product_brand?post=65572"},{"taxonomy":"product_cat","embeddable":true,"href":"https:\/\/www.bjultrasonic.com\/fr\/wp-json\/wp\/v2\/product_cat?post=65572"},{"taxonomy":"product_tag","embeddable":true,"href":"https:\/\/www.bjultrasonic.com\/fr\/wp-json\/wp\/v2\/product_tag?post=65572"}],"curies":[{"name":"wp","href":"https:\/\/api.w.org\/{rel}","templated":true}]}}