{"id":65612,"date":"2021-03-16T02:36:21","date_gmt":"2021-03-16T07:36:21","guid":{"rendered":"https:\/\/www.bjultrasonic.com\/shop\/single-tank-industrial-ultrasonic-cleaners\/"},"modified":"2026-03-28T20:55:30","modified_gmt":"2026-03-29T01:55:30","slug":"single-tank-industrial-ultrasonic-cleaners","status":"publish","type":"product","link":"https:\/\/www.bjultrasonic.com\/fr\/shop\/single-tank-industrial-ultrasonic-cleaners\/","title":{"rendered":"Nettoyeurs Ultrasonores Industriels \u00e0 R\u00e9servoir Unique"},"content":{"rendered":"<h3>Sp\u00e9cifications (Nous pouvons personnaliser toute taille selon les besoins)<\/h3>\n<table class=\"table table-striped table-bordered\">\n<tbody>\n<tr>\n<td> Type<\/td>\n<td>Fr\u00e9quence<\/p>\n<p>(KHz)<\/td>\n<td>Transducteur ultrasonique<\/p>\n<p>(PCS)<\/td>\n<td>Volume<\/p>\n<p>(L)<\/td>\n<td>Puissance ultrasonique<\/p>\n<p>(W)<\/td>\n<td>Taille du bac<\/p>\n<p>(L*l*H MM)<\/td>\n<td>Taille de la machine<\/p>\n<p>(L*l*H MM)<\/td>\n<td>Puissance de chauffage<\/p>\n<p>(W)<\/td>\n<td>Minuteur<\/p>\n<p>(MIN)<\/td>\n<td>Temp\u00e9rature<\/p>\n<p>(\u2103)<\/td>\n<\/tr>\n<tr>\n<td>BJCE2400<\/td>\n<td>28K 40K Ou autre<\/td>\n<td>48<\/td>\n<td>175<\/td>\n<td>2400<\/td>\n<td>700*500*500<\/td>\n<td>880*680*750<\/td>\n<td>4500<\/td>\n<td>0~99\uff08h\uff09<\/td>\n<td>20~95<\/td>\n<\/tr>\n<tr>\n<td>BJCE3000<\/td>\n<td><\/td>\n<td>60<\/td>\n<td>264<\/td>\n<td>3000<\/td>\n<td>800*600*550<\/td>\n<td>980*780*800<\/td>\n<td>6000<\/td>\n<td>0~99\uff08h\uff09<\/td>\n<td>20~95<\/td>\n<\/tr>\n<tr>\n<td>BJCE3600<\/td>\n<td><\/td>\n<td>72<\/td>\n<td>330<\/td>\n<td>3600<\/td>\n<td>1000*600*550<\/td>\n<td>1180*780*800<\/td>\n<td>6000<\/td>\n<td>0~99\uff08h\uff09<\/td>\n<td>20~95<\/td>\n<\/tr>\n<tr>\n<td>BJCE4200<\/td>\n<td><\/td>\n<td>84<\/td>\n<td>385<\/td>\n<td>0-4200<\/td>\n<td>1000*700*550<\/td>\n<td>1180*880*800<\/td>\n<td>9000<\/td>\n<td>0~99\uff08h\uff09<\/td>\n<td>20~95<\/td>\n<\/tr>\n<tr>\n<td>BJCE4800<\/td>\n<td><\/td>\n<td>96<\/td>\n<td>450<\/td>\n<td>0-4800<\/td>\n<td>1000*750*600<\/td>\n<td>1180*930*850<\/td>\n<td>9000<\/td>\n<td>0~99\uff08h\uff09<\/td>\n<td>20~95<\/td>\n<\/tr>\n<tr>\n<td>BJCE5400<\/td>\n<td><\/td>\n<td>108<\/td>\n<td>540<\/td>\n<td>0-5400<\/td>\n<td>1000*900*600<\/td>\n<td>1180*1080*850<\/td>\n<td>10500<\/td>\n<td>0~99\uff08h\uff09<\/td>\n<td>20~95<\/td>\n<\/tr>\n<tr>\n<td>BJCE6000<\/td>\n<td><\/td>\n<td>120<\/td>\n<td>570<\/td>\n<td>0-6000<\/td>\n<td>1000*950*600<\/td>\n<td>1180*1130*850<\/td>\n<td>10500<\/td>\n<td>0~99\uff08h\uff09<\/td>\n<td>20~95<\/td>\n<\/tr>\n<tr>\n<td>BJCE6600<\/td>\n<td><\/td>\n<td>132<\/td>\n<td>650<\/td>\n<td>0-6600<\/td>\n<td>1000*1000*650<\/td>\n<td>1180*1180*900<\/td>\n<td>12000<\/td>\n<td>0~99\uff08h\uff09<\/td>\n<td>20~95<\/td>\n<\/tr>\n<tr>\n<td>BJCE7200<\/td>\n<td><\/td>\n<td>144<\/td>\n<td>715<\/td>\n<td>0-7200<\/td>\n<td>1100*1000*650<\/td>\n<td>1280*1180*900<\/td>\n<td>12000<\/td>\n<td>0~99\uff08h\uff09<\/td>\n<td>20~95<\/td>\n<\/tr>\n<tr>\n<td colspan=\"2\">BJCE10800<\/td>\n<td>216<\/td>\n<td>975<\/td>\n<td>0-10800<\/td>\n<td>1500*1000*650<\/td>\n<td>1680*1180*900<\/td>\n<td>12000<\/td>\n<td>0~99\uff08h\uff09<\/td>\n<td>20~95<\/td>\n<\/tr>\n<\/tbody>\n<\/table>\n<p>Utilisation d&rsquo;une colle \u00e9poxy de haute qualit\u00e9. Ne se d\u00e9tache pas facilement.<br \/>\nFixation du transducteur ultrasonique par emboutissage. Sablage. Lavage et s\u00e9chage. Traitement filet\u00e9<\/p>\n<p><img loading=\"lazy\" decoding=\"async\" class=\"alignnone size-full wp-image-23706\" src=\"https:\/\/www.bjultrasonic.com\/wp-content\/uploads\/2021\/03\/Bond-ultrasonic-transducer-by-using-stamping.jpg\" alt=\"Fixation du transducteur ultrasonique par emboutissage\" width=\"700\" height=\"398\" \/><\/p>\n","protected":false},"excerpt":{"rendered":"<p>Nous pouvons personnaliser diff\u00e9rentes tailles de cuves de nettoyage selon les besoins.<\/p>\n<ol>\n<li>Mat\u00e9riau de la cuve : cuve en acier inoxydable 304. Moulage par estampage \u00e0 matrice ouverte sans soudures.<\/li>\n<li>\u00c9paisseur de la cuve : 3 mm, longue dur\u00e9e de vie<\/li>\n<li>Temps de travail : r\u00e9glable de 0 \u00e0 90 minutes<\/li>\n<li>Contr\u00f4le de temp\u00e9rature : de 0 \u00e0 80 degr\u00e9s<\/li>\n<li>Puissance : r\u00e9glable<\/li>\n<li>Fr\u00e9quence : selon les besoins, c\u00e2ble<\/li>\n<li>Norme industrielle, cordon d&rsquo;alimentation robuste r\u00e9sistant \u00e0 la chaleur, r\u00e9sistant au ramollissement<\/li>\n<li>Haute pr\u00e9cision : Parce que l&rsquo;\u00e9nergie ultrasonique peut traverser de minuscules fissures et trous, elle peut \u00eatre appliqu\u00e9e au nettoyage de n&rsquo;importe quelle pi\u00e8ce ou assemblage. Pour les pi\u00e8ces ou assemblages de pr\u00e9cision \u00e0 nettoyer, le nettoyage ultrasonique devient souvent la seule m\u00e9thode de nettoyage capable de r\u00e9pondre aux exigences techniques sp\u00e9ciales ;<\/li>\n<li>Rapidit\u00e9 : Le nettoyage ultrasonique est beaucoup plus rapide que les m\u00e9thodes de nettoyage r\u00e9guli\u00e8res en termes de d\u00e9poussi\u00e9rage et de d\u00e9capage des pi\u00e8ces. Il n&rsquo;est pas n\u00e9cessaire de d\u00e9monter l&rsquo;assemblage pour le nettoyer. L&rsquo;avantage du nettoyage ultrasonique peut \u00e9conomiser de la main-d&rsquo;\u0153uvre, ce qui en fait la m\u00e9thode de nettoyage la plus \u00e9conomique ;<\/li>\n<li>Uniformit\u00e9 : Que la pi\u00e8ce \u00e0 nettoyer soit grande ou petite, simple ou complexe, unique ou en lot, ou sur une ligne d&rsquo;assemblage automatique, l&rsquo;utilisation du nettoyage ultrasonique permet d&rsquo;obtenir une uniformit\u00e9 de propret\u00e9 incomparable avec le nettoyage manuel.<\/li>\n<li>Conception : Le produit est con\u00e7u de mani\u00e8re esth\u00e9tique et simple, le bo\u00eetier est fabriqu\u00e9 en acier inoxydable de haute qualit\u00e9 avec embossage. Les performances anti-rouille sont bonnes ; La cuve de nettoyage est fabriqu\u00e9e en acier inoxydable SUS304 de haute qualit\u00e9 par estampage, sans soudure, les performances d&rsquo;\u00e9tanch\u00e9it\u00e9 sont excellentes.<\/li>\n<li>Circuit : Le circuit d&rsquo;alimentation utilise les nouveaux oscillateurs OS, contr\u00f4le pr\u00e9cis de la fr\u00e9quence de vibration et poss\u00e8de une fonction de collecte de retour, la sortie ultrasonique est plus stable et fiable.<\/li>\n<li>Transducteur ultrasonique : Le transducteur ultrasonique adopte une structure enti\u00e8rement en aluminium \u00e0 plus longue dur\u00e9e de vie, r\u00e9duit l&rsquo;\u00e9chauffement, sortie stable.<\/li>\n<\/ol>\n","protected":false},"featured_media":23715,"comment_status":"closed","ping_status":"closed","template":"","meta":[],"product_brand":[],"product_cat":[5954],"product_tag":[],"class_list":{"0":"post-65612","1":"product","2":"type-product","3":"status-publish","4":"has-post-thumbnail","6":"product_cat-big-ultrasonic-cleaning-machine-fr","8":"first","9":"instock","10":"shipping-taxable","11":"product-type-external","12":"prodpage-classic"},"aioseo_notices":[],"_links":{"self":[{"href":"https:\/\/www.bjultrasonic.com\/fr\/wp-json\/wp\/v2\/product\/65612","targetHints":{"allow":["GET"]}}],"collection":[{"href":"https:\/\/www.bjultrasonic.com\/fr\/wp-json\/wp\/v2\/product"}],"about":[{"href":"https:\/\/www.bjultrasonic.com\/fr\/wp-json\/wp\/v2\/types\/product"}],"replies":[{"embeddable":true,"href":"https:\/\/www.bjultrasonic.com\/fr\/wp-json\/wp\/v2\/comments?post=65612"}],"wp:featuredmedia":[{"embeddable":true,"href":"https:\/\/www.bjultrasonic.com\/fr\/wp-json\/wp\/v2\/media\/23715"}],"wp:attachment":[{"href":"https:\/\/www.bjultrasonic.com\/fr\/wp-json\/wp\/v2\/media?parent=65612"}],"wp:term":[{"taxonomy":"product_brand","embeddable":true,"href":"https:\/\/www.bjultrasonic.com\/fr\/wp-json\/wp\/v2\/product_brand?post=65612"},{"taxonomy":"product_cat","embeddable":true,"href":"https:\/\/www.bjultrasonic.com\/fr\/wp-json\/wp\/v2\/product_cat?post=65612"},{"taxonomy":"product_tag","embeddable":true,"href":"https:\/\/www.bjultrasonic.com\/fr\/wp-json\/wp\/v2\/product_tag?post=65612"}],"curies":[{"name":"wp","href":"https:\/\/api.w.org\/{rel}","templated":true}]}}