{"id":65852,"date":"2018-12-17T06:10:58","date_gmt":"2018-12-17T11:10:58","guid":{"rendered":"https:\/\/www.bjultrasonic.com\/shop\/6l-mechanical-ultrasonic-cleaner-with-time-control\/"},"modified":"2026-03-28T20:53:18","modified_gmt":"2026-03-29T01:53:18","slug":"6l-mechanical-ultrasonic-cleaner-with-time-control","status":"publish","type":"product","link":"https:\/\/www.bjultrasonic.com\/fr\/shop\/6l-mechanical-ultrasonic-cleaner-with-time-control\/","title":{"rendered":"Nettoyeur Ultrasonique M\u00e9canique 6L Avec Contr\u00f4le du Temps"},"content":{"rendered":"<table class=\"table table-striped table-bordered\">\n<tbody>\n<tr>\n<td width=\"284\">\n<p>Type<\/p>\n<\/td>\n<td width=\"284\">\n<p>BJUCMT6<\/p>\n<\/td>\n<\/tr>\n<tr>\n<td width=\"284\">\n<p>Capacit\u00e9 du r\u00e9servoir<\/p>\n<\/td>\n<td width=\"284\">\n<p>6L<\/p>\n<\/td>\n<\/tr>\n<tr>\n<td width=\"284\">\n<p>Puissance ultrasonique<\/p>\n<\/td>\n<td width=\"284\">\n<p>180W<\/p>\n<\/td>\n<\/tr>\n<tr>\n<td width=\"284\">\n<p>Fr\u00e9quence<\/p>\n<\/td>\n<td width=\"284\">\n<p>40KHZ<\/p>\n<\/td>\n<\/tr>\n<tr>\n<td width=\"284\">\n<p>Minuterie<\/p>\n<\/td>\n<td width=\"284\">\n<p>0-30 min<\/p>\n<\/td>\n<\/tr>\n<tr>\n<td width=\"284\">\n<p>Dimensions du r\u00e9servoir<\/p>\n<\/td>\n<td width=\"284\">\n<p>300*150*150 mm L*l*H<\/p>\n<\/td>\n<\/tr>\n<tr>\n<td width=\"284\">\n<p>Dimensions de la machine<\/p>\n<\/td>\n<td width=\"284\">\n<p>330*180*270 mm L*l*H<\/p>\n<\/td>\n<\/tr>\n<tr>\n<td width=\"284\">\n<p>\u00c9vacuation<\/p>\n<\/td>\n<td width=\"284\">\n<p>Oui<\/p>\n<\/td>\n<\/tr>\n<tr>\n<td width=\"284\">\n<p>Couvercle<\/p>\n<\/td>\n<td width=\"284\">\n<p>Oui<\/p>\n<\/td>\n<\/tr>\n<tr>\n<td width=\"284\">\n<p>Poids unitaire<\/p>\n<\/td>\n<td width=\"284\">\n<p>6kg<\/p>\n<\/td>\n<\/tr>\n<\/tbody>\n<\/table>\n<h3>Fonctions<\/h3>\n<ul>\n<li>Minuterie : r\u00e9glable de 1 \u00e0 30 min.<\/li>\n<li>Mat\u00e9riau : le r\u00e9servoir et la machine sont en acier inoxydable.<\/li>\n<li>Avantages du produit : r\u00e9servoir de nettoyage par emboutissage, soudure sans d\u00e9faut.<\/li>\n<li>Qualit\u00e9 des composants : utilisation d&rsquo;un <a href=\"https:\/\/www.bjultrasonic.com\/fr\/category\/ultrasonic-transducer-fr\/\">transducteur ultrasonique<\/a> de haute qualit\u00e9, puissance \u00e9lev\u00e9e.<\/li>\n<li>Haute qualit\u00e9 du processus de collage. Le transducteur ultrasonique est coll\u00e9 \u00e0 l&rsquo;aide de colle \u00e9poxy.<\/li>\n<li>Syst\u00e8me de drainage : les mod\u00e8les de 6L et plus sont \u00e9quip\u00e9s d&rsquo;une vanne \u00e0 boisseau sph\u00e9rique de drainage.<\/li>\n<li>Syst\u00e8me de refroidissement : les mod\u00e8les de 10L ou plus sont \u00e9quip\u00e9s d&rsquo;un ventilateur de refroidissement haute efficacit\u00e9.<\/li>\n<\/ul>\n<p><img loading=\"lazy\" decoding=\"async\" src=\"https:\/\/www.bjultrasonic.com\/wp-content\/uploads\/2018\/12\/Mechanical-Ultrasonic-Cleaner-With-Time-Control-Package-2.jpg\" alt=\"Nettoyeur ultrasonique m\u00e9canique avec minuterie - Emballage\" width=\"742\" height=\"318\" \/><\/p>\n","protected":false},"excerpt":{"rendered":"<p><a href=\"https:\/\/www.bjultrasonic.com\/fr\/category\/ultrasonic-cleaning-system-fr\/mechanical-ultrasonic-cleaner-fr\/\">Nettoyeur ultrasonique m\u00e9canique<\/a> fabriqu\u00e9 par Beijing Ultrasonic. Utilise un transducteur ultrasonique de haute qualit\u00e9. Puissance \u00e9lev\u00e9e.<\/p>\n","protected":false},"featured_media":20047,"comment_status":"open","ping_status":"closed","template":"","meta":[],"product_brand":[],"product_cat":[5976],"product_tag":[],"class_list":{"0":"post-65852","1":"product","2":"type-product","3":"status-publish","4":"has-post-thumbnail","6":"product_cat-mechanical-ultrasonic-cleaner-fr","8":"first","9":"instock","10":"shipping-taxable","11":"purchasable","12":"product-type-simple","13":"prodpage-classic"},"aioseo_notices":[],"_links":{"self":[{"href":"https:\/\/www.bjultrasonic.com\/fr\/wp-json\/wp\/v2\/product\/65852","targetHints":{"allow":["GET"]}}],"collection":[{"href":"https:\/\/www.bjultrasonic.com\/fr\/wp-json\/wp\/v2\/product"}],"about":[{"href":"https:\/\/www.bjultrasonic.com\/fr\/wp-json\/wp\/v2\/types\/product"}],"replies":[{"embeddable":true,"href":"https:\/\/www.bjultrasonic.com\/fr\/wp-json\/wp\/v2\/comments?post=65852"}],"wp:featuredmedia":[{"embeddable":true,"href":"https:\/\/www.bjultrasonic.com\/fr\/wp-json\/wp\/v2\/media\/20047"}],"wp:attachment":[{"href":"https:\/\/www.bjultrasonic.com\/fr\/wp-json\/wp\/v2\/media?parent=65852"}],"wp:term":[{"taxonomy":"product_brand","embeddable":true,"href":"https:\/\/www.bjultrasonic.com\/fr\/wp-json\/wp\/v2\/product_brand?post=65852"},{"taxonomy":"product_cat","embeddable":true,"href":"https:\/\/www.bjultrasonic.com\/fr\/wp-json\/wp\/v2\/product_cat?post=65852"},{"taxonomy":"product_tag","embeddable":true,"href":"https:\/\/www.bjultrasonic.com\/fr\/wp-json\/wp\/v2\/product_tag?post=65852"}],"curies":[{"name":"wp","href":"https:\/\/api.w.org\/{rel}","templated":true}]}}