{"id":66212,"date":"2018-12-17T04:11:37","date_gmt":"2018-12-17T09:11:37","guid":{"rendered":"https:\/\/www.bjultrasonic.com\/shop\/1-3l-40khz-ultrasonic-cleaner\/"},"modified":"2026-03-28T20:50:06","modified_gmt":"2026-03-29T01:50:06","slug":"1-3l-40khz-ultrasonic-cleaner","status":"publish","type":"product","link":"https:\/\/www.bjultrasonic.com\/fr\/shop\/1-3l-40khz-ultrasonic-cleaner\/","title":{"rendered":"Nettoyeur Ultrasonique Num\u00e9rique 1.3L 40kHz Avec Contr\u00f4le du Temps et de la Temp\u00e9rature"},"content":{"rendered":"<table class=\"table table-striped table-bordered\">\n<tbody>\n<tr>\n<td width=\"293\">Type<\/td>\n<td width=\"356\">BJUCDTH1.3<\/td>\n<\/tr>\n<tr>\n<td width=\"293\">Capacit\u00e9 du r\u00e9servoir<\/td>\n<td width=\"356\">1.3L<\/td>\n<\/tr>\n<tr>\n<td width=\"293\">Puissance ultrasonique<\/td>\n<td width=\"356\">60W<\/td>\n<\/tr>\n<tr>\n<td width=\"293\">Fr\u00e9quence<\/td>\n<td width=\"356\">40KHz<\/td>\n<\/tr>\n<tr>\n<td width=\"293\">Puissance de chauffage<\/td>\n<td width=\"356\">50w<\/td>\n<\/tr>\n<tr>\n<td width=\"293\">Dimensions du r\u00e9servoir (mm)<\/td>\n<td width=\"356\">150*140*65(L*l*H)<\/td>\n<\/tr>\n<tr>\n<td width=\"293\">Dimensions de la machine (mm)<\/td>\n<td width=\"356\">180*170*140(L*l*H)<\/td>\n<\/tr>\n<tr>\n<td width=\"293\">Tension<\/td>\n<td width=\"356\">110VAC\u2014240VAC<\/td>\n<\/tr>\n<tr>\n<td width=\"293\">Minuterie<\/td>\n<td width=\"356\">0-30min<\/td>\n<\/tr>\n<tr>\n<td width=\"293\">Temp\u00e9rature<\/td>\n<td width=\"356\">&lt; 80 degr\u00e9s C<\/td>\n<\/tr>\n<tr>\n<td width=\"293\">Couvercle<\/td>\n<td width=\"356\">Oui<\/td>\n<\/tr>\n<tr>\n<td width=\"293\">\u00c9vacuation<\/td>\n<td width=\"356\">NON<\/td>\n<\/tr>\n<tr>\n<td width=\"293\">Poids unitaire<\/td>\n<td width=\"356\">2.5kg<\/td>\n<\/tr>\n<\/tbody>\n<\/table>\n<h3>Fonctionnalit\u00e9s<\/h3>\n<ul>\n<li>Minuterie : R\u00e9glable de 1 \u00e0 30 minutes.<\/li>\n<li>Temp\u00e9rature : R\u00e9glable de 20 \u00e0 80\u2103 ;<\/li>\n<li>Panneau d&rsquo;affichage : Affiche le temps de travail et la temp\u00e9rature.<\/li>\n<li>Mat\u00e9riau : Le r\u00e9servoir et la machine sont en acier inoxydable.<\/li>\n<li>Avantages du produit : R\u00e9servoir de nettoyage par emboutissage, soudure sans d\u00e9faut.<\/li>\n<li>Qualit\u00e9 des composants : Utilisation de <a href=\"https:\/\/www.bjultrasonic.com\/fr\/category\/ultrasonic-transducer-fr\/\">transducteurs ultrasoniques<\/a> de haute qualit\u00e9. Puissance \u00e9lev\u00e9e.<\/li>\n<li>Haute qualit\u00e9 du processus de collage. Le transducteur ultrasonique est coll\u00e9 \u00e0 l&rsquo;aide de colle \u00e9poxy.<\/li>\n<li>Syst\u00e8me de vidange : Les mod\u00e8les de 6L et plus sont \u00e9quip\u00e9s d&rsquo;une vanne \u00e0 boisseau de vidange.<\/li>\n<li>Syst\u00e8me de refroidissement : Les mod\u00e8les de 10L ou plus sont \u00e9quip\u00e9s d&rsquo;un ventilateur de refroidissement haute efficacit\u00e9.<\/li>\n<\/ul>\n<p><img loading=\"lazy\" decoding=\"async\" src=\"https:\/\/www.bjultrasonic.com\/wp-content\/uploads\/2018\/12\/40kHz-Digital-Ultrasonic-Cleaner-Package-2.jpg\" alt=\"Nettoyeur ultrasonique num\u00e9rique 40kHz - Emballage\" width=\"742\" height=\"315\" \/><\/p>\n","protected":false},"excerpt":{"rendered":"<p><a href=\"https:\/\/www.bjultrasonic.com\/fr\/category\/ultrasonic-cleaning-system-fr\/digital-ultrasonic-cleaner-fr\/\">Nettoyeur ultrasonique num\u00e9rique 40 kHz<\/a> avec contr\u00f4le du temps et de la temp\u00e9rature.<\/p>\n","protected":false},"featured_media":19946,"comment_status":"open","ping_status":"closed","template":"","meta":[],"product_brand":[],"product_cat":[5839],"product_tag":[],"class_list":{"0":"post-66212","1":"product","2":"type-product","3":"status-publish","4":"has-post-thumbnail","6":"product_cat-digital-ultrasonic-cleaner-fr","8":"first","9":"instock","10":"shipping-taxable","11":"purchasable","12":"product-type-simple","13":"prodpage-classic"},"aioseo_notices":[],"_links":{"self":[{"href":"https:\/\/www.bjultrasonic.com\/fr\/wp-json\/wp\/v2\/product\/66212","targetHints":{"allow":["GET"]}}],"collection":[{"href":"https:\/\/www.bjultrasonic.com\/fr\/wp-json\/wp\/v2\/product"}],"about":[{"href":"https:\/\/www.bjultrasonic.com\/fr\/wp-json\/wp\/v2\/types\/product"}],"replies":[{"embeddable":true,"href":"https:\/\/www.bjultrasonic.com\/fr\/wp-json\/wp\/v2\/comments?post=66212"}],"wp:featuredmedia":[{"embeddable":true,"href":"https:\/\/www.bjultrasonic.com\/fr\/wp-json\/wp\/v2\/media\/19946"}],"wp:attachment":[{"href":"https:\/\/www.bjultrasonic.com\/fr\/wp-json\/wp\/v2\/media?parent=66212"}],"wp:term":[{"taxonomy":"product_brand","embeddable":true,"href":"https:\/\/www.bjultrasonic.com\/fr\/wp-json\/wp\/v2\/product_brand?post=66212"},{"taxonomy":"product_cat","embeddable":true,"href":"https:\/\/www.bjultrasonic.com\/fr\/wp-json\/wp\/v2\/product_cat?post=66212"},{"taxonomy":"product_tag","embeddable":true,"href":"https:\/\/www.bjultrasonic.com\/fr\/wp-json\/wp\/v2\/product_tag?post=66212"}],"curies":[{"name":"wp","href":"https:\/\/api.w.org\/{rel}","templated":true}]}}