{"id":66432,"date":"2018-12-11T03:47:25","date_gmt":"2018-12-11T08:47:25","guid":{"rendered":"https:\/\/www.bjultrasonic.com\/shop\/2l-dual-frequency-ultrasonic-cleaner\/"},"modified":"2026-03-28T20:47:55","modified_gmt":"2026-03-29T01:47:55","slug":"2l-dual-frequency-ultrasonic-cleaner","status":"publish","type":"product","link":"https:\/\/www.bjultrasonic.com\/fr\/shop\/2l-dual-frequency-ultrasonic-cleaner\/","title":{"rendered":"Nettoyeur ultrasonique num\u00e9rique \u00e0 double fr\u00e9quence 2L 28kHz et 40kHz avec contr\u00f4le du temps et de la temp\u00e9rature"},"content":{"rendered":"<table class=\"table table-striped table-bordered\">\n<tbody>\n<tr>\n<td width=\"284\">\n<p>Type<\/p>\n<\/td>\n<td width=\"284\">\n<p>BJUCDTHD2<\/p>\n<\/td>\n<\/tr>\n<tr>\n<td width=\"284\">\n<p>Capacit\u00e9 du r\u00e9servoir<\/p>\n<\/td>\n<td width=\"284\">\n<p>2L<\/p>\n<\/td>\n<\/tr>\n<tr>\n<td width=\"284\">\n<p>Puissance ultrasonique<\/p>\n<\/td>\n<td width=\"284\">\n<p>60W<\/p>\n<\/td>\n<\/tr>\n<tr>\n<td width=\"284\">\n<p>Puissance de chauffage<\/p>\n<\/td>\n<td width=\"284\">\n<p>100W<\/p>\n<\/td>\n<\/tr>\n<tr>\n<td width=\"284\">\n<p>Fr\u00e9quence<\/p>\n<\/td>\n<td width=\"284\">\n<p>28 kHz et 40 kHz<\/p>\n<\/td>\n<\/tr>\n<tr>\n<td width=\"284\">\n<p>Minuterie<\/p>\n<\/td>\n<td width=\"284\">\n<p>0-30 min<\/p>\n<\/td>\n<\/tr>\n<tr>\n<td width=\"284\">\n<p>Temp\u00e9rature<\/p>\n<\/td>\n<td width=\"284\">\n<p>&lt; 80 \u00b0C<\/p>\n<\/td>\n<\/tr>\n<tr>\n<td width=\"284\">\n<p>Dimensions du r\u00e9servoir<\/p>\n<\/td>\n<td width=\"284\">\n<p>150*140*100 mm L*l*H<\/p>\n<\/td>\n<\/tr>\n<tr>\n<td width=\"284\">\n<p>Dimensions de la machine<\/p>\n<\/td>\n<td width=\"284\">\n<p>180*170*220 mm L*l*H<\/p>\n<\/td>\n<\/tr>\n<tr>\n<td width=\"284\">\n<p>\u00c9vacuation<\/p>\n<\/td>\n<td width=\"284\">\n<p>NON<\/p>\n<\/td>\n<\/tr>\n<tr>\n<td width=\"284\">\n<p>Couvercle<\/p>\n<\/td>\n<td width=\"284\">\n<p>OUI<\/p>\n<\/td>\n<\/tr>\n<tr>\n<td width=\"284\">\n<p>Poids unitaire<\/p>\n<\/td>\n<td width=\"284\">\n<p>3 kg<\/p>\n<\/td>\n<\/tr>\n<\/tbody>\n<\/table>\n<h3>Fonctions principales<\/h3>\n<ul>\n<li>Minuterie : r\u00e9glage de 1 \u00e0 30 minutes.<\/li>\n<li>Temp\u00e9rature : r\u00e9glage de 20 \u00e0 80 \u00b0C.<\/li>\n<li>Panneau d&rsquo;affichage : affiche le temps de travail et la temp\u00e9rature.<\/li>\n<li>Mat\u00e9riau : le r\u00e9servoir et la machine sont en acier inoxydable.<\/li>\n<li>Avantages du produit : r\u00e9servoir de nettoyage par emboutissage, soudure sans d\u00e9faut.<\/li>\n<li>Qualit\u00e9 des composants : utilisation de <a href=\"https:\/\/www.bjultrasonic.com\/fr\/category\/ultrasonic-transducer-fr\/\">transducteurs ultrasoniques<\/a> de haute qualit\u00e9, puissance \u00e9lev\u00e9e.<\/li>\n<li>Haute qualit\u00e9 du processus de collage. Le transducteur ultrasonique est coll\u00e9 \u00e0 l&rsquo;aide de colle \u00e9poxy.<\/li>\n<li>Syst\u00e8me de drainage : les mod\u00e8les de 6 litres et plus sont \u00e9quip\u00e9s d&rsquo;un robinet \u00e0 boisseau pour l&rsquo;\u00e9vacuation.<\/li>\n<li>Syst\u00e8me de refroidissement : les mod\u00e8les de 10 litres ou plus sont \u00e9quip\u00e9s d&rsquo;un ventilateur de refroidissement haute efficacit\u00e9.<\/li>\n<\/ul>\n<p><img loading=\"lazy\" decoding=\"async\" src=\"https:\/\/www.bjultrasonic.com\/wp-content\/uploads\/2018\/12\/Dual-Frequency-Ultrasonic-Cleaner-Package-1.jpg\" alt=\"Dual Frequency Ultrasonic Cleaner Package-1\" width=\"600\" height=\"868\" \/><\/p>\n","protected":false},"excerpt":{"rendered":"<p><a href=\"https:\/\/www.bjultrasonic.com\/fr\/category\/ultrasonic-cleaning-system-fr\/dual-frequency-ultrasonic-cleaner-fr\/\">Nettoyeur ultrasonique num\u00e9rique \u00e0 double fr\u00e9quence<\/a> avec contr\u00f4le du temps et de la temp\u00e9rature.<\/p>\n","protected":false},"featured_media":19808,"comment_status":"open","ping_status":"closed","template":"","meta":[],"product_brand":[],"product_cat":[5902],"product_tag":[],"class_list":{"0":"post-66432","1":"product","2":"type-product","3":"status-publish","4":"has-post-thumbnail","6":"product_cat-dual-frequency-ultrasonic-cleaner-fr","8":"first","9":"instock","10":"shipping-taxable","11":"purchasable","12":"product-type-simple","13":"prodpage-classic"},"aioseo_notices":[],"_links":{"self":[{"href":"https:\/\/www.bjultrasonic.com\/fr\/wp-json\/wp\/v2\/product\/66432","targetHints":{"allow":["GET"]}}],"collection":[{"href":"https:\/\/www.bjultrasonic.com\/fr\/wp-json\/wp\/v2\/product"}],"about":[{"href":"https:\/\/www.bjultrasonic.com\/fr\/wp-json\/wp\/v2\/types\/product"}],"replies":[{"embeddable":true,"href":"https:\/\/www.bjultrasonic.com\/fr\/wp-json\/wp\/v2\/comments?post=66432"}],"wp:featuredmedia":[{"embeddable":true,"href":"https:\/\/www.bjultrasonic.com\/fr\/wp-json\/wp\/v2\/media\/19808"}],"wp:attachment":[{"href":"https:\/\/www.bjultrasonic.com\/fr\/wp-json\/wp\/v2\/media?parent=66432"}],"wp:term":[{"taxonomy":"product_brand","embeddable":true,"href":"https:\/\/www.bjultrasonic.com\/fr\/wp-json\/wp\/v2\/product_brand?post=66432"},{"taxonomy":"product_cat","embeddable":true,"href":"https:\/\/www.bjultrasonic.com\/fr\/wp-json\/wp\/v2\/product_cat?post=66432"},{"taxonomy":"product_tag","embeddable":true,"href":"https:\/\/www.bjultrasonic.com\/fr\/wp-json\/wp\/v2\/product_tag?post=66432"}],"curies":[{"name":"wp","href":"https:\/\/api.w.org\/{rel}","templated":true}]}}