{"id":66552,"date":"2018-12-11T02:38:38","date_gmt":"2018-12-11T07:38:38","guid":{"rendered":"https:\/\/www.bjultrasonic.com\/shop\/20l-120khz-ultrasonic-cleaner\/"},"modified":"2026-03-28T20:47:00","modified_gmt":"2026-03-29T01:47:00","slug":"20l-120khz-ultrasonic-cleaner","status":"publish","type":"product","link":"https:\/\/www.bjultrasonic.com\/fr\/shop\/20l-120khz-ultrasonic-cleaner\/","title":{"rendered":"Nettoyeur Ultrasonique Num\u00e9rique 20L 120kHz Avec Contr\u00f4le du Temps, de la Temp\u00e9rature et de la Puissance"},"content":{"rendered":"<table class=\"table table-striped table-bordered\">\n<tbody>\n<tr>\n<td width=\"284\">Type<\/td>\n<td width=\"284\">BJUCDPTH220<\/td>\n<\/tr>\n<tr>\n<td width=\"284\">Capacit\u00e9 du r\u00e9servoir<\/td>\n<td width=\"284\">20L<\/td>\n<\/tr>\n<tr>\n<td width=\"284\">Puissance ultrasonique<\/td>\n<td width=\"284\">480W<\/td>\n<\/tr>\n<tr>\n<td width=\"284\">Puissance de chauffage<\/td>\n<td width=\"284\">500W<\/td>\n<\/tr>\n<tr>\n<td width=\"284\">Fr\u00e9quence<\/td>\n<td width=\"284\">120KHZ<\/td>\n<\/tr>\n<tr>\n<td width=\"284\">Minuterie<\/td>\n<td width=\"284\">0-30 min<\/td>\n<\/tr>\n<tr>\n<td width=\"284\">Temp\u00e9rature<\/td>\n<td width=\"284\">&lt; 80 Degr\u00e9s C<\/td>\n<\/tr>\n<tr>\n<td width=\"284\">Dimensions du r\u00e9servoir<\/td>\n<td width=\"284\">330*300*200 mm L*l*H<\/td>\n<\/tr>\n<tr>\n<td width=\"284\">Dimensions de la machine<\/td>\n<td width=\"284\">430*350*380 mm L*l*H<\/td>\n<\/tr>\n<tr>\n<td width=\"284\">\u00c9vacuation<\/td>\n<td width=\"284\">Oui<\/td>\n<\/tr>\n<tr>\n<td width=\"284\">Couvercle<\/td>\n<td width=\"284\">Oui<\/td>\n<\/tr>\n<tr>\n<td width=\"284\">Poids unitaire<\/td>\n<td width=\"284\">20kg<\/td>\n<\/tr>\n<\/tbody>\n<\/table>\n<h3>Fonctions principales<\/h3>\n<ul>\n<li>Minuterie : r\u00e9glable de 1 \u00e0 30 min.<\/li>\n<li>Temp\u00e9rature : r\u00e9glable de 20 \u00e0 80\u2103.<\/li>\n<li>Temps : r\u00e9glage de la temp\u00e9rature et de la puissance.<\/li>\n<li>Panneau d&rsquo;affichage : affiche le temps de travail et la temp\u00e9rature.<\/li>\n<li>Mat\u00e9riau : le r\u00e9servoir et la machine sont en acier inoxydable.<\/li>\n<li>Avantages du produit : r\u00e9servoir de nettoyage par estampage, soudure impeccable.<\/li>\n<li>Qualit\u00e9 des composants : utilisation de transducteurs ultrasoniques de haute qualit\u00e9, puissance \u00e9lev\u00e9e.<\/li>\n<li>Haute qualit\u00e9 du processus de collage. Collage du transducteur ultrasonique avec de la colle \u00e9poxy.<\/li>\n<li>Syst\u00e8me de refroidissement : les mod\u00e8les de 10L ou plus sont \u00e9quip\u00e9s d&rsquo;un ventilateur de refroidissement haute efficacit\u00e9.<\/li>\n<\/ul>\n<p><img loading=\"lazy\" decoding=\"async\" src=\"https:\/\/www.bjultrasonic.com\/wp-content\/uploads\/2018\/12\/120kHz-Ultrasonic-Cleaner-Package.jpg\" alt=\"Emballage du nettoyeur ultrasonique 120kHz\" width=\"600\" height=\"863\" \/><\/p>\n","protected":false},"excerpt":{"rendered":"<p><a href=\"https:\/\/www.bjultrasonic.com\/fr\/category\/ultrasonic-cleaning-system-fr\/120khz-ultrasonic-cleaner-fr\/\">Nettoyeur ultrasonique num\u00e9rique 120 kHz<\/a> avec contr\u00f4le du temps, de la temp\u00e9rature et de la puissance.<\/p>\n","protected":false},"featured_media":19754,"comment_status":"open","ping_status":"closed","template":"","meta":[],"product_brand":[],"product_cat":[5884],"product_tag":[],"class_list":{"0":"post-66552","1":"product","2":"type-product","3":"status-publish","4":"has-post-thumbnail","6":"product_cat-120khz-ultrasonic-cleaner-fr","8":"first","9":"instock","10":"shipping-taxable","11":"purchasable","12":"product-type-simple","13":"prodpage-classic"},"aioseo_notices":[],"_links":{"self":[{"href":"https:\/\/www.bjultrasonic.com\/fr\/wp-json\/wp\/v2\/product\/66552","targetHints":{"allow":["GET"]}}],"collection":[{"href":"https:\/\/www.bjultrasonic.com\/fr\/wp-json\/wp\/v2\/product"}],"about":[{"href":"https:\/\/www.bjultrasonic.com\/fr\/wp-json\/wp\/v2\/types\/product"}],"replies":[{"embeddable":true,"href":"https:\/\/www.bjultrasonic.com\/fr\/wp-json\/wp\/v2\/comments?post=66552"}],"wp:featuredmedia":[{"embeddable":true,"href":"https:\/\/www.bjultrasonic.com\/fr\/wp-json\/wp\/v2\/media\/19754"}],"wp:attachment":[{"href":"https:\/\/www.bjultrasonic.com\/fr\/wp-json\/wp\/v2\/media?parent=66552"}],"wp:term":[{"taxonomy":"product_brand","embeddable":true,"href":"https:\/\/www.bjultrasonic.com\/fr\/wp-json\/wp\/v2\/product_brand?post=66552"},{"taxonomy":"product_cat","embeddable":true,"href":"https:\/\/www.bjultrasonic.com\/fr\/wp-json\/wp\/v2\/product_cat?post=66552"},{"taxonomy":"product_tag","embeddable":true,"href":"https:\/\/www.bjultrasonic.com\/fr\/wp-json\/wp\/v2\/product_tag?post=66552"}],"curies":[{"name":"wp","href":"https:\/\/api.w.org\/{rel}","templated":true}]}}