{"id":66652,"date":"2018-12-09T21:34:07","date_gmt":"2018-12-10T02:34:07","guid":{"rendered":"https:\/\/www.bjultrasonic.com\/shop\/58l-80khz-ultrasonic-cleaner\/"},"modified":"2026-03-28T20:46:09","modified_gmt":"2026-03-29T01:46:09","slug":"58l-80khz-ultrasonic-cleaner","status":"publish","type":"product","link":"https:\/\/www.bjultrasonic.com\/fr\/shop\/58l-80khz-ultrasonic-cleaner\/","title":{"rendered":"Nettoyeur Ultrasonique Num\u00e9rique 58L 80kHz avec Contr\u00f4le du Temps, de la Temp\u00e9rature et de la Puissance"},"content":{"rendered":"<table class=\"table table-striped table-bordered\">\n<tbody>\n<tr>\n<td width=\"284\">Type<\/td>\n<td width=\"284\">BJUCDPTH858<\/td>\n<\/tr>\n<tr>\n<td width=\"284\">Capacit\u00e9 du r\u00e9servoir<\/td>\n<td width=\"284\">58L<\/td>\n<\/tr>\n<tr>\n<td width=\"284\">Puissance ultrasonique<\/td>\n<td width=\"284\">1080W<\/td>\n<\/tr>\n<tr>\n<td width=\"284\">Puissance de chauffage<\/td>\n<td width=\"284\">1000W<\/td>\n<\/tr>\n<tr>\n<td width=\"284\">Fr\u00e9quence<\/td>\n<td width=\"284\">80KHZ<\/td>\n<\/tr>\n<tr>\n<td width=\"284\">Minuterie<\/td>\n<td width=\"284\">0-30 min<\/td>\n<\/tr>\n<tr>\n<td width=\"284\">Temp\u00e9rature<\/td>\n<td width=\"284\">&lt; 80 \u00b0C<\/td>\n<\/tr>\n<tr>\n<td width=\"284\">Dimensions du r\u00e9servoir<\/td>\n<td width=\"284\">550*350*300 mm L*l*H<\/td>\n<\/tr>\n<tr>\n<td width=\"284\">Dimensions de la machine<\/td>\n<td width=\"284\">650*400*580 mm L*l*H<\/td>\n<\/tr>\n<tr>\n<td width=\"284\">\u00c9vacuation<\/td>\n<td width=\"284\">Oui<\/td>\n<\/tr>\n<tr>\n<td width=\"284\">Couvercle<\/td>\n<td width=\"284\">Oui<\/td>\n<\/tr>\n<tr>\n<td width=\"284\">Poids unitaire<\/td>\n<td width=\"284\">72kg<\/td>\n<\/tr>\n<\/tbody>\n<\/table>\n<h3>Fonctions principales du nettoyeur ultrasonique 80 kHz<\/h3>\n<ul>\n<li>Minuterie : r\u00e9glage de 1 \u00e0 30 minutes.<\/li>\n<li>Temp\u00e9rature : r\u00e9glage de 20 \u00e0 80 \u00b0C ;<\/li>\n<li>R\u00e9glage du temps, de la temp\u00e9rature et de la puissance<\/li>\n<li>Panneau d&rsquo;affichage : affiche le temps de travail et la temp\u00e9rature.<\/li>\n<li>Mat\u00e9riau : Le r\u00e9servoir et la machine sont enti\u00e8rement en acier inoxydable.<\/li>\n<li>Avantages du produit : r\u00e9servoir de nettoyage r\u00e9alis\u00e9 par emboutissage, soudure sans d\u00e9faut.<\/li>\n<li>Qualit\u00e9 des composants : Utilisation de transducteurs ultrasoniques de haute qualit\u00e9. Puissance \u00e9lev\u00e9e.<\/li>\n<li>Haute qualit\u00e9 du processus de collage. Les transducteurs ultrasoniques sont coll\u00e9s \u00e0 l&rsquo;aide de colle \u00e9poxy.<\/li>\n<li>Syst\u00e8me de drainage : Les mod\u00e8les de 6 litres et plus sont \u00e9quip\u00e9s d&rsquo;une vanne \u00e0 boisseau pour le drainage.<\/li>\n<li>Syst\u00e8me de refroidissement : Les mod\u00e8les de 10 litres ou plus sont \u00e9quip\u00e9s d&rsquo;un ventilateur de refroidissement haute efficacit\u00e9.<\/li>\n<\/ul>\n<p><img loading=\"lazy\" decoding=\"async\" src=\"https:\/\/www.bjultrasonic.com\/wp-content\/uploads\/2018\/12\/80kHz-Ultrasonic-Cleaner-Package.jpg\" alt=\"Nettoyeur ultrasonique 80 kHz\" width=\"600\" height=\"868\" \/><\/p>\n","protected":false},"excerpt":{"rendered":"<p><a href=\"https:\/\/www.bjultrasonic.com\/fr\/category\/ultrasonic-cleaning-system-fr\/80khz-ultrasonic-cleaner-fr\/\">Nettoyeur ultrasonique num\u00e9rique 80 kHz<\/a> avec contr\u00f4le du temps, de la temp\u00e9rature et de la puissance, largement utilis\u00e9 pour nettoyer des bijoux, des montres, des colliers, des boucles d&rsquo;oreilles, des bagues, des bracelets, des pi\u00e8ces de monnaie, des bracelets de montre, des lunettes, des lunettes de soleil, des accessoires pour lentilles de contact, des proth\u00e8ses dentaires, des peignes, des brosses \u00e0 dents, des couverts, etc.<\/p>\n","protected":false},"featured_media":19709,"comment_status":"open","ping_status":"closed","template":"","meta":[],"product_brand":[],"product_cat":[5853],"product_tag":[],"class_list":{"0":"post-66652","1":"product","2":"type-product","3":"status-publish","4":"has-post-thumbnail","6":"product_cat-80khz-ultrasonic-cleaner-fr","8":"first","9":"instock","10":"shipping-taxable","11":"purchasable","12":"product-type-simple","13":"prodpage-classic"},"aioseo_notices":[],"_links":{"self":[{"href":"https:\/\/www.bjultrasonic.com\/fr\/wp-json\/wp\/v2\/product\/66652","targetHints":{"allow":["GET"]}}],"collection":[{"href":"https:\/\/www.bjultrasonic.com\/fr\/wp-json\/wp\/v2\/product"}],"about":[{"href":"https:\/\/www.bjultrasonic.com\/fr\/wp-json\/wp\/v2\/types\/product"}],"replies":[{"embeddable":true,"href":"https:\/\/www.bjultrasonic.com\/fr\/wp-json\/wp\/v2\/comments?post=66652"}],"wp:featuredmedia":[{"embeddable":true,"href":"https:\/\/www.bjultrasonic.com\/fr\/wp-json\/wp\/v2\/media\/19709"}],"wp:attachment":[{"href":"https:\/\/www.bjultrasonic.com\/fr\/wp-json\/wp\/v2\/media?parent=66652"}],"wp:term":[{"taxonomy":"product_brand","embeddable":true,"href":"https:\/\/www.bjultrasonic.com\/fr\/wp-json\/wp\/v2\/product_brand?post=66652"},{"taxonomy":"product_cat","embeddable":true,"href":"https:\/\/www.bjultrasonic.com\/fr\/wp-json\/wp\/v2\/product_cat?post=66652"},{"taxonomy":"product_tag","embeddable":true,"href":"https:\/\/www.bjultrasonic.com\/fr\/wp-json\/wp\/v2\/product_tag?post=66652"}],"curies":[{"name":"wp","href":"https:\/\/api.w.org\/{rel}","templated":true}]}}