{"id":66792,"date":"2018-08-16T05:48:46","date_gmt":"2018-08-16T10:48:46","guid":{"rendered":"https:\/\/www.bjultrasonic.com\/shop\/ultrasonic-atomizing-transducer-bja-1500\/"},"modified":"2026-03-28T20:44:43","modified_gmt":"2026-03-29T01:44:43","slug":"ultrasonic-atomizing-transducer-bja-1500","status":"publish","type":"product","link":"https:\/\/www.bjultrasonic.com\/fr\/shop\/ultrasonic-atomizing-transducer-bja-1500\/","title":{"rendered":"Fontaine d&rsquo;eau d&rsquo;\u00e9tang de 1500 ml Humidificateur \u00e0 ultrasons Cr\u00e9ateur de brume"},"content":{"rendered":"<table class=\"table table-striped table-bordered\">\n<tbody>\n<tr>\n<td width=\"284\">Type<\/td>\n<td width=\"284\">BJA1500<\/td>\n<\/tr>\n<tr>\n<td width=\"284\">Quantit\u00e9 de pulv\u00e9risation<\/td>\n<td width=\"284\">&gt;1500ML<\/td>\n<\/tr>\n<tr>\n<td width=\"284\">Dimensions<\/td>\n<td width=\"284\">Diam\u00e8tre 99mm, hauteur 27mm<\/td>\n<\/tr>\n<tr>\n<td width=\"284\">Fr\u00e9quence de travail<\/td>\n<td width=\"284\">1700\u00b150(KHZ)<\/td>\n<\/tr>\n<tr>\n<td width=\"284\">Diam\u00e8tre des c\u00e9ramiques pi\u00e9zo\u00e9lectriques<\/td>\n<td width=\"284\">20mm<\/td>\n<\/tr>\n<tr>\n<td width=\"284\">Temp\u00e9rature de fonctionnement<\/td>\n<td width=\"284\">5\uff5e45\u2103<\/td>\n<\/tr>\n<tr>\n<td width=\"284\">Protection contre la surchauffe<\/td>\n<td width=\"284\">50\u2103<\/td>\n<\/tr>\n<tr>\n<td width=\"284\">Niveau d&rsquo;eau<\/td>\n<td width=\"284\">40mm-80mm<\/td>\n<\/tr>\n<tr>\n<td width=\"284\">Tension de travail<\/td>\n<td width=\"284\">36V AC<\/td>\n<\/tr>\n<tr>\n<td width=\"284\">Puissance :<\/td>\n<td width=\"284\">150W<\/td>\n<\/tr>\n<tr>\n<td width=\"284\">Courant<\/td>\n<td width=\"284\">1.5A<\/td>\n<\/tr>\n<tr>\n<td width=\"284\">Mat\u00e9riau<\/td>\n<td width=\"284\">Cuivre et acier inoxydable<\/td>\n<\/tr>\n<tr>\n<td width=\"284\">LED<\/td>\n<td width=\"284\">Oui<\/td>\n<\/tr>\n<tr>\n<td width=\"284\">Capteur de niveau d&rsquo;eau<\/td>\n<td width=\"284\">Hauteur 12mm<\/td>\n<\/tr>\n<tr>\n<td width=\"284\">C\u00e2ble<\/td>\n<td width=\"284\">Longueur 5m<\/td>\n<\/tr>\n<tr>\n<td width=\"284\">Surface d&rsquo;utilisation<\/td>\n<td width=\"284\">41-60M2<\/td>\n<\/tr>\n<tr>\n<td width=\"284\">Capacit\u00e9 du r\u00e9servoir d&rsquo;eau<\/td>\n<td width=\"284\">6-10L<\/td>\n<\/tr>\n<tr>\n<td width=\"284\">Tension<\/td>\n<td width=\"284\">220v\/50hz<\/p>\n<p>120v\/60hz<\/p>\n<p>110v\/60hz<\/p>\n<p>230v\/50hz<\/td>\n<\/tr>\n<\/tbody>\n<\/table>\n<h3>Fonctions principales<\/h3>\n<ul>\n<li>Bo\u00eetier en cuivre, placage nickel-cadmium, bonne dissipation thermique.<\/li>\n<li>Fonction de protection contre le manque d&rsquo;eau et flottant sur l&rsquo;eau, flotte automatiquement sur l&rsquo;eau.<\/li>\n<li>Applicable pour la brumisation industrielle, agricole, paysag\u00e8re, etc.<\/li>\n<li>Avec lumi\u00e8res color\u00e9es et lumi\u00e8res simples.<\/li>\n<li>Grande quantit\u00e9 de pulv\u00e9risation ; Performance stable ; Longue dur\u00e9e de vie ;<\/li>\n<li>Le commutateur de protection thermique int\u00e9gr\u00e9 est configur\u00e9 pour un fonctionnement s\u00fbr et fiable.<\/li>\n<li>Structure robuste et installation pratique<\/li>\n<\/ul>\n<h3>Vid\u00e9o<\/h3>\n<p><iframe loading=\"lazy\" title=\"1500ml Water Fountain Pond Ultrasonic Humidifier Mist Maker\" width=\"500\" height=\"281\" src=\"https:\/\/www.youtube.com\/embed\/ZPvDbHEIGrU?feature=oembed\" frameborder=\"0\" allow=\"accelerometer; autoplay; clipboard-write; encrypted-media; gyroscope; picture-in-picture; web-share\" referrerpolicy=\"strict-origin-when-cross-origin\" allowfullscreen><\/iframe><\/p>\n<p><iframe loading=\"lazy\" title=\"Ultrasonic Humidifier\" width=\"500\" height=\"281\" src=\"https:\/\/www.youtube.com\/embed\/videoseries?list=PLLrjMYkO0_NEpofnqW3MnsGQ-KMwpBJul\" frameborder=\"0\" allow=\"accelerometer; autoplay; clipboard-write; encrypted-media; gyroscope; picture-in-picture; web-share\" referrerpolicy=\"strict-origin-when-cross-origin\" allowfullscreen><\/iframe><\/p>\n<h3>FAQ<\/h3>\n<p><strong>1. Peut-on r\u00e9gler la quantit\u00e9 de pulv\u00e9risation ?<\/strong><\/p>\n<p>Non, elle ne peut \u00eatre modifi\u00e9e que par le niveau d&rsquo;eau.<\/p>\n<p><strong>2. Peut-on d\u00e9sactiver les LED (si pr\u00e9sentes) ?<\/strong><\/p>\n<p>Non. Il est pr\u00e9f\u00e9rable de choisir un brumisateur \u00e0 ultrasons sans LED pour un usage int\u00e9rieur.<\/p>\n<p><strong>3. Est-ce qu&rsquo;il fait du bruit ?<\/strong><\/p>\n<p>Non. La plupart des <a href=\"https:\/\/www.bjultrasonic.com\/fr\/category\/ultrasonic-atomizer-fr\/\">humidificateurs \u00e0 ultrasons<\/a> ont tendance \u00e0 fonctionner plus silencieusement que d&rsquo;autres mod\u00e8les. C&rsquo;est parce qu&rsquo;ils n&rsquo;ont pas de ventilateur, contrairement aux humidificateurs \u00e0 \u00e9vaporation. Cela maintient le niveau sonore bas.<\/p>\n<p><strong>4. Y a-t-il un risque de fuite \u00e9lectrique ?<\/strong><\/p>\n<p>Le principe du brumisateur \u00e0 ultrasons est que les vibrations ultrasonores g\u00e9n\u00e8rent du brouillard. Ne touchez pas le brumisateur avec la main pendant son fonctionnement, vous pourriez ressentir une sensation de picotement, mais ce n&rsquo;est pas de l&rsquo;\u00e9lectricit\u00e9.<\/p>\n<h3>Consid\u00e9rations g\u00e9n\u00e9rales<\/h3>\n<ol>\n<li>Veuillez ne pas retourner le brumisateur apr\u00e8s avoir mis l&rsquo;appareil sous tension, cela l&rsquo;endommagerait.<\/li>\n<li>Veuillez ne pas l&rsquo;utiliser pendant une longue dur\u00e9e ou plus de 10 heures.<\/li>\n<li>Ne touchez pas la plaque de brumisation lorsque le brumisateur fonctionne.<\/li>\n<li>Assurez la qualit\u00e9 de l&rsquo;eau. Veuillez utiliser de l&rsquo;eau du robinet propre. (Une d\u00e9t\u00e9rioration de la qualit\u00e9 de l&rsquo;eau affectera la dur\u00e9e de vie)<\/li>\n<li>Veuillez couper l&rsquo;alimentation avant de d\u00e9placer ou de r\u00e9parer l&rsquo;appareil.<\/li>\n<li>Les <a href=\"https:\/\/www.bjultrasonic.com\/fr\/category\/piezoelectric-ceramic-fr\/\">c\u00e9ramiques pi\u00e9zo\u00e9lectriques<\/a> de brumisation sont des consommables dont la dur\u00e9e de vie est sup\u00e9rieure \u00e0 3600 heures. Si la capacit\u00e9 de brumisation est significativement r\u00e9duite, veuillez nettoyer la c\u00e9ramique pi\u00e9zo\u00e9lectrique (sans d\u00e9tergent) avec un coton-tige pour la garder propre. Si la quantit\u00e9 de brumisation reste faible apr\u00e8s nettoyage, veuillez remplacer la c\u00e9ramique de brumisation. (Il est recommand\u00e9 d&rsquo;en acheter une en m\u00eame temps)<\/li>\n<\/ol>\n<p><img loading=\"lazy\" decoding=\"async\" src=\"https:\/\/www.bjultrasonic.com\/wp-content\/uploads\/2018\/08\/Ultrasonic-Humidifier-with-LED.jpg\" alt=\"Ultrasonic-Humidifier-with-LED\" width=\"670\" height=\"925\" \/><\/p>\n","protected":false},"excerpt":{"rendered":"<p><a href=\"https:\/\/www.bjultrasonic.com\/fr\/category\/ultrasonic-atomizer-fr\/\">Humidificateur \u00e0 ultrasons<\/a> utilise l&rsquo;\u00e9nergie ultrasonique pour transformer les liquides en particules ressemblant \u00e0 des nuages. Le humidificateur \u00e0 ultrasons est \u00e9galement appel\u00e9 <a href=\"https:\/\/www.bjultrasonic.com\/fr\/shop\/ultrasonic-atomizing-transducer\/\">atomiseur \u00e0 ultrasons<\/a>, g\u00e9n\u00e9rateur de brume \u00e0 ultrasons, brumisateur \u00e0 ultrasons.<\/p>\n","protected":false},"featured_media":19519,"comment_status":"open","ping_status":"closed","template":"","meta":[],"product_brand":[],"product_cat":[6193],"product_tag":[],"class_list":{"0":"post-66792","1":"product","2":"type-product","3":"status-publish","4":"has-post-thumbnail","6":"product_cat-ultrasonic-atomizer-fr","8":"first","9":"instock","10":"shipping-taxable","11":"purchasable","12":"product-type-simple","13":"prodpage-classic"},"aioseo_notices":[],"_links":{"self":[{"href":"https:\/\/www.bjultrasonic.com\/fr\/wp-json\/wp\/v2\/product\/66792","targetHints":{"allow":["GET"]}}],"collection":[{"href":"https:\/\/www.bjultrasonic.com\/fr\/wp-json\/wp\/v2\/product"}],"about":[{"href":"https:\/\/www.bjultrasonic.com\/fr\/wp-json\/wp\/v2\/types\/product"}],"replies":[{"embeddable":true,"href":"https:\/\/www.bjultrasonic.com\/fr\/wp-json\/wp\/v2\/comments?post=66792"}],"wp:featuredmedia":[{"embeddable":true,"href":"https:\/\/www.bjultrasonic.com\/fr\/wp-json\/wp\/v2\/media\/19519"}],"wp:attachment":[{"href":"https:\/\/www.bjultrasonic.com\/fr\/wp-json\/wp\/v2\/media?parent=66792"}],"wp:term":[{"taxonomy":"product_brand","embeddable":true,"href":"https:\/\/www.bjultrasonic.com\/fr\/wp-json\/wp\/v2\/product_brand?post=66792"},{"taxonomy":"product_cat","embeddable":true,"href":"https:\/\/www.bjultrasonic.com\/fr\/wp-json\/wp\/v2\/product_cat?post=66792"},{"taxonomy":"product_tag","embeddable":true,"href":"https:\/\/www.bjultrasonic.com\/fr\/wp-json\/wp\/v2\/product_tag?post=66792"}],"curies":[{"name":"wp","href":"https:\/\/api.w.org\/{rel}","templated":true}]}}