{"id":66812,"date":"2018-08-16T05:43:28","date_gmt":"2018-08-16T10:43:28","guid":{"rendered":"https:\/\/www.bjultrasonic.com\/shop\/ultrasonic-atomizing-transducer-bja-900\/"},"modified":"2026-03-28T20:44:42","modified_gmt":"2026-03-29T01:44:42","slug":"ultrasonic-atomizing-transducer-bja-900","status":"publish","type":"product","link":"https:\/\/www.bjultrasonic.com\/fr\/shop\/ultrasonic-atomizing-transducer-bja-900\/","title":{"rendered":"900ML 3 T\u00eates Brumisateur \u00e0 Ultrasons Fontaine d&rsquo;Eau"},"content":{"rendered":"<table class=\"table table-striped table-bordered\">\n<tbody>\n<tr>\n<td width=\"284\">Type<\/td>\n<td width=\"284\">BJA900<\/td>\n<\/tr>\n<tr>\n<td width=\"284\">Quantit\u00e9 de pulv\u00e9risation<\/td>\n<td width=\"284\">&gt;900ML<\/td>\n<\/tr>\n<tr>\n<td width=\"284\">Dimensions<\/td>\n<td width=\"284\">Diam\u00e8tre 68mm \u00a0 Hauteur 27mm<\/td>\n<\/tr>\n<tr>\n<td width=\"284\">Fr\u00e9quence de travail<\/td>\n<td width=\"284\">1700\u00b150(KHZ)<\/td>\n<\/tr>\n<tr>\n<td width=\"284\">Diam\u00e8tre des c\u00e9ramiques pi\u00e9zo\u00e9lectriques<\/td>\n<td width=\"284\">20mm<\/td>\n<\/tr>\n<tr>\n<td width=\"284\">Temp\u00e9rature de fonctionnement<\/td>\n<td width=\"284\">1\uff5e45\u2103<\/td>\n<\/tr>\n<tr>\n<td width=\"284\">Niveau d&rsquo;eau<\/td>\n<td width=\"284\">40mm-80mm<\/td>\n<\/tr>\n<tr>\n<td width=\"284\">Tension de travail<\/td>\n<td width=\"284\">36V AC<\/td>\n<\/tr>\n<tr>\n<td width=\"284\">Courant de travail<\/td>\n<td width=\"284\">2.2A<\/td>\n<\/tr>\n<tr>\n<td width=\"284\">Puissance :<\/td>\n<td width=\"284\">60W<\/td>\n<\/tr>\n<tr>\n<td width=\"284\">Mat\u00e9riau<\/td>\n<td width=\"284\">Cuivre et acier inoxydable<\/td>\n<\/tr>\n<tr>\n<td width=\"284\">LED<\/td>\n<td width=\"284\">une<\/td>\n<\/tr>\n<tr>\n<td width=\"284\">Capteur de niveau d&rsquo;eau<\/td>\n<td width=\"284\">Hauteur 12mm<\/td>\n<\/tr>\n<tr>\n<td width=\"284\">C\u00e2ble<\/td>\n<td width=\"284\">Longueur 5m<\/td>\n<\/tr>\n<tr>\n<td width=\"284\">Tension d&rsquo;entr\u00e9e<\/td>\n<td width=\"284\">AC 220V\/50HZ<\/p>\n<p>120V\/60HZ<\/td>\n<\/tr>\n<\/tbody>\n<\/table>\n<h3>Fonctions principales<\/h3>\n<ul>\n<li>Bo\u00eetier en cuivre, plaqu\u00e9 nickel et cadmium, bonne dissipation thermique.<\/li>\n<li>Fonction de protection contre le manque d&rsquo;eau et flottant sur l&rsquo;eau, flottant automatiquement sur l&rsquo;eau.<\/li>\n<li>Applicable \u00e0 la production de brouillard industriel, agricole, paysager, etc.<\/li>\n<li>Avec lumi\u00e8res color\u00e9es et lumi\u00e8res simples.<\/li>\n<li>Grande quantit\u00e9 de pulv\u00e9risation ; Performance stable ; Longue dur\u00e9e de vie ;<\/li>\n<\/ul>\n<h3>Vid\u00e9o<\/h3>\n<p><iframe loading=\"lazy\" title=\"900ml 3 Head Ultrasonic Mist Maker Fogger Water Fountain\" width=\"500\" height=\"281\" src=\"https:\/\/www.youtube.com\/embed\/Zc07JpAh8ic?feature=oembed\" frameborder=\"0\" allow=\"accelerometer; autoplay; clipboard-write; encrypted-media; gyroscope; picture-in-picture; web-share\" referrerpolicy=\"strict-origin-when-cross-origin\" allowfullscreen><\/iframe><\/p>\n<p><iframe loading=\"lazy\" title=\"Ultrasonic Humidifier\" width=\"500\" height=\"281\" src=\"https:\/\/www.youtube.com\/embed\/videoseries?list=PLLrjMYkO0_NEpofnqW3MnsGQ-KMwpBJul\" frameborder=\"0\" allow=\"accelerometer; autoplay; clipboard-write; encrypted-media; gyroscope; picture-in-picture; web-share\" referrerpolicy=\"strict-origin-when-cross-origin\" allowfullscreen><\/iframe><\/p>\n<h3>FAQ<\/h3>\n<p><strong>1. Peut-on r\u00e9gler la quantit\u00e9 de pulv\u00e9risation ?<\/strong><\/p>\n<p>Non, elle ne peut \u00eatre modifi\u00e9e que par le niveau d&rsquo;eau.<\/p>\n<p><strong>2. Peut-on \u00e9teindre la LED (si pr\u00e9sente) ?<\/strong><\/p>\n<p>Non. Il est pr\u00e9f\u00e9rable de choisir un pulv\u00e9risateur \u00e0 ultrasons sans LED en int\u00e9rieur.<\/p>\n<p><strong>3. Y a-t-il du bruit ?<\/strong><\/p>\n<p>Non. La plupart des <a href=\"https:\/\/www.bjultrasonic.com\/fr\/category\/ultrasonic-atomizer-fr\/\">humidificateurs \u00e0 ultrasons<\/a> ont tendance \u00e0 fonctionner plus silencieusement que les autres mod\u00e8les. C&rsquo;est parce qu&rsquo;ils n&rsquo;ont pas de ventilateur, contrairement aux humidificateurs par \u00e9vaporation. Cela maintient les niveaux de bruit bas.<\/p>\n<p><strong>4. Y a-t-il un risque de fuite \u00e9lectrique ?<\/strong><\/p>\n<p>Le principe du pulv\u00e9risateur \u00e0 ultrasons est que les vibrations ultrasonores g\u00e9n\u00e8rent de la brume. Ne touchez pas le pulv\u00e9risateur avec la main lorsqu&rsquo;il fonctionne, vous pourriez ressentir une sensation de picotement, mais ce n&rsquo;est pas de l&rsquo;\u00e9lectricit\u00e9.<\/p>\n<h3>Consid\u00e9rations g\u00e9n\u00e9rales<\/h3>\n<ol>\n<li>Veuillez ne pas retourner le pulv\u00e9risateur \u00e0 l&rsquo;envers apr\u00e8s avoir mis l&rsquo;appareil sous tension, cela endommagerait le pulv\u00e9risateur.<\/li>\n<li>Veuillez ne pas l&rsquo;utiliser pendant une dur\u00e9e prolong\u00e9e ou plus de 10 heures.<\/li>\n<li>Ne touchez pas la plaque de pulv\u00e9risation lorsque le pulv\u00e9risateur fonctionne.<\/li>\n<li>Assurez la qualit\u00e9 de l&rsquo;eau. Veuillez utiliser de l&rsquo;eau du robinet propre. (La d\u00e9t\u00e9rioration de la qualit\u00e9 de l&rsquo;eau affectera la dur\u00e9e de vie)<\/li>\n<li>Veuillez couper l&rsquo;alimentation avant de d\u00e9placer ou de r\u00e9parer l&rsquo;appareil.<\/li>\n<li>Les <a href=\"https:\/\/www.bjultrasonic.com\/fr\/category\/piezoelectric-ceramic-fr\/\">c\u00e9ramiques pi\u00e9zo\u00e9lectriques<\/a> pulv\u00e9ris\u00e9es sont des consommables dont la dur\u00e9e de vie est sup\u00e9rieure \u00e0 3600 heures. Si la capacit\u00e9 de brumisation du pulv\u00e9risateur est significativement r\u00e9duite, veuillez nettoyer la c\u00e9ramique pi\u00e9zo\u00e9lectrique pulv\u00e9ris\u00e9e (sans aucun d\u00e9tergent) avec un coton-tige pour la garder propre. Si la quantit\u00e9 de pulv\u00e9risation reste faible apr\u00e8s le nettoyage, veuillez remplacer la c\u00e9ramique de pulv\u00e9risation. (il est sugg\u00e9r\u00e9 d&rsquo;acheter la c\u00e9ramique de pulv\u00e9risation en m\u00eame temps)<\/li>\n<\/ol>\n<p><img loading=\"lazy\" decoding=\"async\" src=\"https:\/\/www.bjultrasonic.com\/wp-content\/uploads\/2018\/08\/Ultrasonic-Humidifier-with-LED.jpg\" alt=\"Ultrasonic-Humidifier-with-LED\" width=\"670\" height=\"925\" \/><\/p>\n","protected":false},"excerpt":{"rendered":"<p><a href=\"https:\/\/www.bjultrasonic.com\/fr\/category\/ultrasonic-atomizer-fr\/\">Humidificateur \u00e0 ultrasons<\/a> utilise l&rsquo;\u00e9nergie ultrasonique pour transformer les liquides en particules semblables \u00e0 des nuages. Le humidificateur \u00e0 ultrasons est \u00e9galement appel\u00e9 <a href=\"https:\/\/www.bjultrasonic.com\/fr\/shop\/ultrasonic-atomizing-transducer\/\">atomiseur \u00e0 ultrasons<\/a>, g\u00e9n\u00e9rateur de brume \u00e0 ultrasons, brumisateur \u00e0 ultrasons.<\/p>\n","protected":false},"featured_media":19512,"comment_status":"open","ping_status":"closed","template":"","meta":[],"product_brand":[],"product_cat":[6193],"product_tag":[],"class_list":{"0":"post-66812","1":"product","2":"type-product","3":"status-publish","4":"has-post-thumbnail","6":"product_cat-ultrasonic-atomizer-fr","8":"first","9":"instock","10":"shipping-taxable","11":"purchasable","12":"product-type-simple","13":"prodpage-classic"},"aioseo_notices":[],"_links":{"self":[{"href":"https:\/\/www.bjultrasonic.com\/fr\/wp-json\/wp\/v2\/product\/66812","targetHints":{"allow":["GET"]}}],"collection":[{"href":"https:\/\/www.bjultrasonic.com\/fr\/wp-json\/wp\/v2\/product"}],"about":[{"href":"https:\/\/www.bjultrasonic.com\/fr\/wp-json\/wp\/v2\/types\/product"}],"replies":[{"embeddable":true,"href":"https:\/\/www.bjultrasonic.com\/fr\/wp-json\/wp\/v2\/comments?post=66812"}],"wp:featuredmedia":[{"embeddable":true,"href":"https:\/\/www.bjultrasonic.com\/fr\/wp-json\/wp\/v2\/media\/19512"}],"wp:attachment":[{"href":"https:\/\/www.bjultrasonic.com\/fr\/wp-json\/wp\/v2\/media?parent=66812"}],"wp:term":[{"taxonomy":"product_brand","embeddable":true,"href":"https:\/\/www.bjultrasonic.com\/fr\/wp-json\/wp\/v2\/product_brand?post=66812"},{"taxonomy":"product_cat","embeddable":true,"href":"https:\/\/www.bjultrasonic.com\/fr\/wp-json\/wp\/v2\/product_cat?post=66812"},{"taxonomy":"product_tag","embeddable":true,"href":"https:\/\/www.bjultrasonic.com\/fr\/wp-json\/wp\/v2\/product_tag?post=66812"}],"curies":[{"name":"wp","href":"https:\/\/api.w.org\/{rel}","templated":true}]}}