{"id":66832,"date":"2018-08-16T05:35:53","date_gmt":"2018-08-16T10:35:53","guid":{"rendered":"https:\/\/www.bjultrasonic.com\/shop\/ultrasonic-atomizing-transducer-bja500-0\/"},"modified":"2026-03-28T20:44:19","modified_gmt":"2026-03-29T01:44:19","slug":"ultrasonic-atomizing-transducer-bja500-0","status":"publish","type":"product","link":"https:\/\/www.bjultrasonic.com\/fr\/shop\/ultrasonic-atomizing-transducer-bja500-0\/","title":{"rendered":"500ML Brumisateur \u00e0 Ultrasons pour Eau Brumeuse Sans LED"},"content":{"rendered":"<table class=\"table table-striped table-bordered\">\n<tbody>\n<tr>\n<td width=\"214\">Type<\/td>\n<td width=\"413\">BJA500-0<\/td>\n<\/tr>\n<tr>\n<td width=\"214\">Quantit\u00e9 de n\u00e9bulisation<\/td>\n<td width=\"413\">&gt;500ML<\/td>\n<\/tr>\n<tr>\n<td width=\"214\">Dimensions<\/td>\n<td width=\"413\">Diam\u00e8tre 46mm * Hauteur 25mm<\/td>\n<\/tr>\n<tr>\n<td width=\"214\">Fr\u00e9quence de travail<\/td>\n<td width=\"413\">1700\u00b150(KHZ)<\/td>\n<\/tr>\n<tr>\n<td width=\"214\">Diam\u00e8tre des c\u00e9ramiques pi\u00e9zo\u00e9lectriques<\/td>\n<td width=\"413\">20mm<\/td>\n<\/tr>\n<tr>\n<td width=\"214\">Temp\u00e9rature de fonctionnement<\/td>\n<td width=\"413\">5\uff5e45\u2103<\/td>\n<\/tr>\n<tr>\n<td width=\"214\">Niveau d&rsquo;eau<\/td>\n<td width=\"413\">40mm-60mm<\/td>\n<\/tr>\n<tr>\n<td width=\"214\">Tension de fonctionnement<\/td>\n<td width=\"413\">24V AC\/DC 700MA<\/td>\n<\/tr>\n<tr>\n<td width=\"214\">Puissance:<\/td>\n<td width=\"413\">24W<\/td>\n<\/tr>\n<tr>\n<td width=\"214\">Mat\u00e9riau<\/td>\n<td width=\"413\">Plastique<\/td>\n<\/tr>\n<tr>\n<td width=\"214\">LED<\/td>\n<td width=\"413\">0 LED<\/td>\n<\/tr>\n<tr>\n<td width=\"214\">Capteur de niveau d&rsquo;eau<\/td>\n<td width=\"413\">Hauteur 12mm<\/td>\n<\/tr>\n<tr>\n<td width=\"214\">C\u00e2ble<\/td>\n<td width=\"413\">PVC noir 3.8mm Longueur 1400\u00b120mm<\/td>\n<\/tr>\n<tr>\n<td width=\"214\">Fiche<\/td>\n<td width=\"413\">Prise 5.5*2.5mm<\/td>\n<\/tr>\n<\/tbody>\n<\/table>\n<h3>Vid\u00e9o<\/h3>\n<p><iframe loading=\"lazy\" title=\"500ml Ultrasonic Water Mist Maker Fogger Without LED\" width=\"500\" height=\"281\" src=\"https:\/\/www.youtube.com\/embed\/e5thwUNLvA8?feature=oembed\" frameborder=\"0\" allow=\"accelerometer; autoplay; clipboard-write; encrypted-media; gyroscope; picture-in-picture; web-share\" referrerpolicy=\"strict-origin-when-cross-origin\" allowfullscreen><\/iframe><\/p>\n<p><iframe loading=\"lazy\" title=\"Ultrasonic Humidifier\" width=\"500\" height=\"281\" src=\"https:\/\/www.youtube.com\/embed\/videoseries?list=PLLrjMYkO0_NEpofnqW3MnsGQ-KMwpBJul\" frameborder=\"0\" allow=\"accelerometer; autoplay; clipboard-write; encrypted-media; gyroscope; picture-in-picture; web-share\" referrerpolicy=\"strict-origin-when-cross-origin\" allowfullscreen><\/iframe><\/p>\n<h3>FAQ<\/h3>\n<p><strong>1. Peut-on r\u00e9gler la quantit\u00e9 de n\u00e9bulisation ?<\/strong><\/p>\n<p>Non, elle ne peut \u00eatre modifi\u00e9e que par le niveau d&rsquo;eau.<\/p>\n<p><strong>2. Peut-on \u00e9teindre la LED (si elle en a une) ?<\/strong><\/p>\n<p>Non. Il est pr\u00e9f\u00e9rable de choisir un n\u00e9buliseur \u00e0 ultrasons sans LED pour un usage en int\u00e9rieur.<\/p>\n<p><strong>3. Y a-t-il du bruit ?<\/strong><\/p>\n<p>Non. La plupart des <a href=\"https:\/\/www.bjultrasonic.com\/fr\/category\/ultrasonic-atomizer-fr\/\">humidificateurs \u00e0 ultrasons<\/a> ont tendance \u00e0 fonctionner plus silencieusement que les autres mod\u00e8les. C&rsquo;est parce qu&rsquo;ils n&rsquo;ont pas de ventilateur, contrairement aux humidificateurs par \u00e9vaporation. Cela maintient le niveau de bruit \u00e0 un niveau bas.<\/p>\n<p><strong>4. Y a-t-il un risque de fuite \u00e9lectrique ?<\/strong><\/p>\n<p>Le principe du n\u00e9buliseur \u00e0 ultrasons est que la vibration ultrasonique g\u00e9n\u00e8re de la brume. Ne touchez pas le n\u00e9buliseur avec la main lorsqu&rsquo;il fonctionne, vous pourriez ressentir une sensation de picotement, mais ce n&rsquo;est pas de l&rsquo;\u00e9lectricit\u00e9.<\/p>\n<h3>Consid\u00e9rations g\u00e9n\u00e9rales<\/h3>\n<ol>\n<li>Veuillez ne pas retourner le n\u00e9buliseur apr\u00e8s avoir mis l&rsquo;appareil sous tension, cela pourrait l&rsquo;endommager.<\/li>\n<li>Veuillez ne pas l&rsquo;utiliser pendant une p\u00e9riode prolong\u00e9e ou plus de 10 heures.<\/li>\n<li>Ne touchez pas la plaque de n\u00e9bulisation lorsque le n\u00e9buliseur fonctionne.<\/li>\n<li>Assurez la qualit\u00e9 de l&rsquo;eau. Veuillez utiliser de l&rsquo;eau du robinet propre. (La d\u00e9t\u00e9rioration de la qualit\u00e9 de l&rsquo;eau affectera la dur\u00e9e de vie.)<\/li>\n<li>Veuillez couper l&rsquo;alimentation avant de d\u00e9placer ou de r\u00e9parer l&rsquo;appareil.<\/li>\n<li>Les <a href=\"https:\/\/www.bjultrasonic.com\/fr\/category\/piezoelectric-ceramic-fr\/\">c\u00e9ramiques pi\u00e9zo\u00e9lectriques<\/a> de n\u00e9bulisation sont des consommables dont la dur\u00e9e de vie est sup\u00e9rieure \u00e0 3600 heures. Si la capacit\u00e9 de brumisation du n\u00e9buliseur est significativement r\u00e9duite, veuillez nettoyer la c\u00e9ramique pi\u00e9zo\u00e9lectrique de n\u00e9bulisation (sans d\u00e9tergent) avec un coton-tige pour la garder propre. Si la quantit\u00e9 de n\u00e9bulisation reste faible apr\u00e8s nettoyage, veuillez remplacer la c\u00e9ramique de n\u00e9bulisation. (Il est conseill\u00e9 d&rsquo;acheter une c\u00e9ramique de n\u00e9bulisation en m\u00eame temps.)<\/li>\n<\/ol>\n<p><img loading=\"lazy\" decoding=\"async\" src=\"https:\/\/www.bjultrasonic.com\/wp-content\/uploads\/2018\/08\/Ultrasonic-Humidifier-without-LED.jpg\" alt=\"Ultrasonic-Humidifier-without-LED\" width=\"670\" height=\"925\" \/><\/p>\n","protected":false},"excerpt":{"rendered":"<p><a href=\"https:\/\/www.bjultrasonic.com\/fr\/category\/ultrasonic-atomizer-fr\/\">Humidificateur \u00e0 ultrasons<\/a> utilise l&rsquo;\u00e9nergie ultrasonique pour transformer les liquides en particules semblables \u00e0 des nuages. Le humidificateur \u00e0 ultrasons est \u00e9galement appel\u00e9 <a href=\"https:\/\/www.bjultrasonic.com\/fr\/shop\/ultrasonic-atomizing-transducer\/\">atomiseur \u00e0 ultrasons<\/a>, g\u00e9n\u00e9rateur de brume \u00e0 ultrasons, brumisateur \u00e0 ultrasons.<\/p>\n","protected":false},"featured_media":19506,"comment_status":"open","ping_status":"closed","template":"","meta":[],"product_brand":[],"product_cat":[6193],"product_tag":[],"class_list":{"0":"post-66832","1":"product","2":"type-product","3":"status-publish","4":"has-post-thumbnail","6":"product_cat-ultrasonic-atomizer-fr","8":"first","9":"instock","10":"shipping-taxable","11":"purchasable","12":"product-type-simple","13":"prodpage-classic"},"aioseo_notices":[],"_links":{"self":[{"href":"https:\/\/www.bjultrasonic.com\/fr\/wp-json\/wp\/v2\/product\/66832","targetHints":{"allow":["GET"]}}],"collection":[{"href":"https:\/\/www.bjultrasonic.com\/fr\/wp-json\/wp\/v2\/product"}],"about":[{"href":"https:\/\/www.bjultrasonic.com\/fr\/wp-json\/wp\/v2\/types\/product"}],"replies":[{"embeddable":true,"href":"https:\/\/www.bjultrasonic.com\/fr\/wp-json\/wp\/v2\/comments?post=66832"}],"wp:featuredmedia":[{"embeddable":true,"href":"https:\/\/www.bjultrasonic.com\/fr\/wp-json\/wp\/v2\/media\/19506"}],"wp:attachment":[{"href":"https:\/\/www.bjultrasonic.com\/fr\/wp-json\/wp\/v2\/media?parent=66832"}],"wp:term":[{"taxonomy":"product_brand","embeddable":true,"href":"https:\/\/www.bjultrasonic.com\/fr\/wp-json\/wp\/v2\/product_brand?post=66832"},{"taxonomy":"product_cat","embeddable":true,"href":"https:\/\/www.bjultrasonic.com\/fr\/wp-json\/wp\/v2\/product_cat?post=66832"},{"taxonomy":"product_tag","embeddable":true,"href":"https:\/\/www.bjultrasonic.com\/fr\/wp-json\/wp\/v2\/product_tag?post=66832"}],"curies":[{"name":"wp","href":"https:\/\/api.w.org\/{rel}","templated":true}]}}