{"id":66892,"date":"2018-08-16T05:28:58","date_gmt":"2018-08-16T10:28:58","guid":{"rendered":"https:\/\/www.bjultrasonic.com\/shop\/ultrasonic-atomizing-transducer-bja-350-12\/"},"modified":"2026-03-28T20:43:52","modified_gmt":"2026-03-29T01:43:52","slug":"ultrasonic-atomizing-transducer-bja-350-12","status":"publish","type":"product","link":"https:\/\/www.bjultrasonic.com\/fr\/shop\/ultrasonic-atomizing-transducer-bja-350-12\/","title":{"rendered":"350ML Brumisateur \u00e0 Ultrasons \u00e0 Brume Froide 12PCs LED"},"content":{"rendered":"<p><iframe loading=\"lazy\" title=\"350ml Cool Mist Ultrasonic Humidifier 12PCs LED\" width=\"500\" height=\"281\" src=\"https:\/\/www.youtube.com\/embed\/vCk8yyu9LM0?feature=oembed\" frameborder=\"0\" allow=\"accelerometer; autoplay; clipboard-write; encrypted-media; gyroscope; picture-in-picture; web-share\" referrerpolicy=\"strict-origin-when-cross-origin\" allowfullscreen><\/iframe><\/p>\n<table class=\"table table-striped table-bordered\">\n<tbody>\n<tr>\n<td width=\"273\">Type<\/td>\n<td width=\"273\">BJA350-12<\/td>\n<\/tr>\n<tr>\n<td width=\"273\">D\u00e9bit de pulv\u00e9risation<\/td>\n<td width=\"273\">&gt;350ML<\/td>\n<\/tr>\n<tr>\n<td width=\"273\">Dimensions<\/td>\n<td width=\"273\">Diam\u00e8tre 45mm\u00a0\u00a0 Hauteur 35mm<\/td>\n<\/tr>\n<tr>\n<td width=\"273\">Fr\u00e9quence de travail<\/td>\n<td width=\"273\">1700\u00b150(KHZ)<\/td>\n<\/tr>\n<tr>\n<td width=\"273\">Temp\u00e9rature de travail<\/td>\n<td width=\"273\">5\uff5e45\u2103<\/td>\n<\/tr>\n<tr>\n<td width=\"273\">Niveau d&rsquo;eau<\/td>\n<td width=\"273\">40mm&#8211;90mm<\/td>\n<\/tr>\n<tr>\n<td width=\"273\">Puissance:<\/td>\n<td width=\"273\">20W<\/td>\n<\/tr>\n<tr>\n<td width=\"273\">LED<\/td>\n<td width=\"273\">12 LEDS<\/p>\n<p>Changement automatique de 7 couleurs Dream<\/td>\n<\/tr>\n<tr>\n<td width=\"273\">Capteur de niveau d&rsquo;eau<\/td>\n<td width=\"273\">Hauteur 12mm<\/td>\n<\/tr>\n<tr>\n<td width=\"273\">C\u00e2ble<\/td>\n<td width=\"273\">PVC noir 3.8mm\u00a0 Longueur 1400\u00b120mm<\/td>\n<\/tr>\n<tr>\n<td width=\"273\">Diam\u00e8tre des c\u00e9ramiques pi\u00e9zo\u00e9lectriques<\/td>\n<td width=\"273\">20MM<\/td>\n<\/tr>\n<tr>\n<td width=\"273\">Tension de travail<\/td>\n<td width=\"273\">24V AC\/DC 700MA<\/td>\n<\/tr>\n<tr>\n<td width=\"273\">Fiche<\/td>\n<td width=\"273\">Douille 5.5*2.5mm<\/td>\n<\/tr>\n<\/tbody>\n<\/table>\n<h3>Vid\u00e9o<\/h3>\n<p><iframe loading=\"lazy\" title=\"350ml Cool Mist Ultrasonic Humidifier 12PCs LED\" width=\"500\" height=\"281\" src=\"https:\/\/www.youtube.com\/embed\/bbsqGHAYlDA?feature=oembed\" frameborder=\"0\" allow=\"accelerometer; autoplay; clipboard-write; encrypted-media; gyroscope; picture-in-picture; web-share\" referrerpolicy=\"strict-origin-when-cross-origin\" allowfullscreen><\/iframe><\/p>\n<p><iframe loading=\"lazy\" title=\"Ultrasonic Humidifier\" width=\"500\" height=\"281\" src=\"https:\/\/www.youtube.com\/embed\/videoseries?list=PLLrjMYkO0_NEpofnqW3MnsGQ-KMwpBJul\" frameborder=\"0\" allow=\"accelerometer; autoplay; clipboard-write; encrypted-media; gyroscope; picture-in-picture; web-share\" referrerpolicy=\"strict-origin-when-cross-origin\" allowfullscreen><\/iframe><\/p>\n<h3>FAQ<\/h3>\n<p><strong>1. Peut-on r\u00e9gler le d\u00e9bit de pulv\u00e9risation ?<\/strong><\/p>\n<p>Non, il ne peut \u00eatre modifi\u00e9 que par le niveau d&rsquo;eau.<\/p>\n<p><strong>2. Peut-on d\u00e9sactiver les LED (si pr\u00e9sentes) ?<\/strong><\/p>\n<p>Non. Il est pr\u00e9f\u00e9rable de choisir un pulv\u00e9risateur ultrasonique sans LED pour un usage en int\u00e9rieur.<\/p>\n<p><strong>3. Y a-t-il du bruit ?<\/strong><\/p>\n<p>Non. La plupart des <a href=\"https:\/\/www.bjultrasonic.com\/fr\/category\/ultrasonic-atomizer-fr\/\">humidificateurs ultrasoniques<\/a> ont tendance \u00e0 fonctionner plus silencieusement que d&rsquo;autres mod\u00e8les. C&rsquo;est parce qu&rsquo;ils n&rsquo;ont pas de ventilateur, contrairement aux humidificateurs par \u00e9vaporation habituels. Cela maintient un niveau sonore bas.<\/p>\n<p><strong>4. Y a-t-il un risque de fuite \u00e9lectrique ?<\/strong><\/p>\n<p>Le principe du pulv\u00e9risateur ultrasonique est que la vibration ultrasonique g\u00e9n\u00e8re la brume. Ne touchez pas le pulv\u00e9risateur avec la main lorsqu&rsquo;il fonctionne, vous pourriez ressentir une sensation de picotement, mais ce n&rsquo;est pas de l&rsquo;\u00e9lectricit\u00e9.<\/p>\n<h3>Consid\u00e9rations g\u00e9n\u00e9rales<\/h3>\n<ol>\n<li>Veuillez ne pas retourner le pulv\u00e9risateur apr\u00e8s avoir mis l&rsquo;appareil sous tension, cela l&rsquo;endommagerait.<\/li>\n<li>Veuillez ne pas l&rsquo;utiliser pendant une longue dur\u00e9e ou plus de 10 heures d&rsquo;affil\u00e9e.<\/li>\n<li>Ne touchez pas la plaque de pulv\u00e9risation lorsque le pulv\u00e9risateur fonctionne.<\/li>\n<li>Assurez-vous de la qualit\u00e9 de l&rsquo;eau. Veuillez utiliser de l&rsquo;eau du robinet propre. (Une d\u00e9t\u00e9rioration de la qualit\u00e9 de l&rsquo;eau affectera la dur\u00e9e de vie)<\/li>\n<li>Veuillez couper l&rsquo;alimentation \u00e9lectrique avant de d\u00e9placer ou de r\u00e9parer l&rsquo;appareil.<\/li>\n<li>Les <a href=\"https:\/\/www.bjultrasonic.com\/fr\/category\/piezoelectric-ceramic-fr\/\">c\u00e9ramiques pi\u00e9zo\u00e9lectriques<\/a> de pulv\u00e9risation sont des consommables dont la dur\u00e9e de vie est sup\u00e9rieure \u00e0 3600 heures. Si la capacit\u00e9 de brumisation du pulv\u00e9risateur est significativement r\u00e9duite, veuillez nettoyer la c\u00e9ramique pi\u00e9zo\u00e9lectrique (sans aucun d\u00e9tergent) avec un coton-tige pour la garder propre. Si la quantit\u00e9 de pulv\u00e9risation reste faible apr\u00e8s nettoyage, veuillez remplacer la c\u00e9ramique de pulv\u00e9risation. (il est conseill\u00e9 d&rsquo;en acheter une en m\u00eame temps)<\/li>\n<\/ol>\n<p><img loading=\"lazy\" decoding=\"async\" src=\"https:\/\/www.bjultrasonic.com\/wp-content\/uploads\/2018\/08\/Ultrasonic-Humidifier-with-LED.jpg\" alt=\"Ultrasonic-Humidifier-with-LED\" width=\"670\" height=\"925\" \/><\/p>\n","protected":false},"excerpt":{"rendered":"<p><a href=\"https:\/\/www.bjultrasonic.com\/fr\/category\/ultrasonic-atomizer-fr\/\">Humidificateur \u00e0 ultrasons<\/a> utilise l&rsquo;\u00e9nergie ultrasonore pour transformer les liquides en particules semblables \u00e0 des nuages. Le humidificateur \u00e0 ultrasons est \u00e9galement appel\u00e9 <a href=\"https:\/\/www.bjultrasonic.com\/fr\/shop\/ultrasonic-atomizing-transducer\/\">atomiseur \u00e0 ultrasons<\/a>, g\u00e9n\u00e9rateur de brume ultrasonique, brumisateur \u00e0 ultrasons.<\/p>\n","protected":false},"featured_media":19494,"comment_status":"open","ping_status":"closed","template":"","meta":[],"product_brand":[],"product_cat":[6193],"product_tag":[],"class_list":{"0":"post-66892","1":"product","2":"type-product","3":"status-publish","4":"has-post-thumbnail","6":"product_cat-ultrasonic-atomizer-fr","8":"first","9":"instock","10":"shipping-taxable","11":"purchasable","12":"product-type-simple","13":"prodpage-classic"},"aioseo_notices":[],"_links":{"self":[{"href":"https:\/\/www.bjultrasonic.com\/fr\/wp-json\/wp\/v2\/product\/66892","targetHints":{"allow":["GET"]}}],"collection":[{"href":"https:\/\/www.bjultrasonic.com\/fr\/wp-json\/wp\/v2\/product"}],"about":[{"href":"https:\/\/www.bjultrasonic.com\/fr\/wp-json\/wp\/v2\/types\/product"}],"replies":[{"embeddable":true,"href":"https:\/\/www.bjultrasonic.com\/fr\/wp-json\/wp\/v2\/comments?post=66892"}],"wp:featuredmedia":[{"embeddable":true,"href":"https:\/\/www.bjultrasonic.com\/fr\/wp-json\/wp\/v2\/media\/19494"}],"wp:attachment":[{"href":"https:\/\/www.bjultrasonic.com\/fr\/wp-json\/wp\/v2\/media?parent=66892"}],"wp:term":[{"taxonomy":"product_brand","embeddable":true,"href":"https:\/\/www.bjultrasonic.com\/fr\/wp-json\/wp\/v2\/product_brand?post=66892"},{"taxonomy":"product_cat","embeddable":true,"href":"https:\/\/www.bjultrasonic.com\/fr\/wp-json\/wp\/v2\/product_cat?post=66892"},{"taxonomy":"product_tag","embeddable":true,"href":"https:\/\/www.bjultrasonic.com\/fr\/wp-json\/wp\/v2\/product_tag?post=66892"}],"curies":[{"name":"wp","href":"https:\/\/api.w.org\/{rel}","templated":true}]}}