{"id":66912,"date":"2018-08-16T01:57:27","date_gmt":"2018-08-16T06:57:27","guid":{"rendered":"https:\/\/www.bjultrasonic.com\/shop\/custom-ultrasonic-immersion-array\/"},"modified":"2026-03-28T20:43:51","modified_gmt":"2026-03-29T01:43:51","slug":"custom-ultrasonic-immersion-array","status":"publish","type":"product","link":"https:\/\/www.bjultrasonic.com\/fr\/shop\/custom-ultrasonic-immersion-array\/","title":{"rendered":"Transducteur \u00e0 r\u00e9seau d&rsquo;immersion ultrasonore personnalis\u00e9"},"content":{"rendered":"<ul>\n<li><strong>Puissance<\/strong> : selon la taille du bac de nettoyage<\/li>\n<li><strong>Fr\u00e9quence<\/strong> : bas\u00e9e sur les objets \u00e0 nettoyer.<\/li>\n<li><strong>Mat\u00e9riau<\/strong> : acier inoxydable 304.<\/li>\n<li>Surface de vibration plaqu\u00e9e chrome dur.<\/li>\n<\/ul>\n<p><img loading=\"lazy\" decoding=\"async\" src=\"https:\/\/www.bjultrasonic.com\/wp-content\/uploads\/2018\/08\/Waterproof-ultrasonic-immersible-transducers.jpg\" alt=\"\" width=\"600\" height=\"600\" \/><\/p>\n<h3>Remarques<\/h3>\n<ul>\n<li>Les transducteurs ultrasonores immergeables sont des produits sur mesure. Pour le prix, veuillez contacter notre repr\u00e9sentant commercial (<a href=\"https:\/\/www.bjultrasonic.com\/contact\/\" target=\"_blank\" rel=\"noopener\">Formulaire de contact<\/a>). Nous vous r\u00e9pondrons rapidement.<\/li>\n<li>Nous pouvons concevoir et personnaliser divers transducteurs ultrasonores immergeables selon vos besoins.<\/li>\n<\/ul>\n<h3>Vid\u00e9o des transducteurs ultrasonores d&rsquo;immersion<\/h3>\n<p><iframe loading=\"lazy\" title=\"Immersible Ultrasonic Transducers - Beijing Ultrasonic\" width=\"500\" height=\"281\" src=\"https:\/\/www.youtube.com\/embed\/KFyC5dbLC7Y?feature=oembed\" frameborder=\"0\" allow=\"accelerometer; autoplay; clipboard-write; encrypted-media; gyroscope; picture-in-picture; web-share\" referrerpolicy=\"strict-origin-when-cross-origin\" allowfullscreen><\/iframe><\/p>\n<h3>Caract\u00e9ristiques du transducteur ultrasonore immergeable<\/h3>\n<ul>\n<li>Structure enti\u00e8rement en acier inoxydable : r\u00e9sistante aux acides et aux alcalis, esth\u00e9tique et durable.<\/li>\n<li>Structure \u00e0 fente : connexion haute fr\u00e9quence avec prise jack entre le transducteur immergeable et le g\u00e9n\u00e9rateur ultrasonore, pratique et facile \u00e0 entretenir.<\/li>\n<li>De nombreuses fa\u00e7ons d&rsquo;installer le transducteur ultrasonore immergeable : fix\u00e9 au <strong>fond<\/strong>, \u00e0 la <strong>surface<\/strong>, sur le <strong>c\u00f4t\u00e9<\/strong> ou le <strong>dessus<\/strong> du bac de nettoyage selon les besoins.\n<div id=\"attachment_853\" style=\"width: 252px\" class=\"wp-caption alignnone\"><img loading=\"lazy\" decoding=\"async\" aria-describedby=\"caption-attachment-853\" class=\"size-full wp-image-853\" title=\"the Type of Ultrasonic Immersible Transducer Installation\" src=\"\/\/www.bjultrasonic.com\/wp-content\/uploads\/2012\/04\/20124274.jpg\" alt=\"the type of ultrasonic immersible transducer installation\" width=\"242\" height=\"155\" \/><p id=\"caption-attachment-853\" class=\"wp-caption-text\">Type d&rsquo;installation du transducteur ultrasonore immergeable<\/p><\/div><\/li>\n<\/ul>\n<h3>Application du transducteur ultrasonore immergeable<\/h3>\n<ul>\n<li>Nettoyage pr\u00e9-galvanique des pi\u00e8ces \u00e0 plaquer, \u00e9limination des graisses et salet\u00e9s des pi\u00e8ces m\u00e9caniques m\u00e9talliques, nettoyage des plaquettes de silicium semi-conductrices, des montures de lunettes et des r\u00e9cipients en verre.<\/li>\n<li>Lentilles, lunettes de soleil, miroirs de myopie et prismes, microscopes, appareils photo, \u00e9quipements en verre, etc.<\/li>\n<\/ul>\n<h3>Plus d&rsquo;images du transducteur ultrasonore immergeable<\/h3>\n<div id=\"attachment_856\" style=\"width: 460px\" class=\"wp-caption alignnone\"><a href=\"https:\/\/www.bjultrasonic.com\/wp-content\/uploads\/2012\/04\/20124272.jpg\" data-lightbox=\"image\"><img loading=\"lazy\" decoding=\"async\" aria-describedby=\"caption-attachment-856\" class=\"size-full wp-image-856 \" title=\"vibration effects of ultrasonic immersible transducer\" src=\"\/\/www.bjultrasonic.com\/wp-content\/uploads\/2012\/04\/20124272.jpg\" alt=\"vibration effects of ultrasonic immersible transducer\" width=\"450\" height=\"337\" srcset=\"https:\/\/www.bjultrasonic.com\/wp-content\/uploads\/2012\/04\/20124272.jpg 1500w, https:\/\/www.bjultrasonic.com\/wp-content\/uploads\/2012\/04\/20124272-1170x878.jpg 1170w\" sizes=\"auto, (max-width: 450px) 100vw, 450px\" \/><\/a><p id=\"caption-attachment-856\" class=\"wp-caption-text\">Effets de vibration du transducteur ultrasonore immergeable<\/p><\/div>\n<hr \/>\n<div id=\"attachment_857\" style=\"width: 460px\" class=\"wp-caption alignnone\"><a href=\"https:\/\/www.bjultrasonic.com\/wp-content\/uploads\/2012\/04\/20124273.jpg\" data-lightbox=\"image\"><img loading=\"lazy\" decoding=\"async\" aria-describedby=\"caption-attachment-857\" class=\"size-full wp-image-857 \" title=\"Inside of Ultrasonic Immersible Transducer\" src=\"\/\/www.bjultrasonic.com\/wp-content\/uploads\/2012\/04\/20124273.jpg\" alt=\"Inside of Ultrasonic Immersible Transducer\" width=\"450\" height=\"350\" \/><\/a><p id=\"caption-attachment-857\" class=\"wp-caption-text\">Int\u00e9rieur du transducteur ultrasonore immergeable<\/p><\/div>\n<h3>Paiement<\/h3>\n<p>Nous acceptons actuellement Paypal, virement bancaire (T\/T) et Western Union.<\/p>\n<h3 class=\"shipping-methods\">Livraison<\/h3>\n<p>Les marchandises seront exp\u00e9di\u00e9es dans les 48 heures suivant la r\u00e9ception du paiement complet.<\/p>\n<ul>\n<li>Nous exp\u00e9dions les marchandises \u00e0 l&rsquo;adresse indiqu\u00e9e dans le paiement PayPal. Veuillez vous assurer que l&rsquo;adresse dans PayPal est correcte.<\/li>\n<li>Nous vous donnerons le num\u00e9ro de suivi apr\u00e8s l&rsquo;exp\u00e9dition des marchandises. En g\u00e9n\u00e9ral, vous recevrez les marchandises dans les cinq jours.<\/li>\n<li>Si vous avez des questions, veuillez nous contacter par email (notre adresse email est <a href=\"mailto:support@bjultrasonic.com\">support@bjultrasonic.com<\/a>)<\/li>\n<\/ul>\n<h3 align=\"left\">Garantie du produit<\/h3>\n<p>La p\u00e9riode de garantie du produit est d&rsquo;un an. Pendant la p\u00e9riode de garantie, les produits achet\u00e9s peuvent b\u00e9n\u00e9ficier d&rsquo;une maintenance ou d&rsquo;un \u00e9change gratuit.<\/p>\n","protected":false},"excerpt":{"rendered":"<ul>\n<li>Nettoyeur ultrasonique par immersion sur mesure<\/li>\n<li>Transducteur r\u00e9seau d&rsquo;immersion sur mesure<\/li>\n<li>Transducteurs de nettoyage ultrasonique immergeables sur mesure<\/li>\n<li>Syst\u00e8me de transducteur ultrasonore immergeable sur mesure<\/li>\n<li>Transducteur ultrasonore \u00e0 r\u00e9seau phas\u00e9 sur mesure<\/li>\n<li>Nettoyeur ultrasonique submersible sur mesure<\/li>\n<li>Transducteur ultrasonore immergeable sur mesure<\/li>\n<li>Transducteur pi\u00e9zo\u00e9lectrique ultrasonore subaquatique sur mesure<\/li>\n<li>Plaque transductrice ultrasonore immerg\u00e9e sur mesure<\/li>\n<li>Transducteur ultrasonore immergeable \u00e9tanche sur mesure<\/li>\n<li>Transducteur ultrasonore pi\u00e9zo \u00e9tanche sur mesure<\/li>\n<\/ul>\n","protected":false},"featured_media":19482,"comment_status":"open","ping_status":"closed","template":"","meta":[],"product_brand":[],"product_cat":[5936],"product_tag":[],"class_list":{"0":"post-66912","1":"product","2":"type-product","3":"status-publish","4":"has-post-thumbnail","6":"product_cat-ultrasonic-immersible-transducer-fr","8":"first","9":"instock","10":"featured","11":"shipping-taxable","12":"product-type-external","13":"prodpage-classic"},"aioseo_notices":[],"_links":{"self":[{"href":"https:\/\/www.bjultrasonic.com\/fr\/wp-json\/wp\/v2\/product\/66912","targetHints":{"allow":["GET"]}}],"collection":[{"href":"https:\/\/www.bjultrasonic.com\/fr\/wp-json\/wp\/v2\/product"}],"about":[{"href":"https:\/\/www.bjultrasonic.com\/fr\/wp-json\/wp\/v2\/types\/product"}],"replies":[{"embeddable":true,"href":"https:\/\/www.bjultrasonic.com\/fr\/wp-json\/wp\/v2\/comments?post=66912"}],"wp:featuredmedia":[{"embeddable":true,"href":"https:\/\/www.bjultrasonic.com\/fr\/wp-json\/wp\/v2\/media\/19482"}],"wp:attachment":[{"href":"https:\/\/www.bjultrasonic.com\/fr\/wp-json\/wp\/v2\/media?parent=66912"}],"wp:term":[{"taxonomy":"product_brand","embeddable":true,"href":"https:\/\/www.bjultrasonic.com\/fr\/wp-json\/wp\/v2\/product_brand?post=66912"},{"taxonomy":"product_cat","embeddable":true,"href":"https:\/\/www.bjultrasonic.com\/fr\/wp-json\/wp\/v2\/product_cat?post=66912"},{"taxonomy":"product_tag","embeddable":true,"href":"https:\/\/www.bjultrasonic.com\/fr\/wp-json\/wp\/v2\/product_tag?post=66912"}],"curies":[{"name":"wp","href":"https:\/\/api.w.org\/{rel}","templated":true}]}}