{"id":66932,"date":"2018-08-16T01:56:03","date_gmt":"2018-08-16T06:56:03","guid":{"rendered":"https:\/\/www.bjultrasonic.com\/shop\/2400w-ultrasonic-immersible-transducer\/"},"modified":"2026-03-28T20:43:25","modified_gmt":"2026-03-29T01:43:25","slug":"2400w-ultrasonic-immersible-transducer","status":"publish","type":"product","link":"https:\/\/www.bjultrasonic.com\/fr\/shop\/2400w-ultrasonic-immersible-transducer\/","title":{"rendered":"Syst\u00e8me de transducteur \u00e0 ultrasons immergeable 2400W"},"content":{"rendered":"<ul>\n<li><strong>Puissance<\/strong> : 2400 W (inclut 25 pi\u00e8ces de <a href=\"https:\/\/www.bjultrasonic.com\/fr\/category\/ultrasonic-transducer-fr\/\">transducteurs de nettoyage ultrasonique<\/a> de 60 W)<\/li>\n<li><strong>Dimensions<\/strong> : 750*400*100 mm (L*l*H)<\/li>\n<li><strong>Mat\u00e9riau<\/strong> : Acier inoxydable 304.<\/li>\n<li>Surface de vibration plaqu\u00e9e chrome dur.<\/li>\n<li><strong>Fr\u00e9quence<\/strong> : 25 kHz, 28 kHz ou 40 kHz. Pour d&rsquo;autres fr\u00e9quences, veuillez nous contacter.<\/li>\n<\/ul>\n<p><img loading=\"lazy\" decoding=\"async\" src=\"https:\/\/www.bjultrasonic.com\/wp-content\/uploads\/2018\/08\/Waterproof-ultrasonic-immersible-transducers.jpg\" alt=\"\" width=\"600\" height=\"600\" \/><\/p>\n<h3>Remarques<\/h3>\n<ul>\n<li>Les transducteurs ultrasoniques immergeables sont des produits sur mesure. Pour le prix, veuillez contacter notre repr\u00e9sentant commercial (<a href=\"https:\/\/www.bjultrasonic.com\/contact\/\" target=\"_blank\" rel=\"noopener\">Formulaire de contact<\/a>). Nous vous r\u00e9pondrons rapidement.<\/li>\n<li>Nous pouvons concevoir et personnaliser divers transducteurs ultrasoniques immergeables selon vos besoins.<\/li>\n<\/ul>\n<h3>Vid\u00e9o des transducteurs ultrasoniques par immersion<\/h3>\n<p><iframe loading=\"lazy\" title=\"Immersible Ultrasonic Transducers - Beijing Ultrasonic\" width=\"500\" height=\"281\" src=\"https:\/\/www.youtube.com\/embed\/KFyC5dbLC7Y?feature=oembed\" frameborder=\"0\" allow=\"accelerometer; autoplay; clipboard-write; encrypted-media; gyroscope; picture-in-picture; web-share\" referrerpolicy=\"strict-origin-when-cross-origin\" allowfullscreen><\/iframe><\/p>\n<h3>Caract\u00e9ristiques du transducteur ultrasonique immergeable<\/h3>\n<ul>\n<li>Structure enti\u00e8rement en acier inoxydable : r\u00e9siste aux acides et aux alcalis, esth\u00e9tique et durable.<\/li>\n<li>Structure \u00e0 fente : connexion haute fr\u00e9quence avec prise jack entre le transducteur et le g\u00e9n\u00e9rateur ultrasonique, pratique et facile \u00e0 entretenir.<\/li>\n<li>Plusieurs m\u00e9thodes d&rsquo;installation du transducteur ultrasonique immergeable : peut \u00eatre plac\u00e9 au <strong>fond<\/strong>, en <strong>surface<\/strong>, sur le <strong>c\u00f4t\u00e9<\/strong> ou en <strong>haut<\/strong> de la cuve de nettoyage selon les besoins.\n<div id=\"attachment_853\" style=\"width: 252px\" class=\"wp-caption alignnone\"><img loading=\"lazy\" decoding=\"async\" aria-describedby=\"caption-attachment-853\" class=\"size-full wp-image-853\" title=\"les Types d'Installation des Transducteurs Ultrasoniques Immergeables\" src=\"\/\/www.bjultrasonic.com\/wp-content\/uploads\/2012\/04\/20124274.jpg\" alt=\"les types d'installation des transducteurs ultrasoniques immergeables\" width=\"242\" height=\"155\" \/><p id=\"caption-attachment-853\" class=\"wp-caption-text\">Types d&rsquo;installation des transducteurs ultrasoniques immergeables<\/p><\/div><\/li>\n<\/ul>\n<h3>Applications du transducteur ultrasonique immergeable<\/h3>\n<ul>\n<li>Nettoyage pr\u00e9-galvanique des pi\u00e8ces \u00e0 plaquer, \u00e9limination des graisses et salet\u00e9s sur les pi\u00e8ces m\u00e9caniques m\u00e9talliques, nettoyage des plaquettes de silicium semi-conductrices, des montures de lunettes et des r\u00e9cipients en verre.<\/li>\n<li>Lentilles, lunettes de soleil, miroirs pour myopes et prismes, microscopes, appareils photo, \u00e9quipements en verre, etc.<\/li>\n<\/ul>\n<h3>Plus de photos du transducteur ultrasonique immergeable<\/h3>\n<div id=\"attachment_856\" style=\"width: 460px\" class=\"wp-caption alignnone\"><a href=\"https:\/\/www.bjultrasonic.com\/wp-content\/uploads\/2012\/04\/20124272.jpg\" data-lightbox=\"image\"><img loading=\"lazy\" decoding=\"async\" aria-describedby=\"caption-attachment-856\" class=\"size-full wp-image-856 \" title=\"effets de vibration du transducteur ultrasonique immergeable\" src=\"\/\/www.bjultrasonic.com\/wp-content\/uploads\/2012\/04\/20124272.jpg\" alt=\"effets de vibration du transducteur ultrasonique immergeable\" width=\"450\" height=\"337\" srcset=\"https:\/\/www.bjultrasonic.com\/wp-content\/uploads\/2012\/04\/20124272.jpg 1500w, https:\/\/www.bjultrasonic.com\/wp-content\/uploads\/2012\/04\/20124272-1170x878.jpg 1170w\" sizes=\"auto, (max-width: 450px) 100vw, 450px\" \/><\/a><p id=\"caption-attachment-856\" class=\"wp-caption-text\">Effets de vibration du transducteur ultrasonique immergeable<\/p><\/div>\n<hr \/>\n<div id=\"attachment_857\" style=\"width: 460px\" class=\"wp-caption alignnone\"><a href=\"https:\/\/www.bjultrasonic.com\/wp-content\/uploads\/2012\/04\/20124273.jpg\" data-lightbox=\"image\"><img loading=\"lazy\" decoding=\"async\" aria-describedby=\"caption-attachment-857\" class=\"size-full wp-image-857 \" title=\"Int\u00e9rieur du transducteur ultrasonique immergeable\" src=\"\/\/www.bjultrasonic.com\/wp-content\/uploads\/2012\/04\/20124273.jpg\" alt=\"Int\u00e9rieur du transducteur ultrasonique immergeable\" width=\"450\" height=\"350\" \/><\/a><p id=\"caption-attachment-857\" class=\"wp-caption-text\">Int\u00e9rieur du transducteur ultrasonique immergeable<\/p><\/div>\n<h3>Paiement<\/h3>\n<p>Nous acceptons PayPal, virement bancaire (T\/T) et Western Union.<\/p>\n<h3 class=\"shipping-methods\">Livraison<\/h3>\n<p>Les marchandises seront exp\u00e9di\u00e9es dans les 48 heures suivant la r\u00e9ception du paiement int\u00e9gral.<\/p>\n<ul>\n<li>Nous exp\u00e9dions les marchandises \u00e0 l&rsquo;adresse indiqu\u00e9e dans le paiement PayPal. Veuillez vous assurer que l&rsquo;adresse PayPal est correcte.<\/li>\n<li>Nous vous fournirons le num\u00e9ro de suivi apr\u00e8s l&rsquo;exp\u00e9dition. En g\u00e9n\u00e9ral, vous recevrez les marchandises dans les cinq jours.<\/li>\n<li>Si vous avez des questions, veuillez nous contacter par email (notre adresse email est <a href=\"mailto:support@bjultrasonic.com\">support@bjultrasonic.com<\/a>).<\/li>\n<\/ul>\n<h3 align=\"left\">Garantie du produit<\/h3>\n<p>La p\u00e9riode de garantie du produit est d&rsquo;un an. Durant cette p\u00e9riode, les produits achet\u00e9s b\u00e9n\u00e9ficient d&rsquo;une maintenance ou d&rsquo;un \u00e9change gratuit.<\/p>\n","protected":false},"excerpt":{"rendered":"<ul>\n<li>Nettoyeur ultrasonique par immersion 2400W<\/li>\n<li>Transducteur \u00e0 r\u00e9seau par immersion 2400W<\/li>\n<li>Transducteurs de nettoyage ultrasonique immergeables 2400W<\/li>\n<li>Syst\u00e8me de transducteur ultrasonique immergeable 2400W<\/li>\n<li>Transducteur ultrasonique \u00e0 r\u00e9seau phas\u00e9 2400W<\/li>\n<li>Nettoyeur ultrasonique submersible 2400W<\/li>\n<li>Transducteur ultrasonique immergeable 2400W<\/li>\n<li>Transducteur pi\u00e9zo\u00e9lectrique ultrasonique sous-marin 2400W<\/li>\n<li>Plaque de transducteur ultrasonique immerg\u00e9e 2400W<\/li>\n<li>Transducteur ultrasonique immergeable \u00e9tanche 2400W<\/li>\n<li>Transducteur ultrasonique pi\u00e9zo \u00e9tanche 2400W<\/li>\n<\/ul>\n","protected":false},"featured_media":19466,"comment_status":"open","ping_status":"closed","template":"","meta":[],"product_brand":[],"product_cat":[5936],"product_tag":[],"class_list":{"0":"post-66932","1":"product","2":"type-product","3":"status-publish","4":"has-post-thumbnail","6":"product_cat-ultrasonic-immersible-transducer-fr","8":"first","9":"instock","10":"shipping-taxable","11":"product-type-external","12":"prodpage-classic"},"aioseo_notices":[],"_links":{"self":[{"href":"https:\/\/www.bjultrasonic.com\/fr\/wp-json\/wp\/v2\/product\/66932","targetHints":{"allow":["GET"]}}],"collection":[{"href":"https:\/\/www.bjultrasonic.com\/fr\/wp-json\/wp\/v2\/product"}],"about":[{"href":"https:\/\/www.bjultrasonic.com\/fr\/wp-json\/wp\/v2\/types\/product"}],"replies":[{"embeddable":true,"href":"https:\/\/www.bjultrasonic.com\/fr\/wp-json\/wp\/v2\/comments?post=66932"}],"wp:featuredmedia":[{"embeddable":true,"href":"https:\/\/www.bjultrasonic.com\/fr\/wp-json\/wp\/v2\/media\/19466"}],"wp:attachment":[{"href":"https:\/\/www.bjultrasonic.com\/fr\/wp-json\/wp\/v2\/media?parent=66932"}],"wp:term":[{"taxonomy":"product_brand","embeddable":true,"href":"https:\/\/www.bjultrasonic.com\/fr\/wp-json\/wp\/v2\/product_brand?post=66932"},{"taxonomy":"product_cat","embeddable":true,"href":"https:\/\/www.bjultrasonic.com\/fr\/wp-json\/wp\/v2\/product_cat?post=66932"},{"taxonomy":"product_tag","embeddable":true,"href":"https:\/\/www.bjultrasonic.com\/fr\/wp-json\/wp\/v2\/product_tag?post=66932"}],"curies":[{"name":"wp","href":"https:\/\/api.w.org\/{rel}","templated":true}]}}