{"id":67132,"date":"2018-08-04T01:29:12","date_gmt":"2018-08-04T06:29:12","guid":{"rendered":"https:\/\/www.bjultrasonic.com\/shop\/600w-ultrasonic-generator-pcb-below-45-khz\/"},"modified":"2026-03-28T20:41:30","modified_gmt":"2026-03-29T01:41:30","slug":"600w-ultrasonic-generator-pcb-below-45-khz","status":"publish","type":"product","link":"https:\/\/www.bjultrasonic.com\/fr\/shop\/600w-ultrasonic-generator-pcb-below-45-khz\/","title":{"rendered":"Pilote de transducteur ultrasonique 600W en dessous de 45 KHz"},"content":{"rendered":"<ul>\n<li>Tension de service : CA 220V\/110V 50\/60Hz \u00b110%<\/li>\n<li>Courant de service : veuillez noter que l&rsquo;\u00e9quipement ne peut pas fonctionner longtemps lorsque son courant d\u00e9passe le courant nominal.<\/li>\n<li>Environnement de travail : temp\u00e9rature de 0\u2103 \u00e0 40\u2103<\/li>\n<li>Humidit\u00e9 de travail : 40% \u00e0 90%<\/li>\n<li>Fr\u00e9quence de travail : de 17 kHz \u00e0 135 kHz<\/li>\n<li>Temps : 0 \u00e0 59 minutes et 59 secondes<\/li>\n<\/ul>\n<p><strong>Remarques :<\/strong><\/p>\n<ul>\n<li>Le <a href=\"https:\/\/www.bjultrasonic.com\/fr\/category\/ultrasonic-generator-fr\/\">g\u00e9n\u00e9rateur ultrasonique<\/a> ne peut pas \u00eatre mis sous tension \u00e0 vide.<\/li>\n<li>Apr\u00e8s installation, ne pas mettre sous tension avant d&rsquo;avoir vers\u00e9 le liquide de nettoyage.<\/li>\n<li>Le <a href=\"https:\/\/www.bjultrasonic.com\/fr\/category\/ultrasonic-transducer-fr\/\">transducteur ultrasonique<\/a> poss\u00e8de deux pattes. La borne positive se trouve au centre des deux pi\u00e8ces c\u00e9ramiques. La borne n\u00e9gative est pr\u00e8s de la colonne m\u00e9tallique inf\u00e9rieure. Veillez \u00e0 ne pas inverser le c\u00e2blage.<\/li>\n<li>Le c\u00f4t\u00e9 le plus large du transducteur c\u00e9ramique, qui a une fonction de vibration et poss\u00e8de un trou de vis, peut \u00eatre fix\u00e9 au fond de la machine de nettoyage. Assurez-vous que la machine de nettoyage est correctement mise \u00e0 la terre.<\/li>\n<li>Le transducteur c\u00e9ramique doit \u00eatre coll\u00e9 au fond de la machine de nettoyage \u00e0 l&rsquo;aide de colle sp\u00e9ciale pour transducteurs ou de colle AB en b\u00e2ton, bien que l&rsquo;effet soit l\u00e9g\u00e8rement inf\u00e9rieur, ou avec de la r\u00e9sine \u00e9poxy dans un rapport de 10:4.<\/li>\n<li>La tension de la carte de circuit imprim\u00e9 est de 600V. La tension de sortie vers le transducteur est de 1100V. Veillez \u00e0 ce que la machine de nettoyage soit correctement mise \u00e0 la terre. Assurez-vous qu&rsquo;un interrupteur diff\u00e9rentiel est install\u00e9 sur l&rsquo;alimentation \u00e9lectrique pour garantir la s\u00e9curit\u00e9.<\/li>\n<\/ul>\n<h3>Liste de lecture vid\u00e9o : Pilote de transducteur ultrasonique<\/h3>\n<p><iframe loading=\"lazy\" width=\"560\" height=\"315\" src=\"https:\/\/www.youtube.com\/embed\/videoseries?list=PLLrjMYkO0_NG56zqmQN9W9F1Xf9eev6dc\" frameborder=\"0\" allow=\"autoplay; encrypted-media\" allowfullscreen><\/iframe><\/p>\n","protected":false},"excerpt":{"rendered":"<p>Circuit de g\u00e9n\u00e9rateur ultrasonique, \u00e9galement appel\u00e9 circuit d\u2019alimentation de <a href=\"https:\/\/www.bjultrasonic.com\/fr\/category\/ultrasonic-transducer-fr\/\">transducteur ultrasonique<\/a> ou <a href=\"https:\/\/www.bjultrasonic.com\/fr\/category\/ultrasonic-generator-fr\/ultrasonic-generator-circuits-fr\/\">carte de pilotage d&rsquo;alimentation pour nettoyeur ultrasonique<\/a>. Il fournit une <a href=\"https:\/\/www.bjultrasonic.com\/fr\/category\/ultrasonic-generator-fr\/\">fr\u00e9quence ultrasonique<\/a> pour entra\u00eener les transducteurs ultrasoniques \u00e0 l&rsquo;int\u00e9rieur des <a href=\"https:\/\/www.bjultrasonic.com\/fr\/category\/ultrasonic-cleaning-system-fr\/\">nettoyeurs ultrasoniques<\/a>.<\/p>\n","protected":false},"featured_media":19330,"comment_status":"open","ping_status":"closed","template":"","meta":[],"product_brand":[],"product_cat":[6093],"product_tag":[],"class_list":{"0":"post-67132","1":"product","2":"type-product","3":"status-publish","4":"has-post-thumbnail","6":"product_cat-ultrasonic-generator-circuits-fr","8":"first","9":"instock","10":"shipping-taxable","11":"purchasable","12":"product-type-simple","13":"prodpage-classic"},"aioseo_notices":[],"_links":{"self":[{"href":"https:\/\/www.bjultrasonic.com\/fr\/wp-json\/wp\/v2\/product\/67132","targetHints":{"allow":["GET"]}}],"collection":[{"href":"https:\/\/www.bjultrasonic.com\/fr\/wp-json\/wp\/v2\/product"}],"about":[{"href":"https:\/\/www.bjultrasonic.com\/fr\/wp-json\/wp\/v2\/types\/product"}],"replies":[{"embeddable":true,"href":"https:\/\/www.bjultrasonic.com\/fr\/wp-json\/wp\/v2\/comments?post=67132"}],"wp:featuredmedia":[{"embeddable":true,"href":"https:\/\/www.bjultrasonic.com\/fr\/wp-json\/wp\/v2\/media\/19330"}],"wp:attachment":[{"href":"https:\/\/www.bjultrasonic.com\/fr\/wp-json\/wp\/v2\/media?parent=67132"}],"wp:term":[{"taxonomy":"product_brand","embeddable":true,"href":"https:\/\/www.bjultrasonic.com\/fr\/wp-json\/wp\/v2\/product_brand?post=67132"},{"taxonomy":"product_cat","embeddable":true,"href":"https:\/\/www.bjultrasonic.com\/fr\/wp-json\/wp\/v2\/product_cat?post=67132"},{"taxonomy":"product_tag","embeddable":true,"href":"https:\/\/www.bjultrasonic.com\/fr\/wp-json\/wp\/v2\/product_tag?post=67132"}],"curies":[{"name":"wp","href":"https:\/\/api.w.org\/{rel}","templated":true}]}}