{"id":67232,"date":"2018-08-04T01:06:40","date_gmt":"2018-08-04T06:06:40","guid":{"rendered":"https:\/\/www.bjultrasonic.com\/shop\/60khz-30w-ultrasonic-transducer-driver\/"},"modified":"2026-03-28T20:40:35","modified_gmt":"2026-03-29T01:40:35","slug":"60khz-30w-ultrasonic-transducer-driver","status":"publish","type":"product","link":"https:\/\/www.bjultrasonic.com\/fr\/shop\/60khz-30w-ultrasonic-transducer-driver\/","title":{"rendered":"60KHz 30W Pilote de transducteur ultrasonique"},"content":{"rendered":"<h3>Note<\/h3>\n<ul>\n<li>Le <a href=\"https:\/\/www.bjultrasonic.com\/fr\/category\/ultrasonic-generator-fr\/\">g\u00e9n\u00e9rateur ultrasonique<\/a> ne peut pas \u00eatre mis sous tension \u00e0 vide<\/li>\n<li>Apr\u00e8s installation, ne pas mettre sous tension avant d&rsquo;avoir vers\u00e9 le liquide de nettoyage<\/li>\n<li>Le <a href=\"https:\/\/www.bjultrasonic.com\/fr\/category\/ultrasonic-transducer-fr\/\">transducteur ultrasonique<\/a> poss\u00e8de deux pattes. La borne positive se situe au milieu des deux pi\u00e8ces en c\u00e9ramique. La borne n\u00e9gative est pr\u00e8s de la colonne m\u00e9tallique inf\u00e9rieure. Veuillez ne pas vous tromper lors du c\u00e2blage.<\/li>\n<li>Le c\u00f4t\u00e9 le plus large du transducteur c\u00e9ramique, qui poss\u00e8de un trou de vis et assure la fonction de vibration, peut \u00eatre fix\u00e9 au fond de la machine de nettoyage. Veuillez vous assurer que la machine de nettoyage est correctement mise \u00e0 la terre.<\/li>\n<li>Le transducteur c\u00e9ramique doit \u00eatre coll\u00e9 au fond de la machine de nettoyage en utilisant de la colle sp\u00e9cialis\u00e9e pour transducteurs ou de la colle AB en b\u00e2ton, bien que l&rsquo;effet soit un peu moins bon, ou en utilisant de la r\u00e9sine \u00e9poxy dans une proportion de 10:4.<\/li>\n<li>La tension de la carte de circuit imprim\u00e9 est de 600V. La tension de sortie vers le transducteur est de 1100V. Veuillez vous assurer que la machine de nettoyage est correctement mise \u00e0 la terre. Veuillez vous assurer qu&rsquo;un interrupteur de protection contre les fuites \u00e0 la terre est install\u00e9 sur l&rsquo;alimentation \u00e9lectrique pour garantir la s\u00e9curit\u00e9.<\/li>\n<\/ul>\n<h3>Comment Connecter le Transducteur Ultrasonique au Circuit du G\u00e9n\u00e9rateur Ultrasonique<\/h3>\n<p><img loading=\"lazy\" decoding=\"async\" class=\"alignnone size-full wp-image-19292\" src=\"https:\/\/www.bjultrasonic.com\/wp-content\/uploads\/2012\/12\/Connect-Ultrasonic-Transducer-with-Ultrasonic-Generator-Circuit.jpg\" sizes=\"auto, (max-width: 748px) 100vw, 748px\" srcset=\"https:\/\/www.bjultrasonic.com\/wp-content\/uploads\/2012\/12\/Connect-Ultrasonic-Transducer-with-Ultrasonic-Generator-Circuit.jpg 748w, https:\/\/www.bjultrasonic.com\/wp-content\/uploads\/2012\/12\/Connect-Ultrasonic-Transducer-with-Ultrasonic-Generator-Circuit-40x80.jpg 40w, https:\/\/www.bjultrasonic.com\/wp-content\/uploads\/2012\/12\/Connect-Ultrasonic-Transducer-with-Ultrasonic-Generator-Circuit-150x300.jpg 150w, https:\/\/www.bjultrasonic.com\/wp-content\/uploads\/2012\/12\/Connect-Ultrasonic-Transducer-with-Ultrasonic-Generator-Circuit-93x187.jpg 93w\" alt=\"\" width=\"748\" height=\"1500\" \/><\/p>\n<h3>Paiement<\/h3>\n<p>Nous acceptons PayPal, virement bancaire (T\/T) et Western Union.<\/p>\n<h3 class=\"shipping-methods\">Livraison<\/h3>\n<p>Les marchandises seront exp\u00e9di\u00e9es dans les 48 heures suivant la r\u00e9ception du paiement int\u00e9gral.<\/p>\n<ul>\n<li>Nous exp\u00e9dions les marchandises \u00e0 l&rsquo;adresse indiqu\u00e9e dans le paiement PayPal. Veuillez vous assurer que l&rsquo;adresse dans PayPal est correcte.<\/li>\n<li>Nous vous fournirons le num\u00e9ro de suivi apr\u00e8s l&rsquo;exp\u00e9dition des marchandises. En g\u00e9n\u00e9ral, vous recevrez les marchandises dans un d\u00e9lai de cinq jours.<\/li>\n<li>Si vous avez des questions, veuillez nous contacter par email (notre adresse email est <a href=\"mailto:support@bjultrasonic.com\">support@bjultrasonic.com<\/a>)<\/li>\n<\/ul>\n<h3 align=\"left\">Garantie Produit<\/h3>\n<p>La p\u00e9riode de garantie du produit est d&rsquo;un an. Durant la p\u00e9riode de garantie, les produits achet\u00e9s b\u00e9n\u00e9ficient d&rsquo;une r\u00e9paration ou d&rsquo;un \u00e9change gratuit.<\/p>\n<h3>Liste de lecture vid\u00e9o : Pilote de Transducteur Ultrasonique<\/h3>\n<p><iframe loading=\"lazy\" width=\"560\" height=\"315\" src=\"https:\/\/www.youtube.com\/embed\/videoseries?list=PLLrjMYkO0_NG56zqmQN9W9F1Xf9eev6dc\" frameborder=\"0\" allow=\"autoplay; encrypted-media\" allowfullscreen><\/iframe><\/p>\n","protected":false},"excerpt":{"rendered":"<p>Circuit de g\u00e9n\u00e9rateur ultrasonique, \u00e9galement appel\u00e9 circuit de commande de <a href=\"https:\/\/www.bjultrasonic.com\/fr\/category\/ultrasonic-transducer-fr\/\">transducteur ultrasonique<\/a> ou <a href=\"https:\/\/www.bjultrasonic.com\/fr\/category\/ultrasonic-generator-fr\/ultrasonic-generator-circuits-fr\/\">carte de commande d&rsquo;alimentation pour nettoyeur ultrasonique<\/a>. Il fournit une <a href=\"https:\/\/www.bjultrasonic.com\/fr\/category\/ultrasonic-generator-fr\/\">fr\u00e9quence ultrasonique<\/a> pour entra\u00eener les transducteurs ultrasoniques \u00e0 l&rsquo;int\u00e9rieur des <a href=\"https:\/\/www.bjultrasonic.com\/fr\/category\/ultrasonic-cleaning-system-fr\/\">nettoyeurs ultrasoniques<\/a>.<\/p>\n","protected":false},"featured_media":19307,"comment_status":"open","ping_status":"closed","template":"","meta":[],"product_brand":[],"product_cat":[6093],"product_tag":[],"class_list":{"0":"post-67232","1":"product","2":"type-product","3":"status-publish","4":"has-post-thumbnail","6":"product_cat-ultrasonic-generator-circuits-fr","8":"first","9":"instock","10":"shipping-taxable","11":"purchasable","12":"product-type-simple","13":"prodpage-classic"},"aioseo_notices":[],"_links":{"self":[{"href":"https:\/\/www.bjultrasonic.com\/fr\/wp-json\/wp\/v2\/product\/67232","targetHints":{"allow":["GET"]}}],"collection":[{"href":"https:\/\/www.bjultrasonic.com\/fr\/wp-json\/wp\/v2\/product"}],"about":[{"href":"https:\/\/www.bjultrasonic.com\/fr\/wp-json\/wp\/v2\/types\/product"}],"replies":[{"embeddable":true,"href":"https:\/\/www.bjultrasonic.com\/fr\/wp-json\/wp\/v2\/comments?post=67232"}],"wp:featuredmedia":[{"embeddable":true,"href":"https:\/\/www.bjultrasonic.com\/fr\/wp-json\/wp\/v2\/media\/19307"}],"wp:attachment":[{"href":"https:\/\/www.bjultrasonic.com\/fr\/wp-json\/wp\/v2\/media?parent=67232"}],"wp:term":[{"taxonomy":"product_brand","embeddable":true,"href":"https:\/\/www.bjultrasonic.com\/fr\/wp-json\/wp\/v2\/product_brand?post=67232"},{"taxonomy":"product_cat","embeddable":true,"href":"https:\/\/www.bjultrasonic.com\/fr\/wp-json\/wp\/v2\/product_cat?post=67232"},{"taxonomy":"product_tag","embeddable":true,"href":"https:\/\/www.bjultrasonic.com\/fr\/wp-json\/wp\/v2\/product_tag?post=67232"}],"curies":[{"name":"wp","href":"https:\/\/api.w.org\/{rel}","templated":true}]}}