{"id":67510,"date":"2018-07-27T02:52:18","date_gmt":"2018-07-27T07:52:18","guid":{"rendered":"https:\/\/www.bjultrasonic.com\/shop\/double-frequency-ultrasonic-generator\/"},"modified":"2026-03-28T20:38:11","modified_gmt":"2026-03-29T01:38:11","slug":"double-frequency-ultrasonic-generator","status":"publish","type":"product","link":"https:\/\/www.bjultrasonic.com\/fr\/shop\/double-frequency-ultrasonic-generator\/","title":{"rendered":"G\u00e9n\u00e9rateur ultrasonique num\u00e9rique \u00e0 double fr\u00e9quence"},"content":{"rendered":"<p><strong>Pour ce type de g\u00e9n\u00e9rateur, il existe deux fr\u00e9quences. Veuillez nous indiquer vos exigences. Nos ing\u00e9nieurs les personnaliseront pour vous.<\/strong><\/p>\n<h3>Pour livrer les marchandises \u00e0 temps :<\/h3>\n<ul>\n<li>Lors de la commande, veuillez nous informer de la tension n\u00e9cessaire (220v ou 120v) et de la fr\u00e9quence.<\/li>\n<li>Veuillez nous fournir l&rsquo;adresse de livraison en d\u00e9tail. Incluez l&rsquo;adresse, le code postal et le num\u00e9ro de t\u00e9l\u00e9phone.<\/li>\n<li>Si le poids de votre commande d\u00e9passe 21 kg, veuillez nous contacter pour obtenir le fret \u00e9conomique.<\/li>\n<\/ul>\n<h3>Remarques<\/h3>\n<ul>\n<li>Les <a href=\"https:\/\/www.bjultrasonic.com\/fr\/category\/ultrasonic-generator-fr\/\">G\u00e9n\u00e9rateurs Ultrasonores<\/a> sont des produits personnalis\u00e9s. Pour le prix, veuillez donc <a href=\"https:\/\/www.bjultrasonic.com\/contact\/\">contacter notre repr\u00e9sentant commercial<\/a>. Nous vous r\u00e9pondrons rapidement.<\/li>\n<li>Nous pouvons concevoir et personnaliser divers G\u00e9n\u00e9rateurs Ultrasonores en fonction de la <strong>fr\u00e9quence<\/strong> et de la <strong>tension<\/strong>.<\/li>\n<\/ul>\n<p>Le G\u00e9n\u00e9rateur Ultrasonore est une partie indispensable de la <a href=\"https:\/\/www.bjultrasonic.com\/fr\/category\/ultrasonic-cleaning-system-fr\/\">machine de nettoyage ultrasonore<\/a>. La qualit\u00e9 du G\u00e9n\u00e9rateur Ultrasonore d\u00e9termine directement l&rsquo;efficacit\u00e9 du nettoyage du syst\u00e8me de nettoyage ultrasonore. Les G\u00e9n\u00e9rateurs Ultrasonores Num\u00e9riques sont d\u00e9velopp\u00e9s ind\u00e9pendamment par Beijing Ultrasonic.<br \/>\n<img loading=\"lazy\" decoding=\"async\" class=\"alignnone wp-image-5021\" title=\"G\u00e9n\u00e9rateur de Signaux Ultrasonores\" src=\"https:\/\/www.bjultrasonic.com\/wp-content\/uploads\/2012\/05\/Ultrasonic-Signal-Generator.jpg\" alt=\"G\u00e9n\u00e9rateur de Signaux Ultrasonores\" width=\"600\" height=\"450\" \/><\/p>\n<h3>Structure Interne du G\u00e9n\u00e9rateur Ultrasonore Num\u00e9rique<\/h3>\n<p><img loading=\"lazy\" decoding=\"async\" src=\"https:\/\/www.bjultrasonic.com\/wp-content\/uploads\/2018\/07\/Internal-Structure-Of-Digital-Ultrasonic-Generator.png\" alt=\"Structure Interne du G\u00e9n\u00e9rateur Ultrasonore Num\u00e9rique\" width=\"650\" height=\"578\" \/><\/p>\n<h3>Caract\u00e9ristiques typiques du G\u00e9n\u00e9rateur Ultrasonore<\/h3>\n<ul>\n<li>Contr\u00f4le par programmation \u00e0 boutons avec affichage num\u00e9rique des param\u00e8tres ; nous pouvons voir l&rsquo;\u00e9tat de fonctionnement sur le panneau d&rsquo;affichage (comme la fr\u00e9quence de travail, le courant de travail).<\/li>\n<li>Adoption de la technologie de contr\u00f4le num\u00e9rique, conception de circuit parfaite, stabilit\u00e9 de la sortie de puissance.<\/li>\n<li>Protection contre les surintensit\u00e9s, la surchauffe et les surtensions.<\/li>\n<li>Les circuits haute et basse tension sont compl\u00e8tement s\u00e9par\u00e9s, s\u00e9curit\u00e9 op\u00e9rationnelle.<\/li>\n<li>La puissance ultrasonore, la minuterie et la fr\u00e9quence peuvent \u00eatre ajust\u00e9es selon les besoins pour r\u00e9pondre au nettoyage de diff\u00e9rents produits.<br \/>\n(Contr\u00f4le du temps : 0-59&rsquo;59\u00a0\u00bb)<br \/>\n(Plage de contr\u00f4le de puissance : 0-100%)<\/li>\n<li>Syst\u00e8me de refroidissement efficace.<\/li>\n<li>Fonction de balayage de fr\u00e9quence.<\/li>\n<\/ul>\n<h3>Vid\u00e9o du G\u00e9n\u00e9rateur de Fr\u00e9quence Ultrasonore<\/h3>\n<p><iframe loading=\"lazy\" title=\"Ultrasonic Signal Generator Circuit - Beijing Ultrasonic\" width=\"500\" height=\"281\" src=\"https:\/\/www.youtube.com\/embed\/A9JdQN5e5G8?feature=oembed\" frameborder=\"0\" allow=\"accelerometer; autoplay; clipboard-write; encrypted-media; gyroscope; picture-in-picture; web-share\" referrerpolicy=\"strict-origin-when-cross-origin\" allowfullscreen><\/iframe><\/p>\n","protected":false},"excerpt":{"rendered":"<p>G\u00e9n\u00e9rateur ultrasonique num\u00e9rique, \u00e9galement appel\u00e9 kit g\u00e9n\u00e9rateur ultrasonique, adopte la technologie de contr\u00f4le par micro-ordinateur avanc\u00e9e et une nouvelle g\u00e9om\u00e9trie de circuit, vous permettant d&rsquo;ajuster la fr\u00e9quence ultrasonique, la minuterie et la puissance selon vos besoins.<\/p>\n","protected":false},"featured_media":19238,"comment_status":"open","ping_status":"closed","template":"","meta":[],"product_brand":[],"product_cat":[6051],"product_tag":[],"class_list":{"0":"post-67510","1":"product","2":"type-product","3":"status-publish","4":"has-post-thumbnail","6":"product_cat-ultrasonic-digital-generator-fr","8":"first","9":"instock","10":"shipping-taxable","11":"product-type-external","12":"prodpage-classic"},"aioseo_notices":[],"_links":{"self":[{"href":"https:\/\/www.bjultrasonic.com\/fr\/wp-json\/wp\/v2\/product\/67510","targetHints":{"allow":["GET"]}}],"collection":[{"href":"https:\/\/www.bjultrasonic.com\/fr\/wp-json\/wp\/v2\/product"}],"about":[{"href":"https:\/\/www.bjultrasonic.com\/fr\/wp-json\/wp\/v2\/types\/product"}],"replies":[{"embeddable":true,"href":"https:\/\/www.bjultrasonic.com\/fr\/wp-json\/wp\/v2\/comments?post=67510"}],"wp:featuredmedia":[{"embeddable":true,"href":"https:\/\/www.bjultrasonic.com\/fr\/wp-json\/wp\/v2\/media\/19238"}],"wp:attachment":[{"href":"https:\/\/www.bjultrasonic.com\/fr\/wp-json\/wp\/v2\/media?parent=67510"}],"wp:term":[{"taxonomy":"product_brand","embeddable":true,"href":"https:\/\/www.bjultrasonic.com\/fr\/wp-json\/wp\/v2\/product_brand?post=67510"},{"taxonomy":"product_cat","embeddable":true,"href":"https:\/\/www.bjultrasonic.com\/fr\/wp-json\/wp\/v2\/product_cat?post=67510"},{"taxonomy":"product_tag","embeddable":true,"href":"https:\/\/www.bjultrasonic.com\/fr\/wp-json\/wp\/v2\/product_tag?post=67510"}],"curies":[{"name":"wp","href":"https:\/\/api.w.org\/{rel}","templated":true}]}}