{"id":67590,"date":"2014-03-17T10:10:57","date_gmt":"2014-03-17T15:10:57","guid":{"rendered":"https:\/\/www.bjultrasonic.com\/shop\/25khz-100w-ultrasonic-transducer-25khz-100w-ultrasonic-generator\/"},"modified":"2026-03-28T20:37:18","modified_gmt":"2026-03-29T01:37:18","slug":"25khz-100w-ultrasonic-transducer-25khz-100w-ultrasonic-generator","status":"publish","type":"product","link":"https:\/\/www.bjultrasonic.com\/fr\/shop\/25khz-100w-ultrasonic-transducer-25khz-100w-ultrasonic-generator\/","title":{"rendered":"[100-120V] Transducteur ultrasonique 25kHz 100W &#038; Circuit de commande de transducteur pi\u00e9zo\u00e9lectrique 25kHz 100W"},"content":{"rendered":"<h3>Transducteur Ultrasonique 100V-120V 25kHz 100W et G\u00e9n\u00e9rateur PCB Ultrasonique 25kHz 100W<\/h3>\n<p><strong>Remarque : Lorsque vous passez commande.<\/strong><\/p>\n<ol>\n<li>Veuillez laisser un message pr\u00e9cisant la norme de tension exacte.<\/li>\n<li>Veuillez nous fournir l&rsquo;adresse de livraison exacte et un num\u00e9ro de t\u00e9l\u00e9phone de contact.<\/li>\n<li>Veuillez nous indiquer si vous souhaitez que nous d\u00e9clarions une faible valeur \u00e0 la douane.<\/li>\n<li>Veuillez nous laisser une adresse e-mail valide. Nous vous enverrons le num\u00e9ro de suivi par e-mail d\u00e8s l&rsquo;exp\u00e9dition des marchandises.<\/li>\n<\/ol>\n<p><strong>Sp\u00e9cifications :<\/strong><\/p>\n<table class=\"table table-striped table-bordered\" border=\"1\" cellspacing=\"0\" cellpadding=\"0\">\n<tbody>\n<tr>\n<td colspan=\"2\" valign=\"top\" width=\"568\">\n<p align=\"left\">Un G\u00e9n\u00e9rateur PCB Ultrasonique 120W pilote 1 pi\u00e8ce de Transducteur Ultrasonique 25kHz 100W<\/p>\n<\/td>\n<\/tr>\n<tr>\n<td colspan=\"2\" valign=\"top\" width=\"568\">\n<p align=\"left\"><strong>Transducteur Ultrasonique :<\/strong><\/p>\n<\/td>\n<\/tr>\n<tr>\n<td valign=\"top\" width=\"163\">\n<p align=\"left\">Fr\u00e9quence<\/p>\n<\/td>\n<td valign=\"top\" width=\"405\">\n<p align=\"left\">25kHz \u00b11 kHz<\/p>\n<\/td>\n<\/tr>\n<tr>\n<td valign=\"top\" width=\"163\">\n<p align=\"left\">Puissance<\/p>\n<\/td>\n<td valign=\"top\" width=\"405\">\n<p align=\"left\">100W<\/p>\n<\/td>\n<\/tr>\n<tr>\n<td valign=\"top\" width=\"163\">\n<p align=\"left\">Capacit\u00e9<\/p>\n<\/td>\n<td valign=\"top\" width=\"405\">\n<p align=\"left\">6600pF (PZT4)<\/p>\n<\/td>\n<\/tr>\n<tr>\n<td valign=\"top\" width=\"163\">\n<p align=\"left\">Surface de rayonnement<\/p>\n<\/td>\n<td valign=\"top\" width=\"405\">\n<p align=\"left\">68mm<\/p>\n<\/td>\n<\/tr>\n<tr>\n<td valign=\"top\" width=\"163\">\n<p align=\"left\">R\u00e9sistance \u00e0 la r\u00e9sonance<\/p>\n<\/td>\n<td valign=\"top\" width=\"405\">\n<p align=\"left\">10-20 \u03a9<\/p>\n<\/td>\n<\/tr>\n<tr>\n<td valign=\"top\" width=\"163\">\n<p align=\"left\">Taille des c\u00e9ramiques pi\u00e9zo\u00e9lectriques<\/p>\n<\/td>\n<td valign=\"top\" width=\"405\">\n<p align=\"left\">45*15*5 mm<\/p>\n<\/td>\n<\/tr>\n<tr>\n<td valign=\"top\" width=\"163\">\n<p align=\"left\">Longueur<\/p>\n<\/td>\n<td valign=\"top\" width=\"405\">\n<p align=\"left\">77mm<\/p>\n<\/td>\n<\/tr>\n<tr>\n<td colspan=\"2\" valign=\"top\" width=\"568\">\n<p align=\"left\"><strong>G\u00e9n\u00e9rateur PCB Ultrasonique :<\/strong><\/p>\n<\/td>\n<\/tr>\n<tr>\n<td valign=\"top\" width=\"163\">\n<p align=\"left\">Alimentation<\/p>\n<\/td>\n<td valign=\"top\" width=\"405\">\n<p align=\"left\">Entr\u00e9e : 100V-120V<\/p>\n<\/td>\n<\/tr>\n<tr>\n<td valign=\"top\" width=\"163\">\n<p align=\"left\">Fr\u00e9quence<\/p>\n<\/td>\n<td valign=\"top\" width=\"405\">\n<p align=\"left\">25kHz \u00b11 kHz<\/p>\n<\/td>\n<\/tr>\n<tr>\n<td valign=\"top\" width=\"163\">\n<p align=\"left\">Puissance<\/p>\n<\/td>\n<td valign=\"top\" width=\"405\">\n<p align=\"left\">100W<\/p>\n<\/td>\n<\/tr>\n<tr>\n<td valign=\"top\" width=\"163\">\n<p align=\"left\">Capacit\u00e9<\/p>\n<\/td>\n<td valign=\"top\" width=\"405\">\n<p align=\"left\">6600pF (PZT4)<\/p>\n<\/td>\n<\/tr>\n<tr>\n<td valign=\"top\" width=\"163\">\n<p align=\"left\">Dimensions<\/p>\n<\/td>\n<td valign=\"top\" width=\"405\">\n<p align=\"left\">52cm*34.5cm*17cm (longueur*largeur*hauteur)<\/p>\n<\/td>\n<\/tr>\n<tr>\n<td colspan=\"2\" valign=\"top\" width=\"568\">\n<p align=\"left\">Poids brut total : 2kg<\/p>\n<\/td>\n<\/tr>\n<\/tbody>\n<\/table>\n<p>Les images suivantes montrent comment les connecter :<\/p>\n<p><a href=\"https:\/\/www.bjultrasonic.com\/wp-content\/uploads\/2014\/03\/25kHz-Ultrasonic-Transducer-and-25kHz-Ultrasonic-PCB-Generator-5.jpg\"><img loading=\"lazy\" decoding=\"async\" class=\"alignnone wp-image-5472\" src=\"\/\/www.bjultrasonic.com\/wp-content\/uploads\/2014\/03\/25kHz-Ultrasonic-Transducer-and-25kHz-Ultrasonic-PCB-Generator-5.jpg\" alt=\"25kHz Ultrasonic Transducer and 25kHz Ultrasonic PCB Generator\" width=\"630\" height=\"413\" \/><\/a><\/p>\n<p><a href=\"https:\/\/www.bjultrasonic.com\/wp-content\/uploads\/2014\/03\/25kHz-Ultrasonic-Transducer-and-25kHz-Ultrasonic-PCB-Generator-4.jpg\"><img loading=\"lazy\" decoding=\"async\" class=\"alignnone wp-image-5471\" src=\"\/\/www.bjultrasonic.com\/wp-content\/uploads\/2014\/03\/25kHz-Ultrasonic-Transducer-and-25kHz-Ultrasonic-PCB-Generator-4.jpg\" alt=\"25kHz Ultrasonic Transducer and 25kHz Ultrasonic PCB Generator\" width=\"630\" height=\"412\" \/><\/a><\/p>\n<p><a href=\"https:\/\/www.bjultrasonic.com\/wp-content\/uploads\/2014\/03\/25kHz-Ultrasonic-Transducer-and-25kHz-Ultrasonic-PCB-Generator-3.jpg\"><img loading=\"lazy\" decoding=\"async\" class=\"alignnone wp-image-5470\" src=\"\/\/www.bjultrasonic.com\/wp-content\/uploads\/2014\/03\/25kHz-Ultrasonic-Transducer-and-25kHz-Ultrasonic-PCB-Generator-3.jpg\" alt=\"25kHz Ultrasonic Transducer and 25kHz Ultrasonic PCB Generator\" width=\"630\" height=\"412\" \/><\/a><\/p>\n<p><a href=\"https:\/\/www.bjultrasonic.com\/wp-content\/uploads\/2014\/03\/25kHz-Ultrasonic-Transducer-and-25kHz-Ultrasonic-PCB-Generator-2.jpg\"><img loading=\"lazy\" decoding=\"async\" class=\"alignnone wp-image-5469\" src=\"\/\/www.bjultrasonic.com\/wp-content\/uploads\/2014\/03\/25kHz-Ultrasonic-Transducer-and-25kHz-Ultrasonic-PCB-Generator-2.jpg\" alt=\"25kHz Ultrasonic Transducer and 25kHz Ultrasonic PCB Generator\" width=\"630\" height=\"412\" \/><\/a><\/p>\n","protected":false},"excerpt":{"rendered":"<p>Lots de cartes d&rsquo;alimentation pour nettoyeurs ultrasoniques de haute qualit\u00e9 100-120V &#038; transducteurs de nettoyage ultrasonique.<\/p>\n","protected":false},"featured_media":24648,"comment_status":"open","ping_status":"closed","template":"","meta":[],"product_brand":[],"product_cat":[6146],"product_tag":[],"class_list":{"0":"post-67590","1":"product","2":"type-product","3":"status-publish","4":"has-post-thumbnail","6":"product_cat-100-120v-ultrasonic-generator-transducer-fr","8":"first","9":"instock","10":"shipping-taxable","11":"purchasable","12":"product-type-simple","13":"prodpage-classic"},"aioseo_notices":[],"_links":{"self":[{"href":"https:\/\/www.bjultrasonic.com\/fr\/wp-json\/wp\/v2\/product\/67590","targetHints":{"allow":["GET"]}}],"collection":[{"href":"https:\/\/www.bjultrasonic.com\/fr\/wp-json\/wp\/v2\/product"}],"about":[{"href":"https:\/\/www.bjultrasonic.com\/fr\/wp-json\/wp\/v2\/types\/product"}],"replies":[{"embeddable":true,"href":"https:\/\/www.bjultrasonic.com\/fr\/wp-json\/wp\/v2\/comments?post=67590"}],"wp:featuredmedia":[{"embeddable":true,"href":"https:\/\/www.bjultrasonic.com\/fr\/wp-json\/wp\/v2\/media\/24648"}],"wp:attachment":[{"href":"https:\/\/www.bjultrasonic.com\/fr\/wp-json\/wp\/v2\/media?parent=67590"}],"wp:term":[{"taxonomy":"product_brand","embeddable":true,"href":"https:\/\/www.bjultrasonic.com\/fr\/wp-json\/wp\/v2\/product_brand?post=67590"},{"taxonomy":"product_cat","embeddable":true,"href":"https:\/\/www.bjultrasonic.com\/fr\/wp-json\/wp\/v2\/product_cat?post=67590"},{"taxonomy":"product_tag","embeddable":true,"href":"https:\/\/www.bjultrasonic.com\/fr\/wp-json\/wp\/v2\/product_tag?post=67590"}],"curies":[{"name":"wp","href":"https:\/\/api.w.org\/{rel}","templated":true}]}}