{"id":67630,"date":"2014-03-17T10:10:56","date_gmt":"2014-03-17T15:10:56","guid":{"rendered":"https:\/\/www.bjultrasonic.com\/shop\/28khz-50w-ultrasonic-transducer-28khz-50w-ultrasonic-generator\/"},"modified":"2026-03-28T20:36:52","modified_gmt":"2026-03-29T01:36:52","slug":"28khz-50w-ultrasonic-transducer-28khz-50w-ultrasonic-generator","status":"publish","type":"product","link":"https:\/\/www.bjultrasonic.com\/fr\/shop\/28khz-50w-ultrasonic-transducer-28khz-50w-ultrasonic-generator\/","title":{"rendered":"[100-120V] 28kHz 50W Transducteur Ultrasonore &#038; Circuit Pilote Transducteur Pi\u00e9zo\u00e9lectrique 28kHz 50W"},"content":{"rendered":"<h3>Transducteur ultrasonique 100V-120V 28kHz 50W &#038; G\u00e9n\u00e9rateur PCB ultrasonique 28kHz 50W<\/h3>\n<p><strong>Remarque : Lorsque vous passez commande.<\/strong><\/p>\n<ol>\n<li>Veuillez laisser un message concernant la norme de tension exacte<\/li>\n<li>Veuillez nous fournir l&rsquo;adresse de livraison exacte et un num\u00e9ro de t\u00e9l\u00e9phone de contact<\/li>\n<li>Veuillez nous indiquer si vous souhaitez que nous d\u00e9clarions une valeur faible \u00e0 la douane<\/li>\n<li>Veuillez nous laisser une adresse e-mail valide. Nous vous enverrons le num\u00e9ro de suivi par e-mail d\u00e8s l&rsquo;exp\u00e9dition de la marchandise<\/li>\n<\/ol>\n<p><strong>Sp\u00e9cifications :<\/strong><\/p>\n<table class=\"table table-striped table-bordered\" border=\"1\" cellspacing=\"0\" cellpadding=\"0\">\n<tbody>\n<tr>\n<td colspan=\"2\" valign=\"top\" width=\"568\">\n<p align=\"left\">Un G\u00e9n\u00e9rateur PCB ultrasonique 50W pilote 1 pi\u00e8ce de Transducteur ultrasonique 28kHz 50W<\/p>\n<\/td>\n<\/tr>\n<tr>\n<td colspan=\"2\" valign=\"top\" width=\"568\">\n<p align=\"left\"><strong>Transducteur ultrasonique :<\/strong><\/p>\n<\/td>\n<\/tr>\n<tr>\n<td valign=\"top\" width=\"163\">\n<p align=\"left\">Fr\u00e9quence<\/p>\n<\/td>\n<td valign=\"top\" width=\"405\">\n<p align=\"left\">28kHz \u00b1 1 KHz<\/p>\n<\/td>\n<\/tr>\n<tr>\n<td valign=\"top\" width=\"163\">\n<p align=\"left\">Puissance<\/p>\n<\/td>\n<td valign=\"top\" width=\"405\">\n<p align=\"left\">50W<\/p>\n<\/td>\n<\/tr>\n<tr>\n<td valign=\"top\" width=\"163\">\n<p align=\"left\">Capacit\u00e9<\/p>\n<\/td>\n<td valign=\"top\" width=\"405\">\n<p align=\"left\">4100pf (pzt4)<\/p>\n<\/td>\n<\/tr>\n<tr>\n<td valign=\"top\" width=\"163\">\n<p align=\"left\">Surface de rayonnement<\/p>\n<\/td>\n<td valign=\"top\" width=\"405\">\n<p align=\"left\">45mm<\/p>\n<\/td>\n<\/tr>\n<tr>\n<td valign=\"top\" width=\"163\">\n<p align=\"left\">R\u00e9sistance de r\u00e9sonance<\/p>\n<\/td>\n<td valign=\"top\" width=\"405\">\n<p align=\"left\">10-20 \u03a9<\/p>\n<\/td>\n<\/tr>\n<tr>\n<td valign=\"top\" width=\"163\">\n<p align=\"left\">Taille des c\u00e9ramiques pi\u00e9zo\u00e9lectriques<\/p>\n<\/td>\n<td valign=\"top\" width=\"405\">\n<p align=\"left\">35*15*5 mm<\/p>\n<\/td>\n<\/tr>\n<tr>\n<td valign=\"top\" width=\"163\">\n<p align=\"left\">Longueur<\/p>\n<\/td>\n<td valign=\"top\" width=\"405\">\n<p align=\"left\">82mm<\/p>\n<\/td>\n<\/tr>\n<tr>\n<td colspan=\"2\" valign=\"top\" width=\"568\">\n<p align=\"left\"><strong>G\u00e9n\u00e9rateur PCB ultrasonique<\/strong><\/p>\n<\/td>\n<\/tr>\n<tr>\n<td valign=\"top\" width=\"163\">\n<p align=\"left\">Alimentation<\/p>\n<\/td>\n<td valign=\"top\" width=\"405\">\n<p align=\"left\">Entr\u00e9e : 100V-120V<\/p>\n<\/td>\n<\/tr>\n<tr>\n<td valign=\"top\" width=\"163\">\n<p align=\"left\">Fr\u00e9quence<\/p>\n<\/td>\n<td valign=\"top\" width=\"405\">\n<p align=\"left\">28kHz \u00b1 1 KHz<\/p>\n<\/td>\n<\/tr>\n<tr>\n<td valign=\"top\" width=\"163\">\n<p align=\"left\">Puissance<\/p>\n<\/td>\n<td valign=\"top\" width=\"405\">\n<p align=\"left\">50W<\/p>\n<\/td>\n<\/tr>\n<tr>\n<td valign=\"top\" width=\"163\">\n<p align=\"left\">Capacit\u00e9<\/p>\n<\/td>\n<td valign=\"top\" width=\"405\">\n<p align=\"left\">4100pf (pzt4)<\/p>\n<\/td>\n<\/tr>\n<tr>\n<td valign=\"top\" width=\"163\">\n<p align=\"left\">Dimensions<\/p>\n<\/td>\n<td valign=\"top\" width=\"405\">\n<p align=\"left\">52cm*34.5cm*17cm (longueur*largeur*hauteur)<\/p>\n<\/td>\n<\/tr>\n<tr>\n<td colspan=\"2\" valign=\"top\" width=\"568\">\n<p align=\"left\">Poids brut total : 1.5kg<\/p>\n<\/td>\n<\/tr>\n<\/tbody>\n<\/table>\n<p>Les images suivantes montrent comment les connecter.<\/p>\n<p><a href=\"https:\/\/www.bjultrasonic.com\/wp-content\/uploads\/2014\/03\/28kHz-Ultrasonic-Transducer-and-28kHz-Ultrasonic-PCB-Generator-2.jpg\"><img loading=\"lazy\" decoding=\"async\" class=\"alignnone wp-image-5474\" src=\"\/\/www.bjultrasonic.com\/wp-content\/uploads\/2014\/03\/28kHz-Ultrasonic-Transducer-and-28kHz-Ultrasonic-PCB-Generator-2.jpg\" alt=\"Transducteur ultrasonique 28kHz et G\u00e9n\u00e9rateur PCB ultrasonique 28kHz\" width=\"631\" height=\"413\" \/><\/a><\/p>\n<p><a href=\"https:\/\/www.bjultrasonic.com\/wp-content\/uploads\/2014\/03\/28kHz-Ultrasonic-Transducer-and-28kHz-Ultrasonic-PCB-Generator-3.jpg\"><img loading=\"lazy\" decoding=\"async\" class=\"alignnone size-full wp-image-5475\" src=\"\/\/www.bjultrasonic.com\/wp-content\/uploads\/2014\/03\/28kHz-Ultrasonic-Transducer-and-28kHz-Ultrasonic-PCB-Generator-3.jpg\" alt=\"Transducteur ultrasonique 28kHz et G\u00e9n\u00e9rateur PCB ultrasonique 28kHz\" width=\"631\" height=\"413\" \/><\/a><\/p>\n<p><a href=\"https:\/\/www.bjultrasonic.com\/wp-content\/uploads\/2014\/03\/28kHz-Ultrasonic-Transducer-and-28kHz-Ultrasonic-PCB-Generator-4.jpg\"><img loading=\"lazy\" decoding=\"async\" class=\"alignnone size-full wp-image-5476\" src=\"\/\/www.bjultrasonic.com\/wp-content\/uploads\/2014\/03\/28kHz-Ultrasonic-Transducer-and-28kHz-Ultrasonic-PCB-Generator-4.jpg\" alt=\"Transducteur ultrasonique 28kHz et G\u00e9n\u00e9rateur PCB ultrasonique 28kHz\" width=\"631\" height=\"413\" \/><\/a><\/p>\n<p><a href=\"https:\/\/www.bjultrasonic.com\/wp-content\/uploads\/2014\/03\/28kHz-Ultrasonic-Transducer-and-28kHz-Ultrasonic-PCB-Generator-5.jpg\"><img loading=\"lazy\" decoding=\"async\" class=\"alignnone size-full wp-image-5477\" src=\"\/\/www.bjultrasonic.com\/wp-content\/uploads\/2014\/03\/28kHz-Ultrasonic-Transducer-and-28kHz-Ultrasonic-PCB-Generator-5.jpg\" alt=\"Transducteur ultrasonique 28kHz et G\u00e9n\u00e9rateur PCB ultrasonique 28kHz\" width=\"631\" height=\"413\" \/><\/a><\/p>\n","protected":false},"excerpt":{"rendered":"<p>Paquets de haute qualit\u00e9 de <a href=\"https:\/\/www.bjultrasonic.com\/fr\/category\/ultrasonic-generator-fr\/ultrasonic-generator-circuits-fr\/\">carte de pilotage d&rsquo;alimentation pour nettoyeur ultrasonique<\/a> 100-120V et de <a href=\"https:\/\/www.bjultrasonic.com\/fr\/category\/ultrasonic-transducer-fr\/\">transducteurs de nettoyage ultrasonique<\/a>.<\/p>\n","protected":false},"featured_media":24648,"comment_status":"open","ping_status":"closed","template":"","meta":[],"product_brand":[],"product_cat":[6146],"product_tag":[],"class_list":{"0":"post-67630","1":"product","2":"type-product","3":"status-publish","4":"has-post-thumbnail","6":"product_cat-100-120v-ultrasonic-generator-transducer-fr","8":"first","9":"instock","10":"shipping-taxable","11":"purchasable","12":"product-type-simple","13":"prodpage-classic"},"aioseo_notices":[],"_links":{"self":[{"href":"https:\/\/www.bjultrasonic.com\/fr\/wp-json\/wp\/v2\/product\/67630","targetHints":{"allow":["GET"]}}],"collection":[{"href":"https:\/\/www.bjultrasonic.com\/fr\/wp-json\/wp\/v2\/product"}],"about":[{"href":"https:\/\/www.bjultrasonic.com\/fr\/wp-json\/wp\/v2\/types\/product"}],"replies":[{"embeddable":true,"href":"https:\/\/www.bjultrasonic.com\/fr\/wp-json\/wp\/v2\/comments?post=67630"}],"wp:featuredmedia":[{"embeddable":true,"href":"https:\/\/www.bjultrasonic.com\/fr\/wp-json\/wp\/v2\/media\/24648"}],"wp:attachment":[{"href":"https:\/\/www.bjultrasonic.com\/fr\/wp-json\/wp\/v2\/media?parent=67630"}],"wp:term":[{"taxonomy":"product_brand","embeddable":true,"href":"https:\/\/www.bjultrasonic.com\/fr\/wp-json\/wp\/v2\/product_brand?post=67630"},{"taxonomy":"product_cat","embeddable":true,"href":"https:\/\/www.bjultrasonic.com\/fr\/wp-json\/wp\/v2\/product_cat?post=67630"},{"taxonomy":"product_tag","embeddable":true,"href":"https:\/\/www.bjultrasonic.com\/fr\/wp-json\/wp\/v2\/product_tag?post=67630"}],"curies":[{"name":"wp","href":"https:\/\/api.w.org\/{rel}","templated":true}]}}