{"id":67810,"date":"2013-07-21T03:55:03","date_gmt":"2013-07-21T08:55:03","guid":{"rendered":"https:\/\/www.bjultrasonic.com\/shop\/120khz-60w-ultrasonic-transducer-120khz-60w-digital-ultrasonic-pcb-generator\/"},"modified":"2026-03-28T20:35:24","modified_gmt":"2026-03-29T01:35:24","slug":"120khz-60w-ultrasonic-transducer-120khz-60w-digital-ultrasonic-pcb-generator","status":"publish","type":"product","link":"https:\/\/www.bjultrasonic.com\/fr\/shop\/120khz-60w-ultrasonic-transducer-120khz-60w-digital-ultrasonic-pcb-generator\/","title":{"rendered":"Transducteur ultrasonique 120kHz 60W &#038; Pilote num\u00e9rique de transducteur ultrasonique 120kHz 60W"},"content":{"rendered":"<p><strong>Remarque : Lorsque vous passez commande.<\/strong><\/p>\n<ol>\n<li>Veuillez laisser un message concernant la norme de tension exacte.<\/li>\n<li>Veuillez nous fournir l&rsquo;adresse de livraison exacte et un num\u00e9ro de t\u00e9l\u00e9phone de contact.<\/li>\n<li>Veuillez nous indiquer si vous souhaitez que nous d\u00e9clarions une faible valeur \u00e0 la douane.<\/li>\n<li>Veuillez nous laisser une adresse e-mail valide. Nous vous enverrons le num\u00e9ro de suivi par e-mail d\u00e8s l&rsquo;exp\u00e9dition des marchandises.<\/li>\n<\/ol>\n<p><strong>Sp\u00e9cifications :<\/strong><\/p>\n<table class=\"table table-striped table-bordered\">\n<tbody>\n<tr>\n<td colspan=\"2\" width=\"568\">Un g\u00e9n\u00e9rateur PCB \u00e0 ultrasons num\u00e9rique 120kHz 60W pilote un transducteur \u00e0 ultrasons 120kHz 60W<\/td>\n<\/tr>\n<tr>\n<td colspan=\"2\" width=\"568\">Transducteur \u00e0 ultrasons :<\/td>\n<\/tr>\n<tr>\n<td width=\"163\">Fr\u00e9quence<\/td>\n<td width=\"405\">120kHz \u00b11 KHz<\/td>\n<\/tr>\n<tr>\n<td width=\"163\">Puissance<\/td>\n<td width=\"405\">60W<\/td>\n<\/tr>\n<tr>\n<td width=\"163\">Capacit\u00e9<\/td>\n<td width=\"405\">5400pF (PZT4)<\/td>\n<\/tr>\n<tr>\n<td width=\"163\">Surface de rayonnement<\/td>\n<td width=\"405\">40mm<\/td>\n<\/tr>\n<tr>\n<td width=\"163\">R\u00e9sistance de r\u00e9sonance<\/td>\n<td width=\"405\">10-20 \u03a9<\/td>\n<\/tr>\n<tr>\n<td width=\"163\">Dimensions des c\u00e9ramiques pi\u00e9zo\u00e9lectriques<\/td>\n<td width=\"405\">38*15*5 mm<\/td>\n<\/tr>\n<tr>\n<td width=\"163\">Longueur<\/td>\n<td width=\"405\">56mm<\/td>\n<\/tr>\n<tr>\n<td colspan=\"2\" width=\"568\">G\u00e9n\u00e9rateur PCB \u00e0 ultrasons<\/td>\n<\/tr>\n<tr>\n<td width=\"163\">Alimentation<\/td>\n<td width=\"405\">Entr\u00e9e : 200V-240V \/ 100V-120V<\/td>\n<\/tr>\n<tr>\n<td width=\"163\">Fr\u00e9quence<\/td>\n<td width=\"405\">120kHz \u00b11 KHz<\/td>\n<\/tr>\n<tr>\n<td width=\"163\">Puissance<\/td>\n<td width=\"405\">60W<\/td>\n<\/tr>\n<tr>\n<td width=\"163\">Capacit\u00e9<\/td>\n<td width=\"405\">5400pF<\/td>\n<\/tr>\n<tr>\n<td width=\"163\">Dimensions<\/td>\n<td width=\"405\">18cm*13cm*6cm (longueur*largeur*hauteur)<\/td>\n<\/tr>\n<tr>\n<td colspan=\"2\" width=\"568\">Poids brut total : 4kg<\/td>\n<\/tr>\n<tr>\n<td colspan=\"2\" width=\"568\">Remarque : le temps et la puissance du g\u00e9n\u00e9rateur PCB \u00e0 ultrasons num\u00e9rique peuvent \u00eatre r\u00e9gl\u00e9s selon vos besoins.<\/td>\n<\/tr>\n<\/tbody>\n<\/table>\n<p>Les images suivantes montrent comment les connecter :<\/p>\n<p><a href=\"https:\/\/www.bjultrasonic.com\/wp-content\/uploads\/2014\/05\/120kHz-60W-Ultrasonic-Transducer-120kHz-60W-Digital-Ultrasonic-PCB-Generator-4.jpg\"><img loading=\"lazy\" decoding=\"async\" class=\"alignnone wp-image-5665\" src=\"\/\/www.bjultrasonic.com\/wp-content\/uploads\/2014\/05\/120kHz-60W-Ultrasonic-Transducer-120kHz-60W-Digital-Ultrasonic-PCB-Generator-4.jpg\" alt=\"Transducteur \u00e0 ultrasons 120kHz 60W &amp; G\u00e9n\u00e9rateur PCB \u00e0 ultrasons num\u00e9rique 120kHz 60W (4)\" width=\"582\" height=\"322\" \/><\/a> <a href=\"https:\/\/www.bjultrasonic.com\/wp-content\/uploads\/2014\/05\/120kHz-60W-Ultrasonic-Transducer-120kHz-60W-Digital-Ultrasonic-PCB-Generator-3.jpg\"><img loading=\"lazy\" decoding=\"async\" class=\"alignnone wp-image-5664\" src=\"\/\/www.bjultrasonic.com\/wp-content\/uploads\/2014\/05\/120kHz-60W-Ultrasonic-Transducer-120kHz-60W-Digital-Ultrasonic-PCB-Generator-3.jpg\" alt=\"Transducteur \u00e0 ultrasons 120kHz 60W &amp; G\u00e9n\u00e9rateur PCB \u00e0 ultrasons num\u00e9rique 120kHz 60W (3)\" width=\"585\" height=\"295\" \/><\/a> <a href=\"https:\/\/www.bjultrasonic.com\/wp-content\/uploads\/2014\/05\/120kHz-60W-Ultrasonic-Transducer-120kHz-60W-Digital-Ultrasonic-PCB-Generator-2.jpg\"><img loading=\"lazy\" decoding=\"async\" class=\"alignnone wp-image-5663\" src=\"\/\/www.bjultrasonic.com\/wp-content\/uploads\/2014\/05\/120kHz-60W-Ultrasonic-Transducer-120kHz-60W-Digital-Ultrasonic-PCB-Generator-2.jpg\" alt=\"Transducteur \u00e0 ultrasons 120kHz 60W &amp; G\u00e9n\u00e9rateur PCB \u00e0 ultrasons num\u00e9rique 120kHz 60W (2)\" width=\"579\" height=\"524\" \/><\/a> <a href=\"https:\/\/www.bjultrasonic.com\/wp-content\/uploads\/2014\/05\/120kHz-60W-Ultrasonic-Transducer-120kHz-60W-Digital-Ultrasonic-PCB-Generator-1.jpg\"><img loading=\"lazy\" decoding=\"async\" class=\"alignnone wp-image-5662\" src=\"\/\/www.bjultrasonic.com\/wp-content\/uploads\/2014\/05\/120kHz-60W-Ultrasonic-Transducer-120kHz-60W-Digital-Ultrasonic-PCB-Generator-1.jpg\" alt=\"Transducteur \u00e0 ultrasons 120kHz 60W &amp; G\u00e9n\u00e9rateur PCB \u00e0 ultrasons num\u00e9rique 120kHz 60W (1)\" width=\"584\" height=\"323\" \/><\/a> <a href=\"https:\/\/www.bjultrasonic.com\/wp-content\/uploads\/2014\/05\/120kHz-60W-Ultrasonic-Transducer-120kHz-60W-Digital-Ultrasonic-PCB-Generator-6.jpg\"><img loading=\"lazy\" decoding=\"async\" class=\"alignnone wp-image-5667\" src=\"\/\/www.bjultrasonic.com\/wp-content\/uploads\/2014\/05\/120kHz-60W-Ultrasonic-Transducer-120kHz-60W-Digital-Ultrasonic-PCB-Generator-6.jpg\" alt=\"Transducteur \u00e0 ultrasons 120kHz 60W &amp; G\u00e9n\u00e9rateur PCB \u00e0 ultrasons num\u00e9rique 120kHz 60W (6)\" width=\"580\" height=\"321\" \/><\/a> <a href=\"https:\/\/www.bjultrasonic.com\/wp-content\/uploads\/2014\/05\/120kHz-60W-Ultrasonic-Transducer-120kHz-60W-Digital-Ultrasonic-PCB-Generator-5.jpg\"><img loading=\"lazy\" decoding=\"async\" class=\"alignnone wp-image-5666\" src=\"\/\/www.bjultrasonic.com\/wp-content\/uploads\/2014\/05\/120kHz-60W-Ultrasonic-Transducer-120kHz-60W-Digital-Ultrasonic-PCB-Generator-5.jpg\" alt=\"Transducteur \u00e0 ultrasons 120kHz 60W &amp; G\u00e9n\u00e9rateur PCB \u00e0 ultrasons num\u00e9rique 120kHz 60W (5)\" width=\"576\" height=\"319\" \/><\/a><\/p>\n","protected":false},"excerpt":{"rendered":"<p>Ensembles de <a href=\"https:\/\/www.bjultrasonic.com\/fr\/category\/ultrasonic-generator-fr\/ultrasonic-generator-circuits-fr\/\">carte de commande d&rsquo;alimentation pour nettoyage ultrasonique<\/a> avec affichage num\u00e9rique &amp; <a href=\"https:\/\/www.bjultrasonic.com\/fr\/category\/ultrasonic-transducer-fr\/\">transducteurs de nettoyage ultrasonique<\/a>.<\/p>\n","protected":false},"featured_media":24655,"comment_status":"open","ping_status":"closed","template":"","meta":[],"product_brand":[],"product_cat":[6077],"product_tag":[],"class_list":{"0":"post-67810","1":"product","2":"type-product","3":"status-publish","4":"has-post-thumbnail","6":"product_cat-digital-ultrasonic-pcb-generator-transducer-fr","8":"first","9":"instock","10":"shipping-taxable","11":"purchasable","12":"product-type-simple","13":"prodpage-classic"},"aioseo_notices":[],"_links":{"self":[{"href":"https:\/\/www.bjultrasonic.com\/fr\/wp-json\/wp\/v2\/product\/67810","targetHints":{"allow":["GET"]}}],"collection":[{"href":"https:\/\/www.bjultrasonic.com\/fr\/wp-json\/wp\/v2\/product"}],"about":[{"href":"https:\/\/www.bjultrasonic.com\/fr\/wp-json\/wp\/v2\/types\/product"}],"replies":[{"embeddable":true,"href":"https:\/\/www.bjultrasonic.com\/fr\/wp-json\/wp\/v2\/comments?post=67810"}],"wp:featuredmedia":[{"embeddable":true,"href":"https:\/\/www.bjultrasonic.com\/fr\/wp-json\/wp\/v2\/media\/24655"}],"wp:attachment":[{"href":"https:\/\/www.bjultrasonic.com\/fr\/wp-json\/wp\/v2\/media?parent=67810"}],"wp:term":[{"taxonomy":"product_brand","embeddable":true,"href":"https:\/\/www.bjultrasonic.com\/fr\/wp-json\/wp\/v2\/product_brand?post=67810"},{"taxonomy":"product_cat","embeddable":true,"href":"https:\/\/www.bjultrasonic.com\/fr\/wp-json\/wp\/v2\/product_cat?post=67810"},{"taxonomy":"product_tag","embeddable":true,"href":"https:\/\/www.bjultrasonic.com\/fr\/wp-json\/wp\/v2\/product_tag?post=67810"}],"curies":[{"name":"wp","href":"https:\/\/api.w.org\/{rel}","templated":true}]}}